{"id":3542,"date":"2022-11-30T07:41:40","date_gmt":"2022-11-30T06:41:40","guid":{"rendered":"https:\/\/staging.fabotape.com\/?page_id=3542"},"modified":"2023-02-16T12:28:27","modified_gmt":"2023-02-16T11:28:27","slug":"papier-gomme-naturel","status":"publish","type":"page","link":"https:\/\/staging.fabotape.com\/fr\/produits\/papier-gomme-naturel\/","title":{"rendered":"Papier gomm\u00e9 naturel"},"content":{"rendered":"<p>[vc_row][vc_column][vc_raw_html]JTNDYSUyMGhyZWYlM0QlMjJodHRwcyUzQSUyRiUyRmZhYm90YXBlLmNvbSUyRmZyJTJGcHJvZHVpdHMlMjIlMjBjbGFzcyUzRCUyMmJhY2stdG8tcHJvZG90dGklMjIlM0VSZXRvdXIlMjBhdXglMjBwcm9kdWl0c2klM0MlMkZhJTNF[\/vc_raw_html][\/vc_column][\/vc_row][vc_row el_class=\u00a0\u00bbriga-testo-due-colonne\u00a0\u00bb][vc_column width=\u00a0\u00bb1\/2&Prime; offset=\u00a0\u00bbvc_col-lg-offset-1 vc_col-lg-5 vc_col-md-offset-1 vc_col-md-5&Prime;][vc_column_text]<\/p>\n<h3><strong>La nouvelle solution adh\u00e9sive polyvalente pour les entreprises de production et de distribution.<br \/>\n<\/strong><\/h3>\n<p>[\/vc_column_text][\/vc_column][vc_column width=\u00a0\u00bb1\/2&Prime; offset=\u00a0\u00bbvc_col-lg-5 vc_col-md-5&Prime;][vc_column_text]<strong>Le papier gomm\u00e9 naturel FABO est recyclable, fabriqu\u00e9 avec de l\u2019amidon de ma\u00efs ou de pommes de terre et de la colle v\u00e9g\u00e9tale activ\u00e9e avec de l\u2019eau.<\/strong><\/p>\n<p>Id\u00e9al pour fermer, sceller et \u00e9tiqueter les emballages et les paquets. Il convient aussi bien aux machines manuelles qu\u2019automatiques et aux petits et grands lots de production.<\/p>\n<p>Il s\u2019agit d\u2019un anti-effraction naturel ; c\u2019est-\u00e0-dire qu\u2019une fois que le papier gomm\u00e9 aura scell\u00e9 l\u2019emballage, il r\u00e9v\u00e9lera toute tentative d\u2019ouverture, car la bo\u00eete se d\u00e9chire au moment de l\u2019effraction.<\/p>\n<p>L\u2019impression flexographique permet d\u2019imprimer en haute qualit\u00e9 diff\u00e9rents \u00e9l\u00e9ments tout au long du d\u00e9veloppement du ruban (logos, imprim\u00e9s, QR code, etc.).[\/vc_column_text][\/vc_column][\/vc_row][vc_row gap=\u00a0\u00bb35&Prime; el_class=\u00a0\u00bbriga-altri-prodotti tre-per-row\u00a0\u00bb][vc_column width=\u00a0\u00bb1\/4&Prime;][vc_single_image image=\u00a0\u00bb3710&Prime; img_size=\u00a0\u00bbfull\u00a0\u00bb][vc_column_text el_class=\u00a0\u00bbaltro-prodotto-codice\u00a0\u00bb]<\/p>\n<h6>460 Papier gomm\u00e9 naturel &#8211; Marron<\/h6>\n<p>[\/vc_column_text][vc_column_text]Papier gomm\u00e9 naturel de couleur marron, recyclable, id\u00e9al pour la fermeture des emballages.<br \/>\nPersonnalisable gr\u00e2ce \u00e0 une impression de haute qualit\u00e9.[\/vc_column_text][\/vc_column][vc_column width=\u00a0\u00bb1\/4&Prime;][vc_single_image image=\u00a0\u00bb3718&Prime; img_size=\u00a0\u00bbfull\u00a0\u00bb][vc_column_text el_class=\u00a0\u00bbaltro-prodotto-codice\u00a0\u00bb]<\/p>\n<h6>461 Papier gomm\u00e9 naturel &#8211; Blanc<\/h6>\n<p>[\/vc_column_text][vc_column_text]Papier gomm\u00e9 naturel de couleur blanc, recyclable, id\u00e9al pour la fermeture des emballages.<br \/>\nPersonnalisable gr\u00e2ce \u00e0 une impression de haute qualit\u00e9.[\/vc_column_text][\/vc_column][vc_column width=\u00a0\u00bb1\/4&Prime;][vc_single_image image=\u00a0\u00bb3730&Prime; img_size=\u00a0\u00bbfull\u00a0\u00bb][vc_column_text el_class=\u00a0\u00bbaltro-prodotto-codice\u00a0\u00bb]<\/p>\n<h6>465 Papier gomm\u00e9 naturel renforc\u00e9 &#8211; Marron<\/h6>\n<p>[\/vc_column_text][vc_column_text]Papier gomm\u00e9 naturel de couleur marron, avec renfort interne en fibre de verre multifilament. Recyclable et personnalisable gr\u00e2ce \u00e0 une impression de haute qualit\u00e9.[\/vc_column_text][\/vc_column][vc_column width=\u00a0\u00bb1\/4&Prime;][vc_single_image image=\u00a0\u00bb3726&Prime; img_size=\u00a0\u00bbfull\u00a0\u00bb alignment=\u00a0\u00bbcenter\u00a0\u00bb][vc_column_text]<\/p>\n<h6>466 Papier gomm\u00e9 naturel renforc\u00e9 &#8211; Blanc<\/h6>\n<p>[\/vc_column_text][vc_column_text]Papier gomm\u00e9 naturel de couleur blanc, avec renfort interne en fibre de verre multifilament. Recyclable et personnalisable gr\u00e2ce \u00e0 une impression de haute qualit\u00e9.[\/vc_column_text][\/vc_column][\/vc_row][vc_row disable_element=\u00a0\u00bbyes\u00a0\u00bb][vc_column el_class=\u00a0\u00bbtext-center riga-btn-scheda\u00a0\u00bb][\/vc_column][\/vc_row][vc_row][vc_column]<div class=\" ubtn-ctn-center btn btn-sfumato-verde\"><a class=\"ubtn-link ult-adjust-bottom-margin ubtn-center ubtn-normal btn btn-sfumato-verde\" href=\"https:\/\/staging.fabotape.com\/fr\/contacts\/\"title=\"DEMANDER DES INFORMATIONS\"target=\"_blank\"rel=\"noopener\"><button type=\"button\" id=\"ubtn-3421\" class=\"ubtn ult-adjust-bottom-margin ult-responsive ubtn-normal ubtn-no-hover-bg  none  ubtn-center   tooltip-69e03676d5ca4\"  data-hover=\"\" data-border-color=\"\" data-bg=\"#00ab84\" data-hover-bg=\"\" data-border-hover=\"\" data-shadow-hover=\"\" data-shadow-click=\"none\" data-shadow=\"\" data-shd-shadow=\"\"  data-ultimate-target='#ubtn-3421'  data-responsive-json-new='{\"font-size\":\"\",\"line-height\":\"\"}'  style=\"font-weight:normal;border:none;background: #00ab84;color: #253746;\"><span class=\"ubtn-hover\" style=\"background-color:\"><\/span><span class=\"ubtn-data ubtn-text \" >DEMANDER DES INFORMATIONS<\/span><\/button><\/a><\/div>[vc_empty_space height=\u00a0\u00bb62px\u00a0\u00bb][\/vc_column][\/vc_row][vc_row full_width=\u00a0\u00bbstretch_row\u00a0\u00bb disable_element=\u00a0\u00bbyes\u00a0\u00bb el_class=\u00a0\u00bbcategoria-seo seo-grigio\u00a0\u00bb][vc_column][vc_column_text el_class=\u00a0\u00bbcontenuto\u00a0\u00bb]<\/p>\n<h2>Fabo, produttore di nastri adesivi stampati<\/h2>\n<p>Una delle aree di eccellenza di Fabo come <strong>produttore di nastri adesivi stampati<\/strong> \u00e8 rappresentata dalla <strong>elevata personalizzazione delle soluzioni adesive<\/strong> che \u00e8 possibile realizzare. La personalizzazione dei nastri adesivi Fabo avviene attraverso l\u2019utilizzo delle pi\u00f9 <strong>moderne tecnologie di stampa flessografica e digitale<\/strong>.<\/p>\n<p>Qualit\u00e0 e uniformit\u00e0 dei colori rappresentano sfide importanti che in FABO gestiamo adottando le migliori e pi\u00f9 recenti apparecchiature e tecnologie disponibili sul mercato.<\/p>\n<p>La <strong>precisione di stampa<\/strong> dei colori al 100% permette di <strong>stampare loghi<\/strong>, <strong>marchi<\/strong>, <strong>messaggi<\/strong> e <strong>grafiche speciali<\/strong> ad altissima fedelt\u00e0 sui nastri adesivi. Spettrofotometri di nuova generazione sono la soluzione di misurazione che ci consente di ottenere, in maniera semplice e veloce, il colore giusto. Il software integrato InkFormulation aiuta a migliorare la gestione delle materie prime, semplificare i processi e ridurre i rifiuti pericolosi nel workflow del colore.<\/p>\n<p>Infine una sofisticata mixing station per cucina colori, interfacciandosi con il software, crea il colore con un dosaggio di precisione prossimo al 100% (percentuale di scostamento dello 0.002%).<\/p>\n<p>L\u2019azienda \u00e8 infatti dotata di un <strong>moderno sistema tintometrico e macchinari di stampa<\/strong> che realizzano stampe colorate in quadricromia a qualit\u00e0 fotografica e in tonalit\u00e0 di colore particolari, in base alle richieste specifiche dei clienti, garantendo risultati ottimali.<\/p>\n<p>Fabo pu\u00f2 eseguire \u2013 per una rete clienti che comprende distributori, stampatori, tagliatori, trasformatori di nastro adesivo e grandi industrie &#8211; <strong>stampe in pi\u00f9 colori<\/strong> sia con stampa su dorso che con stampa sandwich su vari supporti inserendo uno o pi\u00f9 loghi e il vostro messaggio secondo le vostre richieste.<\/p>\n<p>La tecnica di stampa sandwich prevede la stampa fra film e adesivo, quindi garantisce la protezione dei testi e loghi stampati (antigraffio). La tipologia di stampa sandwich assicura inoltre ottima qualit\u00e0 nel tempo, alta definizione e svolgimento uniforme.<\/p>\n<p>Per <strong>la massima qualit\u00e0 dei vostri nastri personalizzati<\/strong>, Fabo offre la <strong>soluzione Photo Quality<\/strong> per un risultato di stampa pi\u00f9 vero del vero. I nastri stampati Fabo in Photo Quality ti consentono di comunicare il tuo brand in modo efficace e originale. Grazie alla tecnica di prestampa flessografica in quadricromia, \u00e8 possibile <strong>personalizzare i nastri comunicando ad alta definizione il vostro messaggio o marchio<\/strong>.<\/p>\n<p>I nastri stampati Fabo sono prodotti con adesivo Acrilico base acqua e con adesivo Hot Melt. La <strong>stampa <\/strong>\u00e8 <strong>realizzabile su vari supporti<\/strong>: BOPP, BOPP rinforzato, MOPP (strapping), PE, PET e carta. Per realizzare al meglio i tuoi nastri personalizzati, il reparto grafico di Fabo ti supporta in tutto lo sviluppo del progetto, seguendo la produzione tecnica delle applicazioni grafiche da apporre su nastri adesivi e le altre personalizzazioni disponibili come manicotti, etichette e scatole.[\/vc_column_text][\/vc_column][\/vc_row][vc_row][vc_column width=\u00a0\u00bb1\/4&Prime;][\/vc_column][vc_column width=\u00a0\u00bb1\/2&Prime;][vc_video link=\u00a0\u00bbhttps:\/\/www.youtube.com\/watch?v=KLTp-BLhXo4&Prime; align=\u00a0\u00bbcenter\u00a0\u00bb][\/vc_column][vc_column width=\u00a0\u00bb1\/4&Prime;][\/vc_column][\/vc_row]<\/p>\n","protected":false},"excerpt":{"rendered":"<p>La nouvelle solution adh\u00e9sive polyvalente pour les entreprises de production et de distribution.<\/p>\n","protected":false},"author":3,"featured_media":2547,"parent":1478,"menu_order":80,"comment_status":"closed","ping_status":"closed","template":"","meta":{"_acf_changed":false,"footnotes":""},"tags":[],"class_list":["post-3542","page","type-page","status-publish","has-post-thumbnail","hentry"],"acf":[],"_links":{"self":[{"href":"https:\/\/staging.fabotape.com\/fr\/wp-json\/wp\/v2\/pages\/3542","targetHints":{"allow":["GET"]}}],"collection":[{"href":"https:\/\/staging.fabotape.com\/fr\/wp-json\/wp\/v2\/pages"}],"about":[{"href":"https:\/\/staging.fabotape.com\/fr\/wp-json\/wp\/v2\/types\/page"}],"author":[{"embeddable":true,"href":"https:\/\/staging.fabotape.com\/fr\/wp-json\/wp\/v2\/users\/3"}],"replies":[{"embeddable":true,"href":"https:\/\/staging.fabotape.com\/fr\/wp-json\/wp\/v2\/comments?post=3542"}],"version-history":[{"count":9,"href":"https:\/\/staging.fabotape.com\/fr\/wp-json\/wp\/v2\/pages\/3542\/revisions"}],"predecessor-version":[{"id":3746,"href":"https:\/\/staging.fabotape.com\/fr\/wp-json\/wp\/v2\/pages\/3542\/revisions\/3746"}],"up":[{"embeddable":true,"href":"https:\/\/staging.fabotape.com\/fr\/wp-json\/wp\/v2\/pages\/1478"}],"wp:featuredmedia":[{"embeddable":true,"href":"https:\/\/staging.fabotape.com\/fr\/wp-json\/wp\/v2\/media\/2547"}],"wp:attachment":[{"href":"https:\/\/staging.fabotape.com\/fr\/wp-json\/wp\/v2\/media?parent=3542"}],"wp:term":[{"taxonomy":"post_tag","embeddable":true,"href":"https:\/\/staging.fabotape.com\/fr\/wp-json\/wp\/v2\/tags?post=3542"}],"curies":[{"name":"wp","href":"https:\/\/api.w.org\/{rel}","templated":true}]}}