{"id":1579,"date":"2020-04-28T14:46:10","date_gmt":"2020-04-28T12:46:10","guid":{"rendered":"https:\/\/staging.fabotape.com\/?page_id=1579"},"modified":"2023-09-04T12:05:22","modified_gmt":"2023-09-04T10:05:22","slug":"qualite","status":"publish","type":"page","link":"https:\/\/staging.fabotape.com\/fr\/qualite\/","title":{"rendered":"Qualit\u00e9"},"content":{"rendered":"<p>[vc_row el_class=\u00a0\u00bbriga-testo-due-colonne\u00a0\u00bb][vc_column width=\u00a0\u00bb1\/2&Prime; offset=\u00a0\u00bbvc_col-lg-offset-1 vc_col-lg-5 vc_col-md-offset-1 vc_col-md-5&Prime;][vc_column_text]<\/p>\n<h3>Pour FABO, qualit\u00e9 signifie <strong>qualit\u00e9 de processus et de produit<\/strong>, ainsi que qualit\u00e9 du service fourni aux clients.<\/h3>\n<p>[\/vc_column_text][\/vc_column][vc_column width=\u00a0\u00bb1\/2&Prime; offset=\u00a0\u00bbvc_col-lg-5 vc_col-md-5&Prime;][vc_column_text]<strong>Chez FABO, nous fabriquons des adh\u00e9sifs \u00e0 haute performance depuis 1971 et l\u2019innovation est le moteur de notre d\u00e9veloppement. <\/strong><br \/>\nLes processus op\u00e9rationnels con\u00e7us et mis \u00e0 jour \u00e0 temps, en accordant la plus grande attention aux technologies de l\u2019information et \u00e0 la communication, nous permettent d\u2019atteindre un niveau \u00e9lev\u00e9 d\u2019efficacit\u00e9 et de service. L\u2019assistance client est g\u00e9r\u00e9e en portant une attention constante aux besoins exprim\u00e9s par le client \u00e0 chaque \u00e9tape de la relation.<br \/>\n[\/vc_column_text][\/vc_column][vc_column][vc_column_text]<\/p>\n<h2 style=\"text-align: center;\">Certification<\/h2>\n<p>[\/vc_column_text][\/vc_column][\/vc_row][vc_row full_width=\u00a0\u00bbstretch_row\u00a0\u00bb el_class=\u00a0\u00bbriga-certificazioni\u00a0\u00bb][vc_column width=\u00a0\u00bb1\/3&Prime;][vc_single_image image=\u00a0\u00bb3955&Prime; img_size=\u00a0\u00bbfull\u00a0\u00bb alignment=\u00a0\u00bbcenter\u00a0\u00bb el_class=\u00a0\u00bbcertificazioni-img\u00a0\u00bb][vc_column_text]<\/p>\n<h4>Certification ISO 9001<\/h4>\n<p>[\/vc_column_text][vc_column_text]Depuis 2001, FABO est en possession de la certification ISO 9001, un outil n\u00e9cessaire pour garantir la conformit\u00e9 des processus internes afin d\u2019optimiser et d\u2019am\u00e9liorer le service fourni aux clients.[\/vc_column_text]<div class=\" ubtn-ctn-center \"><a class=\"ubtn-link ult-adjust-bottom-margin ubtn-center ubtn-normal \" href=\"https:\/\/staging.fabotape.com\/wp-content\/uploads\/2022\/11\/ISO-9001-CERT-07841-2001_ENG-2.pdf\"target=\"_blank\"rel=\"noopener\"><button type=\"button\" id=\"ubtn-5970\" class=\"ubtn ult-adjust-bottom-margin ult-responsive ubtn-normal ubtn-no-hover-bg  none  ubtn-center   tooltip-69e5f45d27bae\"  data-hover=\"\" data-border-color=\"\" data-bg=\"#00a887\" data-hover-bg=\"\" data-border-hover=\"\" data-shadow-hover=\"\" data-shadow-click=\"none\" data-shadow=\"\" data-shd-shadow=\"\"  data-ultimate-target='#ubtn-5970'  data-responsive-json-new='{\"font-size\":\"\",\"line-height\":\"\"}'  style=\"font-weight:normal;border:none;background: #00a887;color: #ffffff;\"><span class=\"ubtn-data ubtn-icon\"><i class=\"none\" style=\"font-size:32px;color:;\"><\/i><\/span><span class=\"ubtn-hover\" style=\"background-color:\"><\/span><span class=\"ubtn-data ubtn-text \" >T\u00e9l\u00e9charger la certification<\/span><\/button><\/a><\/div>[\/vc_column][vc_column width=\u00a0\u00bb1\/3&Prime;][vc_single_image image=\u00a0\u00bb3980&Prime; alignment=\u00a0\u00bbcenter\u00a0\u00bb][vc_column_text]<\/p>\n<h4>Certification FSC\u00ae<\/h4>\n<p>[\/vc_column_text][vc_column_text]En 2022, Fabo a obtenu la certification FSC\u00ae pour la production de rubans adh\u00e9sifs en papier. Le FSC\u00ae (Forest Stewardship Council\u00ae) est une organisation internationale, ind\u00e9pendante, non gouvernementale et sans but lucratif, fond\u00e9e en 1993 pour promouvoir une gestion responsable des for\u00eats et des plantations. Sa certification de gestion foresti\u00e8re est l&rsquo;une des plus r\u00e9pandues au monde.<\/p>\n<p>Demandez nos produits certifi\u00e9s FSC\u00ae.[\/vc_column_text]<div class=\" ubtn-ctn-center \"><a class=\"ubtn-link ult-adjust-bottom-margin ubtn-center ubtn-normal \" href=\"https:\/\/staging.fabotape.com\/wp-content\/uploads\/2022\/11\/Certificazione-FSC\u00ae_FABO.pdf\"target=\"_blank\"rel=\"noopener\"><button type=\"button\" id=\"ubtn-8116\" class=\"ubtn ult-adjust-bottom-margin ult-responsive ubtn-normal ubtn-no-hover-bg  none  ubtn-center   tooltip-69e5f45d27c99\"  data-hover=\"\" data-border-color=\"\" data-bg=\"#00a887\" data-hover-bg=\"\" data-border-hover=\"\" data-shadow-hover=\"\" data-shadow-click=\"none\" data-shadow=\"\" data-shd-shadow=\"\"  data-ultimate-target='#ubtn-8116'  data-responsive-json-new='{\"font-size\":\"\",\"line-height\":\"\"}'  style=\"font-weight:normal;border:none;background: #00a887;color: #ffffff;\"><span class=\"ubtn-hover\" style=\"background-color:\"><\/span><span class=\"ubtn-data ubtn-text \" >T\u00e9l\u00e9charger la certification<\/span><\/button><\/a><\/div>[\/vc_column][vc_column width=\u00a0\u00bb1\/3&Prime;][vc_single_image image=\u00a0\u00bb875&Prime; img_size=\u00a0\u00bbfull\u00a0\u00bb alignment=\u00a0\u00bbcenter\u00a0\u00bb onclick=\u00a0\u00bbcustom_link\u00a0\u00bb img_link_target=\u00a0\u00bb_blank\u00a0\u00bb el_class=\u00a0\u00bbcertificazioni-img\u00a0\u00bb link=\u00a0\u00bbhttps:\/\/www.afera.com\/\u00a0\u00bb][vc_column_text]<\/p>\n<h4>Membre AFERA<\/h4>\n<p>[\/vc_column_text][vc_column_text]FABO est membre de AFERA, l&rsquo;Association europ\u00e9enne du ruban adh\u00e9sif, une association professionnelle repr\u00e9sentant les int\u00e9r\u00eats des entreprises du march\u00e9 europ\u00e9en du ruban adh\u00e9sif.<br \/>\n[\/vc_column_text][\/vc_column][\/vc_row][vc_row full_width=\u00a0\u00bbstretch_row_content_no_spaces\u00a0\u00bb el_class=\u00a0\u00bbbg-grigio-sinistra bg-grigio\u00a0\u00bb][vc_column][vc_row_inner equal_height=\u00a0\u00bbyes\u00a0\u00bb content_placement=\u00a0\u00bbtop\u00a0\u00bb el_class=\u00a0\u00bbriga-testo-due-colonne in-grid riga-produzione-grigia\u00a0\u00bb][vc_column_inner width=\u00a0\u00bb5\/12&Prime; offset=\u00a0\u00bbvc_col-lg-offset-1 vc_col-lg-5 vc_col-md-offset-1 vc_col-md-5 vc_col-sm-offset-1 vc_col-xs-12&Prime; css=\u00a0\u00bb.vc_custom_1517569712170{padding-right: 30px !important;}\u00a0\u00bb][vc_column_text el_class=\u00a0\u00bblabel-riga\u00a0\u00bb]Recherche et d\u00e9veloppement[\/vc_column_text][vc_column_text css=\u00a0\u00bb.vc_custom_1588078295307{padding-right: 60px !important;}\u00a0\u00bb]<\/p>\n<h3>Le <strong>laboratoire interne de recherche et d\u00e9veloppement<\/strong> est le c\u0153ur de l\u2019innovation produit.<\/h3>\n<p>[\/vc_column_text][\/vc_column_inner][vc_column_inner width=\u00a0\u00bb5\/12&Prime; offset=\u00a0\u00bbvc_col-lg-5 vc_col-md-5 vc_col-xs-12&Prime;][vc_column_text]Notre d\u00e9partement de recherche et d\u00e9veloppement poss\u00e8de un personnel sp\u00e9cialis\u00e9 et des machines de pointe pour assurer un contr\u00f4le efficace des mat\u00e9riaux \u00e0 introduire dans le cycle de production, v\u00e9rifier les diff\u00e9rentes productions et surtout g\u00e9rer le d\u00e9veloppement de nouveaux produits permettant aux clients de trouver des solutions \u00e0 leurs exigences.<\/p>\n<p>La flexibilit\u00e9 et la comp\u00e9tence sont encore aujourd\u2019hui les valeurs cl\u00e9s d\u2019une soci\u00e9t\u00e9 qui a d\u00e9velopp\u00e9 des capacit\u00e9s sp\u00e9cifiques dans le processus industriel, en interpr\u00e9tant les demandes du march\u00e9 et en les traduisant en solutions innovantes et sur mesure.<\/p>\n<ul>\n<li><strong>Laboratoire interne de recherche et d\u00e9veloppement<\/strong><\/li>\n<li><strong>D\u00e9veloppement de prototypes et recherche de nouvelles applications bas\u00e9es sur la demande du march\u00e9<\/strong><\/li>\n<li><strong>D\u00e9veloppement de projets en partenariat avec nos clients<\/strong><\/li>\n<\/ul>\n<p>[\/vc_column_text][\/vc_column_inner][\/vc_row_inner][vc_row_inner el_class=\u00a0\u00bbgalleria-immagini\u00a0\u00bb][vc_column_inner width=\u00a0\u00bb1\/3&Prime;][vc_single_image image=\u00a0\u00bb324&Prime; img_size=\u00a0\u00bbfull\u00a0\u00bb][\/vc_column_inner][vc_column_inner width=\u00a0\u00bb1\/3&Prime; offset=\u00a0\u00bbvc_hidden-xs\u00a0\u00bb][vc_single_image image=\u00a0\u00bb325&Prime; img_size=\u00a0\u00bbfull\u00a0\u00bb][\/vc_column_inner][vc_column_inner width=\u00a0\u00bb1\/3&Prime; offset=\u00a0\u00bbvc_hidden-xs\u00a0\u00bb][vc_single_image image=\u00a0\u00bb326&Prime; img_size=\u00a0\u00bbfull\u00a0\u00bb][\/vc_column_inner][\/vc_row_inner][\/vc_column][\/vc_row][vc_row disable_element=\u00a0\u00bbyes\u00a0\u00bb][vc_column]<div class=\"vc_row wpb_row vc_row-fluid vc_custom_1517330603003\"><div class=\"wpb_column vc_column_container vc_col-sm-12\"><div class=\"vc_column-inner\"><div class=\"wpb_wrapper\"><div class=\"vc_row wpb_row vc_inner vc_row-fluid\"><div class=\"wpb_column vc_column_container vc_col-sm-12 vc_col-lg-offset-3 vc_col-lg-6 vc_col-md-offset-1 vc_col-md-10\"><div class=\"vc_column-inner\"><div class=\"wpb_wrapper\">\n\t<div class=\"wpb_text_column wpb_content_element  label-riga label-a-capo text-center\" >\n\t\t<div class=\"wpb_wrapper\">\n\t\t\t<p>FABO ET L\u2019ENVIRONNEMENT<\/p>\n\n\t\t<\/div>\n\t<\/div>\n\n\t<div class=\"wpb_text_column wpb_content_element  text-center\" >\n\t\t<div class=\"wpb_wrapper\">\n\t\t\t<h3><strong>Fabo est \u00e9cologique!<\/strong><\/h3>\n\n\t\t<\/div>\n\t<\/div>\n\n\t<div class=\"wpb_text_column wpb_content_element  vc_custom_1588077027418 text-center\" >\n\t\t<div class=\"wpb_wrapper\">\n\t\t\t<p>Nous prenons tr\u00e8s au s\u00e9rieux la question de la protection de l\u2019environnement. C\u2019est pourquoi FABO applique une politique soign\u00e9e d\u2019exploitation rationnelle des ressources. Tous les d\u00e9partements de production sont \u00e9quip\u00e9s de syst\u00e8mes \u00e0 basse consommation d\u2019\u00e9nergie et de dispositifs de s\u00e9curit\u00e9 et de contr\u00f4le automatiques respectant l\u2019environnement. Ceci permet d\u2019obtenir les r\u00e9sultats suivants:<\/p>\n\n\t\t<\/div>\n\t<\/div>\n<\/div><\/div><\/div><\/div><div class=\"vc_row wpb_row vc_inner vc_row-fluid vc_row-o-equal-height vc_row-o-content-top vc_row-flex\"><div class=\"pot-green wpb_column vc_column_container vc_col-sm-4\"><div class=\"vc_column-inner\"><div class=\"wpb_wrapper\">\n\t<div  class=\"wpb_single_image wpb_content_element vc_align_center\">\n\t\t\n\t\t<figure class=\"wpb_wrapper vc_figure\">\n\t\t\t<div class=\"vc_single_image-wrapper   vc_box_border_grey\"><img loading=\"lazy\" decoding=\"async\" width=\"300\" height=\"300\" src=\"https:\/\/staging.fabotape.com\/wp-content\/uploads\/2018\/01\/icon_green_1.png\" class=\"vc_single_image-img attachment-full\" alt=\"\" title=\"icon_green_1\" srcset=\"https:\/\/staging.fabotape.com\/wp-content\/uploads\/2018\/01\/icon_green_1.png 300w, https:\/\/staging.fabotape.com\/wp-content\/uploads\/2018\/01\/icon_green_1-150x150.png 150w\" sizes=\"auto, (max-width: 300px) 100vw, 300px\" \/><\/div>\n\t\t<\/figure>\n\t<\/div>\n\n\t<div class=\"wpb_text_column wpb_content_element \" >\n\t\t<div class=\"wpb_wrapper\">\n\t\t\t<p><strong>Recyclage total <\/strong>des d\u00e9chets de traitement issus des diff\u00e9rentes phases de production.<\/p>\n\n\t\t<\/div>\n\t<\/div>\n<\/div><\/div><\/div><div class=\"pot-green pot-green-middle wpb_column vc_column_container vc_col-sm-4\"><div class=\"vc_column-inner\"><div class=\"wpb_wrapper\">\n\t<div  class=\"wpb_single_image wpb_content_element vc_align_center\">\n\t\t\n\t\t<figure class=\"wpb_wrapper vc_figure\">\n\t\t\t<div class=\"vc_single_image-wrapper   vc_box_border_grey\"><img loading=\"lazy\" decoding=\"async\" width=\"300\" height=\"300\" src=\"https:\/\/staging.fabotape.com\/wp-content\/uploads\/2018\/01\/icon_green_2.png\" class=\"vc_single_image-img attachment-full\" alt=\"\" title=\"icon_green_2\" srcset=\"https:\/\/staging.fabotape.com\/wp-content\/uploads\/2018\/01\/icon_green_2.png 300w, https:\/\/staging.fabotape.com\/wp-content\/uploads\/2018\/01\/icon_green_2-150x150.png 150w\" sizes=\"auto, (max-width: 300px) 100vw, 300px\" \/><\/div>\n\t\t<\/figure>\n\t<\/div>\n\n\t<div class=\"wpb_text_column wpb_content_element \" >\n\t\t<div class=\"wpb_wrapper\">\n\t\t\t<p><strong>Contr\u00f4le des d\u00e9chets<\/strong> et r\u00e9duction des \u00e9missions nocives. <\/p>\n\n\t\t<\/div>\n\t<\/div>\n<\/div><\/div><\/div><div class=\"pot-green wpb_column vc_column_container vc_col-sm-4\"><div class=\"vc_column-inner\"><div class=\"wpb_wrapper\">\n\t<div  class=\"wpb_single_image wpb_content_element vc_align_center\">\n\t\t\n\t\t<figure class=\"wpb_wrapper vc_figure\">\n\t\t\t<div class=\"vc_single_image-wrapper   vc_box_border_grey\"><img loading=\"lazy\" decoding=\"async\" width=\"300\" height=\"300\" src=\"https:\/\/staging.fabotape.com\/wp-content\/uploads\/2018\/01\/icon_green_3.png\" class=\"vc_single_image-img attachment-full\" alt=\"\" title=\"icon_green_3\" srcset=\"https:\/\/staging.fabotape.com\/wp-content\/uploads\/2018\/01\/icon_green_3.png 300w, https:\/\/staging.fabotape.com\/wp-content\/uploads\/2018\/01\/icon_green_3-150x150.png 150w\" sizes=\"auto, (max-width: 300px) 100vw, 300px\" \/><\/div>\n\t\t<\/figure>\n\t<\/div>\n\n\t<div class=\"wpb_text_column wpb_content_element \" >\n\t\t<div class=\"wpb_wrapper\">\n\t\t\t<p>Les installations de<strong> cog\u00e9n\u00e9ration et photovolta\u00efques<\/strong> fournissent 40 % des besoins en \u00e9nergie de l\u2019entreprise.<\/p>\n\n\t\t<\/div>\n\t<\/div>\n<\/div><\/div><\/div><\/div><\/div><\/div><\/div><\/div>\n[\/vc_column][\/vc_row]<\/p>\n","protected":false},"excerpt":{"rendered":"FABO ET L\u2019ENVIRONNEMENT Fabo est \u00e9cologique! Nous prenons tr\u00e8s au s\u00e9rieux la question de la protection de l\u2019environnement. C\u2019est pourquoi FABO applique une politique soign\u00e9e d\u2019exploitation rationnelle des ressources. Tous...","protected":false},"author":3,"featured_media":0,"parent":0,"menu_order":0,"comment_status":"closed","ping_status":"closed","template":"","meta":{"_acf_changed":false,"footnotes":""},"tags":[],"class_list":["post-1579","page","type-page","status-publish","hentry"],"acf":[],"_links":{"self":[{"href":"https:\/\/staging.fabotape.com\/fr\/wp-json\/wp\/v2\/pages\/1579","targetHints":{"allow":["GET"]}}],"collection":[{"href":"https:\/\/staging.fabotape.com\/fr\/wp-json\/wp\/v2\/pages"}],"about":[{"href":"https:\/\/staging.fabotape.com\/fr\/wp-json\/wp\/v2\/types\/page"}],"author":[{"embeddable":true,"href":"https:\/\/staging.fabotape.com\/fr\/wp-json\/wp\/v2\/users\/3"}],"replies":[{"embeddable":true,"href":"https:\/\/staging.fabotape.com\/fr\/wp-json\/wp\/v2\/comments?post=1579"}],"version-history":[{"count":20,"href":"https:\/\/staging.fabotape.com\/fr\/wp-json\/wp\/v2\/pages\/1579\/revisions"}],"predecessor-version":[{"id":8586,"href":"https:\/\/staging.fabotape.com\/fr\/wp-json\/wp\/v2\/pages\/1579\/revisions\/8586"}],"wp:attachment":[{"href":"https:\/\/staging.fabotape.com\/fr\/wp-json\/wp\/v2\/media?parent=1579"}],"wp:term":[{"taxonomy":"post_tag","embeddable":true,"href":"https:\/\/staging.fabotape.com\/fr\/wp-json\/wp\/v2\/tags?post=1579"}],"curies":[{"name":"wp","href":"https:\/\/api.w.org\/{rel}","templated":true}]}}