{"id":1576,"date":"2020-04-28T14:33:14","date_gmt":"2020-04-28T12:33:14","guid":{"rendered":"https:\/\/staging.fabotape.com\/?page_id=1576"},"modified":"2025-07-25T11:09:58","modified_gmt":"2025-07-25T09:09:58","slug":"logistique-old","status":"publish","type":"page","link":"https:\/\/staging.fabotape.com\/fr\/logistique-old\/","title":{"rendered":"Logistique old"},"content":{"rendered":"<p>[vc_row el_class=\u00a0\u00bbriga-testo-due-colonne\u00a0\u00bb][vc_column width=\u00a0\u00bb1\/2&Prime; offset=\u00a0\u00bbvc_col-lg-offset-1 vc_col-lg-5 vc_col-md-offset-1 vc_col-md-5&Prime;][vc_column_text]<\/p>\n<h3>Une entreprise internationale et un r\u00e9seau logistique op\u00e9rant dans <strong>plus de 40 pays \u00e0 travers le monde<\/strong>.<\/h3>\n<p>[\/vc_column_text][\/vc_column][vc_column width=\u00a0\u00bb1\/2&Prime; offset=\u00a0\u00bbvc_col-lg-5 vc_col-md-5&Prime;][vc_column_text el_class=\u00a0\u00bbjustified\u00a0\u00bb]<strong>Fabo est synonyme de qualit\u00e9, de fiabilit\u00e9, de technologie de pointe, de recherche et de d\u00e9veloppement continu. Une entreprise internationale qui fournit de gros volumes de production vers plus de 40 pays du monde. Un r\u00e9seau commercial qui compte des clients en Europe, en Afrique du Nord, en Australie et en Asie.<\/strong><\/p>\n<p>La logistique est organis\u00e9e dans les moindres d\u00e9tails et travaille en \u00e9troite collaboration avec le service commercial qui g\u00e8re les \u00e9changes commerciaux avec les clients \u00e9trangers et italiens. L\u2019entrep\u00f4t d\u00e9di\u00e9 aux exp\u00e9ditions a r\u00e9cemment \u00e9t\u00e9 agrandi de 2 000 m\u00e8tres carr\u00e9s afin d\u2019am\u00e9liorer et d\u2019\u00e9tendre le service fourni aux clients.[\/vc_column_text][\/vc_column][\/vc_row][vc_row full_width=\u00a0\u00bbstretch_row_content_no_spaces\u00a0\u00bb css=\u00a0\u00bb.vc_custom_1517585631807{margin-top: 60px !important;margin-bottom: 60px !important;}\u00a0\u00bb][vc_column width=\u00a0\u00bb1\/3&Prime; offset=\u00a0\u00bbvc_hidden-xs\u00a0\u00bb][vc_single_image image=\u00a0\u00bb468&Prime; img_size=\u00a0\u00bbfull\u00a0\u00bb][\/vc_column][vc_column width=\u00a0\u00bb1\/3&Prime; offset=\u00a0\u00bbvc_hidden-xs\u00a0\u00bb][vc_single_image image=\u00a0\u00bb469&Prime; img_size=\u00a0\u00bbfull\u00a0\u00bb][\/vc_column][vc_column width=\u00a0\u00bb1\/3&Prime;][vc_single_image image=\u00a0\u00bb470&Prime; img_size=\u00a0\u00bbfull\u00a0\u00bb][\/vc_column][\/vc_row][vc_row css=\u00a0\u00bb.vc_custom_1517330603003{margin-bottom: 30px !important;}\u00a0\u00bb][vc_column][vc_row_inner][vc_column_inner offset=\u00a0\u00bbvc_col-lg-offset-3 vc_col-lg-6 vc_col-md-offset-1 vc_col-md-10&Prime;][vc_column_text el_class=\u00a0\u00bblabel-riga label-a-capo text-center\u00a0\u00bb]SERVICES FABO<br \/>\n[\/vc_column_text][vc_column_text el_class=\u00a0\u00bbtext-center\u00a0\u00bb]<\/p>\n<h3><strong>Comp\u00e9tence du personnel<br \/>\net attention port\u00e9e \u00e0 la relation client. <\/strong><\/h3>\n<p>[\/vc_column_text][vc_column_text el_class=\u00a0\u00bbjustified\u00a0\u00bb css=\u00a0\u00bb.vc_custom_1753434594220{margin-bottom: 60px !important;}\u00a0\u00bb]<strong>L\u2019assistance client est g\u00e9r\u00e9e avec efficacit\u00e9 et rapidit\u00e9 <\/strong>et en portant une attention constante aux besoins exprim\u00e9s par le client \u00e0 chaque phase d\u2019avant et d\u2019apr\u00e8s-vente, de l\u2019identification du produit le plus appropri\u00e9 \u00e0 la personnalisation du ruban et aux conseils sur l\u2019utilisation et le stockage des produits.[\/vc_column_text][\/vc_column_inner][\/vc_row_inner][vc_row_inner equal_height=\u00a0\u00bbyes\u00a0\u00bb content_placement=\u00a0\u00bbtop\u00a0\u00bb][vc_column_inner el_class=\u00a0\u00bbpot-green\u00a0\u00bb width=\u00a0\u00bb1\/3&Prime;][vc_single_image image=\u00a0\u00bb486&Prime; img_size=\u00a0\u00bbfull\u00a0\u00bb alignment=\u00a0\u00bbcenter\u00a0\u00bb][vc_column_text]<strong>Personnalisation compl\u00e8te<\/strong> du produit lors de l\u2019emballage final.<br \/>\n[\/vc_column_text][\/vc_column_inner][vc_column_inner el_class=\u00a0\u00bbpot-green pot-green-middle\u00a0\u00bb width=\u00a0\u00bb1\/3&Prime;][vc_single_image image=\u00a0\u00bb487&Prime; img_size=\u00a0\u00bbfull\u00a0\u00bb alignment=\u00a0\u00bbcenter\u00a0\u00bb][vc_column_text]Entrep\u00f4t avec disponibilit\u00e9 de bandes neutres pour les <strong>livraisons juste \u00e0 temps<\/strong>.[\/vc_column_text][\/vc_column_inner][vc_column_inner el_class=\u00a0\u00bbpot-green\u00a0\u00bb width=\u00a0\u00bb1\/3&Prime;][vc_single_image image=\u00a0\u00bb488&Prime; img_size=\u00a0\u00bbfull\u00a0\u00bb alignment=\u00a0\u00bbcenter\u00a0\u00bb][vc_column_text]Le service d&rsquo;assistance \u00e0 la client\u00e8le traite les demandes de mani\u00e8re efficace et rapide, ce qui favorise la<br \/>\nfid\u00e9lisation des clients.<br \/>\n[\/vc_column_text][\/vc_column_inner][\/vc_row_inner][\/vc_column][\/vc_row]<\/p>\n","protected":false},"excerpt":{"rendered":"<p>[vc_row el_class=\u00a0\u00bbriga-testo-due-colonne\u00a0\u00bb][vc_column width=\u00a0\u00bb1\/2&Prime; offset=\u00a0\u00bbvc_col-lg-offset-1 vc_col-lg-5 vc_col-md-offset-1 vc_col-md-5&Prime;][vc_column_text] Une entreprise internationale et un r\u00e9seau logistique op\u00e9rant dans plus de 40 pays \u00e0 travers le monde. [\/vc_column_text][\/vc_column][vc_column width=\u00a0\u00bb1\/2&Prime; offset=\u00a0\u00bbvc_col-lg-5 vc_col-md-5&Prime;][vc_column_text el_class=\u00a0\u00bbjustified\u00a0\u00bb]Fabo est&#8230;<\/p>\n","protected":false},"author":3,"featured_media":2280,"parent":0,"menu_order":0,"comment_status":"closed","ping_status":"closed","template":"","meta":{"_acf_changed":false,"footnotes":""},"tags":[],"class_list":["post-1576","page","type-page","status-publish","has-post-thumbnail","hentry"],"acf":[],"_links":{"self":[{"href":"https:\/\/staging.fabotape.com\/fr\/wp-json\/wp\/v2\/pages\/1576","targetHints":{"allow":["GET"]}}],"collection":[{"href":"https:\/\/staging.fabotape.com\/fr\/wp-json\/wp\/v2\/pages"}],"about":[{"href":"https:\/\/staging.fabotape.com\/fr\/wp-json\/wp\/v2\/types\/page"}],"author":[{"embeddable":true,"href":"https:\/\/staging.fabotape.com\/fr\/wp-json\/wp\/v2\/users\/3"}],"replies":[{"embeddable":true,"href":"https:\/\/staging.fabotape.com\/fr\/wp-json\/wp\/v2\/comments?post=1576"}],"version-history":[{"count":7,"href":"https:\/\/staging.fabotape.com\/fr\/wp-json\/wp\/v2\/pages\/1576\/revisions"}],"predecessor-version":[{"id":13540,"href":"https:\/\/staging.fabotape.com\/fr\/wp-json\/wp\/v2\/pages\/1576\/revisions\/13540"}],"wp:featuredmedia":[{"embeddable":true,"href":"https:\/\/staging.fabotape.com\/fr\/wp-json\/wp\/v2\/media\/2280"}],"wp:attachment":[{"href":"https:\/\/staging.fabotape.com\/fr\/wp-json\/wp\/v2\/media?parent=1576"}],"wp:term":[{"taxonomy":"post_tag","embeddable":true,"href":"https:\/\/staging.fabotape.com\/fr\/wp-json\/wp\/v2\/tags?post=1576"}],"curies":[{"name":"wp","href":"https:\/\/api.w.org\/{rel}","templated":true}]}}