{"id":1573,"date":"2020-04-28T14:28:35","date_gmt":"2020-04-28T12:28:35","guid":{"rendered":"https:\/\/staging.fabotape.com\/?page_id=1573"},"modified":"2020-04-28T14:28:35","modified_gmt":"2020-04-28T12:28:35","slug":"widget-fabo-is-green","status":"publish","type":"page","link":"https:\/\/staging.fabotape.com\/fr\/widget-fabo-is-green\/","title":{"rendered":"Widget &#8211; Fabo is green"},"content":{"rendered":"<p>[vc_row css=\u00a0\u00bb.vc_custom_1517330603003{margin-bottom: 30px !important;}\u00a0\u00bb][vc_column][vc_row_inner][vc_column_inner offset=\u00a0\u00bbvc_col-lg-offset-3 vc_col-lg-6 vc_col-md-offset-1 vc_col-md-10&Prime;][vc_column_text el_class=\u00a0\u00bblabel-riga label-a-capo text-center\u00a0\u00bb]<\/p>\n<p>FABO ET L\u2019ENVIRONNEMENT<\/p>\n<p>[\/vc_column_text][vc_column_text el_class=\u00a0\u00bbtext-center\u00a0\u00bb]<\/p>\n<h3><strong>Fabo est \u00e9cologique!<\/strong><\/h3>\n<p>[\/vc_column_text][vc_column_text el_class=\u00a0\u00bbtext-center\u00a0\u00bb css=\u00a0\u00bb.vc_custom_1588077027418{margin-bottom: 60px !important;}\u00a0\u00bb]Nous prenons tr\u00e8s au s\u00e9rieux la question de la protection de l\u2019environnement. C\u2019est pourquoi FABO applique une politique soign\u00e9e d\u2019exploitation rationnelle des ressources. Tous les d\u00e9partements de production sont \u00e9quip\u00e9s de syst\u00e8mes \u00e0 basse consommation d\u2019\u00e9nergie et de dispositifs de s\u00e9curit\u00e9 et de contr\u00f4le automatiques respectant l\u2019environnement. Ceci permet d\u2019obtenir les r\u00e9sultats suivants:<br \/>\n[\/vc_column_text][\/vc_column_inner][\/vc_row_inner][vc_row_inner equal_height=\u00a0\u00bbyes\u00a0\u00bb content_placement=\u00a0\u00bbtop\u00a0\u00bb][vc_column_inner el_class=\u00a0\u00bbpot-green\u00a0\u00bb width=\u00a0\u00bb1\/3&Prime;][vc_single_image image=\u00a0\u00bb306&Prime; img_size=\u00a0\u00bbfull\u00a0\u00bb alignment=\u00a0\u00bbcenter\u00a0\u00bb][vc_column_text]<strong>Recyclage total <\/strong>des d\u00e9chets de traitement issus des diff\u00e9rentes phases de production.[\/vc_column_text][\/vc_column_inner][vc_column_inner el_class=\u00a0\u00bbpot-green pot-green-middle\u00a0\u00bb width=\u00a0\u00bb1\/3&Prime;][vc_single_image image=\u00a0\u00bb307&Prime; img_size=\u00a0\u00bbfull\u00a0\u00bb alignment=\u00a0\u00bbcenter\u00a0\u00bb][vc_column_text]<strong>Contr\u00f4le des d\u00e9chets<\/strong> et r\u00e9duction des \u00e9missions nocives. [\/vc_column_text][\/vc_column_inner][vc_column_inner el_class=\u00a0\u00bbpot-green\u00a0\u00bb width=\u00a0\u00bb1\/3&Prime;][vc_single_image image=\u00a0\u00bb308&Prime; img_size=\u00a0\u00bbfull\u00a0\u00bb alignment=\u00a0\u00bbcenter\u00a0\u00bb][vc_column_text]Les installations de<strong> cog\u00e9n\u00e9ration et photovolta\u00efques<\/strong> fournissent 40 % des besoins en \u00e9nergie de l\u2019entreprise.[\/vc_column_text][\/vc_column_inner][\/vc_row_inner][\/vc_column][\/vc_row]<\/p>\n","protected":false},"excerpt":{"rendered":"<p>[vc_row css=\u00a0\u00bb.vc_custom_1517330603003{margin-bottom: 30px !important;}\u00a0\u00bb][vc_column][vc_row_inner][vc_column_inner offset=\u00a0\u00bbvc_col-lg-offset-3 vc_col-lg-6 vc_col-md-offset-1 vc_col-md-10&Prime;][vc_column_text el_class=\u00a0\u00bblabel-riga label-a-capo text-center\u00a0\u00bb] FABO ET L\u2019ENVIRONNEMENT [\/vc_column_text][vc_column_text el_class=\u00a0\u00bbtext-center\u00a0\u00bb] Fabo est \u00e9cologique! [\/vc_column_text][vc_column_text el_class=\u00a0\u00bbtext-center\u00a0\u00bb css=\u00a0\u00bb.vc_custom_1588077027418{margin-bottom: 60px !important;}\u00a0\u00bb]Nous prenons tr\u00e8s au s\u00e9rieux la question&#8230;<\/p>\n","protected":false},"author":3,"featured_media":0,"parent":0,"menu_order":0,"comment_status":"closed","ping_status":"closed","template":"","meta":{"_acf_changed":false,"footnotes":""},"tags":[],"class_list":["post-1573","page","type-page","status-publish","hentry"],"acf":[],"_links":{"self":[{"href":"https:\/\/staging.fabotape.com\/fr\/wp-json\/wp\/v2\/pages\/1573","targetHints":{"allow":["GET"]}}],"collection":[{"href":"https:\/\/staging.fabotape.com\/fr\/wp-json\/wp\/v2\/pages"}],"about":[{"href":"https:\/\/staging.fabotape.com\/fr\/wp-json\/wp\/v2\/types\/page"}],"author":[{"embeddable":true,"href":"https:\/\/staging.fabotape.com\/fr\/wp-json\/wp\/v2\/users\/3"}],"replies":[{"embeddable":true,"href":"https:\/\/staging.fabotape.com\/fr\/wp-json\/wp\/v2\/comments?post=1573"}],"version-history":[{"count":2,"href":"https:\/\/staging.fabotape.com\/fr\/wp-json\/wp\/v2\/pages\/1573\/revisions"}],"predecessor-version":[{"id":1575,"href":"https:\/\/staging.fabotape.com\/fr\/wp-json\/wp\/v2\/pages\/1573\/revisions\/1575"}],"wp:attachment":[{"href":"https:\/\/staging.fabotape.com\/fr\/wp-json\/wp\/v2\/media?parent=1573"}],"wp:term":[{"taxonomy":"post_tag","embeddable":true,"href":"https:\/\/staging.fabotape.com\/fr\/wp-json\/wp\/v2\/tags?post=1573"}],"curies":[{"name":"wp","href":"https:\/\/api.w.org\/{rel}","templated":true}]}}