{"id":1502,"date":"2020-04-28T11:27:17","date_gmt":"2020-04-28T09:27:17","guid":{"rendered":"https:\/\/staging.fabotape.com\/?page_id=1502"},"modified":"2022-11-30T08:42:04","modified_gmt":"2022-11-30T07:42:04","slug":"reparation-et-protection","status":"publish","type":"page","link":"https:\/\/staging.fabotape.com\/fr\/produits\/reparation-et-protection\/","title":{"rendered":"R\u00e9paration et protection"},"content":{"rendered":"<p>[vc_row][vc_column][vc_raw_html]JTNDYSUyMGhyZWYlM0QlMjIlMkZmciUyRnByb2R1aXRzJTIyJTIwY2xhc3MlM0QlMjJiYWNrLXRvLXByb2RvdHRpJTIyJTNFUmV0b3VyJTIwYXV4JTIwcHJvZHVpdHMlMEElM0MlMkZhJTNF[\/vc_raw_html][\/vc_column][\/vc_row][vc_row el_class=\u00a0\u00bbriga-testo-due-colonne\u00a0\u00bb][vc_column width=\u00a0\u00bb1\/2&Prime; offset=\u00a0\u00bbvc_col-lg-offset-1 vc_col-lg-5 vc_col-md-offset-1 vc_col-md-5&Prime;][vc_column_text]<\/p>\n<h3><strong>Rubans r\u00e9sistants<\/strong> destin\u00e9s \u00e0 la r\u00e9paration, au renforcement, \u00e0 la protection et \u00e0 l\u2019emballage.<\/h3>\n<p>[\/vc_column_text][\/vc_column][vc_column width=\u00a0\u00bb1\/2&Prime; offset=\u00a0\u00bbvc_col-lg-5 vc_col-md-5&Prime;][vc_column_text]<strong>Des rubans adh\u00e9sifs \u00e0 utiliser sur divers supports et avec une adh\u00e9rence diff\u00e9rente, adapt\u00e9s au renforcement et \u00e0 la r\u00e9paration, \u00e0 l\u2019emballage et \u00e0 la protection contre les rayures et les dommages.<br \/>\n<\/strong><\/p>\n<p>Diff\u00e9rents produits pour r\u00e9pondre aux multiples besoins quotidiens de r\u00e9paration et de protection: rubans en \u00abtoile am\u00e9ricaine\u00bb imperm\u00e9ables et r\u00e9sistants, rubans m\u00e9tallis\u00e9s, rubans amovibles ou permanents en mat\u00e9riaux divers con\u00e7us pour la protection des surfaces.[\/vc_column_text][\/vc_column][\/vc_row][vc_row gap=\u00a0\u00bb35&Prime; el_class=\u00a0\u00bbriga-altri-prodotti due-per-row\u00a0\u00bb][vc_column width=\u00a0\u00bb1\/3&Prime;][vc_single_image image=\u00a0\u00bb552&Prime; img_size=\u00a0\u00bbfull\u00a0\u00bb][vc_column_text el_class=\u00a0\u00bbaltro-prodotto-codice\u00a0\u00bb]<\/p>\n<h6>900 &#8211; BANDEROLAGE, \u00c9PISSURAGE ET FIXATION<\/h6>\n<p>[\/vc_column_text][vc_column_text]Ruban adh\u00e9sif avec support en poly\u00e9thyl\u00e8ne adapt\u00e9 aux applications de protection de surface et pour le collage ou l&rsquo;\u00e9pissure.[\/vc_column_text][\/vc_column][vc_column width=\u00a0\u00bb1\/3&Prime;][vc_single_image image=\u00a0\u00bb2875&Prime; img_size=\u00a0\u00bbfull\u00a0\u00bb][vc_column_text el_class=\u00a0\u00bbaltro-prodotto-codice\u00a0\u00bb]<\/p>\n<h6>888 &#8211; RUBAN ADH\u00c9SIF AM\u00c9RICAIN \u00c0 MILLE USAGES<\/h6>\n<p>[\/vc_column_text][vc_column_text]Sa r\u00e9sistance \u00e0 la rupture et son excellente adh\u00e9rence sur tout type de substrat font de ce ruban la meilleure solution pour la fixation et l&rsquo;isolation.<br \/>\nR\u00e9sistant aux fortes tractions et aux temp\u00e9ratures de -5\u00b0 \u00e0 +65\u00b0C. Imperm\u00e9able.[\/vc_column_text][\/vc_column][vc_column width=\u00a0\u00bb1\/3&Prime;][vc_single_image image=\u00a0\u00bb265&Prime; img_size=\u00a0\u00bbfull\u00a0\u00bb][vc_column_text el_class=\u00a0\u00bbaltro-prodotto-codice\u00a0\u00bb]<\/p>\n<h6>243-M\u00c9TALLIS\u00c9<\/h6>\n<p>[\/vc_column_text][vc_column_text]Un ruban m\u00e9tallis\u00e9 avec une excellente adh\u00e9rence initiale, il est id\u00e9al pour \u00e9pisser, regrouper et fixer les<br \/>\nmat\u00e9riaux d&rsquo;isolation.[\/vc_column_text][\/vc_column][\/vc_row][vc_row][vc_column el_class=\u00a0\u00bbtext-center riga-btn-scheda\u00a0\u00bb]<div class=\" ubtn-ctn-left btn btn-sfumato-verde\"><a class=\"ubtn-link ult-adjust-bottom-margin ubtn-left ubtn-normal btn btn-sfumato-verde\" href=\"https:\/\/staging.fabotape.com\/fr\/fiches-techniques\/?r=protezione\"><button type=\"button\" id=\"ubtn-3869\" class=\"ubtn ult-adjust-bottom-margin ult-responsive ubtn-normal ubtn-no-hover-bg  none  ubtn-left   tooltip-69e0362470c56\"  data-hover=\"\" data-border-color=\"\" data-bg=\"#e0e0e0\" data-hover-bg=\"\" data-border-hover=\"\" data-shadow-hover=\"\" data-shadow-click=\"none\" data-shadow=\"\" data-shd-shadow=\"\"  data-ultimate-target='#ubtn-3869'  data-responsive-json-new='{\"font-size\":\"\",\"line-height\":\"\"}'  style=\"font-weight:normal;border:none;background: #e0e0e0;color: #000000;\"><span class=\"ubtn-hover\" style=\"background-color:\"><\/span><span class=\"ubtn-data ubtn-text \" >VOIR LES FICHES TECHNIQUES R\u00c9PARATION ET PROTECTION<\/span><\/button><\/a><\/div>[\/vc_column][\/vc_row]<\/p>\n","protected":false},"excerpt":{"rendered":"<p>Des rubans adh\u00e9sifs \u00e0 utiliser sur divers supports et avec une adh\u00e9rence diff\u00e9rente, adapt\u00e9s au renforcement et \u00e0 la r\u00e9paration, \u00e0 l\u2019emballage et \u00e0 la protection contre les rayures et les dommages.<\/p>\n","protected":false},"author":3,"featured_media":2163,"parent":1478,"menu_order":55,"comment_status":"closed","ping_status":"closed","template":"","meta":{"_acf_changed":false,"footnotes":""},"tags":[],"class_list":["post-1502","page","type-page","status-publish","has-post-thumbnail","hentry"],"acf":[],"_links":{"self":[{"href":"https:\/\/staging.fabotape.com\/fr\/wp-json\/wp\/v2\/pages\/1502","targetHints":{"allow":["GET"]}}],"collection":[{"href":"https:\/\/staging.fabotape.com\/fr\/wp-json\/wp\/v2\/pages"}],"about":[{"href":"https:\/\/staging.fabotape.com\/fr\/wp-json\/wp\/v2\/types\/page"}],"author":[{"embeddable":true,"href":"https:\/\/staging.fabotape.com\/fr\/wp-json\/wp\/v2\/users\/3"}],"replies":[{"embeddable":true,"href":"https:\/\/staging.fabotape.com\/fr\/wp-json\/wp\/v2\/comments?post=1502"}],"version-history":[{"count":8,"href":"https:\/\/staging.fabotape.com\/fr\/wp-json\/wp\/v2\/pages\/1502\/revisions"}],"predecessor-version":[{"id":3557,"href":"https:\/\/staging.fabotape.com\/fr\/wp-json\/wp\/v2\/pages\/1502\/revisions\/3557"}],"up":[{"embeddable":true,"href":"https:\/\/staging.fabotape.com\/fr\/wp-json\/wp\/v2\/pages\/1478"}],"wp:featuredmedia":[{"embeddable":true,"href":"https:\/\/staging.fabotape.com\/fr\/wp-json\/wp\/v2\/media\/2163"}],"wp:attachment":[{"href":"https:\/\/staging.fabotape.com\/fr\/wp-json\/wp\/v2\/media?parent=1502"}],"wp:term":[{"taxonomy":"post_tag","embeddable":true,"href":"https:\/\/staging.fabotape.com\/fr\/wp-json\/wp\/v2\/tags?post=1502"}],"curies":[{"name":"wp","href":"https:\/\/api.w.org\/{rel}","templated":true}]}}