{"id":1497,"date":"2020-04-28T11:10:31","date_gmt":"2020-04-28T09:10:31","guid":{"rendered":"https:\/\/staging.fabotape.com\/?page_id=1497"},"modified":"2020-05-05T17:18:13","modified_gmt":"2020-05-05T15:18:13","slug":"securite","status":"publish","type":"page","link":"https:\/\/staging.fabotape.com\/fr\/produits\/securite\/","title":{"rendered":"S\u00e9curit\u00e9"},"content":{"rendered":"<p>[vc_row][vc_column][vc_raw_html]JTNDYSUyMGhyZWYlM0QlMjIlMkZmciUyRnByb2R1aXRzJTIyJTIwY2xhc3MlM0QlMjJiYWNrLXRvLXByb2RvdHRpJTIyJTNFUmV0b3VyJTIwYXV4JTIwcHJvZHVpdHMlM0MlMkZhJTNF[\/vc_raw_html][\/vc_column][\/vc_row][vc_row el_class=\u00a0\u00bbriga-testo-due-colonne\u00a0\u00bb][vc_column width=\u00a0\u00bb1\/2&Prime; offset=\u00a0\u00bbvc_col-lg-offset-1 vc_col-lg-5 vc_col-md-offset-1 vc_col-md-5&Prime;][vc_column_text]<\/p>\n<h3>La <strong>s\u00e9curit\u00e9 de vos emballages <\/strong>est notre priorit\u00e9.<\/h3>\n<p>[\/vc_column_text][\/vc_column][vc_column width=\u00a0\u00bb1\/2&Prime; offset=\u00a0\u00bbvc_col-lg-5 vc_col-md-5&Prime;][vc_column_text]<strong>La ligne FABO s\u00e9curit\u00e9 comprend des rubans adh\u00e9sifs et des \u00e9tiquettes anti-effraction.<\/strong><\/p>\n<p>Cette ligne de produits anti-effraction garantit aux destinataires et aux exp\u00e9diteurs une protection absolue des marchandises et des colis scell\u00e9s. \u00c0 chaque tentative d&rsquo;effraction, des traces visibles restent sur les surfaces alt\u00e9r\u00e9es.[\/vc_column_text][\/vc_column][\/vc_row][vc_row gap=\u00a0\u00bb35&Prime; el_class=\u00a0\u00bbriga-altri-prodotti due-per-row\u00a0\u00bb][vc_column width=\u00a0\u00bb1\/2&Prime;][vc_single_image image=\u00a0\u00bb549&Prime; img_size=\u00a0\u00bbfull\u00a0\u00bb][vc_column_text el_class=\u00a0\u00bbaltro-prodotto-codice\u00a0\u00bb]<\/p>\n<h6>Ruban anti-effraction<\/h6>\n<p>[\/vc_column_text][vc_column_text]C\u2019est le ruban id\u00e9al pour prot\u00e9ger les envois de valeur. \u00c9galement disponible en version imprim\u00e9e personnalis\u00e9e.[\/vc_column_text][\/vc_column][vc_column width=\u00a0\u00bb1\/2&Prime;][vc_single_image image=\u00a0\u00bb266&Prime; img_size=\u00a0\u00bbfull\u00a0\u00bb][vc_column_text el_class=\u00a0\u00bbaltro-prodotto-codice\u00a0\u00bb]<\/p>\n<h6>\u00c9tiquette anti-effraction<\/h6>\n<p>[\/vc_column_text][vc_column_text]L\u2019\u00e9tiquette anti-effraction garantit la s\u00e9curit\u00e9 de chaque colis. Disponible en version standard et personnalis\u00e9e, \u00e9galement avec num\u00e9rotation progressive.[\/vc_column_text][\/vc_column][\/vc_row][vc_row][vc_column el_class=\u00a0\u00bbtext-center riga-btn-scheda\u00a0\u00bb]<div class=\" ubtn-ctn-left btn btn-sfumato-verde\"><a class=\"ubtn-link ult-adjust-bottom-margin ubtn-left ubtn-normal btn btn-sfumato-verde\" href=\"https:\/\/staging.fabotape.com\/fr\/fiches-techniques\/?r=sicurezza%20Acrilico\"><button type=\"button\" id=\"ubtn-9525\" class=\"ubtn ult-adjust-bottom-margin ult-responsive ubtn-normal ubtn-no-hover-bg  none  ubtn-left   tooltip-69e0374563ab0\"  data-hover=\"\" data-border-color=\"\" data-bg=\"#e0e0e0\" data-hover-bg=\"\" data-border-hover=\"\" data-shadow-hover=\"\" data-shadow-click=\"none\" data-shadow=\"\" data-shd-shadow=\"\"  data-ultimate-target='#ubtn-9525'  data-responsive-json-new='{\"font-size\":\"\",\"line-height\":\"\"}'  style=\"font-weight:normal;border:none;background: #e0e0e0;color: #000000;\"><span class=\"ubtn-hover\" style=\"background-color:\"><\/span><span class=\"ubtn-data ubtn-text \" >VOIR LES FICHES TECHNIQUES DE LA LIGNE S\u00c9CURIT\u00c9<\/span><\/button><\/a><\/div>[\/vc_column][\/vc_row][vc_row][vc_column][vc_empty_space height=\u00a0\u00bb62px\u00a0\u00bb][\/vc_column][\/vc_row][vc_row full_width=\u00a0\u00bbstretch_row\u00a0\u00bb el_class=\u00a0\u00bbcategoria-seo seo-grigio\u00a0\u00bb][vc_column][vc_column_text el_class=\u00a0\u00bbcontenuto\u00a0\u00bb]<\/p>\n<h2>Fabo, fabricant de rubans et d\u2019\u00e9tiquettes de s\u00e9curit\u00e9<\/h2>\n<p>L\u2019int\u00e9grit\u00e9 des emballages livr\u00e9s repr\u00e9sente un \u00e9l\u00e9ment de plus en plus important et d\u2019actualit\u00e9. Il suffit de penser \u00e0 la croissance exponentielle du commerce \u00e9lectronique, un ph\u00e9nom\u00e8ne qui a permis \u00e0 la vente de produits en ligne de d\u00e9passer celle des services (70 % contre 30 %). En g\u00e9n\u00e9ral, le nombre de marchandises \u00e9chang\u00e9es par transporteur conna\u00eet une forte augmentation suite \u00e0 la mondialisation des march\u00e9s.<br \/>\n<strong>La s\u00e9curit\u00e9 des colis envoy\u00e9s et re\u00e7us est devenue un probl\u00e8me majeur pour les entreprises<\/strong>.<br \/>\nEn tant que fabricant de rubans adh\u00e9sifs et de solutions visant \u00e0 satisfaire les diff\u00e9rents besoins de nos clients, nous comptons la question de la s\u00e9curit\u00e9 des envois parmi nos priorit\u00e9s. La s\u00e9curit\u00e9 des colis envoy\u00e9s et re\u00e7us est en effet devenue un probl\u00e8me de premi\u00e8re importance pour les entreprises, les compagnies de transport et de logistique. <strong>Les rubans et les \u00e9tiquettes FABO de la ligne s\u00e9curit\u00e9 sont des produits adh\u00e9sifs qui r\u00e9v\u00e8lent toute tentative d\u2019intrusion, laissant des traces visibles sur les surfaces alt\u00e9r\u00e9es<\/strong>. Gr\u00e2ce aux produits de s\u00e9curit\u00e9 propos\u00e9s par Fabo, <strong>le ruban adh\u00e9sif et les \u00e9tiquettes anti-effraction<\/strong>, vous pouvez choisir de prot\u00e9ger les contenus pr\u00e9cieux envoy\u00e9s et le courrier confidentiel gr\u00e2ce au message d\u2019alerte qui reste sur les surfaces alt\u00e9r\u00e9es, qui <strong>r\u00e9v\u00e8le ainsi toute tentative d&rsquo;effraction<\/strong> qui s\u2019est produite pendant l\u2019exp\u00e9dition.<\/p>\n<p>Le ruban anti-effraction <strong>Security Tape est une solution antivol intelligente<\/strong>. Ce ruban adh\u00e9sif sp\u00e9cial garantit aux exp\u00e9diteurs et aux destinataires la protection absolue des marchandises et la s\u00e9curit\u00e9 des emballages scell\u00e9s. Utilis\u00e9 pour les envois d\u2019emballages en carton avec un contenu pr\u00e9cieux ou pour les lettres contenant des documents confidentiels, il est appliqu\u00e9 comme un ruban adh\u00e9sif normal, mais permet de d\u00e9tecter rapidement toute alt\u00e9ration, car en cas de retrait du ruban, des traces \u00e9videntes subsistent avec un message d\u2019alerte OPEN VOID ou un message d\u2019alerte sur la surface. Le ruban de s\u00e9curit\u00e9 est personnalisable avec diff\u00e9rentes couleurs (rouge, jaune, blanc, havane, vert, bleu), avec l\u2019impression de logos et\/ou de messages \u00e0 la surface du ruban et avec un texte masqu\u00e9 qui appara\u00eet \u00e0 la suite d\u2019une alt\u00e9ration.<\/p>\n<p>Il est efficace dans de nombreuses applications industrielles, la logistique et les services d\u2019exp\u00e9dition, ainsi que dans tous les secteurs o\u00f9 la s\u00e9curit\u00e9 est un facteur essentiel.<\/p>\n<p>Les <strong>\u00e9tiquettes anti-effraction, ou \u00e9tiquettes de s\u00e9curit\u00e9<\/strong>, vous permettent de <strong>sceller vos emballages aux points critiques<\/strong> et, en cas d\u2019intrusion, elles indiquent clairement l\u2019ouverture, comme un sceau de s\u00e9curit\u00e9, laissant un message visible m\u00eame si quelqu\u2019un essaye de refermer l\u2019emballage. L\u2019utilisation de ces \u00e9tiquettes ajoute de la s\u00e9curit\u00e9 \u00e0 la fermeture traditionnelle des emballages et du courrier confidentiel. Les \u00e9tiquettes de s\u00e9curit\u00e9 agissent comme un sceau de s\u00e9curit\u00e9 qui<strong> r\u00e9v\u00e8le efficacement toute tentative d\u2019intrusion<\/strong>. Les \u00e9tiquettes anti-effraction peuvent devenir votre sceau de s\u00e9curit\u00e9 unique et personnel gr\u00e2ce \u00e0 la <strong>\u00abpersonnalisation\u00bb <\/strong>\u00e9lev\u00e9e du verso de l\u2019\u00e9tiquette. Vous pouvez ins\u00e9rer sur votre \u00e9tiquette de s\u00e9curit\u00e9 personnalis\u00e9e des logos et des images, des codes QR et des adresses Web, des r\u00e9seaux sociaux, des codes \u00e0 barres et des num\u00e9ros de s\u00e9rie progressifs.<br \/>\n[\/vc_column_text][\/vc_column][\/vc_row]<\/p>\n","protected":false},"excerpt":{"rendered":"<p>Cette ligne de produits anti-effraction garantit aux destinataires et aux exp\u00e9diteurs une protection absolue des marchandises et des colis scell\u00e9s.<\/p>\n","protected":false},"author":3,"featured_media":2166,"parent":1478,"menu_order":66,"comment_status":"closed","ping_status":"closed","template":"","meta":{"_acf_changed":false,"footnotes":""},"tags":[],"class_list":["post-1497","page","type-page","status-publish","has-post-thumbnail","hentry"],"acf":[],"_links":{"self":[{"href":"https:\/\/staging.fabotape.com\/fr\/wp-json\/wp\/v2\/pages\/1497","targetHints":{"allow":["GET"]}}],"collection":[{"href":"https:\/\/staging.fabotape.com\/fr\/wp-json\/wp\/v2\/pages"}],"about":[{"href":"https:\/\/staging.fabotape.com\/fr\/wp-json\/wp\/v2\/types\/page"}],"author":[{"embeddable":true,"href":"https:\/\/staging.fabotape.com\/fr\/wp-json\/wp\/v2\/users\/3"}],"replies":[{"embeddable":true,"href":"https:\/\/staging.fabotape.com\/fr\/wp-json\/wp\/v2\/comments?post=1497"}],"version-history":[{"count":6,"href":"https:\/\/staging.fabotape.com\/fr\/wp-json\/wp\/v2\/pages\/1497\/revisions"}],"predecessor-version":[{"id":1830,"href":"https:\/\/staging.fabotape.com\/fr\/wp-json\/wp\/v2\/pages\/1497\/revisions\/1830"}],"up":[{"embeddable":true,"href":"https:\/\/staging.fabotape.com\/fr\/wp-json\/wp\/v2\/pages\/1478"}],"wp:featuredmedia":[{"embeddable":true,"href":"https:\/\/staging.fabotape.com\/fr\/wp-json\/wp\/v2\/media\/2166"}],"wp:attachment":[{"href":"https:\/\/staging.fabotape.com\/fr\/wp-json\/wp\/v2\/media?parent=1497"}],"wp:term":[{"taxonomy":"post_tag","embeddable":true,"href":"https:\/\/staging.fabotape.com\/fr\/wp-json\/wp\/v2\/tags?post=1497"}],"curies":[{"name":"wp","href":"https:\/\/api.w.org\/{rel}","templated":true}]}}