{"id":1493,"date":"2020-04-28T10:54:10","date_gmt":"2020-04-28T08:54:10","guid":{"rendered":"https:\/\/staging.fabotape.com\/?page_id=1493"},"modified":"2023-03-30T12:16:49","modified_gmt":"2023-03-30T10:16:49","slug":"masquage","status":"publish","type":"page","link":"https:\/\/staging.fabotape.com\/fr\/produits\/masquage\/","title":{"rendered":"Masquage"},"content":{"rendered":"<p>[vc_row][vc_column][vc_raw_html]JTNDYSUyMGhyZWYlM0QlMjIlMkZmciUyRnByb2R1aXRzJTIyJTIwY2xhc3MlM0QlMjJiYWNrLXRvLXByb2RvdHRpJTIyJTNFUmV0b3VyJTIwYXV4JTIwcHJvZHVpdHMlM0MlMkZhJTNF[\/vc_raw_html][\/vc_column][\/vc_row][vc_row el_class=\u00a0\u00bbriga-testo-due-colonne\u00a0\u00bb][vc_column width=\u00a0\u00bb1\/2&Prime; offset=\u00a0\u00bbvc_col-lg-offset-1 vc_col-lg-5 vc_col-md-offset-1 vc_col-md-5&Prime;][vc_column_text]<\/p>\n<h3><strong>Rubans de masquage<\/strong> pour d\u00e9coration et peinture avec pr\u00e9cision sur toutes les surfaces.<\/h3>\n<p>[\/vc_column_text][\/vc_column][vc_column width=\u00a0\u00bb1\/2&Prime; offset=\u00a0\u00bbvc_col-lg-5 vc_col-md-5&Prime;][vc_column_text]<strong>Des utilisations g\u00e9n\u00e9rales aux utilisations plus sp\u00e9cifiques, la ligne de masquage FABO constitue la solution la plus appropri\u00e9e pour les travaux de d\u00e9coration et de peinture.<br \/>\n<\/strong><\/p>\n<p>Le papier avec adh\u00e9sif thermofusible pour les utilisations g\u00e9n\u00e9rales de masquage est accompagn\u00e9 d\u2019une s\u00e9rie de papiers de masquage color\u00e9s, avec adh\u00e9sif Acrylique \u00e0 base d\u2019eau, adapt\u00e9s \u00e0 des utilisations sp\u00e9cifiques \u00e0 l\u2019int\u00e9rieur et \u00e0 l\u2019ext\u00e9rieur.[\/vc_column_text][\/vc_column][\/vc_row][vc_row gap=\u00a0\u00bb35&Prime; el_class=\u00a0\u00bbriga-altri-prodotti due-per-row\u00a0\u00bb][vc_column width=\u00a0\u00bb1\/3&Prime;][vc_single_image image=\u00a0\u00bb2847&Prime; img_size=\u00a0\u00bbfull\u00a0\u00bb][vc_column_text el_class=\u00a0\u00bbaltro-prodotto-codice\u00a0\u00bb]<\/p>\n<h6>671 &#8211; WASHI JAUNE &#8211; Ruban de masquage pour l&rsquo;int\u00e9rieur et l&rsquo;ext\u00e9rieur.<\/h6>\n<p>[\/vc_column_text][vc_column_text]Le washi original, le papier de riz japonais, pour des r\u00e9sultats professionnels \u00e0 l&rsquo;int\u00e9rieur comme \u00e0<br \/>\nl&rsquo;ext\u00e9rieur (jusqu&rsquo;\u00e0 8 semaines). Haute r\u00e9sistance aux UV et \u00e0 l&rsquo;humidit\u00e9. Ne laisse aucun r\u00e9sidu.[\/vc_column_text][\/vc_column][vc_column width=\u00a0\u00bb1\/3&Prime;][vc_single_image image=\u00a0\u00bb3791&Prime; img_size=\u00a0\u00bbfull\u00a0\u00bb][vc_column_text el_class=\u00a0\u00bbaltro-prodotto-codice\u00a0\u00bb]<\/p>\n<h6>656-B &#8211; Ruban de masquage professionnel pour l&rsquo;ext\u00e9rieur<\/h6>\n<p>[\/vc_column_text][vc_column_text]Ruban de masquage professionnel de pr\u00e9cision pour l&rsquo;ext\u00e9rieur, d\u00e9velopp\u00e9 pour assurer des bords de peinture propres et pr\u00e9cis. R\u00e9sistant aux rayons UV, aux temp\u00e9ratures \u00e9lev\u00e9es, \u00e0 l&rsquo;eau et aux intemp\u00e9ries.[\/vc_column_text][\/vc_column][vc_column width=\u00a0\u00bb1\/3&Prime;][vc_single_image image=\u00a0\u00bb2855&Prime; img_size=\u00a0\u00bbfull\u00a0\u00bb][vc_column_text el_class=\u00a0\u00bbaltro-prodotto-codice\u00a0\u00bb]<\/p>\n<h6>657 &#8211; Ruban de masquage professionnel pour les surfaces d\u00e9licates<\/h6>\n<p>[\/vc_column_text][vc_column_text]Ruban de pr\u00e9cision \u00e0 faible adh\u00e9rence pour les surfaces particuli\u00e8rement d\u00e9licates, ne laisse aucun r\u00e9sidu.<br \/>\nIl permet d&rsquo;obtenir des bords de peinture extr\u00eamement lisses, propres et nets tout en prot\u00e9geant<br \/>\nles surfaces sur lesquelles il est appliqu\u00e9.<br \/>\n[\/vc_column_text][\/vc_column][\/vc_row][vc_row][vc_column el_class=\u00a0\u00bbtext-center riga-btn-scheda\u00a0\u00bb]<div class=\" ubtn-ctn-left btn btn-sfumato-verde\"><a class=\"ubtn-link ult-adjust-bottom-margin ubtn-left ubtn-normal btn btn-sfumato-verde\" href=\"https:\/\/staging.fabotape.com\/fr\/fiches-techniques\/?r=mascheratura\"><button type=\"button\" id=\"ubtn-5836\" class=\"ubtn ult-adjust-bottom-margin ult-responsive ubtn-normal ubtn-no-hover-bg  none  ubtn-left   tooltip-69e036a4764fe\"  data-hover=\"\" data-border-color=\"\" data-bg=\"#e0e0e0\" data-hover-bg=\"\" data-border-hover=\"\" data-shadow-hover=\"\" data-shadow-click=\"none\" data-shadow=\"\" data-shd-shadow=\"\"  data-ultimate-target='#ubtn-5836'  data-responsive-json-new='{\"font-size\":\"\",\"line-height\":\"\"}'  style=\"font-weight:normal;border:none;background: #e0e0e0;color: #000000;\"><span class=\"ubtn-hover\" style=\"background-color:\"><\/span><span class=\"ubtn-data ubtn-text \" >ALLER \u00c0 LA FICHE TECHNIQUE DES RUBANS DE MASQUAGE<\/span><\/button><\/a><\/div>[\/vc_column][\/vc_row][vc_row][vc_column][vc_empty_space height=\u00a0\u00bb62px\u00a0\u00bb][\/vc_column][\/vc_row][vc_row full_width=\u00a0\u00bbstretch_row\u00a0\u00bb el_class=\u00a0\u00bbcategoria-seo seo-grigio\u00a0\u00bb][vc_column][vc_column_text el_class=\u00a0\u00bbcontenuto\u00a0\u00bb]<\/p>\n<h2>Fabo, producteur de rubans de masquage<\/h2>\n<p><strong>La nouvelle gamme de rubans de masquage Fabo<\/strong> facilite et acc\u00e9l\u00e8re les travaux de peinture et de finition \u00e0 l\u2019int\u00e9rieur et \u00e0 l\u2019ext\u00e9rieur. Des utilisations g\u00e9n\u00e9rales aux utilisations plus sp\u00e9cifiques, la gamme de produits de masquage Fabo offre <strong>la solution la plus appropri\u00e9e pour la d\u00e9coration et les travaux de finition l\u00e9gers<\/strong>.<\/p>\n<p>Le ruban en papier ivoire, avec un adh\u00e9sif thermofusible \u00e0 base de caoutchouc thermoplastique et de r\u00e9sines hydrocarbon\u00e9es, est un produit adapt\u00e9 aux applications ordinaires en int\u00e9rieur et au bricolage, \u00e0 la maison et au bureau.<\/p>\n<p><strong>Le ruban en papier ivoire avec adh\u00e9sif \u00e0 base de solvant<\/strong> est un produit id\u00e9al pour des applications ordinaires de masquage, convenant aux op\u00e9rations de masquage en int\u00e9rieur sur des produits \u00e0 peindre et peints. Il ne d\u00e9gage pas d\u2019adh\u00e9sif et peut \u00eatre facilement enlev\u00e9 sans laisser de r\u00e9sidus sur les surfaces trait\u00e9es. En raison de sa fiabilit\u00e9, il peut \u00eatre utilis\u00e9 d\u2019une mani\u00e8re g\u00e9n\u00e9rale pour des travaux de bricolage et des op\u00e9rations simples de peinture.<\/p>\n<p><strong>Le ruban FABO en papier bleu<\/strong>, avec un adh\u00e9sif Acrylique \u00e0 base d\u2019eau et exempt de solvants nocifs, est un produit particuli\u00e8rement <strong>adapt\u00e9 au masquage en ext\u00e9rieur<\/strong>.<br \/>\nSa haute r\u00e9sistance aux rayons UV et sa bonne adh\u00e9rence, m\u00eame sur des surfaces et des installations l\u00e9g\u00e8rement rugueuses, en font le produit id\u00e9al pour les<strong> traitements en ext\u00e9rieur<\/strong>. Le ruban FABO en papier bleu se d\u00e9tache facilement pendant deux semaines sans laisser de traces ni de r\u00e9sidus sur les surfaces, permettant ainsi d\u2019effectuer plusieurs travaux en un seul processus de masquage.<\/p>\n<p><strong>Le ruban FABO en papier violet<\/strong>, avec un adh\u00e9sif Acrylique \u00e0 base d\u2019eau et exempt de solvants nocifs, est un produit appropri\u00e9 pour l<strong>e masquage pr\u00e9cis sur des surfaces particuli\u00e8rement d\u00e9licates. <\/strong><br \/>\nGr\u00e2ce \u00e0 son adh\u00e9sivit\u00e9 \u00ab l\u00e9g\u00e8re \u00bb, ce ruban est la solution de masquage id\u00e9ale sur toutes les surfaces n\u00e9cessitant un soin particulier lors du traitement: <strong>papiers peints, surfaces r\u00e9cemment peintes, verre, pl\u00e2tre et stuc<\/strong>. Le retirer est une op\u00e9ration simple et surtout sans r\u00e9sidus, car le ruban FABO en papier violet est hautement amovible pendant 2 semaines \u00e0 l\u2019int\u00e9rieur. Gr\u00e2ce \u00e0 sa r\u00e9sistance aux rayons UV, le ruban FABO en papier violet peut \u00e9galement \u00eatre utilis\u00e9 \u00e0 l\u2019ext\u00e9rieur.<br \/>\nLe <strong>ruban FABO en papier de riz japonais<\/strong>, exempt de solvants nocifs, est la solution id\u00e9ale pour le masquage de travaux n\u00e9cessitant des <strong>r\u00e9sultats professionnels d\u2019une pr\u00e9cision d\u2019ex\u00e9cution maximale<\/strong>.<br \/>\nCe ruban est adapt\u00e9 \u00e0 une application sur des <strong>surfaces parfaitement lisses<\/strong> tant \u00e0 l\u2019int\u00e9rieur qu\u2019\u00e0 l\u2019ext\u00e9rieur gr\u00e2ce \u00e0 sa r\u00e9sistance \u00e9lev\u00e9e aux rayons UV. Le support du ruban adh\u00e9sif, en papier washi d\u2019origine, garantit un masquage de haute qualit\u00e9 avec des bords pr\u00e9cis et lisses. Le ruban peut \u00eatre retir\u00e9 facilement et en toute s\u00e9curit\u00e9 pendant 8 semaines, sans laisser de r\u00e9sidus sur les surfaces d\u2019application.<\/p>\n<p><strong>Les rubans de masquage FABO <\/strong>sont des produits performants et fiables destin\u00e9s au<strong> march\u00e9 de la construction l\u00e9g\u00e8re professionnelle<\/strong> et au commerce de d\u00e9tail de bricolage et g\u00e9n\u00e9raliste. Fabo, grand fabricant de rubans de masquage, propose aux distributeurs, imprimeurs, entreprises de d\u00e9coupe, transformateurs de ruban adh\u00e9sif et aux entreprises de construction des solutions de masquage con\u00e7ues sur mesure pour r\u00e9pondre \u00e0 leurs besoins, de produits coup\u00e9s et emball\u00e9s ad hoc aux produits semi-finis en version jumbo.<br \/>\n[\/vc_column_text][\/vc_column][\/vc_row]<\/p>\n","protected":false},"excerpt":{"rendered":"<p>Rubans de masquage pour d\u00e9coration et peinture avec pr\u00e9cision sur toutes les surfaces.<\/p>\n","protected":false},"author":3,"featured_media":2154,"parent":1478,"menu_order":77,"comment_status":"closed","ping_status":"closed","template":"","meta":{"_acf_changed":false,"footnotes":""},"tags":[],"class_list":["post-1493","page","type-page","status-publish","has-post-thumbnail","hentry"],"acf":[],"_links":{"self":[{"href":"https:\/\/staging.fabotape.com\/fr\/wp-json\/wp\/v2\/pages\/1493","targetHints":{"allow":["GET"]}}],"collection":[{"href":"https:\/\/staging.fabotape.com\/fr\/wp-json\/wp\/v2\/pages"}],"about":[{"href":"https:\/\/staging.fabotape.com\/fr\/wp-json\/wp\/v2\/types\/page"}],"author":[{"embeddable":true,"href":"https:\/\/staging.fabotape.com\/fr\/wp-json\/wp\/v2\/users\/3"}],"replies":[{"embeddable":true,"href":"https:\/\/staging.fabotape.com\/fr\/wp-json\/wp\/v2\/comments?post=1493"}],"version-history":[{"count":9,"href":"https:\/\/staging.fabotape.com\/fr\/wp-json\/wp\/v2\/pages\/1493\/revisions"}],"predecessor-version":[{"id":3795,"href":"https:\/\/staging.fabotape.com\/fr\/wp-json\/wp\/v2\/pages\/1493\/revisions\/3795"}],"up":[{"embeddable":true,"href":"https:\/\/staging.fabotape.com\/fr\/wp-json\/wp\/v2\/pages\/1478"}],"wp:featuredmedia":[{"embeddable":true,"href":"https:\/\/staging.fabotape.com\/fr\/wp-json\/wp\/v2\/media\/2154"}],"wp:attachment":[{"href":"https:\/\/staging.fabotape.com\/fr\/wp-json\/wp\/v2\/media?parent=1493"}],"wp:term":[{"taxonomy":"post_tag","embeddable":true,"href":"https:\/\/staging.fabotape.com\/fr\/wp-json\/wp\/v2\/tags?post=1493"}],"curies":[{"name":"wp","href":"https:\/\/api.w.org\/{rel}","templated":true}]}}