{"id":1483,"date":"2020-04-28T10:36:36","date_gmt":"2020-04-28T08:36:36","guid":{"rendered":"https:\/\/staging.fabotape.com\/?page_id=1483"},"modified":"2023-01-03T15:46:02","modified_gmt":"2023-01-03T14:46:02","slug":"emballage","status":"publish","type":"page","link":"https:\/\/staging.fabotape.com\/fr\/produits\/emballage\/","title":{"rendered":"Emballage"},"content":{"rendered":"<p>[vc_row][vc_column][vc_raw_html]JTNDYSUyMGhyZWYlM0QlMjIlMkZmciUyRnByb2R1aXRzJTIyJTIwY2xhc3MlM0QlMjJiYWNrLXRvLXByb2RvdHRpJTIyJTNFUmV0b3VyJTIwYXV4JTIwcHJvZHVpdHMlMEElM0MlMkZhJTNF[\/vc_raw_html][\/vc_column][\/vc_row][vc_row el_class=\u00a0\u00bbriga-testo-due-colonne\u00a0\u00bb][vc_column width=\u00a0\u00bb1\/2&Prime; offset=\u00a0\u00bbvc_col-lg-offset-1 vc_col-lg-5 vc_col-md-offset-1 vc_col-md-5&Prime;][vc_column_text]<\/p>\n<h3>Une s\u00e9lection d\u2019articles pour l\u2019emballage avec technologie Acrylique et thermofusible.<\/h3>\n<p>[\/vc_column_text][\/vc_column][vc_column width=\u00a0\u00bb1\/2&Prime; offset=\u00a0\u00bbvc_col-lg-5 vc_col-md-5&Prime;][vc_column_text]<\/p>\n<h4>Les Acryliques<\/h4>\n<p>Des produits <strong>Acryliques<\/strong> aux caract\u00e9ristiques diff\u00e9rentes qui r\u00e9pondent \u00e0 des besoins sp\u00e9cifiques en mati\u00e8re de <strong>silence, de qualit\u00e9 et de forte adh\u00e9sivit\u00e9<\/strong>.<\/p>\n<h4>Les thermofusibles<\/h4>\n<p>Solutions manuelles et automatiques pour une <strong>prise plus agressive et imm\u00e9diate<\/strong> sur tout type d\u2019emballage.[\/vc_column_text][\/vc_column][\/vc_row][vc_row full_width=\u00a0\u00bbstretch_row\u00a0\u00bb el_class=\u00a0\u00bbbg-blu-sinistra bg-blu-prodotto\u00a0\u00bb][vc_column offset=\u00a0\u00bbvc_col-lg-offset-1 vc_col-lg-5 vc_col-md-offset-1 vc_col-md-5&Prime;][vc_column_text el_class=\u00a0\u00bblabel-riga\u00a0\u00bb]Emballage[\/vc_column_text][vc_column_text]<\/p>\n<h2><strong>Les Acryliques<\/strong><\/h2>\n<p>[\/vc_column_text][vc_column_text]Les rubans adh\u00e9sifs Acryliques \u00e0 base d\u2019eau se caract\u00e9risent par leur silence pendant le d\u00e9roulement et par une excellente r\u00e9sistance au vieillissement et aux rayons UV. Les rubans FABO sont fabriqu\u00e9s avec des films aux supports et aux \u00e9paisseurs vari\u00e9s, avec des masses adh\u00e9sives diversifi\u00e9es pour obtenir les meilleures performances.[\/vc_column_text][\/vc_column][\/vc_row][vc_row equal_height=\u00a0\u00bbyes\u00a0\u00bb content_placement=\u00a0\u00bbmiddle\u00a0\u00bb el_class=\u00a0\u00bbspot-prodotto\u00a0\u00bb][vc_column width=\u00a0\u00bb1\/2&Prime; offset=\u00a0\u00bbvc_col-lg-offset-0 vc_col-lg-5 vc_col-md-offset-0 vc_col-md-5&Prime;][vc_single_image image=\u00a0\u00bb482&Prime; img_size=\u00a0\u00bbfull\u00a0\u00bb css=\u00a0\u00bb.vc_custom_1517581662799{margin-top: 0px !important;margin-bottom: 0px !important;padding-top: 0px !important;padding-bottom: 0px !important;}\u00a0\u00bb][\/vc_column][vc_column width=\u00a0\u00bb1\/2&Prime; offset=\u00a0\u00bbvc_col-lg-offset-1 vc_col-lg-5 vc_col-md-offset-1 vc_col-md-5&Prime;][vc_column_text]<\/p>\n<h3>Des produits respectueux de l\u2019environnement pour un emballage de haute performance.<\/h3>\n<p>[\/vc_column_text][vc_column_text]Une gamme de produits avec adh\u00e9sif Acrylique \u00e0 base d\u2019eau, sans solvants, pour respecter l\u2019environnement. Silencieux ou bruyants, destin\u00e9s \u00e0 une utilisation manuelle ou automatique, les rubans FABO poss\u00e8dent une excellente r\u00e9sistance au vieillissement et aux rayons UV. \u00c9galement en version imprim\u00e9e.<br \/>\n[\/vc_column_text]<div class=\" ubtn-ctn-left btn btn-sfumato-verde\"><a class=\"ubtn-link ult-adjust-bottom-margin ubtn-left ubtn-normal btn btn-sfumato-verde\" href=\"https:\/\/staging.fabotape.com\/fr\/fiches-techniques\/?r=imballo%20Acrilico\"><button type=\"button\" id=\"ubtn-6009\" class=\"ubtn ult-adjust-bottom-margin ult-responsive ubtn-normal ubtn-no-hover-bg  none  ubtn-left   tooltip-69dff1db6f3a5\"  data-hover=\"\" data-border-color=\"\" data-bg=\"#e0e0e0\" data-hover-bg=\"\" data-border-hover=\"\" data-shadow-hover=\"\" data-shadow-click=\"none\" data-shadow=\"\" data-shd-shadow=\"\"  data-ultimate-target='#ubtn-6009'  data-responsive-json-new='{\"font-size\":\"\",\"line-height\":\"\"}'  style=\"font-weight:normal;border:none;background: #e0e0e0;color: #000000;\"><span class=\"ubtn-hover\" style=\"background-color:\"><\/span><span class=\"ubtn-data ubtn-text \" >Voir les fiches techniques des Acryliques<\/span><\/button><\/a><\/div>[\/vc_column][\/vc_row][vc_row css=\u00a0\u00bb.vc_custom_1516717923399{margin-top: 60px !important;}\u00a0\u00bb][vc_column el_class=\u00a0\u00bbtext-center\u00a0\u00bb][vc_column_text]<\/p>\n<h3>Emballages Acryliques <strong>S\u00e9lection FABO <\/strong><\/h3>\n<p>[\/vc_column_text][\/vc_column][\/vc_row][vc_row el_class=\u00a0\u00bbriga-altri-prodotti\u00a0\u00bb][vc_column width=\u00a0\u00bb1\/2&Prime;][vc_row_inner equal_height=\u00a0\u00bbyes\u00a0\u00bb content_placement=\u00a0\u00bbmiddle\u00a0\u00bb][vc_column_inner el_class=\u00a0\u00bbimg-altro-prodotto\u00a0\u00bb width=\u00a0\u00bb5\/12&Prime; offset=\u00a0\u00bbvc_col-lg-6 vc_col-md-6&Prime;][vc_single_image image=\u00a0\u00bb280&Prime; img_size=\u00a0\u00bbfull\u00a0\u00bb][\/vc_column_inner][vc_column_inner el_class=\u00a0\u00bbtesto-altro-prodotto\u00a0\u00bb width=\u00a0\u00bb7\/12&Prime; offset=\u00a0\u00bbvc_col-lg-6 vc_col-md-6&Prime;][vc_column_text el_class=\u00a0\u00bbaltro-prodotto-codice\u00a0\u00bb]<\/p>\n<h6>248-X<\/h6>\n<p>[\/vc_column_text][vc_column_text el_class=\u00a0\u00bblabel-evidenza\u00a0\u00bb]Technologie Pack Roll[\/vc_column_text][vc_column_text]Haut de gamme: les rouleaux sont imm\u00e9diatement tr\u00e8s silencieux, plus transparents et plus faciles \u00e0 d\u00e9rouler.[\/vc_column_text][\/vc_column_inner][\/vc_row_inner][\/vc_column][vc_column width=\u00a0\u00bb1\/2&Prime;][vc_row_inner equal_height=\u00a0\u00bbyes\u00a0\u00bb content_placement=\u00a0\u00bbmiddle\u00a0\u00bb][vc_column_inner el_class=\u00a0\u00bbimg-altro-prodotto\u00a0\u00bb width=\u00a0\u00bb5\/12&Prime; offset=\u00a0\u00bbvc_col-lg-6 vc_col-md-6&Prime;][vc_single_image image=\u00a0\u00bb476&Prime; img_size=\u00a0\u00bbfull\u00a0\u00bb][\/vc_column_inner][vc_column_inner el_class=\u00a0\u00bbtesto-altro-prodotto\u00a0\u00bb width=\u00a0\u00bb7\/12&Prime; offset=\u00a0\u00bbvc_col-lg-6 vc_col-md-6&Prime;][vc_column_text el_class=\u00a0\u00bbaltro-prodotto-codice\u00a0\u00bb]<\/p>\n<h6>225<\/h6>\n<p>[\/vc_column_text][vc_column_text el_class=\u00a0\u00bblabel-evidenza\u00a0\u00bb]Best seller[\/vc_column_text][vc_column_text]C\u2019est aujourd\u2019hui le produit le plus vendu. Solution id\u00e9ale pour la fermeture de bo\u00eetes de poids moyen.[\/vc_column_text][\/vc_column_inner][\/vc_row_inner][\/vc_column][\/vc_row][vc_row el_class=\u00a0\u00bbriga-altri-prodotti\u00a0\u00bb][vc_column width=\u00a0\u00bb1\/2&Prime;][vc_row_inner equal_height=\u00a0\u00bbyes\u00a0\u00bb content_placement=\u00a0\u00bbmiddle\u00a0\u00bb][vc_column_inner el_class=\u00a0\u00bbimg-altro-prodotto\u00a0\u00bb width=\u00a0\u00bb5\/12&Prime; offset=\u00a0\u00bbvc_col-lg-6 vc_col-md-6&Prime;][vc_single_image image=\u00a0\u00bb2750&Prime; img_size=\u00a0\u00bbfull\u00a0\u00bb][\/vc_column_inner][vc_column_inner el_class=\u00a0\u00bbtesto-altro-prodotto\u00a0\u00bb width=\u00a0\u00bb7\/12&Prime; offset=\u00a0\u00bbvc_col-lg-6 vc_col-md-6&Prime;][vc_column_text el_class=\u00a0\u00bbaltro-prodotto-codice\u00a0\u00bb]<\/p>\n<h6>248<\/h6>\n<p>[\/vc_column_text][vc_column_text el_class=\u00a0\u00bblabel-evidenza\u00a0\u00bb]Qualit\u00e9 top[\/vc_column_text][vc_column_text]Caract\u00e9ris\u00e9 par une \u00e9paisseur renforc\u00e9e et une majeure quantit\u00e9 d&rsquo;adh\u00e9sif.[\/vc_column_text][\/vc_column_inner][\/vc_row_inner][\/vc_column][vc_column width=\u00a0\u00bb1\/2&Prime;][vc_row_inner equal_height=\u00a0\u00bbyes\u00a0\u00bb content_placement=\u00a0\u00bbmiddle\u00a0\u00bb][vc_column_inner el_class=\u00a0\u00bbimg-altro-prodotto\u00a0\u00bb width=\u00a0\u00bb5\/12&Prime; offset=\u00a0\u00bbvc_col-lg-6 vc_col-md-6&Prime;][vc_single_image image=\u00a0\u00bb2812&Prime; img_size=\u00a0\u00bbfull\u00a0\u00bb][\/vc_column_inner][vc_column_inner el_class=\u00a0\u00bbtesto-altro-prodotto\u00a0\u00bb width=\u00a0\u00bb7\/12&Prime; offset=\u00a0\u00bbvc_col-lg-6 vc_col-md-6&Prime;][vc_column_text el_class=\u00a0\u00bbaltro-prodotto-codice\u00a0\u00bb]<\/p>\n<h6>222<\/h6>\n<p>[\/vc_column_text][vc_column_text el_class=\u00a0\u00bblabel-evidenza\u00a0\u00bb]Anti-givre[\/vc_column_text][vc_column_text]Haute adh\u00e9sivit\u00e9 \u00e0 basse temp\u00e9rature, id\u00e9al pour la cha\u00eene du froid.[\/vc_column_text][\/vc_column_inner][\/vc_row_inner][\/vc_column][\/vc_row][vc_row full_width=\u00a0\u00bbstretch_row\u00a0\u00bb el_class=\u00a0\u00bbbg-blu-sinistra bg-blu-prodotto\u00a0\u00bb][vc_column offset=\u00a0\u00bbvc_col-lg-offset-1 vc_col-lg-5 vc_col-md-offset-1 vc_col-md-5&Prime;][vc_column_text el_class=\u00a0\u00bblabel-riga\u00a0\u00bb]Emballage[\/vc_column_text][vc_column_text]<\/p>\n<h2><strong>Les thermofusibles<\/strong><\/h2>\n<p>[\/vc_column_text][vc_column_text]Les rubans adh\u00e9sifs thermofusibles ou Hot Melt sont parfaits pour la fermeture des emballages de poids moyen en carton standard et recycl\u00e9. Leur masse adh\u00e9sive tr\u00e8s agressive permet une utilisation manuelle ou avec des machines automatiques \u00e0 enrubanner dans le secteur de l\u2019emballage industriel. Les rubans thermofusibles FABO sont \u00e9galement disponibles dans une version imprimable au verso.[\/vc_column_text][\/vc_column][\/vc_row][vc_row equal_height=\u00a0\u00bbyes\u00a0\u00bb content_placement=\u00a0\u00bbmiddle\u00a0\u00bb el_class=\u00a0\u00bbspot-prodotto\u00a0\u00bb][vc_column width=\u00a0\u00bb1\/2&Prime; offset=\u00a0\u00bbvc_col-lg-offset-0 vc_col-lg-5 vc_col-md-offset-0 vc_col-md-5&Prime;][vc_single_image image=\u00a0\u00bb475&Prime; img_size=\u00a0\u00bbfull\u00a0\u00bb css=\u00a0\u00bb.vc_custom_1517580304475{margin-top: 0px !important;margin-bottom: 0px !important;padding-top: 0px !important;padding-bottom: 0px !important;}\u00a0\u00bb][\/vc_column][vc_column width=\u00a0\u00bb1\/2&Prime; offset=\u00a0\u00bbvc_col-lg-offset-1 vc_col-lg-5 vc_col-md-offset-1 vc_col-md-5&Prime;][vc_column_text]<\/p>\n<h3>Pour la fermeture de n\u2019importe quel type d\u2019emballage.<\/h3>\n<p>[\/vc_column_text][vc_column_text]Produits bruyants de diff\u00e9rentes \u00e9paisseurs, \u00e0 usage manuel ou automatique, dont la formule adh\u00e9sive particuli\u00e8re, plus agressive, est efficace pour la fermeture de tout type d\u2019emballage.[\/vc_column_text]<div class=\" ubtn-ctn-left btn btn-sfumato-verde\"><a class=\"ubtn-link ult-adjust-bottom-margin ubtn-left ubtn-normal btn btn-sfumato-verde\" href=\"https:\/\/staging.fabotape.com\/fr\/fiches-techniques\/?r=hot%20melt%20imballo\"><button type=\"button\" id=\"ubtn-3218\" class=\"ubtn ult-adjust-bottom-margin ult-responsive ubtn-normal ubtn-no-hover-bg  none  ubtn-left   tooltip-69dff1db6f495\"  data-hover=\"\" data-border-color=\"\" data-bg=\"#e0e0e0\" data-hover-bg=\"\" data-border-hover=\"\" data-shadow-hover=\"\" data-shadow-click=\"none\" data-shadow=\"\" data-shd-shadow=\"\"  data-ultimate-target='#ubtn-3218'  data-responsive-json-new='{\"font-size\":\"\",\"line-height\":\"\"}'  style=\"font-weight:normal;border:none;background: #e0e0e0;color: #000000;\"><span class=\"ubtn-hover\" style=\"background-color:\"><\/span><span class=\"ubtn-data ubtn-text \" >Voir les fiches techniques des rubans Thermofusibles<\/span><\/button><\/a><\/div>[\/vc_column][\/vc_row][vc_row css=\u00a0\u00bb.vc_custom_1516717923399{margin-top: 60px !important;}\u00a0\u00bb][vc_column el_class=\u00a0\u00bbtext-center\u00a0\u00bb][vc_column_text]<\/p>\n<h3>Rubans thermofusibles d\u2019emballage <strong>S\u00e9lection FABO <\/strong><\/h3>\n<p>[\/vc_column_text][\/vc_column][\/vc_row][vc_row el_class=\u00a0\u00bbriga-altri-prodotti\u00a0\u00bb][vc_column width=\u00a0\u00bb1\/2&Prime;][vc_row_inner equal_height=\u00a0\u00bbyes\u00a0\u00bb content_placement=\u00a0\u00bbmiddle\u00a0\u00bb][vc_column_inner el_class=\u00a0\u00bbimg-altro-prodotto\u00a0\u00bb width=\u00a0\u00bb5\/12&Prime; offset=\u00a0\u00bbvc_col-lg-6 vc_col-md-6&Prime;][vc_single_image image=\u00a0\u00bb480&Prime; img_size=\u00a0\u00bbfull\u00a0\u00bb][\/vc_column_inner][vc_column_inner el_class=\u00a0\u00bbtesto-altro-prodotto\u00a0\u00bb width=\u00a0\u00bb7\/12&Prime; offset=\u00a0\u00bbvc_col-lg-6 vc_col-md-6&Prime;][vc_column_text el_class=\u00a0\u00bbaltro-prodotto-codice\u00a0\u00bb]<\/p>\n<h6>320HM<\/h6>\n<p>[\/vc_column_text][vc_column_text el_class=\u00a0\u00bblabel-evidenza\u00a0\u00bb]Le ruban classique bruyant[\/vc_column_text][vc_column_text]Le plus utilis\u00e9 sur les machines automatiques \u00e0 enrubanner pour la fermeture de bo\u00eetes et d\u2019emballages mi-lourds.[\/vc_column_text][\/vc_column_inner][\/vc_row_inner][\/vc_column][vc_column width=\u00a0\u00bb1\/2&Prime;][vc_row_inner equal_height=\u00a0\u00bbyes\u00a0\u00bb content_placement=\u00a0\u00bbmiddle\u00a0\u00bb][vc_column_inner el_class=\u00a0\u00bbimg-altro-prodotto\u00a0\u00bb width=\u00a0\u00bb5\/12&Prime; offset=\u00a0\u00bbvc_col-lg-6 vc_col-md-6&Prime;][vc_single_image image=\u00a0\u00bb2871&Prime; img_size=\u00a0\u00bbfull\u00a0\u00bb][\/vc_column_inner][vc_column_inner el_class=\u00a0\u00bbtesto-altro-prodotto\u00a0\u00bb width=\u00a0\u00bb7\/12&Prime; offset=\u00a0\u00bbvc_col-lg-6 vc_col-md-6&Prime;][vc_column_text el_class=\u00a0\u00bbaltro-prodotto-codice\u00a0\u00bb]<\/p>\n<h6>435\/433HM<\/h6>\n<p>[\/vc_column_text][vc_column_text el_class=\u00a0\u00bblabel-evidenza\u00a0\u00bb]Ruban de papier auto-adh\u00e9sif[\/vc_column_text][vc_column_text]Ruban avec support en papier kraft id\u00e9al pour sceller les cartons difficiles, gr\u00e2ce \u00e0 la formule adh\u00e9sive High Tack. Personnalisable avec impressions et logos de l&rsquo;entreprise.<br \/>\nVersion certifi\u00e9e FSC\u00a9 disponible.<\/p>\n<p><img decoding=\"async\" class=\"alignnone wp-image-3608 size-full\" src=\"https:\/\/staging.fabotape.com\/wp-content\/uploads\/2022\/11\/FSC_C180897_Promotional_with_text_Landscape_WhiteOnGreen_r_FIgRrk-2-2.png\" alt=\"FSC\" width=\"180\" srcset=\"https:\/\/staging.fabotape.com\/wp-content\/uploads\/2022\/11\/FSC_C180897_Promotional_with_text_Landscape_WhiteOnGreen_r_FIgRrk-2-2.png 967w, https:\/\/staging.fabotape.com\/wp-content\/uploads\/2022\/11\/FSC_C180897_Promotional_with_text_Landscape_WhiteOnGreen_r_FIgRrk-2-2-510x261.png 510w, https:\/\/staging.fabotape.com\/wp-content\/uploads\/2022\/11\/FSC_C180897_Promotional_with_text_Landscape_WhiteOnGreen_r_FIgRrk-2-2-900x461.png 900w, https:\/\/staging.fabotape.com\/wp-content\/uploads\/2022\/11\/FSC_C180897_Promotional_with_text_Landscape_WhiteOnGreen_r_FIgRrk-2-2-768x393.png 768w\" sizes=\"(max-width: 967px) 100vw, 967px\" \/>[\/vc_column_text][\/vc_column_inner][\/vc_row_inner][\/vc_column][\/vc_row][vc_row el_class=\u00a0\u00bbriga-altri-prodotti\u00a0\u00bb][vc_column width=\u00a0\u00bb1\/2&Prime;][vc_row_inner equal_height=\u00a0\u00bbyes\u00a0\u00bb content_placement=\u00a0\u00bbmiddle\u00a0\u00bb][vc_column_inner el_class=\u00a0\u00bbimg-altro-prodotto\u00a0\u00bb width=\u00a0\u00bb5\/12&Prime; offset=\u00a0\u00bbvc_col-lg-6 vc_col-md-6&Prime;][vc_single_image image=\u00a0\u00bb2765&Prime; img_size=\u00a0\u00bbfull\u00a0\u00bb][\/vc_column_inner][vc_column_inner el_class=\u00a0\u00bbtesto-altro-prodotto\u00a0\u00bb width=\u00a0\u00bb7\/12&Prime; offset=\u00a0\u00bbvc_col-lg-6 vc_col-md-6&Prime;][vc_column_text el_class=\u00a0\u00bbaltro-prodotto-codice\u00a0\u00bb]<\/p>\n<h6>510\/515HM<\/h6>\n<p>[\/vc_column_text][vc_column_text el_class=\u00a0\u00bblabel-evidenza\u00a0\u00bb]Ruban adh\u00e9sif\u00a0renforc\u00e9 de\u00a0fibre de verre \u00e0 tissage crois\u00e9[\/vc_column_text][vc_column_text]Disponible en version texturis\u00e9e (510HM) et unidirectionnelle (515HM), elle permet la fermeture de cartons tr\u00e8s lourds et l&rsquo;assemblage de nombreux articles<br \/>\n[\/vc_column_text][\/vc_column_inner][\/vc_row_inner][\/vc_column][\/vc_row][vc_row full_width=\u00a0\u00bbstretch_row\u00a0\u00bb disable_element=\u00a0\u00bbyes\u00a0\u00bb el_class=\u00a0\u00bbbg-blu-sinistra bg-blu-prodotto\u00a0\u00bb el_id=\u00a0\u00bbalimenti\u00a0\u00bb][vc_column offset=\u00a0\u00bbvc_col-lg-offset-1 vc_col-lg-7 vc_col-md-offset-1 vc_col-md-7&Prime;][vc_column_text el_class=\u00a0\u00bblabel-riga\u00a0\u00bb]Emballage[\/vc_column_text][vc_column_text]<\/p>\n<h2><strong>Rubans pour contact alimentaire<br \/>\n<\/strong><\/h2>\n<p>[\/vc_column_text][vc_column_text]La s\u00e9curit\u00e9 alimentaire est un sujet d\u2019actualit\u00e9. Nous l\u2019avons traduite dans la pratique de FABO en concevant une ligne de rubans fabriqu\u00e9s avec la technologie Acrylique thermofusible \u00e0 base aqueuse, afin d\u2019assurer une r\u00e9elle s\u00e9curit\u00e9 pour les clients et les consommateurs finaux.[\/vc_column_text][\/vc_column][\/vc_row][vc_row equal_height=\u00a0\u00bbyes\u00a0\u00bb content_placement=\u00a0\u00bbmiddle\u00a0\u00bb disable_element=\u00a0\u00bbyes\u00a0\u00bb el_class=\u00a0\u00bbspot-prodotto\u00a0\u00bb][vc_column width=\u00a0\u00bb1\/2&Prime; offset=\u00a0\u00bbvc_col-lg-offset-0 vc_col-lg-5 vc_col-md-offset-0 vc_col-md-5&Prime;][vc_single_image image=\u00a0\u00bb1114&Prime; img_size=\u00a0\u00bb\u00a0\u00bb alignment=\u00a0\u00bbcenter\u00a0\u00bb css=\u00a0\u00bb.vc_custom_1530180491892{margin-top: 0px !important;margin-bottom: 0px !important;padding-top: 0px !important;padding-bottom: 0px !important;}\u00a0\u00bb el_class=\u00a0\u00bbimg-300&#215;300&Prime;][\/vc_column][vc_column width=\u00a0\u00bb1\/2&Prime; offset=\u00a0\u00bbvc_col-lg-offset-1 vc_col-lg-5 vc_col-md-offset-1 vc_col-md-5&Prime;][vc_column_text]Les rubans FABO 225FC et 320FC conviennent au contact avec les denr\u00e9es alimentaires, conform\u00e9ment aux r\u00e9glementations europ\u00e9ennes n\u00b0 1935\/2004 et n\u00b0 10\/2011, et garantissent la s\u00e9curit\u00e9 de vos emballages, la s\u00e9curit\u00e9 de vos produits et surtout celle du consommateur final.[\/vc_column_text][\/vc_column][\/vc_row][vc_row full_width=\u00a0\u00bbstretch_row\u00a0\u00bb el_class=\u00a0\u00bbcategoria-seo riga-seo\u00a0\u00bb][vc_column][vc_column_text el_class=\u00a0\u00bbcontenuto\u00a0\u00bb]<\/p>\n<h2>Fabo, fabricant de rubans d\u2019emballage<\/h2>\n<p>Fabo est un producteur de rubans adh\u00e9sifs d&#8217;emballage depuis 1971. Aujourd&rsquo;hui, avec plus de 50 ans d&rsquo;exp\u00e9rience, c&rsquo;est l&rsquo;un des plus importants fabricants europ\u00e9ens du secteur, connu comme l&rsquo;un des premiers en Europe \u00e0 produire des rubans adh\u00e9sifs sans utiliser aucun solvant. L&rsquo;usine occupe une superficie de 15 000 m\u00b2 avec une production annuelle de plus de 350 000 000 m\u00b2 de ruban adh\u00e9sif.<\/p>\n<p>C&rsquo;est principalement gr\u00e2ce aux investissements dans la R&amp;D, avec l&rsquo;extension du laboratoire et du personnel, sp\u00e9cialis\u00e9 au fil des ann\u00e9es, que l&rsquo;entreprise a \u00e9largi sa gamme de produits adh\u00e9sifs pour de multiples applications d&#8217;emballage. Les solutions propos\u00e9es par Fabo pour l&#8217;emballage de vos envois varient des produits avec adh\u00e9sif Acrylique \u00e0 base d&rsquo;eau &#8211; pour un d\u00e9roulement silencieux avec une excellente r\u00e9sistance au vieillissement et aux rayons UV &#8211; aux produits avec adh\u00e9sif Hot Melt &#8211; pour une prise plus agressive et imm\u00e9diate sur tout type d&#8217;emballage &#8211; toujours caract\u00e9ris\u00e9s par la fiabilit\u00e9 et la performance.<\/p>\n<p>La large gamme d&rsquo;articles d&#8217;emballage de Fabo t\u00e9moigne de la qualit\u00e9 des solutions adh\u00e9sives con\u00e7ues par l&rsquo;entreprise au fil des ann\u00e9es et constitue un catalogue id\u00e9al de produits pour fournir les clients op\u00e9rant dans le monde de la distribution, de l&rsquo;impression et de la coupe de bandes adh\u00e9sives.<\/p>\n<p>Fabo propose \u00e9galement des processus sp\u00e9ciaux tels que la<strong> technologie Pack-Roll<\/strong> qui permet d\u2019obtenir des rubans plus silencieux, plus transparents et plus faciles \u00e0 d\u00e9rouler. Cette m\u00e9thode de coupe sp\u00e9ciale, qui \u00e9limine totalement l\u2019air pr\u00e9sent dans les rouleaux, signifie que les rubans adh\u00e9sifs Acryliques \u00e0 base d\u2019eau sur lesquels elle est appliqu\u00e9e se distinguent nettement des autres par leur aspect et leurs performances.<\/p>\n<p>Les produits fabriqu\u00e9s avec la <strong>technologie thermofusible <\/strong>se caract\u00e9risent par d\u2019excellentes propri\u00e9t\u00e9s adh\u00e9sives et sont parfaits pour la fermeture d\u2019<strong>emballages moyennement lourds<\/strong> en carton standard et recycl\u00e9. La formule particuli\u00e8re de leur masse adh\u00e9sive tr\u00e8s agressive permet une utilisation manuelle ou avec des machines automatiques \u00e0 enrubanner dans le secteur de l\u2019emballage industriel. Parmi ses articles \u00e0 technologie de thermofusion, Fabo propose des produits en polypropyl\u00e8ne, adapt\u00e9s \u00e0 la cha\u00eene du froid, ainsi que des produits en papier avec des masses adh\u00e9sives diversifi\u00e9es pour obtenir les meilleures performances. <strong>Les rubans thermofusibles sont \u00e9galement disponibles en versions imprim\u00e9e et imprimable au verso.<\/strong>[\/vc_column_text][\/vc_column][\/vc_row]<\/p>\n","protected":false},"excerpt":{"rendered":"<p>Une s\u00e9lection d\u2019articles pour l\u2019emballage avec technologie Acrylique et thermofusible.<\/p>\n","protected":false},"author":3,"featured_media":476,"parent":1478,"menu_order":99,"comment_status":"closed","ping_status":"closed","template":"","meta":{"_acf_changed":false,"footnotes":""},"tags":[],"class_list":["post-1483","page","type-page","status-publish","has-post-thumbnail","hentry"],"acf":[],"_links":{"self":[{"href":"https:\/\/staging.fabotape.com\/fr\/wp-json\/wp\/v2\/pages\/1483","targetHints":{"allow":["GET"]}}],"collection":[{"href":"https:\/\/staging.fabotape.com\/fr\/wp-json\/wp\/v2\/pages"}],"about":[{"href":"https:\/\/staging.fabotape.com\/fr\/wp-json\/wp\/v2\/types\/page"}],"author":[{"embeddable":true,"href":"https:\/\/staging.fabotape.com\/fr\/wp-json\/wp\/v2\/users\/3"}],"replies":[{"embeddable":true,"href":"https:\/\/staging.fabotape.com\/fr\/wp-json\/wp\/v2\/comments?post=1483"}],"version-history":[{"count":14,"href":"https:\/\/staging.fabotape.com\/fr\/wp-json\/wp\/v2\/pages\/1483\/revisions"}],"predecessor-version":[{"id":3681,"href":"https:\/\/staging.fabotape.com\/fr\/wp-json\/wp\/v2\/pages\/1483\/revisions\/3681"}],"up":[{"embeddable":true,"href":"https:\/\/staging.fabotape.com\/fr\/wp-json\/wp\/v2\/pages\/1478"}],"wp:featuredmedia":[{"embeddable":true,"href":"https:\/\/staging.fabotape.com\/fr\/wp-json\/wp\/v2\/media\/476"}],"wp:attachment":[{"href":"https:\/\/staging.fabotape.com\/fr\/wp-json\/wp\/v2\/media?parent=1483"}],"wp:term":[{"taxonomy":"post_tag","embeddable":true,"href":"https:\/\/staging.fabotape.com\/fr\/wp-json\/wp\/v2\/tags?post=1483"}],"curies":[{"name":"wp","href":"https:\/\/api.w.org\/{rel}","templated":true}]}}