{"id":13313,"date":"2025-07-23T11:30:31","date_gmt":"2025-07-23T09:30:31","guid":{"rendered":"https:\/\/staging.fabotape.com\/formation-et-tutoriels\/"},"modified":"2025-07-23T11:30:32","modified_gmt":"2025-07-23T09:30:32","slug":"formation-et-tutoriels","status":"publish","type":"page","link":"https:\/\/staging.fabotape.com\/fr\/formation-et-tutoriels\/","title":{"rendered":"Formation et tutoriels"},"content":{"rendered":"<p>[vc_row el_class=\u00a0\u00bbriga-testo-due-colonne\u00a0\u00bb][vc_column width=\u00a0\u00bb1\/2&Prime; offset=\u00a0\u00bbvc_col-lg-offset-1 vc_col-lg-5 vc_col-md-offset-1 vc_col-md-5&Prime;][vc_column_text]<\/p>\n<h3>Formation et tutoriels<\/h3>\n<p>[\/vc_column_text][\/vc_column][vc_column width=\u00a0\u00bb1\/2&Prime; offset=\u00a0\u00bbvc_col-lg-5 vc_col-md-5&Prime;][vc_column_text]Gr\u00e2ce \u00e0 son exp\u00e9rience de plus de 50 ans sur le march\u00e9 en tant que fabricant, Fabo est en mesure d\u2019offrir \u00e0 ses clients des services de conseil destin\u00e9s \u00e0 les accompagner dans diff\u00e9rentes \u00e9tapes : \u00e0 partir du choix du mat\u00e9riau de support et de l\u2019adh\u00e9sif, jusqu\u2019\u00e0 l\u2019impression et la d\u00e9coupe du produit.<\/p>\n<p>La formation dans ce secteur est importante pour comprendre qu\u2019un ruban adh\u00e9sif n\u2019est pas simplement un produit banal destin\u00e9 \u00e0 fermer des emballages, mais qu\u2019il peut \u00eatre un produit polyvalent, avec des caract\u00e9ristiques diff\u00e9rentes selon l\u2019usage que l\u2019on en fait. <strong>Le bon choix du ruban adh\u00e9sif en fonction du besoin peut faire la diff\u00e9rence dans la performance du produit et dans la satisfaction du besoin de notre client.<\/strong> C\u2019est pourquoi nous travaillons \u00e0 la cr\u00e9ation de vid\u00e9os tutoriels qui expliquent de plus en plus clairement l\u2019utilisation du ruban adh\u00e9sif, les besoins qu\u2019il peut satisfaire et les diff\u00e9rences entre les diff\u00e9rents types de supports et de technologies existantes.[\/vc_column_text][\/vc_column][vc_column][vc_separator][\/vc_column][\/vc_row][vc_row el_class=\u00a0\u00bbriga-testo-due-colonne\u00a0\u00bb][vc_column width=\u00a0\u00bb1\/2&Prime; offset=\u00a0\u00bbvc_col-lg-offset-1 vc_col-lg-5 vc_col-md-offset-1 vc_col-md-5&Prime;][vc_column_text]<\/p>\n<h3 style=\"text-align: center;\"><strong>Qu\u2019est-ce qu\u2019un ruban adh\u00e9sif<\/strong><\/h3>\n<p>[\/vc_column_text][vc_raw_html]PGRpdiBjbGFzcz0icndkLXZpZGVvIj4KPGlmcmFtZSB3aWR0aD0iNTYwIiBoZWlnaHQ9IjMxNSIgc3JjPSJodHRwczovL3d3dy55b3V0dWJlLW5vY29va2llLmNvbS9lbWJlZC85ZDljNmF6bnAtcz9zaT1CakZYN0FvU0FiNmdMM0xGIiB0aXRsZT0iWW91VHViZSB2aWRlbyBwbGF5ZXIiIGZyYW1lYm9yZGVyPSIwIiBhbGxvdz0iYWNjZWxlcm9tZXRlcjsgYXV0b3BsYXk7IGNsaXBib2FyZC13cml0ZTsgZW5jcnlwdGVkLW1lZGlhOyBneXJvc2NvcGU7IHBpY3R1cmUtaW4tcGljdHVyZTsgd2ViLXNoYXJlIiByZWZlcnJlcnBvbGljeT0ic3RyaWN0LW9yaWdpbi13aGVuLWNyb3NzLW9yaWdpbiIgYWxsb3dmdWxsc2NyZWVuPSIiPjwvaWZyYW1lPgo8L2Rpdj4=[\/vc_raw_html][vc_column_text]<\/p>\n<p style=\"text-align: center;\"><strong>Tutoriel<\/strong><br \/>\nUne vid\u00e9o qui explique plus en d\u00e9tail les composants du ruban adh\u00e9sif. Elle raconte comment il est fait et \u00e0 quoi il sert. <\/p>\n<p>[\/vc_column_text][\/vc_column][vc_column width=\u00a0\u00bb1\/2&Prime; offset=\u00a0\u00bbvc_col-lg-5 vc_col-md-5&Prime;][vc_column_text]<\/p>\n<h3 style=\"text-align: center;\"><strong>Les adh\u00e9sifs sensibles \u00e0 la pression<\/strong><\/h3>\n<p>[\/vc_column_text][vc_raw_html]PGRpdiBjbGFzcz0icndkLXZpZGVvIj4KPGlmcmFtZSB3aWR0aD0iNTYwIiBoZWlnaHQ9IjMxNSIgc3JjPSJodHRwczovL3d3dy55b3V0dWJlLW5vY29va2llLmNvbS9lbWJlZC9GX0pZd0JqT0tJcz9zaT1CakZYN0FvU0FiNmdMM0xGIiB0aXRsZT0iWW91VHViZSB2aWRlbyBwbGF5ZXIiIGZyYW1lYm9yZGVyPSIwIiBhbGxvdz0iYWNjZWxlcm9tZXRlcjsgYXV0b3BsYXk7IGNsaXBib2FyZC13cml0ZTsgZW5jcnlwdGVkLW1lZGlhOyBneXJvc2NvcGU7IHBpY3R1cmUtaW4tcGljdHVyZTsgd2ViLXNoYXJlIiByZWZlcnJlcnBvbGljeT0ic3RyaWN0LW9yaWdpbi13aGVuLWNyb3NzLW9yaWdpbiIgYWxsb3dmdWxsc2NyZWVuPSIiPjwvaWZyYW1lPgo8L2Rpdj4g[\/vc_raw_html][vc_column_text]<\/p>\n<p style=\"text-align: center;\"><strong>Tutoriel<\/strong><br \/>\nD\u00e9couvrez l\u2019univers de Fabo, en comprenant ce que l\u2019on entend par rubans sensibles \u00e0 la pression et quelles sont leurs caract\u00e9ristiques.<\/p>\n<p>[\/vc_column_text][\/vc_column][vc_column][vc_separator][\/vc_column][\/vc_row][vc_row el_class=\u00a0\u00bbriga-testo-due-colonne\u00a0\u00bb][vc_column width=\u00a0\u00bb1\/2&Prime; offset=\u00a0\u00bbvc_col-lg-offset-1 vc_col-lg-5 vc_col-md-offset-1 vc_col-md-5&Prime;][vc_column_text]<\/p>\n<h3 style=\"text-align: center;\"><strong>Les propri\u00e9t\u00e9s du ruban adh\u00e9sif<\/strong><\/h3>\n<p>[\/vc_column_text][vc_raw_html]PGRpdiBjbGFzcz0icndkLXZpZGVvIj4KPGlmcmFtZSB3aWR0aD0iNTYwIiBoZWlnaHQ9IjMxNSIgc3JjPSJodHRwczovL3d3dy55b3V0dWJlLW5vY29va2llLmNvbS9lbWJlZC9FRER1djNLa1JxMD9zaT1CakZYN0FvU0FiNmdMM0xGIiB0aXRsZT0iWW91VHViZSB2aWRlbyBwbGF5ZXIiIGZyYW1lYm9yZGVyPSIwIiBhbGxvdz0iYWNjZWxlcm9tZXRlcjsgYXV0b3BsYXk7IGNsaXBib2FyZC13cml0ZTsgZW5jcnlwdGVkLW1lZGlhOyBneXJvc2NvcGU7IHBpY3R1cmUtaW4tcGljdHVyZTsgd2ViLXNoYXJlIiByZWZlcnJlcnBvbGljeT0ic3RyaWN0LW9yaWdpbi13aGVuLWNyb3NzLW9yaWdpbiIgYWxsb3dmdWxsc2NyZWVuPSIiPjwvaWZyYW1lPgo8L2Rpdj4g[\/vc_raw_html][vc_column_text]<\/p>\n<p style=\"text-align: center;\"><strong>Tutoriel<\/strong><br \/>\nQuelles sont les propri\u00e9t\u00e9s du ruban adh\u00e9sif, que faut-il savoir pour obtenir une certaine performance ? Regardez la vid\u00e9o pour le d\u00e9couvrir. <\/p>\n<p>[\/vc_column_text][\/vc_column][vc_column width=\u00a0\u00bb1\/2&Prime; offset=\u00a0\u00bbvc_col-lg-5 vc_col-md-5&Prime;][vc_column_text]<\/p>\n<h3 style=\"text-align: center;\"><strong>Reconna\u00eetre un ruban adh\u00e9sif d\u2019emballage<\/strong><\/h3>\n<p>[\/vc_column_text][vc_raw_html]PGRpdiBjbGFzcz0icndkLXZpZGVvIj4KPGlmcmFtZSB3aWR0aD0iNTYwIiBoZWlnaHQ9IjMxNSIgc3JjPSJodHRwczovL3d3dy55b3V0dWJlLW5vY29va2llLmNvbS9lbWJlZC9EdW5IWWNMUWtMWT9zaT1CakZYN0FvU0FiNmdMM0xGIiB0aXRsZT0iWW91VHViZSB2aWRlbyBwbGF5ZXIiIGZyYW1lYm9yZGVyPSIwIiBhbGxvdz0iYWNjZWxlcm9tZXRlcjsgYXV0b3BsYXk7IGNsaXBib2FyZC13cml0ZTsgZW5jcnlwdGVkLW1lZGlhOyBneXJvc2NvcGU7IHBpY3R1cmUtaW4tcGljdHVyZTsgd2ViLXNoYXJlIiByZWZlcnJlcnBvbGljeT0ic3RyaWN0LW9yaWdpbi13aGVuLWNyb3NzLW9yaWdpbiIgYWxsb3dmdWxsc2NyZWVuPSIiPjwvaWZyYW1lPgo8L2Rpdj4g[\/vc_raw_html][vc_column_text]<\/p>\n<p style=\"text-align: center;\"><strong>Tutoriel<\/strong><br \/>\nComment choisir le ruban d\u2019emballage et savoir le reconna\u00eetre gr\u00e2ce \u00e0 notre exp\u00e9rience. Regardez la vid\u00e9o. <\/p>\n<p>[\/vc_column_text][\/vc_column][vc_column][vc_separator][\/vc_column][\/vc_row][vc_row el_class=\u00a0\u00bbriga-testo-due-colonne\u00a0\u00bb][vc_column width=\u00a0\u00bb1\/2&Prime; offset=\u00a0\u00bbvc_col-lg-offset-1 vc_col-lg-5 vc_col-md-offset-1 vc_col-md-5&Prime;][vc_column_text]<\/p>\n<h3 style=\"text-align: center;\"><strong>Quel ruban adh\u00e9sif pour le client<\/strong><\/h3>\n<p>[\/vc_column_text][vc_raw_html]PGRpdiBjbGFzcz0icndkLXZpZGVvIj4KPGlmcmFtZSB3aWR0aD0iNTYwIiBoZWlnaHQ9IjMxNSIgc3JjPSJodHRwczovL3d3dy55b3V0dWJlLW5vY29va2llLmNvbS9lbWJlZC83YWtiRl9nRTd2RT9zaT1CakZYN0FvU0FiNmdMM0xGIiB0aXRsZT0iWW91VHViZSB2aWRlbyBwbGF5ZXIiIGZyYW1lYm9yZGVyPSIwIiBhbGxvdz0iYWNjZWxlcm9tZXRlcjsgYXV0b3BsYXk7IGNsaXBib2FyZC13cml0ZTsgZW5jcnlwdGVkLW1lZGlhOyBneXJvc2NvcGU7IHBpY3R1cmUtaW4tcGljdHVyZTsgd2ViLXNoYXJlIiByZWZlcnJlcnBvbGljeT0ic3RyaWN0LW9yaWdpbi13aGVuLWNyb3NzLW9yaWdpbiIgYWxsb3dmdWxsc2NyZWVuPSIiPjwvaWZyYW1lPgo8L2Rpdj4g[\/vc_raw_html][vc_column_text]<\/p>\n<p style=\"text-align: center;\"><strong>Tutoriel<\/strong><br \/>\nComprendre quel client nous avons en face nous aide \u00e0 comprendre de quel produit il a besoin selon ses exigences. Dans cette vid\u00e9o, nous expliquons comment aider le client \u00e0 faire son choix. <\/p>\n<p>[\/vc_column_text][\/vc_column][vc_column width=\u00a0\u00bb1\/2&Prime; offset=\u00a0\u00bbvc_col-lg-5 vc_col-md-5&Prime;][vc_column_text]<\/p>\n<h3 style=\"text-align: center;\"><strong>Quel ruban proposer<\/strong><\/h3>\n<p>[\/vc_column_text][vc_raw_html]PGRpdiBjbGFzcz0icndkLXZpZGVvIj4KPGlmcmFtZSB3aWR0aD0iNTYwIiBoZWlnaHQ9IjMxNSIgc3JjPSJodHRwczovL3d3dy55b3V0dWJlLW5vY29va2llLmNvbS9lbWJlZC9CaDNWSDZFR1NhUT9zaT1CakZYN0FvU0FiNmdMM0xGIiB0aXRsZT0iWW91VHViZSB2aWRlbyBwbGF5ZXIiIGZyYW1lYm9yZGVyPSIwIiBhbGxvdz0iYWNjZWxlcm9tZXRlcjsgYXV0b3BsYXk7IGNsaXBib2FyZC13cml0ZTsgZW5jcnlwdGVkLW1lZGlhOyBneXJvc2NvcGU7IHBpY3R1cmUtaW4tcGljdHVyZTsgd2ViLXNoYXJlIiByZWZlcnJlcnBvbGljeT0ic3RyaWN0LW9yaWdpbi13aGVuLWNyb3NzLW9yaWdpbiIgYWxsb3dmdWxsc2NyZWVuPSIiPjwvaWZyYW1lPgo8L2Rpdj4g[\/vc_raw_html][vc_column_text]<\/p>\n<p style=\"text-align: center;\"><strong>Tutoriel<\/strong><br \/>\nIl faut proposer le bon ruban adh\u00e9sif pour la bonne utilisation. Nous vous expliquons comment dans cette vid\u00e9o. <\/p>\n<p>[\/vc_column_text][\/vc_column][vc_column][vc_separator][\/vc_column][\/vc_row][vc_row el_class=\u00a0\u00bbriga-testo-due-colonne\u00a0\u00bb][vc_column width=\u00a0\u00bb1\/2&Prime; offset=\u00a0\u00bbvc_col-lg-offset-1 vc_col-lg-5 vc_col-md-offset-1 vc_col-md-5&Prime;][vc_column_text]<\/p>\n<h3 style=\"text-align: center;\"><strong>Le papier gomm\u00e9 : les caract\u00e9ristiques<\/strong><\/h3>\n<p>[\/vc_column_text][vc_raw_html]PGRpdiBjbGFzcz0icndkLXZpZGVvIj4KPGlmcmFtZSB3aWR0aD0iNTYwIiBoZWlnaHQ9IjMxNSIgc3JjPSJodHRwczovL3d3dy55b3V0dWJlLW5vY29va2llLmNvbS9lbWJlZC9MSm5rYklkSmlTbz9zaT1CakZYN0FvU0FiNmdMM0xGIiB0aXRsZT0iWW91VHViZSB2aWRlbyBwbGF5ZXIiIGZyYW1lYm9yZGVyPSIwIiBhbGxvdz0iYWNjZWxlcm9tZXRlcjsgYXV0b3BsYXk7IGNsaXBib2FyZC13cml0ZTsgZW5jcnlwdGVkLW1lZGlhOyBneXJvc2NvcGU7IHBpY3R1cmUtaW4tcGljdHVyZTsgd2ViLXNoYXJlIiByZWZlcnJlcnBvbGljeT0ic3RyaWN0LW9yaWdpbi13aGVuLWNyb3NzLW9yaWdpbiIgYWxsb3dmdWxsc2NyZWVuPSIiPjwvaWZyYW1lPgo8L2Rpdj4g[\/vc_raw_html][vc_column_text]<\/p>\n<p style=\"text-align: center;\"><strong>Tutoriel<\/strong><br \/>\nLe ruban enti\u00e8rement \u00e9cologique de la gamme Fabo. Il s\u2019active \u00e0 l\u2019eau et se caract\u00e9rise par sa r\u00e9sistance \u00e0 l\u2019effraction. D\u00e9couvrez les caract\u00e9ristiques de ce produit.  <\/p>\n<p>[\/vc_column_text][\/vc_column][vc_column width=\u00a0\u00bb1\/2&Prime; offset=\u00a0\u00bbvc_col-lg-5 vc_col-md-5&Prime;][vc_column_text]<\/p>\n<h3 style=\"text-align: center;\"><strong>Le papier gomm\u00e9 : la personnalisation<\/strong><\/h3>\n<p>[\/vc_column_text][vc_raw_html]PGRpdiBjbGFzcz0icndkLXZpZGVvIj4KPGlmcmFtZSB3aWR0aD0iNTYwIiBoZWlnaHQ9IjMxNSIgc3JjPSJodHRwczovL3d3dy55b3V0dWJlLW5vY29va2llLmNvbS9lbWJlZC9YaWVBaDhPX25WWT9zaT1CakZYN0FvU0FiNmdMM0xGIiB0aXRsZT0iWW91VHViZSB2aWRlbyBwbGF5ZXIiIGZyYW1lYm9yZGVyPSIwIiBhbGxvdz0iYWNjZWxlcm9tZXRlcjsgYXV0b3BsYXk7IGNsaXBib2FyZC13cml0ZTsgZW5jcnlwdGVkLW1lZGlhOyBneXJvc2NvcGU7IHBpY3R1cmUtaW4tcGljdHVyZTsgd2ViLXNoYXJlIiByZWZlcnJlcnBvbGljeT0ic3RyaWN0LW9yaWdpbi13aGVuLWNyb3NzLW9yaWdpbiIgYWxsb3dmdWxsc2NyZWVuPSIiPjwvaWZyYW1lPgo8L2Rpdj4g[\/vc_raw_html][vc_column_text]<\/p>\n<p style=\"text-align: center;\"><strong>Tutoriel<\/strong><br \/>\nUn ruban en papier qui peut \u00eatre personnalis\u00e9, devenant un outil marketing pour diffuser la marque ou l\u2019identit\u00e9 de l\u2019entreprise. Regardez la vid\u00e9o. <\/p>\n<p>[\/vc_column_text][\/vc_column][vc_column][vc_separator][\/vc_column][\/vc_row][vc_row el_class=\u00a0\u00bbriga-testo-due-colonne\u00a0\u00bb][vc_column width=\u00a0\u00bb1\/2&Prime; offset=\u00a0\u00bbvc_col-lg-offset-1 vc_col-lg-5 vc_col-md-offset-1 vc_col-md-5&Prime;][vc_column_text]<\/p>\n<h3 style=\"text-align: center;\"><strong>Papier gomm\u00e9 : les applications<\/strong><\/h3>\n<p>[\/vc_column_text][vc_raw_html]PGRpdiBjbGFzcz0icndkLXZpZGVvIj4KPGlmcmFtZSB3aWR0aD0iNTYwIiBoZWlnaHQ9IjMxNSIgc3JjPSJodHRwczovL3d3dy55b3V0dWJlLW5vY29va2llLmNvbS9lbWJlZC9KZDRHeC1PODVIYz9zaT1CakZYN0FvU0FiNmdMM0xGIiB0aXRsZT0iWW91VHViZSB2aWRlbyBwbGF5ZXIiIGZyYW1lYm9yZGVyPSIwIiBhbGxvdz0iYWNjZWxlcm9tZXRlcjsgYXV0b3BsYXk7IGNsaXBib2FyZC13cml0ZTsgZW5jcnlwdGVkLW1lZGlhOyBneXJvc2NvcGU7IHBpY3R1cmUtaW4tcGljdHVyZTsgd2ViLXNoYXJlIiByZWZlcnJlcnBvbGljeT0ic3RyaWN0LW9yaWdpbi13aGVuLWNyb3NzLW9yaWdpbiIgYWxsb3dmdWxsc2NyZWVuPSIiPjwvaWZyYW1lPgo8L2Rpdj4g[\/vc_raw_html][vc_column_text]<\/p>\n<p style=\"text-align: center;\"><strong>Tutoriel<\/strong><br \/>\nLe papier gomm\u00e9 peut \u00eatre appliqu\u00e9 manuellement ou automatiquement \u00e0 l\u2019\u00e9chelle industrielle. D\u00e9couvrez comment en regardant cette vid\u00e9o. <\/p>\n<p>[\/vc_column_text][\/vc_column][vc_column width=\u00a0\u00bb1\/2&Prime; offset=\u00a0\u00bbvc_col-lg-5 vc_col-md-5&Prime;][vc_column_text]<\/p>\n<h3 style=\"text-align: center;\"><strong>Guide de commande en 7 \u00e9tapes<\/strong><\/h3>\n<p>[\/vc_column_text][vc_raw_html]PGRpdiBjbGFzcz0icndkLXZpZGVvIj4KPGlmcmFtZSB3aWR0aD0iNTYwIiBoZWlnaHQ9IjMxNSIgc3JjPSJodHRwczovL3d3dy55b3V0dWJlLW5vY29va2llLmNvbS9lbWJlZC9wLUZuUDI1R3NKOD9zaT1CakZYN0FvU0FiNmdMM0xGIiB0aXRsZT0iWW91VHViZSB2aWRlbyBwbGF5ZXIiIGZyYW1lYm9yZGVyPSIwIiBhbGxvdz0iYWNjZWxlcm9tZXRlcjsgYXV0b3BsYXk7IGNsaXBib2FyZC13cml0ZTsgZW5jcnlwdGVkLW1lZGlhOyBneXJvc2NvcGU7IHBpY3R1cmUtaW4tcGljdHVyZTsgd2ViLXNoYXJlIiByZWZlcnJlcnBvbGljeT0ic3RyaWN0LW9yaWdpbi13aGVuLWNyb3NzLW9yaWdpbiIgYWxsb3dmdWxsc2NyZWVuPSIiPjwvaWZyYW1lPgo8L2Rpdj4=[\/vc_raw_html][vc_column_text]<\/p>\n<p style=\"text-align: center;\"><strong>Tutoriel<\/strong><br \/>\nChoisir le ruban adh\u00e9sif n\u2019est pas toujours facile. Dans ce tutoriel, nous vous expliquons comment passer une commande en quelques \u00e9tapes simples. <\/p>\n<p>[\/vc_column_text][\/vc_column][vc_column][vc_separator][\/vc_column][\/vc_row]<\/p>\n","protected":false},"excerpt":{"rendered":"<p>[vc_row el_class=\u00a0\u00bbriga-testo-due-colonne\u00a0\u00bb][vc_column width=\u00a0\u00bb1\/2&Prime; offset=\u00a0\u00bbvc_col-lg-offset-1 vc_col-lg-5 vc_col-md-offset-1 vc_col-md-5&Prime;][vc_column_text] Formation et tutoriels [\/vc_column_text][\/vc_column][vc_column width=\u00a0\u00bb1\/2&Prime; offset=\u00a0\u00bbvc_col-lg-5 vc_col-md-5&Prime;][vc_column_text]Gr\u00e2ce \u00e0 son exp\u00e9rience de plus de 50 ans sur le march\u00e9 en tant que fabricant, Fabo&#8230;<\/p>\n","protected":false},"author":7,"featured_media":10710,"parent":0,"menu_order":0,"comment_status":"closed","ping_status":"closed","template":"","meta":{"_acf_changed":false,"footnotes":""},"tags":[129],"class_list":["post-13313","page","type-page","status-publish","has-post-thumbnail","hentry","tag-restyling-fr"],"acf":[],"_links":{"self":[{"href":"https:\/\/staging.fabotape.com\/fr\/wp-json\/wp\/v2\/pages\/13313","targetHints":{"allow":["GET"]}}],"collection":[{"href":"https:\/\/staging.fabotape.com\/fr\/wp-json\/wp\/v2\/pages"}],"about":[{"href":"https:\/\/staging.fabotape.com\/fr\/wp-json\/wp\/v2\/types\/page"}],"author":[{"embeddable":true,"href":"https:\/\/staging.fabotape.com\/fr\/wp-json\/wp\/v2\/users\/7"}],"replies":[{"embeddable":true,"href":"https:\/\/staging.fabotape.com\/fr\/wp-json\/wp\/v2\/comments?post=13313"}],"version-history":[{"count":2,"href":"https:\/\/staging.fabotape.com\/fr\/wp-json\/wp\/v2\/pages\/13313\/revisions"}],"predecessor-version":[{"id":13315,"href":"https:\/\/staging.fabotape.com\/fr\/wp-json\/wp\/v2\/pages\/13313\/revisions\/13315"}],"wp:featuredmedia":[{"embeddable":true,"href":"https:\/\/staging.fabotape.com\/fr\/wp-json\/wp\/v2\/media\/10710"}],"wp:attachment":[{"href":"https:\/\/staging.fabotape.com\/fr\/wp-json\/wp\/v2\/media?parent=13313"}],"wp:term":[{"taxonomy":"post_tag","embeddable":true,"href":"https:\/\/staging.fabotape.com\/fr\/wp-json\/wp\/v2\/tags?post=13313"}],"curies":[{"name":"wp","href":"https:\/\/api.w.org\/{rel}","templated":true}]}}