{"id":13199,"date":"2025-07-15T12:52:22","date_gmt":"2025-07-15T10:52:22","guid":{"rendered":"https:\/\/staging.fabotape.com\/durabilite-2\/"},"modified":"2025-07-25T11:57:43","modified_gmt":"2025-07-25T09:57:43","slug":"durabilite-2","status":"publish","type":"page","link":"https:\/\/staging.fabotape.com\/fr\/durabilite-2\/","title":{"rendered":"Durabilit\u00e9"},"content":{"rendered":"<p>[vc_row el_class=\u00a0\u00bbriga-storia\u00a0\u00bb el_id=\u00a0\u00bbJe m&rsquo;engage\u00a0\u00bb][vc_column offset=\u00a0\u00bbvc_col-lg-offset-1 vc_col-lg-10 vc_col-md-offset-1 vc_col-md-10&Prime;][vc_column_text css_animation=\u00a0\u00bbfadeIn\u00a0\u00bb el_class=\u00a0\u00bbjustified\u00a0\u00bb]<\/p>\n<h2 style=\"text-align: center;\">Notre engagement pour l\u2019environnement<\/h2>\n<p>La durabilit\u00e9 d\u2019entreprise est devenue un enjeu central pour les entreprises modernes, car elle repr\u00e9sente une approche strat\u00e9gique qui int\u00e8gre les aspects \u00e9conomiques, sociaux et environnementaux dans le processus d\u00e9cisionnel.<\/p>\n<p style=\"text-align: left;\">Nous sommes n\u00e9s il y a plus de 50 ans avec un produit durable, le papier gomm\u00e9, et depuis lors, nous avons toujours poursuivi un parcours qui fait de la <strong>durabilit\u00e9 <\/strong>l\u2019une de nos <strong>valeurs fondamentales<\/strong>. D\u00e9couvrons ensemble ce que nous faisons pour aider l\u2019environnement.<\/p>\n<p>[\/vc_column_text][\/vc_column][\/vc_row][vc_row el_class=\u00a0\u00bbriga-storia\u00a0\u00bb el_id=\u00a0\u00bbmat\u00e9riels\u00a0\u00bb][vc_column offset=\u00a0\u00bbvc_col-lg-offset-1 vc_col-lg-10 vc_col-md-offset-1 vc_col-md-10&Prime;][vc_column_text css_animation=\u00a0\u00bbfadeIn\u00a0\u00bb]<\/p>\n<h3 style=\"text-align: center;\">Comment cherchons-nous \u00e0 \u00eatre durables?<\/h3>\n<p>[\/vc_column_text][\/vc_column][\/vc_row][vc_row css_animation=\u00a0\u00bbfadeInRight\u00a0\u00bb el_class=\u00a0\u00bbriga-testo-due-colonne\u00a0\u00bb][vc_column width=\u00a0\u00bb1\/2&Prime; offset=\u00a0\u00bbvc_col-lg-offset-1 vc_col-lg-5 vc_col-md-offset-1 vc_col-md-5&Prime;][vc_single_image image=\u00a0\u00bb10610&Prime; img_size=\u00a0\u00bbfull\u00a0\u00bb css_animation=\u00a0\u00bbfadeIn\u00a0\u00bb][\/vc_column][vc_column width=\u00a0\u00bb1\/2&Prime; offset=\u00a0\u00bbvc_col-lg-5 vc_col-md-5&Prime;][vc_column_text css_animation=\u00a0\u00bbfadeIn\u00a0\u00bb el_class=\u00a0\u00bbjustified\u00a0\u00bb]<\/p>\n<h3>Choix durables de produits<\/h3>\n<p>La sensibilit\u00e9 de FABO \u00e0 l\u2019\u00e9gard de l\u2019environnement se manifeste concr\u00e8tement \u00e0 travers des choix importants en mati\u00e8re de <strong>d\u00e9veloppement de produit.<\/strong><\/p>\n<p>La <strong><em>ligne ECOTOP<\/em><\/strong> comprend le <strong>ruban en papier gomm\u00e9<\/strong> dans toutes ses variantes : lisse et renforc\u00e9.<\/p>\n<p>Le papier gomm\u00e9, \u00e9galement appel\u00e9 Water Activated Tape, est un ruban enti\u00e8rement recyclable car compos\u00e9 de substances naturelles qui permettent son recyclage total : papier (cellulose) et colle v\u00e9g\u00e9tale (amidon de ma\u00efs ou de pomme de terre).<\/p>\n<p>La <strong><em>ligne ECOPLUS<\/em><\/strong> comprend :<\/p>\n<ul>\n<li>Rubans adh\u00e9sifs Hot Melt et Acryliques avec support en <strong>PET recycl\u00e9 \u00e0 90 %<\/strong> (390PCR et 290PCR)<\/li>\n<li><strong>Ruban adh\u00e9sif d\u2019emballage en papier lisse<\/strong> (435HM) et <strong>renforc\u00e9 <\/strong>avec des fibres de verre (455HM), certifi\u00e9s FSC<\/li>\n<li><strong>Rubans adh\u00e9sifs<\/strong> Acryliques produits avec adh\u00e9sif \u00e0 base d\u2019eau, 100 % sans solvants, <strong>certifi\u00e9s INGEDE<\/strong><\/li>\n<li><strong>Rubans adh\u00e9sifs Hot Melt<\/strong><strong> certifi\u00e9s INGEDE<\/strong><\/li>\n<li><strong>Rubans de masquage certifi\u00e9s FSC<\/strong>.<\/li>\n<\/ul>\n<p>[\/vc_column_text][\/vc_column][\/vc_row][vc_row css_animation=\u00a0\u00bbfadeInLeft\u00a0\u00bb el_class=\u00a0\u00bbbg-grigio-destra bg-grigio\u00a0\u00bb][vc_column width=\u00a0\u00bb1\/2&Prime; offset=\u00a0\u00bbvc_col-lg-offset-1 vc_col-lg-5 vc_col-md-offset-1 vc_col-md-5&Prime;][vc_column_text css_animation=\u00a0\u00bbfadeIn\u00a0\u00bb el_class=\u00a0\u00bbjustified\u00a0\u00bb]<\/p>\n<h3>Panneaux solaires et tri g\u00e9n\u00e9rateur<\/h3>\n<p>Depuis <strong>2013<\/strong>, le toit de notre site est \u00e9quip\u00e9 d\u2019une <strong>installation photovolta\u00efque<\/strong> d\u2019une capacit\u00e9 de 196 kW, qui r\u00e9duit l\u2019empreinte carbone d\u2019environ 92 tonnes par an, soit 9,9 % des \u00e9missions totales dues \u00e0 l\u2019\u00e9lectricit\u00e9 achet\u00e9e. Depuis <strong>2020<\/strong>, une <strong>installation de tri g\u00e9n\u00e9ration<\/strong> de 1 MW a \u00e9t\u00e9 install\u00e9e<strong> :<\/strong> elle permet la production combin\u00e9e d\u2019\u00e9lectricit\u00e9, de chaleur et de froid. Cette installation a permis une <strong>\u00e9conomie d\u2019\u00e9nergie de 25 % par rapport aux ann\u00e9es pr\u00e9c\u00e9dentes<\/strong>.<\/p>\n<p>Gr\u00e2ce au photovolta\u00efque et au tri g\u00e9n\u00e9rateur, <strong>Fabo parvient \u00e0 autoproduire environ 90 % de l\u2019\u00e9nergie qu\u2019elle consomme<\/strong>. Un pas important vers l\u2019efficacit\u00e9 industrielle.[\/vc_column_text][\/vc_column][vc_column width=\u00a0\u00bb1\/2&Prime; offset=\u00a0\u00bbvc_col-lg-5 vc_col-md-5&Prime;][vc_single_image image=\u00a0\u00bb2987&Prime; img_size=\u00a0\u00bbfull\u00a0\u00bb css_animation=\u00a0\u00bbfadeIn\u00a0\u00bb][\/vc_column][\/vc_row][vc_row css_animation=\u00a0\u00bbfadeInRight\u00a0\u00bb el_class=\u00a0\u00bbriga-testo-due-colonne\u00a0\u00bb][vc_column width=\u00a0\u00bb1\/2&Prime; offset=\u00a0\u00bbvc_col-lg-offset-1 vc_col-lg-5 vc_col-md-offset-1 vc_col-md-5&Prime;][vc_single_image image=\u00a0\u00bb11704&Prime; img_size=\u00a0\u00bbfull\u00a0\u00bb css_animation=\u00a0\u00bbfadeIn\u00a0\u00bb][\/vc_column][vc_column width=\u00a0\u00bb1\/2&Prime; offset=\u00a0\u00bbvc_col-lg-5 vc_col-md-5&Prime;][vc_column_text css_animation=\u00a0\u00bbfadeIn\u00a0\u00bb el_class=\u00a0\u00bbjustified\u00a0\u00bb]<\/p>\n<h3>La r\u00e9utilisation de nos d\u00e9chets<\/h3>\n<p>Nous croyons que les d\u00e9chets de production repr\u00e9sentent davantage une opportunit\u00e9 qu\u2019un co\u00fbt. C\u2019est pourquoi nous collaborons avec des entreprises sp\u00e9cialis\u00e9es dans la r\u00e9cup\u00e9ration et la transformation de nos mat\u00e9riaux de rebut.<\/p>\n<p>Comment cela fonctionne-t-il ? Nos d\u00e9chets sont utilis\u00e9s pour produire des<strong> compounds r\u00e9g\u00e9n\u00e9r\u00e9s et certifi\u00e9s<\/strong> selon la <strong>certification PSV<\/strong> (<em>Plastique Deuxi\u00e8me Vie<\/em>). Nous recevons les codes des mat\u00e9riaux dans lesquels nos d\u00e9chets sont r\u00e9utilis\u00e9s. Chaque lot de compound est accompagn\u00e9 d\u2019un <strong>dossier REACH<\/strong>, qui documente l\u2019origine des d\u00e9chets, le processus de transformation et les caract\u00e9ristiques finales du produit. De cette fa\u00e7on, nous donnons vie \u00e0 des produits tels que des caisses \u00e0 l\u00e9gumes ou des palettes enti\u00e8rement en plastique recycl\u00e9.[\/vc_column_text][\/vc_column][\/vc_row][vc_row css_animation=\u00a0\u00bbfadeInLeft\u00a0\u00bb el_class=\u00a0\u00bbbg-grigio-destra bg-grigio\u00a0\u00bb][vc_column width=\u00a0\u00bb1\/2&Prime; offset=\u00a0\u00bbvc_col-lg-offset-1 vc_col-lg-5 vc_col-md-offset-1 vc_col-md-5&Prime;][vc_column_text css_animation=\u00a0\u00bbfadeIn\u00a0\u00bb el_class=\u00a0\u00bbjustified\u00a0\u00bb]<\/p>\n<h3>Les voitures \u00e9lectriques<\/h3>\n<p>En 2021, les v\u00e9hicules de l\u2019entreprise ont \u00e9t\u00e9 remplac\u00e9s par des <strong>voitures hybrides<\/strong>, et des bornes de recharge ont \u00e9t\u00e9 install\u00e9es sur le parking. En mati\u00e8re de transport, cela repr\u00e9sentait pour nous une nouvelle \u00e9tape sur le chemin de la r\u00e9duction des \u00e9missions de CO2.[\/vc_column_text][\/vc_column][vc_column width=\u00a0\u00bb1\/2&Prime; offset=\u00a0\u00bbvc_col-lg-5 vc_col-md-5&Prime;][vc_single_image image=\u00a0\u00bb11052&Prime; img_size=\u00a0\u00bbfull\u00a0\u00bb css_animation=\u00a0\u00bbfadeIn\u00a0\u00bb][\/vc_column][\/vc_row][vc_row css_animation=\u00a0\u00bbfadeInRight\u00a0\u00bb el_class=\u00a0\u00bbriga-testo-due-colonne\u00a0\u00bb][vc_column width=\u00a0\u00bb1\/2&Prime; offset=\u00a0\u00bbvc_col-lg-offset-1 vc_col-lg-5 vc_col-md-offset-1 vc_col-md-5&Prime;][vc_single_image image=\u00a0\u00bb11694&Prime; img_size=\u00a0\u00bbfull\u00a0\u00bb css_animation=\u00a0\u00bbfadeIn\u00a0\u00bb][\/vc_column][vc_column width=\u00a0\u00bb1\/2&Prime; offset=\u00a0\u00bbvc_col-lg-5 vc_col-md-5&Prime;][vc_column_text css_animation=\u00a0\u00bbfadeIn\u00a0\u00bb el_class=\u00a0\u00bbjustified\u00a0\u00bb]<\/p>\n<h3>Installation de r\u00e9cup\u00e9ration des solvants<\/h3>\n<p>En <strong>2015<\/strong>, une installation de <strong>r\u00e9cup\u00e9ration des solvants <\/strong>a \u00e9t\u00e9 mise en place, permettant de r\u00e9cup\u00e9rer 94 % des hydrocarbures utilis\u00e9s. Nous r\u00e9cup\u00e9rons le <strong>tolu\u00e8ne <\/strong>utilis\u00e9 pour le rev\u00eatement hot-melt ainsi que <strong>les encres<\/strong> utilis\u00e9es pour l\u2019impression des rubans. Enfin, les vapeurs g\u00e9n\u00e9r\u00e9es lors du processus de pr\u00e9-impression sont \u00e9galement trait\u00e9es \u00e0 travers un syst\u00e8me d\u2019\u00e9puration.[\/vc_column_text][\/vc_column][\/vc_row][vc_row css_animation=\u00a0\u00bbfadeInLeft\u00a0\u00bb disable_element=\u00a0\u00bbyes\u00a0\u00bb el_class=\u00a0\u00bbriga-testo-due-colonne swap-on-mobile\u00a0\u00bb][vc_column width=\u00a0\u00bb1\/2&Prime; offset=\u00a0\u00bbvc_col-lg-offset-1 vc_col-lg-5 vc_col-md-offset-1 vc_col-md-5&Prime;][vc_column_text css_animation=\u00a0\u00bbfadeIn\u00a0\u00bb]<\/p>\n<h3 style=\"text-align: center;\">Projet 1<\/h3>\n<p>[\/vc_column_text][vc_single_image image=\u00a0\u00bb8733&Prime; img_size=\u00a0\u00bbfull\u00a0\u00bb css_animation=\u00a0\u00bbfadeIn\u00a0\u00bb][vc_column_text css_animation=\u00a0\u00bbfadeIn\u00a0\u00bb el_class=\u00a0\u00bbjustified\u00a0\u00bb]Sed ac metus a elit scelerisque congue et sed turpis. Nullam scelerisque urna scelerisque, vehicula lacus vitae, aliquet mauris. Fusce non maximus quam. Fusce sit amet urna non ex volutpat accumsan ut a velit. Sed in pulvinar lorem, sit amet iaculis arcu. Sed id libero non arcu accumsan laoreet. Fusce id hendrerit ipsum, sed gravida ex. Ut pellentesque ipsum odio, sit amet placerat dolor ultrices in. Orci varius natoque penatibus et magnis dis parturient montes, nascetur ridiculus mus.[\/vc_column_text][\/vc_column][vc_column width=\u00a0\u00bb1\/2&Prime; offset=\u00a0\u00bbvc_col-lg-5 vc_col-md-5&Prime;][vc_column_text css_animation=\u00a0\u00bbfadeIn\u00a0\u00bb]<\/p>\n<h3 style=\"text-align: center;\">Projet 2<\/h3>\n<p>[\/vc_column_text][vc_single_image image=\u00a0\u00bb8733&Prime; img_size=\u00a0\u00bbfull\u00a0\u00bb css_animation=\u00a0\u00bbfadeIn\u00a0\u00bb][vc_column_text css_animation=\u00a0\u00bbfadeIn\u00a0\u00bb el_class=\u00a0\u00bbjustified\u00a0\u00bb]Sed ac metus a elit scelerisque congue et sed turpis. Nullam scelerisque urna scelerisque, vehicula lacus vitae, aliquet mauris. Fusce non maximus quam. Fusce sit amet urna non ex volutpat accumsan ut a velit. Sed in pulvinar lorem, sit amet iaculis arcu. Sed id libero non arcu accumsan laoreet. Fusce id hendrerit ipsum, sed gravida ex. Ut pellentesque ipsum odio, sit amet placerat dolor ultrices in. Orci varius natoque penatibus et magnis dis parturient montes, nascetur ridiculus mus.[\/vc_column_text][\/vc_column][\/vc_row][vc_row disable_element=\u00a0\u00bbyes\u00a0\u00bb el_class=\u00a0\u00bbriga-storia\u00a0\u00bb][vc_column width=\u00a0\u00bb1\/6&Prime;][\/vc_column][vc_column width=\u00a0\u00bb2\/3&Prime;][vc_video link=\u00a0\u00bbhttps:\/\/youtu.be\/MJNdiBO5ExE\u00a0\u00bb][\/vc_column][vc_column width=\u00a0\u00bb1\/6&Prime;][\/vc_column][\/vc_row]<\/p>\n","protected":false},"excerpt":{"rendered":"<p>[vc_row el_class=\u00a0\u00bbriga-storia\u00a0\u00bb el_id=\u00a0\u00bbJe m&rsquo;engage\u00a0\u00bb][vc_column offset=\u00a0\u00bbvc_col-lg-offset-1 vc_col-lg-10 vc_col-md-offset-1 vc_col-md-10&Prime;][vc_column_text css_animation=\u00a0\u00bbfadeIn\u00a0\u00bb el_class=\u00a0\u00bbjustified\u00a0\u00bb] Notre engagement pour l\u2019environnement La durabilit\u00e9 d\u2019entreprise est devenue un enjeu central pour les entreprises modernes, car elle repr\u00e9sente une&#8230;<\/p>\n","protected":false},"author":7,"featured_media":11711,"parent":0,"menu_order":0,"comment_status":"closed","ping_status":"closed","template":"","meta":{"_acf_changed":false,"footnotes":""},"tags":[129],"class_list":["post-13199","page","type-page","status-publish","has-post-thumbnail","hentry","tag-restyling-fr"],"acf":[],"_links":{"self":[{"href":"https:\/\/staging.fabotape.com\/fr\/wp-json\/wp\/v2\/pages\/13199","targetHints":{"allow":["GET"]}}],"collection":[{"href":"https:\/\/staging.fabotape.com\/fr\/wp-json\/wp\/v2\/pages"}],"about":[{"href":"https:\/\/staging.fabotape.com\/fr\/wp-json\/wp\/v2\/types\/page"}],"author":[{"embeddable":true,"href":"https:\/\/staging.fabotape.com\/fr\/wp-json\/wp\/v2\/users\/7"}],"replies":[{"embeddable":true,"href":"https:\/\/staging.fabotape.com\/fr\/wp-json\/wp\/v2\/comments?post=13199"}],"version-history":[{"count":4,"href":"https:\/\/staging.fabotape.com\/fr\/wp-json\/wp\/v2\/pages\/13199\/revisions"}],"predecessor-version":[{"id":13560,"href":"https:\/\/staging.fabotape.com\/fr\/wp-json\/wp\/v2\/pages\/13199\/revisions\/13560"}],"wp:featuredmedia":[{"embeddable":true,"href":"https:\/\/staging.fabotape.com\/fr\/wp-json\/wp\/v2\/media\/11711"}],"wp:attachment":[{"href":"https:\/\/staging.fabotape.com\/fr\/wp-json\/wp\/v2\/media?parent=13199"}],"wp:term":[{"taxonomy":"post_tag","embeddable":true,"href":"https:\/\/staging.fabotape.com\/fr\/wp-json\/wp\/v2\/tags?post=13199"}],"curies":[{"name":"wp","href":"https:\/\/api.w.org\/{rel}","templated":true}]}}