{"id":13196,"date":"2025-07-15T12:41:26","date_gmt":"2025-07-15T10:41:26","guid":{"rendered":"https:\/\/staging.fabotape.com\/partenariat\/"},"modified":"2025-07-24T19:12:49","modified_gmt":"2025-07-24T17:12:49","slug":"partenariat","status":"publish","type":"page","link":"https:\/\/staging.fabotape.com\/fr\/partenariat\/","title":{"rendered":"Partenariat"},"content":{"rendered":"<p>[vc_row el_class=\u00a0\u00bbriga-storia\u00a0\u00bb][vc_column offset=\u00a0\u00bbvc_col-lg-offset-1 vc_col-lg-10 vc_col-md-offset-1 vc_col-md-10&Prime; el_class=\u00a0\u00bbpage-intro\u00a0\u00bb][vc_column_text css_animation=\u00a0\u00bbfadeInDown\u00a0\u00bb el_class=\u00a0\u00bbjustified\u00a0\u00bb]<\/p>\n<h2 style=\"text-align: center;\">Sport, culture et action sociale :<\/h2>\n<h4 style=\"text-align: center;\">la valorisation de notre territoire<\/h4>\n<p>Nous pensons qu&rsquo;investir dans le sport, la culture et l&rsquo;action sociale est un moyen important de soutenir le territoire et de promouvoir les valeurs qui nous sont ch\u00e8res.<br \/>\n<span style=\"text-align: center;\">La culture enrichit notre soci\u00e9t\u00e9, nous permet de conna\u00eetre le pass\u00e9 et de comprendre le pr\u00e9sent. Le sport, quant \u00e0 lui, nous enseigne la valeur de la comp\u00e9tition, de la discipline et du travail d&rsquo;\u00e9quipe. Le travail social contribue \u00e0 une soci\u00e9t\u00e9 plus civilis\u00e9e, plus juste et plus durable. <\/span>[\/vc_column_text][vc_separator color=\u00a0\u00bbcustom\u00a0\u00bb border_width=\u00a0\u00bb2&Prime; css_animation=\u00a0\u00bbfadeIn\u00a0\u00bb accent_color=\u00a0\u00bb#00a786&Prime;][\/vc_column][\/vc_row][vc_row css_animation=\u00a0\u00bbfadeInRight\u00a0\u00bb el_class=\u00a0\u00bbriga-testo-due-colonne\u00a0\u00bb][vc_column width=\u00a0\u00bb1\/2&Prime; offset=\u00a0\u00bbvc_col-lg-offset-1 vc_col-lg-5 vc_col-md-offset-1 vc_col-md-5&Prime;][vc_single_image image=\u00a0\u00bb11514&Prime; img_size=\u00a0\u00bbfull\u00a0\u00bb alignment=\u00a0\u00bbcenter\u00a0\u00bb onclick=\u00a0\u00bbcustom_link\u00a0\u00bb img_link_target=\u00a0\u00bb_blank\u00a0\u00bb css_animation=\u00a0\u00bbfadeIn\u00a0\u00bb link=\u00a0\u00bbhttps:\/\/heronsbasket.it\/\u00a0\u00bb][\/vc_column][vc_column width=\u00a0\u00bb1\/2&Prime; offset=\u00a0\u00bbvc_col-lg-5 vc_col-md-5&Prime;][vc_column_text css_animation=\u00a0\u00bbfadeIn\u00a0\u00bb el_class=\u00a0\u00bbjustified\u00a0\u00bb]<\/p>\n<h3>FABO Herons<\/h3>\n<p>Fabo est le principal sponsor de l&rsquo;une des \u00e9quipes de basket-ball de Montecatini, <em>FABO Herons Montecatini<\/em>, qui joue dans le championnat italien de S\u00e9rie B. Le club a \u00e9t\u00e9 fond\u00e9 en 2023 \u00e0 partir d&rsquo;un groupe d&rsquo;anciens joueurs. Le club a \u00e9t\u00e9 fond\u00e9 en 2023 par la fusion de deux clubs historiques de la r\u00e9gion, <em>Gema Montecatini<\/em> et <em>Montecatini Terme Basket<\/em>, et est aujourd&rsquo;hui une r\u00e9f\u00e9rence importante pour le basket-ball dans la Valdinievole.<br \/>\nNous sommes fiers de soutenir une \u00e9quipe qui porte les valeurs de <strong>passion <\/strong>et <strong>d&rsquo;excellence<\/strong> que nous partageons et qui repr\u00e9sente un espoir pour l&rsquo;avenir du basket-ball dans notre r\u00e9gion.[\/vc_column_text][\/vc_column][\/vc_row][vc_row css_animation=\u00a0\u00bbfadeInLeft\u00a0\u00bb el_class=\u00a0\u00bbriga-testo-due-colonne swap-on-mobile\u00a0\u00bb][vc_column width=\u00a0\u00bb1\/2&Prime; offset=\u00a0\u00bbvc_col-lg-offset-1 vc_col-lg-5 vc_col-md-offset-1 vc_col-md-5&Prime;][vc_column_text css_animation=\u00a0\u00bbfadeIn\u00a0\u00bb el_class=\u00a0\u00bbjustified\u00a0\u00bb]<\/p>\n<h3>G.P. Industria e Artigianato<\/h3>\n<p>Le Gran Premio Industria e Artigianato <span class=\"citation-0 citation-end-0\">est une course de cyclisme sur route organis\u00e9e chaque ann\u00e9e dans la ville de Larciano. Il s&rsquo;agit de la deuxi\u00e8me course de cyclisme sur route la plus importante en Italie apr\u00e8s le Giro d&rsquo;Italia. Le parcours de la course varie d&rsquo;une ann\u00e9e \u00e0 l&rsquo;autre, mais couvre g\u00e9n\u00e9ralement un circuit d&rsquo;environ 150 km et touche les municipalit\u00e9s de Larciano, Lamporecchio, Monsummano Terme, Montecatini Terme et Pieve a Nievole. La course a \u00e9t\u00e9 remport\u00e9e par certains des plus grands cyclistes italiens de tous les temps, tels que Gino Bartali, Fausto Coppi, Marco Pantani et Vincenzo Nibali. <\/span>[\/vc_column_text][\/vc_column][vc_column width=\u00a0\u00bb1\/2&Prime; offset=\u00a0\u00bbvc_col-lg-5 vc_col-md-5&Prime;][vc_single_image image=\u00a0\u00bb11518&Prime; img_size=\u00a0\u00bbfull\u00a0\u00bb alignment=\u00a0\u00bbcenter\u00a0\u00bb onclick=\u00a0\u00bbcustom_link\u00a0\u00bb img_link_target=\u00a0\u00bb_blank\u00a0\u00bb css_animation=\u00a0\u00bbfadeIn\u00a0\u00bb link=\u00a0\u00bbhttps:\/\/ciclismolarcianese.it\/\u00a0\u00bb][\/vc_column][\/vc_row][vc_row css_animation=\u00a0\u00bbfadeInRight\u00a0\u00bb el_class=\u00a0\u00bbriga-testo-due-colonne\u00a0\u00bb][vc_column width=\u00a0\u00bb1\/2&Prime; offset=\u00a0\u00bbvc_col-lg-offset-1 vc_col-lg-5 vc_col-md-offset-1 vc_col-md-5&Prime;][vc_single_image image=\u00a0\u00bb11532&Prime; alignment=\u00a0\u00bbcenter\u00a0\u00bb onclick=\u00a0\u00bbcustom_link\u00a0\u00bb img_link_target=\u00a0\u00bb_blank\u00a0\u00bb link=\u00a0\u00bbhttps:\/\/www.pistoiamusei.it\/\u00a0\u00bb][\/vc_column][vc_column width=\u00a0\u00bb1\/2&Prime; offset=\u00a0\u00bbvc_col-lg-5 vc_col-md-5&Prime;][vc_column_text css_animation=\u00a0\u00bbfadeIn\u00a0\u00bb el_class=\u00a0\u00bbjustified\u00a0\u00bb]<\/p>\n<h3>Pistoia Musei<\/h3>\n<p>Pistoia Musei est un r\u00e9seau de mus\u00e9es qui g\u00e8re quatre sites mus\u00e9aux en Italie, dans le centre historique de Pistoia. Le r\u00e9seau a \u00e9t\u00e9 cr\u00e9\u00e9 <span class=\"citation-0 citation-end-0\">en 2019 \u00e0 l&rsquo;initiative de la <strong>Fondazione Caript<\/strong> et, \u00e0 partir de 2021, il est accr\u00e9dit\u00e9 aupr\u00e8s du <strong>Syst\u00e8me national des mus\u00e9es<\/strong>. En 2023, il deviendra la Fondazione Pistoia Musei <\/span> ETS.<br \/>\nFabo soutient cette r\u00e9alit\u00e9 en tant que <em>sponsor Premium<\/em>, croyant en la possibilit\u00e9 de cr\u00e9er des connexions entre la recherche et la communaut\u00e9, entre le pass\u00e9 et le pr\u00e9sent, entre les dimensions locales et globales.<br \/>\nLe r\u00e9seau organise une s\u00e9rie d&rsquo;\u00e9v\u00e9nements et d&rsquo;activit\u00e9s culturelles, notamment des expositions, des visites guid\u00e9es, des ateliers et des conf\u00e9rences. En outre, Pistoia Musei collabore avec d&rsquo;autres institutions culturelles, italiennes et internationales, afin de <strong>promouvoir la culture et le tourisme \u00e0 Pistoia<\/strong>.[\/vc_column_text][\/vc_column][\/vc_row][vc_row css_animation=\u00a0\u00bbfadeInLeft\u00a0\u00bb el_class=\u00a0\u00bbriga-testo-due-colonne swap-on-mobile\u00a0\u00bb][vc_column width=\u00a0\u00bb1\/2&Prime; offset=\u00a0\u00bbvc_col-lg-offset-1 vc_col-lg-5 vc_col-md-offset-1 vc_col-md-5&Prime;][vc_column_text css_animation=\u00a0\u00bbfadeIn\u00a0\u00bb el_class=\u00a0\u00bbjustified\u00a0\u00bb]<\/p>\n<h3>Dynamo Camp<\/h3>\n<p>Dynamo Camp est un centre de th\u00e9rapie r\u00e9cr\u00e9ative gratuit pour les enfants et les adolescents souffrant de maladies graves ou chroniques. Les activit\u00e9s sont con\u00e7ues pour promouvoir le bien-\u00eatre physique, \u00e9motionnel et social des enfants et de leurs familles et se concentrent sur quatre domaines principaux : l&rsquo;apprentissage, les activit\u00e9s artistiques, sociales et motrices. Nous sommes fiers de soutenir Dynamo Camp et de contribuer \u00e0 son important travail. Nous pensons que cette collaboration t\u00e9moigne de notre engagement en mati\u00e8re de responsabilit\u00e9 sociale des entreprises et de promotion du bien-\u00eatre des enfants.[\/vc_column_text][\/vc_column][vc_column width=\u00a0\u00bb1\/2&Prime; offset=\u00a0\u00bbvc_col-lg-5 vc_col-md-5&Prime;][vc_single_image image=\u00a0\u00bb11536&Prime; img_size=\u00a0\u00bbfull\u00a0\u00bb alignment=\u00a0\u00bbcenter\u00a0\u00bb onclick=\u00a0\u00bbcustom_link\u00a0\u00bb img_link_target=\u00a0\u00bb_blank\u00a0\u00bb css_animation=\u00a0\u00bbfadeIn\u00a0\u00bb link=\u00a0\u00bbhttps:\/\/www.dynamocamp.org\/\u00a0\u00bb][\/vc_column][\/vc_row][vc_row disable_element=\u00a0\u00bbyes\u00a0\u00bb el_class=\u00a0\u00bbriga-storia\u00a0\u00bb][vc_column offset=\u00a0\u00bbvc_col-lg-offset-1 vc_col-lg-10 vc_col-md-offset-1 vc_col-md-10&Prime;][vc_separator color=\u00a0\u00bbcustom\u00a0\u00bb border_width=\u00a0\u00bb2&Prime; css_animation=\u00a0\u00bbfadeIn\u00a0\u00bb accent_color=\u00a0\u00bb#00a786&Prime;][vc_column_text el_class=\u00a0\u00bbtext-center\u00a0\u00bb]<\/p>\n<h2 style=\"text-align: center;\">Tout paragraphe de texte suppl\u00e9mentaire<\/h2>\n<p style=\"text-align: center;\">contenu du paragraphe de texte suivant<\/p>\n<p>[\/vc_column_text][\/vc_column][\/vc_row]<\/p>\n","protected":false},"excerpt":{"rendered":"<p>[vc_row el_class=\u00a0\u00bbriga-storia\u00a0\u00bb][vc_column offset=\u00a0\u00bbvc_col-lg-offset-1 vc_col-lg-10 vc_col-md-offset-1 vc_col-md-10&Prime; el_class=\u00a0\u00bbpage-intro\u00a0\u00bb][vc_column_text css_animation=\u00a0\u00bbfadeInDown\u00a0\u00bb el_class=\u00a0\u00bbjustified\u00a0\u00bb] Sport, culture et action sociale : la valorisation de notre territoire Nous pensons qu&rsquo;investir dans le sport, la culture et l&rsquo;action&#8230;<\/p>\n","protected":false},"author":7,"featured_media":11031,"parent":0,"menu_order":0,"comment_status":"closed","ping_status":"closed","template":"","meta":{"_acf_changed":false,"footnotes":""},"tags":[129],"class_list":["post-13196","page","type-page","status-publish","has-post-thumbnail","hentry","tag-restyling-fr"],"acf":[],"_links":{"self":[{"href":"https:\/\/staging.fabotape.com\/fr\/wp-json\/wp\/v2\/pages\/13196","targetHints":{"allow":["GET"]}}],"collection":[{"href":"https:\/\/staging.fabotape.com\/fr\/wp-json\/wp\/v2\/pages"}],"about":[{"href":"https:\/\/staging.fabotape.com\/fr\/wp-json\/wp\/v2\/types\/page"}],"author":[{"embeddable":true,"href":"https:\/\/staging.fabotape.com\/fr\/wp-json\/wp\/v2\/users\/7"}],"replies":[{"embeddable":true,"href":"https:\/\/staging.fabotape.com\/fr\/wp-json\/wp\/v2\/comments?post=13196"}],"version-history":[{"count":5,"href":"https:\/\/staging.fabotape.com\/fr\/wp-json\/wp\/v2\/pages\/13196\/revisions"}],"predecessor-version":[{"id":13521,"href":"https:\/\/staging.fabotape.com\/fr\/wp-json\/wp\/v2\/pages\/13196\/revisions\/13521"}],"wp:featuredmedia":[{"embeddable":true,"href":"https:\/\/staging.fabotape.com\/fr\/wp-json\/wp\/v2\/media\/11031"}],"wp:attachment":[{"href":"https:\/\/staging.fabotape.com\/fr\/wp-json\/wp\/v2\/media?parent=13196"}],"wp:term":[{"taxonomy":"post_tag","embeddable":true,"href":"https:\/\/staging.fabotape.com\/fr\/wp-json\/wp\/v2\/tags?post=13196"}],"curies":[{"name":"wp","href":"https:\/\/api.w.org\/{rel}","templated":true}]}}