{"id":12753,"date":"2025-03-26T13:18:48","date_gmt":"2025-03-26T12:18:48","guid":{"rendered":"https:\/\/staging.fabotape.com\/espace-client-reserve\/"},"modified":"2025-07-23T10:49:35","modified_gmt":"2025-07-23T08:49:35","slug":"espace-client-reserve","status":"publish","type":"page","link":"https:\/\/staging.fabotape.com\/fr\/espace-client-reserve\/","title":{"rendered":"Espace r\u00e9serv\u00e9 aux clients"},"content":{"rendered":"<p>[vc_row el_class=\u00a0\u00bbriga-storia\u00a0\u00bb el_id=\u00a0\u00bbJe m&apos;engage\u00a0\u00bb][vc_column offset=\u00a0\u00bbvc_col-lg-offset-1 vc_col-lg-10 vc_col-md-offset-1 vc_col-md-10&Prime;][vc_column_text css_animation=\u00a0\u00bbfadeIn\u00a0\u00bb]<\/p>\n<h2 style=\"text-align: left;\">Acc\u00e9dez \u00e0 votre espace r\u00e9serv\u00e9<\/h2>\n<p>&nbsp;<\/p>\n<p>Gr\u00e2ce \u00e0 l\u2019<em><strong>espace r\u00e9serv\u00e9<\/strong> <strong>aux clients<\/strong><\/em>, vous pouvez acc\u00e9der \u00e0 vos documents.[\/vc_column_text][\/vc_column][\/vc_row][vc_row css_animation=\u00a0\u00bbfadeInDown\u00a0\u00bb el_class=\u00a0\u00bbriga-testo-due-colonne\u00a0\u00bb][vc_column width=\u00a0\u00bb1\/2&Prime; offset=\u00a0\u00bbvc_col-lg-offset-1 vc_col-lg-5 vc_col-md-offset-1 vc_col-md-5&Prime;][vc_column_text css_animation=\u00a0\u00bbfadeInDown\u00a0\u00bb]<\/p>\n<h3>D\u00e9j\u00e0 inscrit \u00e0 l\u2019espace r\u00e9serv\u00e9 ?<\/h3>\n<p>Connectez-vous avec vos identifiants[\/vc_column_text]<div class=\" ubtn-ctn-left btn btn-verde\"><a class=\"ubtn-link ult-adjust-bottom-margin ubtn-left ubtn-large btn btn-verde\" href=\"https:\/\/powerb.fabotape.com:4443\/index_R10.html#\/login\/dashboard\"title=\"Fabo powerBi\"target=\"_blank\"rel=\"noopener\"><button type=\"button\" id=\"ubtn-5444\" class=\"ubtn ult-adjust-bottom-margin ult-responsive ubtn-large ubtn-no-hover-bg  none  ubtn-sep-icon ubtn-sep-icon-at-left  ubtn-left   tooltip-69e7b9110c244\"  data-hover=\"\" data-border-color=\"\" data-bg=\"#e0e0e0\" data-hover-bg=\"\" data-border-hover=\"\" data-shadow-hover=\"\" data-shadow-click=\"none\" data-shadow=\"\" data-shd-shadow=\"\"  data-ultimate-target='#ubtn-5444'  data-responsive-json-new='{\"font-size\":\"\",\"line-height\":\"\"}'  style=\"font-weight:normal;border:none;background: #e0e0e0;color: #000000;\"><span class=\"ubtn-data ubtn-icon\"><i class=\"Defaults-area-chart\" style=\"font-size:32px;color:;\"><\/i><\/span><span class=\"ubtn-hover\" style=\"background-color:\"><\/span><span class=\"ubtn-data ubtn-text \" >Acc\u00e9dez \u00e0 votre espace r\u00e9serv\u00e9<\/span><\/button><\/a><\/div>[\/vc_column][vc_column width=\u00a0\u00bb1\/2&Prime; offset=\u00a0\u00bbvc_col-lg-5 vc_col-md-5&Prime;][vc_column_text css_animation=\u00a0\u00bbfadeInDown\u00a0\u00bb]<\/p>\n<h3>Vous \u00eates d\u00e9j\u00e0 client et souhaitez demander l\u2019acc\u00e8s ?<\/h3>\n<p>\u00c9crivez-nous pour recevoir vos identifiants[\/vc_column_text]<div class=\" ubtn-ctn-left btn btn-verde\"><a class=\"ubtn-link ult-adjust-bottom-margin ubtn-left ubtn-large btn btn-verde\" href=\"mailto:fabo@fabotape.com?subject=Richiesta credenziali accesso PowerB&body=Salve, volevo richiedere le credenziali per accesso a PowerB\"title=\"Fabo powerB\"target=\"_blank\"rel=\"noopener\"><button type=\"button\" id=\"ubtn-6960\" class=\"ubtn ult-adjust-bottom-margin ult-responsive ubtn-large ubtn-no-hover-bg  none  ubtn-sep-icon ubtn-sep-icon-at-left  ubtn-left   tooltip-69e7b9111a831\"  data-hover=\"\" data-border-color=\"\" data-bg=\"#e0e0e0\" data-hover-bg=\"\" data-border-hover=\"\" data-shadow-hover=\"\" data-shadow-click=\"none\" data-shadow=\"\" data-shd-shadow=\"\"  data-ultimate-target='#ubtn-6960'  data-responsive-json-new='{\"font-size\":\"\",\"line-height\":\"\"}'  style=\"font-weight:normal;border:none;background: #e0e0e0;color: #000000;\"><span class=\"ubtn-data ubtn-icon\"><i class=\"Defaults-envelope-o\" style=\"font-size:32px;color:;\"><\/i><\/span><span class=\"ubtn-hover\" style=\"background-color:\"><\/span><span class=\"ubtn-data ubtn-text \" >Soumettre une demande d&amp;apos;acc\u00e8s<\/span><\/button><\/a><\/div>[\/vc_column][\/vc_row]<\/p>\n","protected":false},"excerpt":{"rendered":"<p>[vc_row el_class=\u00a0\u00bbriga-storia\u00a0\u00bb el_id=\u00a0\u00bbJe m&apos;engage\u00a0\u00bb][vc_column offset=\u00a0\u00bbvc_col-lg-offset-1 vc_col-lg-10 vc_col-md-offset-1 vc_col-md-10&Prime;][vc_column_text css_animation=\u00a0\u00bbfadeIn\u00a0\u00bb] Acc\u00e9dez \u00e0 votre espace r\u00e9serv\u00e9 &nbsp; Gr\u00e2ce \u00e0 l\u2019espace r\u00e9serv\u00e9 aux clients, vous pouvez acc\u00e9der \u00e0 vos documents.[\/vc_column_text][\/vc_column][\/vc_row][vc_row css_animation=\u00a0\u00bbfadeInDown\u00a0\u00bb el_class=\u00a0\u00bbriga-testo-due-colonne\u00a0\u00bb][vc_column width=\u00a0\u00bb1\/2&Prime;&#8230;<\/p>\n","protected":false},"author":7,"featured_media":12547,"parent":0,"menu_order":0,"comment_status":"closed","ping_status":"closed","template":"","meta":{"_acf_changed":false,"footnotes":""},"tags":[129],"class_list":["post-12753","page","type-page","status-publish","has-post-thumbnail","hentry","tag-restyling-fr"],"acf":[],"_links":{"self":[{"href":"https:\/\/staging.fabotape.com\/fr\/wp-json\/wp\/v2\/pages\/12753","targetHints":{"allow":["GET"]}}],"collection":[{"href":"https:\/\/staging.fabotape.com\/fr\/wp-json\/wp\/v2\/pages"}],"about":[{"href":"https:\/\/staging.fabotape.com\/fr\/wp-json\/wp\/v2\/types\/page"}],"author":[{"embeddable":true,"href":"https:\/\/staging.fabotape.com\/fr\/wp-json\/wp\/v2\/users\/7"}],"replies":[{"embeddable":true,"href":"https:\/\/staging.fabotape.com\/fr\/wp-json\/wp\/v2\/comments?post=12753"}],"version-history":[{"count":5,"href":"https:\/\/staging.fabotape.com\/fr\/wp-json\/wp\/v2\/pages\/12753\/revisions"}],"predecessor-version":[{"id":13298,"href":"https:\/\/staging.fabotape.com\/fr\/wp-json\/wp\/v2\/pages\/12753\/revisions\/13298"}],"wp:featuredmedia":[{"embeddable":true,"href":"https:\/\/staging.fabotape.com\/fr\/wp-json\/wp\/v2\/media\/12547"}],"wp:attachment":[{"href":"https:\/\/staging.fabotape.com\/fr\/wp-json\/wp\/v2\/media?parent=12753"}],"wp:term":[{"taxonomy":"post_tag","embeddable":true,"href":"https:\/\/staging.fabotape.com\/fr\/wp-json\/wp\/v2\/tags?post=12753"}],"curies":[{"name":"wp","href":"https:\/\/api.w.org\/{rel}","templated":true}]}}