{"id":14198,"date":"2025-08-28T18:38:50","date_gmt":"2025-08-28T16:38:50","guid":{"rendered":"https:\/\/staging.fabotape.com\/area-reservada-para-clientes\/"},"modified":"2025-08-28T18:38:51","modified_gmt":"2025-08-28T16:38:51","slug":"area-reservada-para-clientes","status":"publish","type":"page","link":"https:\/\/staging.fabotape.com\/es\/area-reservada-para-clientes\/","title":{"rendered":"\u00c1rea reservada para clientes"},"content":{"rendered":"<p>[vc_row el_class=\u00bbriga-storia\u00bb el_id=\u00bbimpegno\u00bb][vc_column offset=\u00bbvc_col-lg-offset-1 vc_col-lg-10 vc_col-md-offset-1 vc_col-md-10&#8243;][vc_column_text css_animation=\u00bbfadeIn\u00bb]<\/p>\n<h2 style=\"text-align: left;\">Accede a nuestra \u00e1rea reservada<\/h2>\n<p>&nbsp;<\/p>\n<p>A trav\u00e9s del <em><strong>\u00e1rea reservada<\/strong> <strong>para clientes<\/strong><\/em> podr\u00e1s acceder a tus documentos.[\/vc_column_text][\/vc_column][\/vc_row][vc_row css_animation=\u00bbfadeInDown\u00bb el_class=\u00bbriga-testo-due-colonne\u00bb][vc_column width=\u00bb1\/2&#8243; offset=\u00bbvc_col-lg-offset-1 vc_col-lg-5 vc_col-md-offset-1 vc_col-md-5&#8243;][vc_column_text css_animation=\u00bbfadeInDown\u00bb]<\/p>\n<h3>\u00bfYa est\u00e1s registrado en el \u00e1rea reservada?<\/h3>\n<p>Accede con tus credenciales[\/vc_column_text]<div class=\" ubtn-ctn-left btn btn-verde\"><a class=\"ubtn-link ult-adjust-bottom-margin ubtn-left ubtn-large btn btn-verde\" href=\"https:\/\/powerb.fabotape.com:4443\/index_R10.html#\/login\/dashboard\"title=\"Fabo powerBi\"target=\"_blank\"rel=\"noopener\"><button type=\"button\" id=\"ubtn-3654\" class=\"ubtn ult-adjust-bottom-margin ult-responsive ubtn-large ubtn-no-hover-bg  none  ubtn-sep-icon ubtn-sep-icon-at-left  ubtn-left   tooltip-69e7b86f2be4e\"  data-hover=\"\" data-border-color=\"\" data-bg=\"#e0e0e0\" data-hover-bg=\"\" data-border-hover=\"\" data-shadow-hover=\"\" data-shadow-click=\"none\" data-shadow=\"\" data-shd-shadow=\"\"  data-ultimate-target='#ubtn-3654'  data-responsive-json-new='{\"font-size\":\"\",\"line-height\":\"\"}'  style=\"font-weight:normal;border:none;background: #e0e0e0;color: #000000;\"><span class=\"ubtn-data ubtn-icon\"><i class=\"Defaults-area-chart\" style=\"font-size:32px;color:;\"><\/i><\/span><span class=\"ubtn-hover\" style=\"background-color:\"><\/span><span class=\"ubtn-data ubtn-text \" >Accede a tu \u00e1rea reservada<\/span><\/button><\/a><\/div>[\/vc_column][vc_column width=\u00bb1\/2&#8243; offset=\u00bbvc_col-lg-5 vc_col-md-5&#8243;][vc_column_text css_animation=\u00bbfadeInDown\u00bb]<\/p>\n<h3>Eres cliente y quieres solicitar acceso?<\/h3>\n<p>Escr\u00edbenos para recibir tus credenciales[\/vc_column_text]<div class=\" ubtn-ctn-left btn btn-verde\"><a class=\"ubtn-link ult-adjust-bottom-margin ubtn-left ubtn-large btn btn-verde\" href=\"mailto:fabo@fabotape.com?subject=Richiesta credenziali accesso PowerB&body=Salve, volevo richiedere le credenziali per accesso a PowerB\"title=\"Fabo powerB\"target=\"_blank\"rel=\"noopener\"><button type=\"button\" id=\"ubtn-8056\" class=\"ubtn ult-adjust-bottom-margin ult-responsive ubtn-large ubtn-no-hover-bg  none  ubtn-sep-icon ubtn-sep-icon-at-left  ubtn-left   tooltip-69e7b86f2bf6b\"  data-hover=\"\" data-border-color=\"\" data-bg=\"#e0e0e0\" data-hover-bg=\"\" data-border-hover=\"\" data-shadow-hover=\"\" data-shadow-click=\"none\" data-shadow=\"\" data-shd-shadow=\"\"  data-ultimate-target='#ubtn-8056'  data-responsive-json-new='{\"font-size\":\"\",\"line-height\":\"\"}'  style=\"font-weight:normal;border:none;background: #e0e0e0;color: #000000;\"><span class=\"ubtn-data ubtn-icon\"><i class=\"Defaults-envelope-o\" style=\"font-size:32px;color:;\"><\/i><\/span><span class=\"ubtn-hover\" style=\"background-color:\"><\/span><span class=\"ubtn-data ubtn-text \" >Presentar una solicitud de acceso<\/span><\/button><\/a><\/div>[\/vc_column][\/vc_row]<\/p>\n","protected":false},"excerpt":{"rendered":"<p>[vc_row el_class=\u00bbriga-storia\u00bb el_id=\u00bbimpegno\u00bb][vc_column offset=\u00bbvc_col-lg-offset-1 vc_col-lg-10 vc_col-md-offset-1 vc_col-md-10&#8243;][vc_column_text css_animation=\u00bbfadeIn\u00bb] Accede a nuestra \u00e1rea reservada &nbsp; A trav\u00e9s del \u00e1rea reservada para clientes podr\u00e1s acceder a tus documentos.[\/vc_column_text][\/vc_column][\/vc_row][vc_row css_animation=\u00bbfadeInDown\u00bb el_class=\u00bbriga-testo-due-colonne\u00bb][vc_column width=\u00bb1\/2&#8243; offset=\u00bbvc_col-lg-offset-1&#8230;<\/p>\n","protected":false},"author":7,"featured_media":14199,"parent":0,"menu_order":0,"comment_status":"closed","ping_status":"closed","template":"","meta":{"_acf_changed":false,"footnotes":""},"tags":[230],"class_list":["post-14198","page","type-page","status-publish","has-post-thumbnail","hentry","tag-restyling-es"],"acf":[],"_links":{"self":[{"href":"https:\/\/staging.fabotape.com\/es\/wp-json\/wp\/v2\/pages\/14198","targetHints":{"allow":["GET"]}}],"collection":[{"href":"https:\/\/staging.fabotape.com\/es\/wp-json\/wp\/v2\/pages"}],"about":[{"href":"https:\/\/staging.fabotape.com\/es\/wp-json\/wp\/v2\/types\/page"}],"author":[{"embeddable":true,"href":"https:\/\/staging.fabotape.com\/es\/wp-json\/wp\/v2\/users\/7"}],"replies":[{"embeddable":true,"href":"https:\/\/staging.fabotape.com\/es\/wp-json\/wp\/v2\/comments?post=14198"}],"version-history":[{"count":2,"href":"https:\/\/staging.fabotape.com\/es\/wp-json\/wp\/v2\/pages\/14198\/revisions"}],"predecessor-version":[{"id":14201,"href":"https:\/\/staging.fabotape.com\/es\/wp-json\/wp\/v2\/pages\/14198\/revisions\/14201"}],"wp:featuredmedia":[{"embeddable":true,"href":"https:\/\/staging.fabotape.com\/es\/wp-json\/wp\/v2\/media\/14199"}],"wp:attachment":[{"href":"https:\/\/staging.fabotape.com\/es\/wp-json\/wp\/v2\/media?parent=14198"}],"wp:term":[{"taxonomy":"post_tag","embeddable":true,"href":"https:\/\/staging.fabotape.com\/es\/wp-json\/wp\/v2\/tags?post=14198"}],"curies":[{"name":"wp","href":"https:\/\/api.w.org\/{rel}","templated":true}]}}