{"id":14004,"date":"2025-08-25T18:50:06","date_gmt":"2025-08-25T16:50:06","guid":{"rendered":"https:\/\/staging.fabotape.com\/marca-privada-y-embalaje\/"},"modified":"2025-11-21T16:17:19","modified_gmt":"2025-11-21T15:17:19","slug":"marca-privada-y-embalaje","status":"publish","type":"page","link":"https:\/\/staging.fabotape.com\/es\/marca-privada-y-embalaje\/","title":{"rendered":"Marca privada y embalaje"},"content":{"rendered":"<p>[vc_row el_class=\u00bbriga-testo-due-colonne\u00bb][vc_column width=\u00bb1\/2&#8243; offset=\u00bbvc_col-lg-offset-1 vc_col-lg-5 vc_col-md-offset-1 vc_col-md-5&#8243;][vc_column_text]<\/p>\n<h3>Marca privada, personalizaci\u00f3n y embalaje<\/h3>\n<p>[\/vc_column_text][\/vc_column][vc_column width=\u00bb1\/2&#8243; offset=\u00bbvc_col-lg-5 vc_col-md-5&#8243;][vc_column_text el_class=\u00bbjustified\u00bb]Fabo pone a disposici\u00f3n su experiencia, conocimiento del mercado de la cinta adhesiva y sus proveedores de confianza para producir marcas privadas. Somos capaces de producir y personalizar la <strong>cinta adhesiva con marca privada<\/strong> seg\u00fan las solicitudes que recibimos de los clientes. La producci\u00f3n de este tipo de cintas depende siempre de la cantidad solicitada y de las caracter\u00edsticas en una \u00f3ptica de eficiencia y costo.[\/vc_column_text][\/vc_column][\/vc_row][vc_row el_class=\u00bbriga-testo-due-colonne\u00bb][vc_column width=\u00bb1\/2&#8243; offset=\u00bbvc_col-lg-offset-1 vc_col-lg-5 vc_col-md-offset-1 vc_col-md-5&#8243;][vc_column_text el_class=\u00bbjustified\u00bb]<\/p>\n<h4>Personaliza el producto<strong><br \/>\n<\/strong><\/h4>\n<p>Conf\u00eda en el conocimiento y la competencia de uno de los mayores productores de cinta adhesiva. Fabo puede apoyar al cliente en la elecci\u00f3n de la cinta adhesiva, desarrollando soluciones \u00fanicas y a medida, capaces de satisfacer los objetivos comerciales del mercado, aplicaci\u00f3n y posicionamiento del cliente.<br \/>\nUna vez elegido el producto, el color, el formato, la posible impresi\u00f3n de logotipos u otros mensajes en la longitud de la cinta (ver nuestro <a href=\"https:\/\/staging.fabotape.com\/?page_id=11811&amp;preview=true\">servicio de impresi\u00f3n<\/a>), se procede a la personalizaci\u00f3n del n\u00facleo.[\/vc_column_text][\/vc_column][vc_column width=\u00bb1\/2&#8243; offset=\u00bbvc_col-lg-5 vc_col-md-5&#8243;][vc_column_text el_class=\u00bbjustified\u00bb]<\/p>\n<h4>Personaliza el n\u00facleo<\/h4>\n<p>El n\u00facleo o alma de la cinta es la parte que siempre permanecer\u00e1 visible para el usuario final de la cinta, identificando la marca donde la compr\u00f3. El n\u00facleo puede ser: <strong>neutro<\/strong>, <strong>personalizado con logo simple<\/strong> de dos colores, <strong>personalizado con logo multicolor<\/strong>. Fabo apoya al cliente en esta fase de personalizaci\u00f3n, en la que el desarrollo y la producci\u00f3n son gestionados por proveedores externos.[\/vc_column_text][\/vc_column][\/vc_row][vc_row full_width=\u00bbstretch_row_content_no_spaces\u00bb][vc_column width=\u00bb1\/3&#8243; offset=\u00bbvc_hidden-xs\u00bb][vc_single_image image=\u00bb12326&#8243; img_size=\u00bbfull\u00bb][\/vc_column][vc_column width=\u00bb1\/3&#8243; offset=\u00bbvc_hidden-xs\u00bb][vc_single_image image=\u00bb12015&#8243; img_size=\u00bbfull\u00bb alignment=\u00bbcenter\u00bb][\/vc_column][vc_column width=\u00bb1\/3&#8243; offset=\u00bbvc_hidden-xs\u00bb][vc_single_image image=\u00bb12330&#8243; img_size=\u00bbfull\u00bb alignment=\u00bbcenter\u00bb][\/vc_column][\/vc_row][vc_row][vc_column][vc_row_inner][vc_column_inner][\/vc_column_inner][\/vc_row_inner][vc_column_text]<\/p>\n<h3 style=\"text-align: center;\">Personaliza el embalaje: envolturas termorretr\u00e1ctiles, etiquetas y cajas<\/h3>\n<p>[\/vc_column_text][vc_row_inner][vc_column_inner][\/vc_column_inner][\/vc_row_inner][\/vc_column][\/vc_row][vc_row el_class=\u00bbriga-testo-due-colonne\u00bb][vc_column width=\u00bb1\/2&#8243; offset=\u00bbvc_col-lg-offset-1 vc_col-lg-5 vc_col-md-offset-1 vc_col-md-5&#8243;][vc_column_text el_class=\u00bbjustified\u00bb]<\/p>\n<h4>Personaliza el embalaje<\/h4>\n<p>Un embalaje de calidad garantiza protecci\u00f3n adicional al producto, lo hace atractivo y asegura un transporte seguro. Fabo permite elegir dentro de una gama de soluciones:<\/p>\n<ul>\n<li><strong>embalajes para rollos individuales <\/strong><\/li>\n<li><strong>embalaje m\u00faltiple: <\/strong>\n<ul>\n<li><strong>torre<\/strong><\/li>\n<li><strong>concertina<\/strong><\/li>\n<li><strong>base plana<\/strong><\/li>\n<\/ul>\n<\/li>\n<\/ul>\n<p>[\/vc_column_text][\/vc_column][vc_column width=\u00bb1\/2&#8243; offset=\u00bbvc_col-lg-5 vc_col-md-5&#8243;][vc_single_image image=\u00bb15051&#8243; img_size=\u00bbfull\u00bb el_class=\u00bbmiddle-right-logo-icon\u00bb][vc_gallery interval=\u00bb3&#8243; images=\u00bb15232,15222,15227&#8243; img_size=\u00bbmedium\u00bb][\/vc_column][\/vc_row][vc_row el_class=\u00bbriga-testo-due-colonne\u00bb][vc_column width=\u00bb1\/2&#8243; offset=\u00bbvc_col-lg-offset-1 vc_col-lg-5 vc_col-md-offset-1 vc_col-md-5&#8243;][vc_single_image image=\u00bb15051&#8243; img_size=\u00bbfull\u00bb el_class=\u00bbtop-left-logo-icon\u00bb][vc_gallery interval=\u00bb3&#8243; images=\u00bb15238,15243,15248&#8243; img_size=\u00bbmedium\u00bb][\/vc_column][vc_column width=\u00bb1\/2&#8243; offset=\u00bbvc_col-lg-5 vc_col-md-5&#8243;][vc_column_text el_class=\u00bbjustified\u00bb]<\/p>\n<h4>Elige tu etiqueta<\/h4>\n<p>La etiqueta suele ser dise\u00f1ada y desarrollada por el cliente seg\u00fan el formato del embalaje, pudiendo elegir entre una variedad de opciones de etiquetado que ofrece Fabo: <strong>etiquetas con c\u00f3digo de barras<\/strong> en blanco y negro o color en varios formatos,<strong> etiqueta media luna<\/strong>, redonda o rectangular lateral.<br \/>\nTambi\u00e9n es posible realizar un embalaje individual con <strong>sleeve completamente impresa<\/strong>, lo m\u00e1ximo en t\u00e9rminos de atractivo e identificaci\u00f3n de marketing.[\/vc_column_text][\/vc_column][\/vc_row][vc_row el_class=\u00bbriga-testo-due-colonne\u00bb][vc_column width=\u00bb1\/2&#8243; offset=\u00bbvc_col-lg-offset-1 vc_col-lg-5 vc_col-md-offset-1 vc_col-md-5&#8243;][vc_column_text el_class=\u00bbjustified\u00bb]<\/p>\n<h4>Define las cajas de env\u00edo<\/h4>\n<p>Las cajas con las que se env\u00edan los productos son m\u00e1s que una simple herramienta para garantizar la seguridad durante el transporte. Pueden transmitir mensajes y comunicar valores.<br \/>\nPor ello es posible personalizar las cajas con las que se env\u00edan los productos, pudiendo elegir entre:<\/p>\n<ul>\n<li><strong>caja de color marr\u00f3n<\/strong><\/li>\n<li><strong>caja de color blanca<\/strong><\/li>\n<li><strong>caja personalizada con el propio logo.<\/strong><\/li>\n<\/ul>\n<p>[\/vc_column_text][\/vc_column][vc_column width=\u00bb1\/2&#8243; offset=\u00bbvc_col-lg-5 vc_col-md-5&#8243;][vc_single_image image=\u00bb15051&#8243; img_size=\u00bbfull\u00bb el_class=\u00bbbottom-right-logo-icon\u00bb][vc_gallery interval=\u00bb3&#8243; images=\u00bb15253,15258,15263&#8243; img_size=\u00bbmedium\u00bb][\/vc_column][\/vc_row]<\/p>\n","protected":false},"excerpt":{"rendered":"<p>[vc_row el_class=\u00bbriga-testo-due-colonne\u00bb][vc_column width=\u00bb1\/2&#8243; offset=\u00bbvc_col-lg-offset-1 vc_col-lg-5 vc_col-md-offset-1 vc_col-md-5&#8243;][vc_column_text] Marca privada, personalizaci\u00f3n y embalaje [\/vc_column_text][\/vc_column][vc_column width=\u00bb1\/2&#8243; offset=\u00bbvc_col-lg-5 vc_col-md-5&#8243;][vc_column_text el_class=\u00bbjustified\u00bb]Fabo pone a disposici\u00f3n su experiencia, conocimiento del mercado de la cinta adhesiva y&#8230;<\/p>\n","protected":false},"author":3,"featured_media":14005,"parent":0,"menu_order":0,"comment_status":"closed","ping_status":"closed","template":"","meta":{"_acf_changed":false,"footnotes":""},"tags":[230],"class_list":["post-14004","page","type-page","status-publish","has-post-thumbnail","hentry","tag-restyling-es"],"acf":[],"_links":{"self":[{"href":"https:\/\/staging.fabotape.com\/es\/wp-json\/wp\/v2\/pages\/14004","targetHints":{"allow":["GET"]}}],"collection":[{"href":"https:\/\/staging.fabotape.com\/es\/wp-json\/wp\/v2\/pages"}],"about":[{"href":"https:\/\/staging.fabotape.com\/es\/wp-json\/wp\/v2\/types\/page"}],"author":[{"embeddable":true,"href":"https:\/\/staging.fabotape.com\/es\/wp-json\/wp\/v2\/users\/3"}],"replies":[{"embeddable":true,"href":"https:\/\/staging.fabotape.com\/es\/wp-json\/wp\/v2\/comments?post=14004"}],"version-history":[{"count":4,"href":"https:\/\/staging.fabotape.com\/es\/wp-json\/wp\/v2\/pages\/14004\/revisions"}],"predecessor-version":[{"id":15454,"href":"https:\/\/staging.fabotape.com\/es\/wp-json\/wp\/v2\/pages\/14004\/revisions\/15454"}],"wp:featuredmedia":[{"embeddable":true,"href":"https:\/\/staging.fabotape.com\/es\/wp-json\/wp\/v2\/media\/14005"}],"wp:attachment":[{"href":"https:\/\/staging.fabotape.com\/es\/wp-json\/wp\/v2\/media?parent=14004"}],"wp:term":[{"taxonomy":"post_tag","embeddable":true,"href":"https:\/\/staging.fabotape.com\/es\/wp-json\/wp\/v2\/tags?post=14004"}],"curies":[{"name":"wp","href":"https:\/\/api.w.org\/{rel}","templated":true}]}}