{"id":13997,"date":"2025-08-25T18:40:10","date_gmt":"2025-08-25T16:40:10","guid":{"rendered":"https:\/\/staging.fabotape.com\/logistica\/"},"modified":"2025-08-25T18:40:11","modified_gmt":"2025-08-25T16:40:11","slug":"logistica","status":"publish","type":"page","link":"https:\/\/staging.fabotape.com\/es\/logistica\/","title":{"rendered":"Logistica"},"content":{"rendered":"<p>[vc_row el_class=\u00bbriga-testo-due-colonne\u00bb][vc_column width=\u00bb1\/2&#8243; offset=\u00bbvc_col-lg-offset-1 vc_col-lg-5 vc_col-md-offset-1 vc_col-md-5&#8243;][vc_column_text]<\/p>\n<h3>Una realidad italiana y una red log\u00edstica distribuida en <strong>m\u00e1s de 40 pa\u00edses en el mundo<\/strong>.<\/h3>\n<p>[\/vc_column_text][\/vc_column][vc_column width=\u00bb1\/2&#8243; offset=\u00bbvc_col-lg-5 vc_col-md-5&#8243;][vc_column_text]<strong>Fabo es sin\u00f3nimo de calidad, fiabilidad, tecnolog\u00eda avanzada, investigaci\u00f3n y desarrollo continuo. Una empresa italiana que suministra productos en m\u00e1s de 40 pa\u00edses distribuidos en el mundo.   <\/strong><\/p>\n<p>Precisamente por la cantidad de pa\u00edses que atendemos, la log\u00edstica en Fabo tiene una importancia estrat\u00e9gica fundamental. Contamos con dos almacenes: uno destinado a materias primas y semielaborados y otro para los env\u00edos. Este \u00faltimo, de m\u00e1s de 2000 metros cuadrados, fue renovado a finales de 2023 para garantizar el almacenamiento del producto terminado y ofrecer y mejorar el servicio que ofrecemos a nuestros clientes. [\/vc_column_text][\/vc_column][\/vc_row][vc_row full_width=\u00bbstretch_row_content_no_spaces\u00bb css=\u00bb.vc_custom_1517585631807{margin-top: 60px !important;margin-bottom: 60px !important;}\u00bb][vc_column width=\u00bb1\/3&#8243; offset=\u00bbvc_hidden-xs\u00bb][vc_single_image image=\u00bb468&#8243; img_size=\u00bbfull\u00bb][\/vc_column][vc_column width=\u00bb1\/3&#8243; offset=\u00bbvc_hidden-xs\u00bb][vc_single_image image=\u00bb469&#8243; img_size=\u00bbfull\u00bb][\/vc_column][vc_column width=\u00bb1\/3&#8243;][vc_single_image image=\u00bb470&#8243; img_size=\u00bbfull\u00bb][\/vc_column][\/vc_row][vc_row css=\u00bb.vc_custom_1517330603003{margin-bottom: 30px !important;}\u00bb][vc_column][vc_row_inner][vc_column_inner offset=\u00bbvc_col-lg-offset-3 vc_col-lg-6 vc_col-md-offset-1 vc_col-md-10&#8243;][vc_column_text el_class=\u00bblabel-riga label-a-capo text-center\u00bb]SERVICIOS FABO[\/vc_column_text][vc_column_text el_class=\u00bbtext-center\u00bb]<\/p>\n<h3><strong>Experiencia del personal<br \/>\ny servicio al cliente.<\/strong><\/h3>\n<p>[\/vc_column_text][vc_column_text el_class=\u00bbtext-center\u00bb css=\u00bb.vc_custom_1517584941607{margin-bottom: 60px !important;}\u00bb]<strong>La asistencia al cliente se gestiona con eficiencia y celeridad<\/strong>, con una atenci\u00f3n constante a las necesidades manifestadas en cada fase pre y postventa: desde la identificaci\u00f3n del producto m\u00e1s adecuado hasta la personalizaci\u00f3n de la cinta y los consejos sobre el uso y almacenamiento de los productos. [\/vc_column_text][\/vc_column_inner][\/vc_row_inner][vc_row_inner equal_height=\u00bbyes\u00bb content_placement=\u00bbtop\u00bb][vc_column_inner el_class=\u00bbpot-green\u00bb width=\u00bb1\/3&#8243;][vc_single_image image=\u00bb486&#8243; img_size=\u00bbfull\u00bb alignment=\u00bbcenter\u00bb][vc_column_text]<strong>Personalizaci\u00f3n completa<\/strong> desde el producto hasta el embalaje final.[\/vc_column_text][\/vc_column_inner][vc_column_inner el_class=\u00bbpot-green pot-green-middle\u00bb width=\u00bb1\/3&#8243;][vc_single_image image=\u00bb487&#8243; img_size=\u00bbfull\u00bb alignment=\u00bbcenter\u00bb][vc_column_text]Almac\u00e9n con disponibilidad de cintas neutras para entregas <strong>justo a tiempo<\/strong>.[\/vc_column_text][\/vc_column_inner][vc_column_inner el_class=\u00bbpot-green\u00bb width=\u00bb1\/3&#8243;][vc_single_image image=\u00bb488&#8243; img_size=\u00bbfull\u00bb alignment=\u00bbcenter\u00bb][vc_column_text]El <strong>servicio de atenci\u00f3n al cliente es gestionado de forma eficiente y r\u00e1pida<\/strong> por el departamento de Atenci\u00f3n al Cliente, promoviendo una alta fidelizaci\u00f3n de los clientes.[\/vc_column_text][\/vc_column_inner][\/vc_row_inner][\/vc_column][\/vc_row]<\/p>\n","protected":false},"excerpt":{"rendered":"<p>[vc_row el_class=\u00bbriga-testo-due-colonne\u00bb][vc_column width=\u00bb1\/2&#8243; offset=\u00bbvc_col-lg-offset-1 vc_col-lg-5 vc_col-md-offset-1 vc_col-md-5&#8243;][vc_column_text] Una realidad italiana y una red log\u00edstica distribuida en m\u00e1s de 40 pa\u00edses en el mundo. [\/vc_column_text][\/vc_column][vc_column width=\u00bb1\/2&#8243; offset=\u00bbvc_col-lg-5 vc_col-md-5&#8243;][vc_column_text]Fabo es sin\u00f3nimo de&#8230;<\/p>\n","protected":false},"author":3,"featured_media":13998,"parent":0,"menu_order":0,"comment_status":"closed","ping_status":"closed","template":"","meta":{"_acf_changed":false,"footnotes":""},"tags":[],"class_list":["post-13997","page","type-page","status-publish","has-post-thumbnail","hentry"],"acf":[],"_links":{"self":[{"href":"https:\/\/staging.fabotape.com\/es\/wp-json\/wp\/v2\/pages\/13997","targetHints":{"allow":["GET"]}}],"collection":[{"href":"https:\/\/staging.fabotape.com\/es\/wp-json\/wp\/v2\/pages"}],"about":[{"href":"https:\/\/staging.fabotape.com\/es\/wp-json\/wp\/v2\/types\/page"}],"author":[{"embeddable":true,"href":"https:\/\/staging.fabotape.com\/es\/wp-json\/wp\/v2\/users\/3"}],"replies":[{"embeddable":true,"href":"https:\/\/staging.fabotape.com\/es\/wp-json\/wp\/v2\/comments?post=13997"}],"version-history":[{"count":2,"href":"https:\/\/staging.fabotape.com\/es\/wp-json\/wp\/v2\/pages\/13997\/revisions"}],"predecessor-version":[{"id":14000,"href":"https:\/\/staging.fabotape.com\/es\/wp-json\/wp\/v2\/pages\/13997\/revisions\/14000"}],"wp:featuredmedia":[{"embeddable":true,"href":"https:\/\/staging.fabotape.com\/es\/wp-json\/wp\/v2\/media\/13998"}],"wp:attachment":[{"href":"https:\/\/staging.fabotape.com\/es\/wp-json\/wp\/v2\/media?parent=13997"}],"wp:term":[{"taxonomy":"post_tag","embeddable":true,"href":"https:\/\/staging.fabotape.com\/es\/wp-json\/wp\/v2\/tags?post=13997"}],"curies":[{"name":"wp","href":"https:\/\/api.w.org\/{rel}","templated":true}]}}