{"id":13976,"date":"2025-08-08T18:58:28","date_gmt":"2025-08-08T16:58:28","guid":{"rendered":"https:\/\/staging.fabotape.com\/alianzas\/"},"modified":"2025-11-04T16:55:04","modified_gmt":"2025-11-04T15:55:04","slug":"alianzas","status":"publish","type":"page","link":"https:\/\/staging.fabotape.com\/es\/alianzas\/","title":{"rendered":"Alianzas"},"content":{"rendered":"<p>[vc_row el_class=\u00bbriga-storia\u00bb][vc_column offset=\u00bbvc_col-lg-offset-1 vc_col-lg-10 vc_col-md-offset-1 vc_col-md-10&#8243; el_class=\u00bbpage-intro\u00bb][vc_column_text css_animation=\u00bbfadeInDown\u00bb el_class=\u00bbjustified\u00bb]<\/p>\n<h2 style=\"text-align: center;\">Deporte, cultura y acci\u00f3n social:<\/h2>\n<h4 style=\"text-align: center;\">la valorizaci\u00f3n de nuestro territorio<\/h4>\n<p>Creemos que invertir en el deporte, la cultura y la acci\u00f3n social es una forma importante de apoyar al territorio y promover los valores que nos representan.<br \/>\n<span style=\"text-align: center;\">La cultura enriquece a la sociedad, nos permite conocer el pasado y comprender el presente.<br \/>El deporte nos ense\u00f1a el valor de la competici\u00f3n, la disciplina y el trabajo en equipo.<br \/>El compromiso social, por su parte, contribuye a una sociedad m\u00e1s civilizada, justa y sostenible.  <\/span><\/p>\n<p>[\/vc_column_text][vc_row_inner el_class=\u00bbdivider-row\u00bb][vc_column_inner][\/vc_column_inner][\/vc_row_inner][\/vc_column][\/vc_row][vc_row css_animation=\u00bbfadeInRight\u00bb el_class=\u00bbriga-testo-due-colonne\u00bb][vc_column width=\u00bb1\/2&#8243; offset=\u00bbvc_col-lg-offset-1 vc_col-lg-5 vc_col-md-offset-1 vc_col-md-5&#8243;][vc_single_image image=\u00bb11514&#8243; img_size=\u00bbfull\u00bb alignment=\u00bbcenter\u00bb onclick=\u00bbcustom_link\u00bb img_link_target=\u00bb_blank\u00bb css_animation=\u00bbfadeIn\u00bb link=\u00bbhttps:\/\/heronsbasket.it\/\u00bb][\/vc_column][vc_column width=\u00bb1\/2&#8243; offset=\u00bbvc_col-lg-5 vc_col-md-5&#8243;][vc_column_text css_animation=\u00bbfadeIn\u00bb el_class=\u00bbjustified\u00bb]<\/p>\n<h3>FABO Herons<\/h3>\n<p>Fabo es el patrocinador principal de uno de los equipos de baloncesto de Montecatini, <em>FABO Herons Montecatini<\/em>, que compite en la Serie B del campeonato italiano.<br \/>El club fue fundado en 2023 tras la fusi\u00f3n de dos equipos hist\u00f3ricos de la zona: <em>Gema Montecatini<\/em> y <em>Montecatini Terme Basket<\/em>. Hoy representa un punto de referencia importante para el baloncesto en la zona de Valdinievole.<br \/>\nEstamos orgullosos de apoyar a un equipo que encarna los valores de <strong>pasi\u00f3n <\/strong>y <strong>excelencia <\/strong>que compartimos, y que representa una esperanza para el futuro del baloncesto en nuestro territorio.[\/vc_column_text][\/vc_column][\/vc_row][vc_row css_animation=\u00bbfadeInLeft\u00bb el_class=\u00bbriga-testo-due-colonne swap-on-mobile\u00bb][vc_column width=\u00bb1\/2&#8243; offset=\u00bbvc_col-lg-offset-1 vc_col-lg-5 vc_col-md-offset-1 vc_col-md-5&#8243;][vc_column_text css_animation=\u00bbfadeIn\u00bb el_class=\u00bbjustified\u00bb]<\/p>\n<h3>G.P. Industria e Artigianato<\/h3>\n<p>El Gran Premio Industria e Artigianato <span class=\"citation-0 citation-end-0\">es una carrera de ciclismo en ruta que se celebra cada a\u00f1o en la ciudad de Larciano.<br \/>Es la segunda competici\u00f3n ciclista m\u00e1s importante de Italia despu\u00e9s del Giro d\u2019Italia.<br \/>El recorrido var\u00eda cada a\u00f1o, pero generalmente incluye un circuito de unos 150 km que pasa por los municipios de Larciano, Lamporecchio, Monsummano Terme, Montecatini Terme y Pieve a Nievole.<br \/>Ha sido ganada por algunos de los m\u00e1s grandes ciclistas italianos de todos los tiempos, como Gino Bartali, Fausto Coppi, Marco Pantani y Vincenzo Nibali.   <\/span>[\/vc_column_text][\/vc_column][vc_column width=\u00bb1\/2&#8243; offset=\u00bbvc_col-lg-5 vc_col-md-5&#8243;][vc_single_image image=\u00bb11518&#8243; img_size=\u00bbfull\u00bb alignment=\u00bbcenter\u00bb onclick=\u00bbcustom_link\u00bb img_link_target=\u00bb_blank\u00bb css_animation=\u00bbfadeIn\u00bb link=\u00bbhttps:\/\/ciclismolarcianese.it\/\u00bb][\/vc_column][\/vc_row][vc_row css_animation=\u00bbfadeInRight\u00bb el_class=\u00bbriga-testo-due-colonne\u00bb][vc_column width=\u00bb1\/2&#8243; offset=\u00bbvc_col-lg-offset-1 vc_col-lg-5 vc_col-md-offset-1 vc_col-md-5&#8243;][vc_single_image image=\u00bb11532&#8243; alignment=\u00bbcenter\u00bb onclick=\u00bbcustom_link\u00bb img_link_target=\u00bb_blank\u00bb link=\u00bbhttps:\/\/www.pistoiamusei.it\/\u00bb][\/vc_column][vc_column width=\u00bb1\/2&#8243; offset=\u00bbvc_col-lg-5 vc_col-md-5&#8243;][vc_column_text css_animation=\u00bbfadeIn\u00bb el_class=\u00bbjustified\u00bb]<\/p>\n<h3>Pistoia Musei<\/h3>\n<p>Pistoia Musei es una red de museos que gestiona cuatro espacios culturales en el centro hist\u00f3rico de Pistoia.<br \/>La red fue creada  <span class=\"citation-0 citation-end-0\">en 2019 por iniciativa de la <strong>Fondazione Caript<\/strong> y desde 2021 est\u00e1 acreditada dentro del <strong>Sistema Nacional de Museos<\/strong>. En 2023 se convirti\u00f3 en la Fondazione Pistoia Musei <\/span> ETS.<br \/>\nFabo apoya esta realidad como <em>patrocinador Premium<\/em>, creyendo en la posibilidad de generar conexiones entre la investigaci\u00f3n y la comunidad, entre el pasado y el presente, entre lo local y lo global.<br \/>\nLa red organiza una amplia variedad de eventos y actividades culturales como exposiciones, visitas guiadas, talleres y conferencias. Adem\u00e1s, colabora con otras instituciones culturales, tanto italianas como internacionales, para <strong>promover la cultura y el turismo en Pistoia<\/strong>.[\/vc_column_text][\/vc_column][\/vc_row][vc_row css_animation=\u00bbfadeInLeft\u00bb el_class=\u00bbriga-testo-due-colonne swap-on-mobile\u00bb][vc_column width=\u00bb1\/2&#8243; offset=\u00bbvc_col-lg-offset-1 vc_col-lg-5 vc_col-md-offset-1 vc_col-md-5&#8243;][vc_column_text css_animation=\u00bbfadeIn\u00bb el_class=\u00bbjustified\u00bb]<\/p>\n<h3>Dynamo Camp<\/h3>\n<p>Dynamo Camp es un centro gratuito de terapia recreativa para ni\u00f1os y adolescentes con enfermedades graves o cr\u00f3nicas.<br \/>Las actividades est\u00e1n dise\u00f1adas para fomentar el bienestar f\u00edsico, emocional y social de los ni\u00f1os y sus familias, y se desarrollan en cuatro \u00e1reas principales: aprendizaje, arte, interacci\u00f3n social y actividad f\u00edsica.<br \/>Estamos orgullosos de apoyar a Dynamo Camp y de contribuir a su importante labor.<br \/>Esta colaboraci\u00f3n es una expresi\u00f3n concreta de nuestro compromiso con la responsabilidad social empresarial y con la promoci\u00f3n del bienestar infantil.[\/vc_column_text][\/vc_column][vc_column width=\u00bb1\/2&#8243; offset=\u00bbvc_col-lg-5 vc_col-md-5&#8243;][vc_single_image image=\u00bb11536&#8243; img_size=\u00bbfull\u00bb alignment=\u00bbcenter\u00bb onclick=\u00bbcustom_link\u00bb img_link_target=\u00bb_blank\u00bb css_animation=\u00bbfadeIn\u00bb link=\u00bbhttps:\/\/www.dynamocamp.org\/\u00bb][\/vc_column][\/vc_row][vc_row disable_element=\u00bbyes\u00bb el_class=\u00bbriga-storia\u00bb][vc_column offset=\u00bbvc_col-lg-offset-1 vc_col-lg-10 vc_col-md-offset-1 vc_col-md-10&#8243;][vc_separator color=\u00bbcustom\u00bb border_width=\u00bb2&#8243; css_animation=\u00bbfadeIn\u00bb accent_color=\u00bb#00a786&#8243;][vc_column_text el_class=\u00bbtext-center\u00bb]<\/p>\n<h2 style=\"text-align: center;\">Cualquier p\u00e1rrafo de texto adicional<\/h2>\n<p style=\"text-align: center;\">Contenido para un p\u00e1rrafo de texto adicional<\/p>\n<p>[\/vc_column_text][\/vc_column][\/vc_row]<\/p>\n","protected":false},"excerpt":{"rendered":"<p>[vc_row el_class=\u00bbriga-storia\u00bb][vc_column offset=\u00bbvc_col-lg-offset-1 vc_col-lg-10 vc_col-md-offset-1 vc_col-md-10&#8243; el_class=\u00bbpage-intro\u00bb][vc_column_text css_animation=\u00bbfadeInDown\u00bb el_class=\u00bbjustified\u00bb] Deporte, cultura y acci\u00f3n social: la valorizaci\u00f3n de nuestro territorio Creemos que invertir en el deporte, la cultura y la acci\u00f3n&#8230;<\/p>\n","protected":false},"author":7,"featured_media":13977,"parent":0,"menu_order":0,"comment_status":"closed","ping_status":"closed","template":"","meta":{"_acf_changed":false,"footnotes":""},"tags":[230],"class_list":["post-13976","page","type-page","status-publish","has-post-thumbnail","hentry","tag-restyling-es"],"acf":[],"_links":{"self":[{"href":"https:\/\/staging.fabotape.com\/es\/wp-json\/wp\/v2\/pages\/13976","targetHints":{"allow":["GET"]}}],"collection":[{"href":"https:\/\/staging.fabotape.com\/es\/wp-json\/wp\/v2\/pages"}],"about":[{"href":"https:\/\/staging.fabotape.com\/es\/wp-json\/wp\/v2\/types\/page"}],"author":[{"embeddable":true,"href":"https:\/\/staging.fabotape.com\/es\/wp-json\/wp\/v2\/users\/7"}],"replies":[{"embeddable":true,"href":"https:\/\/staging.fabotape.com\/es\/wp-json\/wp\/v2\/comments?post=13976"}],"version-history":[{"count":4,"href":"https:\/\/staging.fabotape.com\/es\/wp-json\/wp\/v2\/pages\/13976\/revisions"}],"predecessor-version":[{"id":14687,"href":"https:\/\/staging.fabotape.com\/es\/wp-json\/wp\/v2\/pages\/13976\/revisions\/14687"}],"wp:featuredmedia":[{"embeddable":true,"href":"https:\/\/staging.fabotape.com\/es\/wp-json\/wp\/v2\/media\/13977"}],"wp:attachment":[{"href":"https:\/\/staging.fabotape.com\/es\/wp-json\/wp\/v2\/media?parent=13976"}],"wp:term":[{"taxonomy":"post_tag","embeddable":true,"href":"https:\/\/staging.fabotape.com\/es\/wp-json\/wp\/v2\/tags?post=13976"}],"curies":[{"name":"wp","href":"https:\/\/api.w.org\/{rel}","templated":true}]}}