{"id":1906,"date":"2021-03-25T10:36:51","date_gmt":"2021-03-25T09:36:51","guid":{"rendered":"https:\/\/staging.fabotape.com\/?page_id=1906"},"modified":"2023-02-16T12:23:09","modified_gmt":"2023-02-16T11:23:09","slug":"natural-gummed-tape-water-ativated-tape","status":"publish","type":"page","link":"https:\/\/staging.fabotape.com\/en\/products-old\/natural-gummed-tape-water-ativated-tape\/","title":{"rendered":"Natural Gummed Tape- Water-Activated Tape"},"content":{"rendered":"<p>[vc_row][vc_column][vc_raw_html]JTNDYSUyMGhyZWYlM0QlMjIlMkZwcm9kb3R0aSUyMiUyMGNsYXNzJTNEJTIyYmFjay10by1wcm9kb3R0aSUyMiUzRVRvcm5hJTIwYWklMjBwcm9kb3R0aSUzQyUyRmElM0U=[\/vc_raw_html][\/vc_column][\/vc_row][vc_row el_class=&#8221;riga-testo-due-colonne&#8221;][vc_column width=&#8221;1\/2&#8243; offset=&#8221;vc_col-lg-offset-1 vc_col-lg-5 vc_col-md-offset-1 vc_col-md-5&#8243;][vc_column_text]<\/p>\n<h3><strong>The new versatile adhesive solution<\/strong> for production and distribution companies.<\/h3>\n<p>[\/vc_column_text][\/vc_column][vc_column width=&#8221;1\/2&#8243; offset=&#8221;vc_col-lg-5 vc_col-md-5&#8243;][vc_column_text]<strong>The new FABO natural gummed tape is recyclable, with vegetable glue, made with corn or potatoes starch and Water Activated paper. Ideal for closing, sealing and labelling packages and boxes. <\/strong><\/p>\n<p>It is perfect for both manual and automatic taping machines, both for small and large production volumes.<br \/>\nIt\u2019s a natural anti-tampering: once the adhesive paper seals the package, it tears the cardboard surface when broken, revealing any attempt to open it.<br \/>\nFlexographic printing allows you to add an original touch, with different elements such as QR codes or guilloch\u00e9 printed in high quality along the entire length of the tape.[\/vc_column_text][\/vc_column][\/vc_row][vc_row gap=&#8221;35&#8243; el_class=&#8221;riga-altri-prodotti tre-per-row&#8221;][vc_column width=&#8221;1\/4&#8243;][vc_single_image image=&#8221;3709&#8243; img_size=&#8221;full&#8221;][vc_column_text el_class=&#8221;altro-prodotto-codice&#8221;]<\/p>\n<h6>460 Natural gummed paper &#8211; Brown<\/h6>\n<p>[\/vc_column_text][vc_column_text]Brown coloured natural gummed paper, recyclable, ideal for sealing packaging. Customisable with high-quality printing.[\/vc_column_text][\/vc_column][vc_column width=&#8221;1\/4&#8243;][vc_single_image image=&#8221;3717&#8243; img_size=&#8221;full&#8221;][vc_column_text el_class=&#8221;altro-prodotto-codice&#8221;]<\/p>\n<h6>461 Natural gummed paper &#8211; White<\/h6>\n<p>[\/vc_column_text][vc_column_text]White coloured natural gummed paper, recyclable, ideal for sealing packaging. Customisable with high-quality printing.[\/vc_column_text][\/vc_column][vc_column width=&#8221;1\/4&#8243;][vc_single_image image=&#8221;3729&#8243; img_size=&#8221;full&#8221;][vc_column_text el_class=&#8221;altro-prodotto-codice&#8221;]<\/p>\n<h6>465 Reinforced natural gummed paper &#8211; Brown<\/h6>\n<p>[\/vc_column_text][vc_column_text]Brown coloured natural gummed paper with internal multifilament glass fibre reinforcement. Recyclable and customisable with high-quality\u00a0 printing.[\/vc_column_text][\/vc_column][vc_column width=&#8221;1\/4&#8243;][vc_single_image image=&#8221;3725&#8243; img_size=&#8221;full&#8221; alignment=&#8221;center&#8221;][vc_column_text]<\/p>\n<h6>466 Reinforced natural gummed paper &#8211; White<\/h6>\n<p>[\/vc_column_text][vc_column_text]White coloured natural gummed paper with internal multifilament glass fibre reinforcement. Recyclable and customisable with high-quality printing.[\/vc_column_text][\/vc_column][\/vc_row][vc_row disable_element=&#8221;yes&#8221;][vc_column el_class=&#8221;text-center riga-btn-scheda&#8221;][\/vc_column][\/vc_row][vc_row][vc_column]<div class=\" ubtn-ctn-center btn btn-sfumato-verde\"><a class=\"ubtn-link ult-adjust-bottom-margin ubtn-center ubtn-normal btn btn-sfumato-verde\" href=\"https:\/\/staging.fabotape.com\/en\/contact-us\/\"title=\"INFORMATION REQUEST\"><button type=\"button\" id=\"ubtn-4528\" class=\"ubtn ult-adjust-bottom-margin ult-responsive ubtn-normal ubtn-no-hover-bg  none  ubtn-center   tooltip-69e01c186a63c\"  data-hover=\"\" data-border-color=\"\" data-bg=\"#00ab84\" data-hover-bg=\"\" data-border-hover=\"\" data-shadow-hover=\"\" data-shadow-click=\"none\" data-shadow=\"\" data-shd-shadow=\"\"  data-ultimate-target='#ubtn-4528'  data-responsive-json-new='{\"font-size\":\"\",\"line-height\":\"\"}'  style=\"font-weight:normal;border:none;background: #00ab84;color: #253746;\"><span class=\"ubtn-hover\" style=\"background-color:\"><\/span><span class=\"ubtn-data ubtn-text \" >INFORMATION REQUEST<\/span><\/button><\/a><\/div>[vc_empty_space height=&#8221;62px&#8221;][\/vc_column][\/vc_row][vc_row full_width=&#8221;stretch_row&#8221; disable_element=&#8221;yes&#8221; el_class=&#8221;categoria-seo seo-grigio&#8221;][vc_column][vc_column_text el_class=&#8221;contenuto&#8221;]<\/p>\n<h2>Fabo, produttore di nastri adesivi stampati<\/h2>\n<p>Una delle aree di eccellenza di Fabo come <strong>produttore di nastri adesivi stampati<\/strong> \u00e8 rappresentata dalla <strong>elevata personalizzazione delle soluzioni adesive<\/strong> che \u00e8 possibile realizzare. La personalizzazione dei nastri adesivi Fabo avviene attraverso l\u2019utilizzo delle pi\u00f9 <strong>moderne tecnologie di stampa flessografica e digitale<\/strong>.<\/p>\n<p>Qualit\u00e0 e uniformit\u00e0 dei colori rappresentano sfide importanti che in FABO gestiamo adottando le migliori e pi\u00f9 recenti apparecchiature e tecnologie disponibili sul mercato.<\/p>\n<p>La <strong>precisione di stampa<\/strong> dei colori al 100% permette di <strong>stampare loghi<\/strong>, <strong>marchi<\/strong>, <strong>messaggi<\/strong> e <strong>grafiche speciali<\/strong> ad altissima fedelt\u00e0 sui nastri adesivi. Spettrofotometri di nuova generazione sono la soluzione di misurazione che ci consente di ottenere, in maniera semplice e veloce, il colore giusto. Il software integrato InkFormulation aiuta a migliorare la gestione delle materie prime, semplificare i processi e ridurre i rifiuti pericolosi nel workflow del colore.<\/p>\n<p>Infine una sofisticata mixing station per cucina colori, interfacciandosi con il software, crea il colore con un dosaggio di precisione prossimo al 100% (percentuale di scostamento dello 0.002%).<\/p>\n<p>L\u2019azienda \u00e8 infatti dotata di un <strong>moderno sistema tintometrico e macchinari di stampa<\/strong> che realizzano stampe colorate in quadricromia a qualit\u00e0 fotografica e in tonalit\u00e0 di colore particolari, in base alle richieste specifiche dei clienti, garantendo risultati ottimali.<\/p>\n<p>Fabo pu\u00f2 eseguire \u2013 per una rete clienti che comprende distributori, stampatori, tagliatori, trasformatori di nastro adesivo e grandi industrie &#8211; <strong>stampe in pi\u00f9 colori<\/strong> sia con stampa su dorso che con stampa sandwich su vari supporti inserendo uno o pi\u00f9 loghi e il vostro messaggio secondo le vostre richieste.<\/p>\n<p>La tecnica di stampa sandwich prevede la stampa fra film e adesivo, quindi garantisce la protezione dei testi e loghi stampati (antigraffio). La tipologia di stampa sandwich assicura inoltre ottima qualit\u00e0 nel tempo, alta definizione e svolgimento uniforme.<\/p>\n<p>Per <strong>la massima qualit\u00e0 dei vostri nastri personalizzati<\/strong>, Fabo offre la <strong>soluzione Photo Quality<\/strong> per un risultato di stampa pi\u00f9 vero del vero. I nastri stampati Fabo in Photo Quality ti consentono di comunicare il tuo brand in modo efficace e originale. Grazie alla tecnica di prestampa flessografica in quadricromia, \u00e8 possibile <strong>personalizzare i nastri comunicando ad alta definizione il vostro messaggio o marchio<\/strong>.<\/p>\n<p>I nastri stampati Fabo sono prodotti con adesivo Acrilico base acqua e con adesivo Hot Melt. La <strong>stampa <\/strong>\u00e8 <strong>realizzabile su vari supporti<\/strong>: BOPP, BOPP rinforzato, MOPP (strapping), PE, PET e carta. Per realizzare al meglio i tuoi nastri personalizzati, il reparto grafico di Fabo ti supporta in tutto lo sviluppo del progetto, seguendo la produzione tecnica delle applicazioni grafiche da apporre su nastri adesivi e le altre personalizzazioni disponibili come manicotti, etichette e scatole.[\/vc_column_text][\/vc_column][\/vc_row][vc_row][vc_column width=&#8221;1\/4&#8243;][\/vc_column][vc_column width=&#8221;1\/2&#8243;][vc_video link=&#8221;https:\/\/www.youtube.com\/watch?v=KLTp-BLhXo4&#8243; align=&#8221;center&#8221;][\/vc_column][vc_column width=&#8221;1\/4&#8243;][\/vc_column][\/vc_row]<\/p>\n","protected":false},"excerpt":{"rendered":"<p>Natural gummed paper or Water-Activated Tape. Eco friendly, 100% recyclable, ideal for closing, sealing and labelling packages and boxes.<\/p>\n","protected":false},"author":3,"featured_media":2546,"parent":627,"menu_order":80,"comment_status":"closed","ping_status":"closed","template":"","meta":{"_acf_changed":false,"footnotes":""},"tags":[7],"class_list":["post-1906","page","type-page","status-publish","has-post-thumbnail","hentry","tag-products"],"acf":[],"_links":{"self":[{"href":"https:\/\/staging.fabotape.com\/en\/wp-json\/wp\/v2\/pages\/1906","targetHints":{"allow":["GET"]}}],"collection":[{"href":"https:\/\/staging.fabotape.com\/en\/wp-json\/wp\/v2\/pages"}],"about":[{"href":"https:\/\/staging.fabotape.com\/en\/wp-json\/wp\/v2\/types\/page"}],"author":[{"embeddable":true,"href":"https:\/\/staging.fabotape.com\/en\/wp-json\/wp\/v2\/users\/3"}],"replies":[{"embeddable":true,"href":"https:\/\/staging.fabotape.com\/en\/wp-json\/wp\/v2\/comments?post=1906"}],"version-history":[{"count":14,"href":"https:\/\/staging.fabotape.com\/en\/wp-json\/wp\/v2\/pages\/1906\/revisions"}],"predecessor-version":[{"id":3745,"href":"https:\/\/staging.fabotape.com\/en\/wp-json\/wp\/v2\/pages\/1906\/revisions\/3745"}],"up":[{"embeddable":true,"href":"https:\/\/staging.fabotape.com\/en\/wp-json\/wp\/v2\/pages\/627"}],"wp:featuredmedia":[{"embeddable":true,"href":"https:\/\/staging.fabotape.com\/en\/wp-json\/wp\/v2\/media\/2546"}],"wp:attachment":[{"href":"https:\/\/staging.fabotape.com\/en\/wp-json\/wp\/v2\/media?parent=1906"}],"wp:term":[{"taxonomy":"post_tag","embeddable":true,"href":"https:\/\/staging.fabotape.com\/en\/wp-json\/wp\/v2\/tags?post=1906"}],"curies":[{"name":"wp","href":"https:\/\/api.w.org\/{rel}","templated":true}]}}