{"id":3325,"date":"2022-11-30T07:49:01","date_gmt":"2022-11-30T06:49:01","guid":{"rendered":"https:\/\/staging.fabotape.com\/?page_id=3325"},"modified":"2023-02-16T12:30:51","modified_gmt":"2023-02-16T11:30:51","slug":"natuerliches-gummiertes-papier","status":"publish","type":"page","link":"https:\/\/staging.fabotape.com\/de\/produkte\/natuerliches-gummiertes-papier\/","title":{"rendered":"Nat\u00fcrliches Gummiertes Papier &#8211; Water-Activated Tape"},"content":{"rendered":"<p>[vc_row][vc_column][vc_raw_html]JTNDYSUyMGhyZWYlM0QlMjJkZSUyRnByb2R1a3RlJTIyJTIwY2xhc3MlM0QlMjJiYWNrLXRvLXByb2RvdHRpJTIyJTNFWnVyJUMzJUJDY2slMjB6dSUyMGRlbiUyMFByb2R1a3RlbiUzQyUyRmElM0U=[\/vc_raw_html][\/vc_column][\/vc_row][vc_row el_class=&#8220;riga-testo-due-colonne&#8220;][vc_column width=&#8220;1\/2&#8243; offset=&#8220;vc_col-lg-offset-1 vc_col-lg-5 vc_col-md-offset-1 vc_col-md-5&#8243;][vc_column_text]<\/p>\n<h3><strong>Die neue vielseitige Klebel\u00f6sung f\u00fcr Produktions- und Vertriebsunternehmen.<\/strong><\/h3>\n<p>[\/vc_column_text][\/vc_column][vc_column width=&#8220;1\/2&#8243; offset=&#8220;vc_col-lg-5 vc_col-md-5&#8243;][vc_column_text]<strong>FABO Naturkautschukpapier ist recycelbar und wird aus Mais- oder Kartoffelst\u00e4rke und wasseraktiviertem Pflanzenleim hergestellt.<\/strong><\/p>\n<p>Es ist ideal zum Verschlie\u00dfen, Versiegeln und Etikettieren von Verpackungen und Paketen. Es eignet sich sowohl f\u00fcr manuelle als auch f\u00fcr automatische Verpackungsanlagen sowie f\u00fcr kleine und gro\u00dfe Produktionschargen.<\/p>\n<p>Es bietet eine nat\u00fcrliche Manipulationssicherung, denn sobald das gummierte Papier die Verpackung versiegelt, wird jeder Versuch, sie zu \u00f6ffnen, sichtbar, da die Verpackung beim Aufmachen zerrei\u00dft.<br \/>\nDer flexodruck erm\u00f6glicht es, verschiedene Elemente in hoher Qualit\u00e4t \u00fcber die gesamte Bandl\u00e4nge zu drucken (Logos, Aufdrucke, QR-Codes usw.).[\/vc_column_text][\/vc_column][\/vc_row][vc_row gap=&#8220;35&#8243; el_class=&#8220;riga-altri-prodotti tre-per-row&#8220;][vc_column width=&#8220;1\/4&#8243;][vc_single_image image=&#8220;3711&#8243; img_size=&#8220;full&#8220;][vc_column_text el_class=&#8220;altro-prodotto-codice&#8220;]<\/p>\n<h6>460 Nat\u00fcrliches gummiertes Papier &#8211; Braun<\/h6>\n<p>[\/vc_column_text][vc_column_text]Recycelbares, braunarbenes, nat\u00fcrliches gummiertes Papier, ideal zum Verschlie\u00dfen von Verpackungen.<br \/>\nIndividuell gestaltbar mit hochwertigem druck.[\/vc_column_text][\/vc_column][vc_column width=&#8220;1\/4&#8243;][vc_single_image image=&#8220;3719&#8243; img_size=&#8220;full&#8220;][vc_column_text el_class=&#8220;altro-prodotto-codice&#8220;]<\/p>\n<h6>461 Nat\u00fcrliches gummiertes Papier &#8211; Wei\u00df<\/h6>\n<p>[\/vc_column_text][vc_column_text]Recycelbares, Wei\u00dffarbenes, nat\u00fcrliches gummiertes Papier, ideal zum Verschlie\u00dfen von Verpackungen.<br \/>\nIndividuell gestaltbar mit hochwertigem druck.[\/vc_column_text][\/vc_column][vc_column width=&#8220;1\/4&#8243;][vc_single_image image=&#8220;3731&#8243; img_size=&#8220;full&#8220;][vc_column_text el_class=&#8220;altro-prodotto-codice&#8220;]<\/p>\n<h6>465 Verst\u00e4rktes gummiertes Naturpapier &#8211; Braun<\/h6>\n<p>[\/vc_column_text][vc_column_text]Nat\u00fcrlich gummiertes Papier mit interner Multifilament-Glasfaserverst\u00e4rkung. Recycelbar und mit hochwertigem druck individuell gestaltbar.[\/vc_column_text][\/vc_column][vc_column width=&#8220;1\/4&#8243;][vc_single_image image=&#8220;3727&#8243; img_size=&#8220;full&#8220; alignment=&#8220;center&#8220;][vc_column_text]<\/p>\n<h6>466 Verst\u00e4rktes gummiertes Naturpapier &#8211; Wei\u00df<\/h6>\n<p>[\/vc_column_text][vc_column_text]Nat\u00fcrlich gummiertes Papier mit interner Multifilament-Glasfaserverst\u00e4rkung. Recycelbar und mit hochwertigem druck individuell gestaltbar.[\/vc_column_text][\/vc_column][\/vc_row][vc_row disable_element=&#8220;yes&#8220;][vc_column el_class=&#8220;text-center riga-btn-scheda&#8220;][\/vc_column][\/vc_row][vc_row][vc_column]<div class=\" ubtn-ctn-center btn btn-sfumato-verde\"><a class=\"ubtn-link ult-adjust-bottom-margin ubtn-center ubtn-normal btn btn-sfumato-verde\" href=\"https:\/\/staging.fabotape.com\/de\/kontakte\/\"title=\"Informationen anfordern\"target=\"_blank\"rel=\"noopener\"><button type=\"button\" id=\"ubtn-1594\" class=\"ubtn ult-adjust-bottom-margin ult-responsive ubtn-normal ubtn-no-hover-bg  none  ubtn-center   tooltip-69e0357c527d8\"  data-hover=\"\" data-border-color=\"\" data-bg=\"#00ab84\" data-hover-bg=\"\" data-border-hover=\"\" data-shadow-hover=\"\" data-shadow-click=\"none\" data-shadow=\"\" data-shd-shadow=\"\"  data-ultimate-target='#ubtn-1594'  data-responsive-json-new='{\"font-size\":\"\",\"line-height\":\"\"}'  style=\"font-weight:normal;border:none;background: #00ab84;color: #253746;\"><span class=\"ubtn-hover\" style=\"background-color:\"><\/span><span class=\"ubtn-data ubtn-text \" >Informationen anfordern<\/span><\/button><\/a><\/div>[vc_empty_space height=&#8220;62px&#8220;][\/vc_column][\/vc_row][vc_row full_width=&#8220;stretch_row&#8220; disable_element=&#8220;yes&#8220; el_class=&#8220;categoria-seo seo-grigio&#8220;][vc_column][vc_column_text el_class=&#8220;contenuto&#8220;]<\/p>\n<h2>Fabo, produttore di nastri adesivi stampati<\/h2>\n<p>Una delle aree di eccellenza di Fabo come <strong>produttore di nastri adesivi stampati<\/strong> \u00e8 rappresentata dalla <strong>elevata personalizzazione delle soluzioni adesive<\/strong> che \u00e8 possibile realizzare. La personalizzazione dei nastri adesivi Fabo avviene attraverso l\u2019utilizzo delle pi\u00f9 <strong>moderne tecnologie di stampa flessografica e digitale<\/strong>.<\/p>\n<p>Qualit\u00e0 e uniformit\u00e0 dei colori rappresentano sfide importanti che in FABO gestiamo adottando le migliori e pi\u00f9 recenti apparecchiature e tecnologie disponibili sul mercato.<\/p>\n<p>La <strong>precisione di stampa<\/strong> dei colori al 100% permette di <strong>stampare loghi<\/strong>, <strong>marchi<\/strong>, <strong>messaggi<\/strong> e <strong>grafiche speciali<\/strong> ad altissima fedelt\u00e0 sui nastri adesivi. Spettrofotometri di nuova generazione sono la soluzione di misurazione che ci consente di ottenere, in maniera semplice e veloce, il colore giusto. Il software integrato InkFormulation aiuta a migliorare la gestione delle materie prime, semplificare i processi e ridurre i rifiuti pericolosi nel workflow del colore.<\/p>\n<p>Infine una sofisticata mixing station per cucina colori, interfacciandosi con il software, crea il colore con un dosaggio di precisione prossimo al 100% (percentuale di scostamento dello 0.002%).<\/p>\n<p>L\u2019azienda \u00e8 infatti dotata di un <strong>moderno sistema tintometrico e macchinari di stampa<\/strong> che realizzano stampe colorate in quadricromia a qualit\u00e0 fotografica e in tonalit\u00e0 di colore particolari, in base alle richieste specifiche dei clienti, garantendo risultati ottimali.<\/p>\n<p>Fabo pu\u00f2 eseguire \u2013 per una rete clienti che comprende distributori, stampatori, tagliatori, trasformatori di nastro adesivo e grandi industrie &#8211; <strong>stampe in pi\u00f9 colori<\/strong> sia con stampa su dorso che con stampa sandwich su vari supporti inserendo uno o pi\u00f9 loghi e il vostro messaggio secondo le vostre richieste.<\/p>\n<p>La tecnica di stampa sandwich prevede la stampa fra film e adesivo, quindi garantisce la protezione dei testi e loghi stampati (antigraffio). La tipologia di stampa sandwich assicura inoltre ottima qualit\u00e0 nel tempo, alta definizione e svolgimento uniforme.<\/p>\n<p>Per <strong>la massima qualit\u00e0 dei vostri nastri personalizzati<\/strong>, Fabo offre la <strong>soluzione Photo Quality<\/strong> per un risultato di stampa pi\u00f9 vero del vero. I nastri stampati Fabo in Photo Quality ti consentono di comunicare il tuo brand in modo efficace e originale. Grazie alla tecnica di prestampa flessografica in quadricromia, \u00e8 possibile <strong>personalizzare i nastri comunicando ad alta definizione il vostro messaggio o marchio<\/strong>.<\/p>\n<p>I nastri stampati Fabo sono prodotti con adesivo Acrilico base acqua e con adesivo Hot Melt. La <strong>stampa <\/strong>\u00e8 <strong>realizzabile su vari supporti<\/strong>: BOPP, BOPP rinforzato, MOPP (strapping), PE, PET e carta. Per realizzare al meglio i tuoi nastri personalizzati, il reparto grafico di Fabo ti supporta in tutto lo sviluppo del progetto, seguendo la produzione tecnica delle applicazioni grafiche da apporre su nastri adesivi e le altre personalizzazioni disponibili come manicotti, etichette e scatole.[\/vc_column_text][\/vc_column][\/vc_row][vc_row][vc_column width=&#8220;1\/4&#8243;][\/vc_column][vc_column width=&#8220;1\/2&#8243;][vc_video link=&#8220;https:\/\/www.youtube.com\/watch?v=KLTp-BLhXo4&#8243; align=&#8220;center&#8220;][\/vc_column][vc_column width=&#8220;1\/4&#8243;][\/vc_column][\/vc_row]<\/p>\n","protected":false},"excerpt":{"rendered":"<p>Nat\u00fcrlich gummiertes Papier oder wasseraktiviertes Klebeband. Umweltfreundlich, 100 % recycelbar, ideal zum Verschlie\u00dfen, Versiegeln und Etikettieren von Verpackungen und Kartons.<\/p>\n","protected":false},"author":3,"featured_media":2548,"parent":1452,"menu_order":80,"comment_status":"closed","ping_status":"closed","template":"","meta":{"_acf_changed":false,"footnotes":""},"tags":[],"class_list":["post-3325","page","type-page","status-publish","has-post-thumbnail","hentry"],"acf":[],"_links":{"self":[{"href":"https:\/\/staging.fabotape.com\/de\/wp-json\/wp\/v2\/pages\/3325","targetHints":{"allow":["GET"]}}],"collection":[{"href":"https:\/\/staging.fabotape.com\/de\/wp-json\/wp\/v2\/pages"}],"about":[{"href":"https:\/\/staging.fabotape.com\/de\/wp-json\/wp\/v2\/types\/page"}],"author":[{"embeddable":true,"href":"https:\/\/staging.fabotape.com\/de\/wp-json\/wp\/v2\/users\/3"}],"replies":[{"embeddable":true,"href":"https:\/\/staging.fabotape.com\/de\/wp-json\/wp\/v2\/comments?post=3325"}],"version-history":[{"count":8,"href":"https:\/\/staging.fabotape.com\/de\/wp-json\/wp\/v2\/pages\/3325\/revisions"}],"predecessor-version":[{"id":3747,"href":"https:\/\/staging.fabotape.com\/de\/wp-json\/wp\/v2\/pages\/3325\/revisions\/3747"}],"up":[{"embeddable":true,"href":"https:\/\/staging.fabotape.com\/de\/wp-json\/wp\/v2\/pages\/1452"}],"wp:featuredmedia":[{"embeddable":true,"href":"https:\/\/staging.fabotape.com\/de\/wp-json\/wp\/v2\/media\/2548"}],"wp:attachment":[{"href":"https:\/\/staging.fabotape.com\/de\/wp-json\/wp\/v2\/media?parent=3325"}],"wp:term":[{"taxonomy":"post_tag","embeddable":true,"href":"https:\/\/staging.fabotape.com\/de\/wp-json\/wp\/v2\/tags?post=3325"}],"curies":[{"name":"wp","href":"https:\/\/api.w.org\/{rel}","templated":true}]}}