{"id":1593,"date":"2020-04-28T15:05:30","date_gmt":"2020-04-28T13:05:30","guid":{"rendered":"https:\/\/staging.fabotape.com\/?page_id=1593"},"modified":"2024-06-05T16:43:27","modified_gmt":"2024-06-05T14:43:27","slug":"verstaerkung-und-palettierung","status":"publish","type":"page","link":"https:\/\/staging.fabotape.com\/de\/produkte\/verstaerkung-und-palettierung\/","title":{"rendered":"Verst\u00e4rkung und Palettierung"},"content":{"rendered":"<p>[vc_row][vc_column][vc_raw_html]JTNDYSUyMGhyZWYlM0QlMjIlMkZwcm9kb3R0aSUyMiUyMGNsYXNzJTNEJTIyYmFjay10by1wcm9kb3R0aSUyMiUzRVRvcm5hJTIwYWklMjBwcm9kb3R0aSUzQyUyRmElM0U=[\/vc_raw_html][\/vc_column][\/vc_row][vc_row el_class=&#8220;riga-testo-due-colonne&#8220;][vc_column width=&#8220;1\/2&#8243; offset=&#8220;vc_col-lg-offset-1 vc_col-lg-5 vc_col-md-offset-1 vc_col-md-5&#8243;][vc_column_text]<\/p>\n<h3><strong>Klebeb\u00e4nder zum Verschlie\u00dfen von sehr schweren Verpackungen und zum Palettieren.<\/strong><\/h3>\n<p>[\/vc_column_text][\/vc_column][vc_column width=&#8220;1\/2&#8243; offset=&#8220;vc_col-lg-5 vc_col-md-5&#8243;][vc_column_text]<strong>Verst\u00e4rkte Klebeb\u00e4nder zum Verschlie\u00dfen schwerer Verpackungen und Umreifungsb\u00e4nder zum Palettieren und Umg\u00fcrteln von Verpackungen.<\/strong><\/p>\n<p>Sie werden sowohl mit Hei\u00dfschmelz- als auch mit Acryltechnologie hergestellt und sind in verschiedenen Ausf\u00fchrungen erh\u00e4ltlich.[\/vc_column_text][\/vc_column][\/vc_row][vc_row gap=&#8220;35&#8243; el_class=&#8220;riga-altri-prodotti due-per-row&#8220;][vc_column width=&#8220;1\/3&#8243;][vc_single_image image=&#8220;552&#8243; img_size=&#8220;full&#8220;][vc_column_text el_class=&#8220;altro-prodotto-codice&#8220;]<\/p>\n<h6>510\/515HM- Kreuzgewebe Filamentklebeband<\/h6>\n<p>[\/vc_column_text][vc_column_text]Erh\u00e4ltlich in Kreuzgewebe (510HM) und unidirektionaler (515HM) Ausf\u00fchrung, erm\u00f6glicht es das<br \/>\nVerschlie\u00dfen von sehr schweren Verpackungen und das Zusammenf\u00fcgen verschiedener Artikel[\/vc_column_text][\/vc_column][vc_column width=&#8220;1\/3&#8243;][vc_single_image image=&#8220;2875&#8243; img_size=&#8220;full&#8220;][vc_column_text el_class=&#8220;altro-prodotto-codice&#8220;]<\/p>\n<h6>520 STRAPPING<\/h6>\n<p>[\/vc_column_text][vc_column_text]Selbstklebendes Strappingklebeband f\u00fcr Industrieverpackungen, zur allgemeinen Verst\u00e4rkung und Palettierung,<br \/>\nzur Ladungssicherung mit erheblicher Zeitersparnis im Vergleich zu herk\u00f6mmlichen Stretchfolien. Erh\u00e4ltlich<br \/>\nin Orange, Wei\u00df und Transparent.[\/vc_column_text][\/vc_column][vc_column width=&#8220;1\/3&#8243;][vc_single_image image=&#8220;265&#8243; img_size=&#8220;full&#8220;][vc_column_text el_class=&#8220;altro-prodotto-codice&#8220;]<\/p>\n<h6>530 STRAPPING SCHWARZ<\/h6>\n<p>[\/vc_column_text][vc_column_text]Strappingsklebeband mit erh\u00f6hter Dicke (80 \u03bcm), geeignet f\u00fcr Industrieverpackungen, als allgemeine Verst\u00e4rkung<br \/>\nund f\u00fcr die Palettierung, zur Ladungssicherung mit erheblicher Zeitersparnis im Vergleich zu herk\u00f6mmlichen<br \/>\nStretchfolien.[\/vc_column_text][\/vc_column][\/vc_row][vc_row][vc_column el_class=&#8220;text-center riga-btn-scheda&#8220;]<div class=\" ubtn-ctn-left btn btn-sfumato-verde stge-hide\"><a class=\"ubtn-link ult-adjust-bottom-margin ubtn-left ubtn-normal btn btn-sfumato-verde stge-hide\" href=\"https:\/\/staging.fabotape.com\/de\/technische-daatenblatter\/?r=rinforzo\"><button type=\"button\" id=\"ubtn-6086\" class=\"ubtn ult-adjust-bottom-margin ult-responsive ubtn-normal ubtn-no-hover-bg  none  ubtn-left   tooltip-69e00f2285ac4\"  data-hover=\"\" data-border-color=\"\" data-bg=\"#e0e0e0\" data-hover-bg=\"\" data-border-hover=\"\" data-shadow-hover=\"\" data-shadow-click=\"none\" data-shadow=\"\" data-shd-shadow=\"\"  data-ultimate-target='#ubtn-6086'  data-responsive-json-new='{\"font-size\":\"\",\"line-height\":\"\"}'  style=\"font-weight:normal;border:none;background: #e0e0e0;color: #000000;\"><span class=\"ubtn-hover\" style=\"background-color:\"><\/span><span class=\"ubtn-data ubtn-text \" >ZU DEN TECHNISCHEN DATENBL\u00c4TTERN DER VERST\u00c4RKUNGS- UND UMREIFUNGSLINIE<\/span><\/button><\/a><\/div>[\/vc_column][\/vc_row]<\/p>\n","protected":false},"excerpt":{"rendered":"<p>Verst\u00e4rkte Klebeb\u00e4nder zum Verschlie\u00dfen schwerer Verpackungen und Umreifungsb\u00e4nder zum Palettieren und Umg\u00fcrteln von Verpackungen.<\/p>\n","protected":false},"author":3,"featured_media":2161,"parent":1452,"menu_order":33,"comment_status":"closed","ping_status":"closed","template":"","meta":{"_acf_changed":false,"footnotes":""},"tags":[],"class_list":["post-1593","page","type-page","status-publish","has-post-thumbnail","hentry"],"acf":[],"_links":{"self":[{"href":"https:\/\/staging.fabotape.com\/de\/wp-json\/wp\/v2\/pages\/1593","targetHints":{"allow":["GET"]}}],"collection":[{"href":"https:\/\/staging.fabotape.com\/de\/wp-json\/wp\/v2\/pages"}],"about":[{"href":"https:\/\/staging.fabotape.com\/de\/wp-json\/wp\/v2\/types\/page"}],"author":[{"embeddable":true,"href":"https:\/\/staging.fabotape.com\/de\/wp-json\/wp\/v2\/users\/3"}],"replies":[{"embeddable":true,"href":"https:\/\/staging.fabotape.com\/de\/wp-json\/wp\/v2\/comments?post=1593"}],"version-history":[{"count":7,"href":"https:\/\/staging.fabotape.com\/de\/wp-json\/wp\/v2\/pages\/1593\/revisions"}],"predecessor-version":[{"id":10982,"href":"https:\/\/staging.fabotape.com\/de\/wp-json\/wp\/v2\/pages\/1593\/revisions\/10982"}],"up":[{"embeddable":true,"href":"https:\/\/staging.fabotape.com\/de\/wp-json\/wp\/v2\/pages\/1452"}],"wp:featuredmedia":[{"embeddable":true,"href":"https:\/\/staging.fabotape.com\/de\/wp-json\/wp\/v2\/media\/2161"}],"wp:attachment":[{"href":"https:\/\/staging.fabotape.com\/de\/wp-json\/wp\/v2\/media?parent=1593"}],"wp:term":[{"taxonomy":"post_tag","embeddable":true,"href":"https:\/\/staging.fabotape.com\/de\/wp-json\/wp\/v2\/tags?post=1593"}],"curies":[{"name":"wp","href":"https:\/\/api.w.org\/{rel}","templated":true}]}}