{"id":1561,"date":"2020-04-28T12:54:56","date_gmt":"2020-04-28T10:54:56","guid":{"rendered":"https:\/\/staging.fabotape.com\/?page_id=1561"},"modified":"2022-11-30T08:47:02","modified_gmt":"2022-11-30T07:47:02","slug":"reparatur-und-schutz","status":"publish","type":"page","link":"https:\/\/staging.fabotape.com\/de\/produkte\/reparatur-und-schutz\/","title":{"rendered":"Reparatur und Schutz"},"content":{"rendered":"<p>[vc_row][vc_column][vc_raw_html]JTNDYSUyMGhyZWYlM0QlMjIlMkZkZSUyRnByb2R1a3RlJTJGJTIyJTIwY2xhc3MlM0QlMjJiYWNrLXRvLXByb2RvdHRpJTIyJTNFWnVyJUMzJUJDY2slMjB6dSUyMGRlbiUyMFByb2R1a3RlbiUzQyUyRmElM0U=[\/vc_raw_html][\/vc_column][\/vc_row][vc_row el_class=&#8220;riga-testo-due-colonne&#8220;][vc_column width=&#8220;1\/2&#8243; offset=&#8220;vc_col-lg-offset-1 vc_col-lg-5 vc_col-md-offset-1 vc_col-md-5&#8243;][vc_column_text]<\/p>\n<h3><strong>Widerstandsf\u00e4hige B\u00e4nder zum Reparieren, Verst\u00e4rken, Sch\u00fctzen und Verpacken.<\/strong><\/h3>\n<p>[\/vc_column_text][\/vc_column][vc_column width=&#8220;1\/2&#8243; offset=&#8220;vc_col-lg-5 vc_col-md-5&#8243;][vc_column_text]<strong>Klebeb\u00e4nder, in verschiedenen Tr\u00e4gern und mit unterschiedlicher Klebkraft, geeignet zum Verst\u00e4rken und Reparieren, Verpacken und Schutz vor Kratzern und Besch\u00e4digungen. <\/strong><\/p>\n<p>Verschiedene Produkte f\u00fcr den t\u00e4glichen Reparatur- und Schutzbedarf: wasserdichte und widerstandsf\u00e4hige Klebeb\u00e4nder, metallisierte Klebeb\u00e4nder, entfernbare oder dauerhafte Klebeb\u00e4nder aus verschiedenen Materialien f\u00fcr den Oberfl\u00e4chenschutz.[\/vc_column_text][\/vc_column][\/vc_row][vc_row][vc_column][vc_column_text]<\/p>\n<p>[\/vc_column_text][\/vc_column][\/vc_row][vc_row gap=&#8220;35&#8243; el_class=&#8220;riga-altri-prodotti due-per-row&#8220;][vc_column width=&#8220;1\/3&#8243;][vc_single_image image=&#8220;552&#8243; img_size=&#8220;full&#8220;][vc_column_text el_class=&#8220;altro-prodotto-codice&#8220;]<\/p>\n<h6>900 &#8211; BINDEN, VERBINDEN UND BEFESTIGEN<\/h6>\n<p>[\/vc_column_text][vc_column_text]Klebeband mit Polyethylen-Tr\u00e4ger, geeignet f\u00fcr Oberfl\u00e4chenschutzanwendungen und zum Kleben oder Splei\u00dfen.[\/vc_column_text][\/vc_column][vc_column width=&#8220;1\/3&#8243;][vc_single_image image=&#8220;2875&#8243; img_size=&#8220;full&#8220;][vc_column_text el_class=&#8220;altro-prodotto-codice&#8220;]<\/p>\n<h6>888 &#8211; AMERIKANISCHES TAUSENDZWECKBAND<\/h6>\n<p>[\/vc_column_text][vc_column_text]Die Rei\u00dffestigkeit und die hervorragende Haftung auf jeder Art von Oberfl\u00e4che machen dieses Band zur besten L\u00f6sung f\u00fcr die Befestigung und Isolierung.<br \/>\nWiderstandsf\u00e4hig gegen starke Zugkr\u00e4fte und Temperaturen von -5\u00b0 bis +65\u00b0C. Wasserdicht. [\/vc_column_text][\/vc_column][vc_column width=&#8220;1\/3&#8243;][vc_single_image image=&#8220;265&#8243; img_size=&#8220;full&#8220;][vc_column_text el_class=&#8220;altro-prodotto-codice&#8220;]<\/p>\n<h6>243-METALLISCH<\/h6>\n<p>[\/vc_column_text][vc_column_text]Ein metallisiertes Band mit hervorragender Anfangsklebkraft, das zum Verbinden, B\u00fcndeln und Befestigen von Isoliermaterialien bestens ist.[\/vc_column_text][\/vc_column][\/vc_row][vc_row][vc_column][vc_column_text]<\/p>\n<p>[\/vc_column_text][\/vc_column][\/vc_row][vc_row][vc_column el_class=&#8220;text-center riga-btn-scheda&#8220;]<div class=\" ubtn-ctn-left btn btn-sfumato-verde\"><a class=\"ubtn-link ult-adjust-bottom-margin ubtn-left ubtn-normal btn btn-sfumato-verde\" href=\"https:\/\/staging.fabotape.com\/de\/technische-daatenblatter\/?r=protezione\"><button type=\"button\" id=\"ubtn-7904\" class=\"ubtn ult-adjust-bottom-margin ult-responsive ubtn-normal ubtn-no-hover-bg  none  ubtn-left   tooltip-69e03554a218d\"  data-hover=\"\" data-border-color=\"\" data-bg=\"#e0e0e0\" data-hover-bg=\"\" data-border-hover=\"\" data-shadow-hover=\"\" data-shadow-click=\"none\" data-shadow=\"\" data-shd-shadow=\"\"  data-ultimate-target='#ubtn-7904'  data-responsive-json-new='{\"font-size\":\"\",\"line-height\":\"\"}'  style=\"font-weight:normal;border:none;background: #e0e0e0;color: #000000;\"><span class=\"ubtn-hover\" style=\"background-color:\"><\/span><span class=\"ubtn-data ubtn-text \" >ZU DEN TECHNISCHEN DATENBL\u00c4TTERN DER REPARATUR- UND SCHUTZLINIE<\/span><\/button><\/a><\/div>[\/vc_column][\/vc_row]<\/p>\n","protected":false},"excerpt":{"rendered":"<p>Klebeb\u00e4nder, in verschiedenen Tr\u00e4gern und mit unterschiedlicher Klebkraft, geeignet zum Verst\u00e4rken und Reparieren, Verpacken und Schutz vor Kratzern und Besch\u00e4digungen.<\/p>\n","protected":false},"author":3,"featured_media":2164,"parent":1452,"menu_order":55,"comment_status":"closed","ping_status":"closed","template":"","meta":{"_acf_changed":false,"footnotes":""},"tags":[],"class_list":["post-1561","page","type-page","status-publish","has-post-thumbnail","hentry"],"acf":[],"_links":{"self":[{"href":"https:\/\/staging.fabotape.com\/de\/wp-json\/wp\/v2\/pages\/1561","targetHints":{"allow":["GET"]}}],"collection":[{"href":"https:\/\/staging.fabotape.com\/de\/wp-json\/wp\/v2\/pages"}],"about":[{"href":"https:\/\/staging.fabotape.com\/de\/wp-json\/wp\/v2\/types\/page"}],"author":[{"embeddable":true,"href":"https:\/\/staging.fabotape.com\/de\/wp-json\/wp\/v2\/users\/3"}],"replies":[{"embeddable":true,"href":"https:\/\/staging.fabotape.com\/de\/wp-json\/wp\/v2\/comments?post=1561"}],"version-history":[{"count":7,"href":"https:\/\/staging.fabotape.com\/de\/wp-json\/wp\/v2\/pages\/1561\/revisions"}],"predecessor-version":[{"id":3559,"href":"https:\/\/staging.fabotape.com\/de\/wp-json\/wp\/v2\/pages\/1561\/revisions\/3559"}],"up":[{"embeddable":true,"href":"https:\/\/staging.fabotape.com\/de\/wp-json\/wp\/v2\/pages\/1452"}],"wp:featuredmedia":[{"embeddable":true,"href":"https:\/\/staging.fabotape.com\/de\/wp-json\/wp\/v2\/media\/2164"}],"wp:attachment":[{"href":"https:\/\/staging.fabotape.com\/de\/wp-json\/wp\/v2\/media?parent=1561"}],"wp:term":[{"taxonomy":"post_tag","embeddable":true,"href":"https:\/\/staging.fabotape.com\/de\/wp-json\/wp\/v2\/tags?post=1561"}],"curies":[{"name":"wp","href":"https:\/\/api.w.org\/{rel}","templated":true}]}}