{"id":1554,"date":"2020-04-28T12:50:01","date_gmt":"2020-04-28T10:50:01","guid":{"rendered":"https:\/\/staging.fabotape.com\/?page_id=1554"},"modified":"2020-05-05T18:01:22","modified_gmt":"2020-05-05T16:01:22","slug":"sicherheit","status":"publish","type":"page","link":"https:\/\/staging.fabotape.com\/de\/produkte\/sicherheit\/","title":{"rendered":"Sicherheit"},"content":{"rendered":"<p>[vc_row][vc_column][vc_raw_html]JTNDYSUyMGhyZWYlM0QlMjIlMkZkZSUyRnByb2R1a3RlJTJGJTIyJTIwY2xhc3MlM0QlMjJiYWNrLXRvLXByb2RvdHRpJTIyJTNFWnVyJUMzJUJDY2slMjB6dSUyMGRlbiUyMFByb2R1a3RlbiUzQyUyRmElM0U=[\/vc_raw_html][\/vc_column][\/vc_row][vc_row el_class=&#8220;riga-testo-due-colonne&#8220;][vc_column width=&#8220;1\/2&#8243; offset=&#8220;vc_col-lg-offset-1 vc_col-lg-5 vc_col-md-offset-1 vc_col-md-5&#8243;][vc_column_text]<\/p>\n<h3><strong>Die Sicherheit Ihrer Verpackung<\/strong> steht bei uns an erster <strong>Stelle<\/strong>.<\/h3>\n<p>[\/vc_column_text][\/vc_column][vc_column width=&#8220;1\/2&#8243; offset=&#8220;vc_col-lg-5 vc_col-md-5&#8243;][vc_column_text]<strong>Die FABO-Sicherheitslinie umfasst Anti-Diebstahl-Klebeb\u00e4nder und -Etiketten. <\/strong><\/p>\n<p>Die Anti-Diebstahl-Linie garantiert Empf\u00e4ngern und Absendern den absoluten Schutz der Waren und die Sicherheit der versiegelten Versandst\u00fccke. Bei jedem Diebstahlversuch verbleiben sichtbare Spuren auf den gehandhabten Oberfl\u00e4chen.[\/vc_column_text][\/vc_column][\/vc_row][vc_row gap=&#8220;35&#8243; el_class=&#8220;riga-altri-prodotti due-per-row&#8220;][vc_column width=&#8220;1\/2&#8243;][vc_single_image image=&#8220;549&#8243; img_size=&#8220;full&#8220;][vc_column_text el_class=&#8220;altro-prodotto-codice&#8220;]<\/p>\n<h6>Anti-Diebstahl-Klebeband<\/h6>\n<p>[\/vc_column_text][vc_column_text]Das ideale Band, um wertvolle Sendungen zu sch\u00fctzen. Auch in einer ma\u00dfgeschneiderten bedruckten Ausf\u00fchrung erh\u00e4ltlich.[\/vc_column_text][\/vc_column][vc_column width=&#8220;1\/2&#8243;][vc_single_image image=&#8220;266&#8243; img_size=&#8220;full&#8220;][vc_column_text el_class=&#8220;altro-prodotto-codice&#8220;]<\/p>\n<h6>Anti-Diebstahl-Etikett<\/h6>\n<p>[\/vc_column_text][vc_column_text]Das Anti-Diebstahl-Etikett garantiert die Sicherheit jeder Verpackung. Erh\u00e4ltlich in Standard- und ma\u00dfgeschneiderter Ausf\u00fchrung, auch mit fortlaufender Nummerierung.[\/vc_column_text][\/vc_column][\/vc_row][vc_row][vc_column el_class=&#8220;text-center riga-btn-scheda&#8220;]<div class=\" ubtn-ctn-left btn btn-sfumato-verde\"><a class=\"ubtn-link ult-adjust-bottom-margin ubtn-left ubtn-normal btn btn-sfumato-verde\" href=\"https:\/\/staging.fabotape.com\/de\/technische-daatenblatter\/?r=sicurezza%20Acrilico\"><button type=\"button\" id=\"ubtn-8233\" class=\"ubtn ult-adjust-bottom-margin ult-responsive ubtn-normal ubtn-no-hover-bg  none  ubtn-left   tooltip-69e051bddf9d6\"  data-hover=\"\" data-border-color=\"\" data-bg=\"#e0e0e0\" data-hover-bg=\"\" data-border-hover=\"\" data-shadow-hover=\"\" data-shadow-click=\"none\" data-shadow=\"\" data-shd-shadow=\"\"  data-ultimate-target='#ubtn-8233'  data-responsive-json-new='{\"font-size\":\"\",\"line-height\":\"\"}'  style=\"font-weight:normal;border:none;background: #e0e0e0;color: #000000;\"><span class=\"ubtn-hover\" style=\"background-color:\"><\/span><span class=\"ubtn-data ubtn-text \" >ZU DEN TECHNISCHEN DATENBL\u00c4TTERN DER SICHERHEITSLINIE<\/span><\/button><\/a><\/div>[\/vc_column][\/vc_row][vc_row][vc_column][vc_empty_space height=&#8220;62px&#8220;][\/vc_column][\/vc_row][vc_row full_width=&#8220;stretch_row&#8220; el_class=&#8220;categoria-seo seo-grigio&#8220;][vc_column][vc_column_text el_class=&#8220;contenuto&#8220;]<\/p>\n<h2>Fabo, Hersteller von Sicherheitsb\u00e4ndern und -etiketten<\/h2>\n<p>Die Integrit\u00e4t der gelieferten Verpackungen ist ein immer wichtigeres und aktuelleres Element. Denken Sie nur an das exponentielle Wachstum des E-Commerce, ein Ph\u00e4nomen, das auf internationaler Ebene dazu gef\u00fchrt hat, dass der Verkauf von Online-Produkten den Verkauf von Dienstleistungen weit in den Schatten gestellt hat (70 % gegen\u00fcber 30 %). Im Allgemeinen steigt in Folge der Globalisierung der M\u00e4rkte die Zahl der mithilfe eines Transportunternehmens ausgetauschten Waren stark an.<br \/>\n<strong>Die Sicherheit der gesendeten und empfangenen Pakete ist f\u00fcr Unternehmen zu einem Problem von bedeutender Wichtigkeit geworden.<\/strong><br \/>\nAls Hersteller von Klebeb\u00e4ndern und -l\u00f6sungen, die auf die unterschiedlichen Bed\u00fcrfnisse unserer Kunden zugeschnitten sind, nimmt das Thema Transportsicherheit bei uns eine hohe Priorit\u00e4t ein. Die Sicherheit der versendeten und empfangenen Pakete ist in der Tat f\u00fcr Unternehmen, Reedereien und Logistikfirmen zu einem Problem von bedeutender Wichtigkeit geworden. <strong>Die FABO-B\u00e4nder und -Etiketten der Security-Linie sind selbstklebende Sicherheitsl\u00f6sungen, die jeden Diebstahlversuch aufzeigen und sichtbare Spuren auf den gehandhabten Oberfl\u00e4chen hinterlassen.<\/strong> Dank der Sicherheitsl\u00f6sungen von Fabo in der Form von Anti-Diebstahl-Klebeb\u00e4ndern und Etiketten, die Warnmeldungen auf gehandhabten Oberfl\u00e4chen hinterlassen und so einen jeglichen Diebstahlversuch w\u00e4hrend des Versands anzeigen, k\u00f6nnen Sie die Sicherheit wertvoller Versandinhalte und vertraulicher Post gew\u00e4hrleisten.<\/p>\n<p>Das <strong>Anti-Diebstahl-Band Security Tape<\/strong> ist die intelligente L\u00f6sung zum Schutz vor Diebst\u00e4hlen. Dieses Spezialklebeband garantiert Absendern und Empf\u00e4ngern den absoluten Schutz der Ware sowie die Sicherheit der versiegelten Versandst\u00fccke. Wird f\u00fcr den Versand von Kartonverpackungen mit wertvollem Inhalt oder f\u00fcr Briefe mit vertraulichen und vorbehaltenen Dokumenten verwendet. Es wird wie ein normales Klebeband angewendet, erm\u00f6glicht jedoch das schnelle Auffinden von Handhabungen, da beim Entfernen des Klebebands offensichtliche Spuren, eine OPEN VOID-Markierung oder Warnhinweise auf der Oberfl\u00e4che verbleiben. Das Security Tape kann in verschiedenen Farben (Rot, Gelb, Wei\u00df, Havanna, Gr\u00fcn, Blau), mit auf der Oberfl\u00e4che des Bandes aufgedruckten Logos und\/oder Mitteilungen sowie mit verborgenem Text, der nach einer Handhabung angezeigt wird, personalisiert werden.<\/p>\n<p>Es eignet sich ideal f\u00fcr eine Vielzahl von Industrieanwendungen, in der Logistik und in der Schifffahrt sowie in allen Bereichen, in denen Sicherheit ein kritischer Faktor ist.<\/p>\n<p><strong>Die Anti-Diebstahl-Etiketten Security Labels<\/strong> erm\u00f6glichen es Ihnen, Ihre Verpackung an kritischen Stellen zu verschlie\u00dfen. Im Falle eines Diebstahlversuchs weisen Sie \u2013 wie bei einem Sicherheitssiegel \u2013 deutlich auf die erfolgte \u00d6ffnung hin und hinterlassen eine sichtbare Meldung, auch wenn versucht wurde, die Verpackung erneut zu schlie\u00dfen. Die Verwendung dieser Etiketten erh\u00f6ht die Sicherheit beim herk\u00f6mmlichen Verschlie\u00dfen von Verpackungen und vertraulichen Postsendungen. Die Security Labels wirken wie ein Sicherheitssiegel, das jeden Diebstahlversuch effektiv aufdeckt. Die Anti-Diebstahl-Etiketten k\u00f6nnen dank der hohen \u201ePersonalisierung\u201c der Etikettenr\u00fcckseite zu Ihrem einzigartigen und pers\u00f6nlichen Sicherheitssiegel werden. Sie k\u00f6nnen Logos und Bilder, QR-Codes und Webadressen f\u00fcr soziale Kan\u00e4le, Barcodes und fortlaufende Seriennummern auf Ihren ma\u00dfgeschneiderten Security Labels anbringen.[\/vc_column_text][\/vc_column][\/vc_row]<\/p>\n","protected":false},"excerpt":{"rendered":"<p>Die Anti-Diebstahl-Linie garantiert Empf\u00e4ngern und Absendern den absoluten Schutz der Waren und die Sicherheit der versiegelten Versandst\u00fccke. <\/p>\n","protected":false},"author":3,"featured_media":2167,"parent":1452,"menu_order":66,"comment_status":"closed","ping_status":"closed","template":"","meta":{"_acf_changed":false,"footnotes":""},"tags":[],"class_list":["post-1554","page","type-page","status-publish","has-post-thumbnail","hentry"],"acf":[],"_links":{"self":[{"href":"https:\/\/staging.fabotape.com\/de\/wp-json\/wp\/v2\/pages\/1554","targetHints":{"allow":["GET"]}}],"collection":[{"href":"https:\/\/staging.fabotape.com\/de\/wp-json\/wp\/v2\/pages"}],"about":[{"href":"https:\/\/staging.fabotape.com\/de\/wp-json\/wp\/v2\/types\/page"}],"author":[{"embeddable":true,"href":"https:\/\/staging.fabotape.com\/de\/wp-json\/wp\/v2\/users\/3"}],"replies":[{"embeddable":true,"href":"https:\/\/staging.fabotape.com\/de\/wp-json\/wp\/v2\/comments?post=1554"}],"version-history":[{"count":5,"href":"https:\/\/staging.fabotape.com\/de\/wp-json\/wp\/v2\/pages\/1554\/revisions"}],"predecessor-version":[{"id":1855,"href":"https:\/\/staging.fabotape.com\/de\/wp-json\/wp\/v2\/pages\/1554\/revisions\/1855"}],"up":[{"embeddable":true,"href":"https:\/\/staging.fabotape.com\/de\/wp-json\/wp\/v2\/pages\/1452"}],"wp:featuredmedia":[{"embeddable":true,"href":"https:\/\/staging.fabotape.com\/de\/wp-json\/wp\/v2\/media\/2167"}],"wp:attachment":[{"href":"https:\/\/staging.fabotape.com\/de\/wp-json\/wp\/v2\/media?parent=1554"}],"wp:term":[{"taxonomy":"post_tag","embeddable":true,"href":"https:\/\/staging.fabotape.com\/de\/wp-json\/wp\/v2\/tags?post=1554"}],"curies":[{"name":"wp","href":"https:\/\/api.w.org\/{rel}","templated":true}]}}