{"id":1548,"date":"2020-04-28T12:40:59","date_gmt":"2020-04-28T10:40:59","guid":{"rendered":"https:\/\/staging.fabotape.com\/?page_id=1548"},"modified":"2020-05-05T18:00:59","modified_gmt":"2020-05-05T16:00:59","slug":"abdeckung","status":"publish","type":"page","link":"https:\/\/staging.fabotape.com\/de\/produkte\/abdeckung\/","title":{"rendered":"Abdeckung"},"content":{"rendered":"<p>[vc_row][vc_column][vc_raw_html]JTNDYSUyMGhyZWYlM0QlMjIlMkZkZSUyRnByb2R1a3RlJTJGJTIyJTIwY2xhc3MlM0QlMjJiYWNrLXRvLXByb2RvdHRpJTIyJTNFWnVyJUMzJUJDY2slMjB6dSUyMGRlbiUyMFByb2R1a3RlbiUzQyUyRmElM0U=[\/vc_raw_html][\/vc_column][\/vc_row][vc_row el_class=&#8220;riga-testo-due-colonne&#8220;][vc_column width=&#8220;1\/2&#8243; offset=&#8220;vc_col-lg-offset-1 vc_col-lg-5 vc_col-md-offset-1 vc_col-md-5&#8243;][vc_column_text]<\/p>\n<h3><strong>Abdeckb\u00e4nder zum Dekorieren und Streichen mit Pr\u00e4zision auf allen Oberfl\u00e4chen.<\/strong><\/h3>\n<p>[\/vc_column_text][\/vc_column][vc_column width=&#8220;1\/2&#8243; offset=&#8220;vc_col-lg-5 vc_col-md-5&#8243;][vc_column_text]<strong>Von allgemeinen bis hin zu speziellen Anwendungen bietet die FABO-Abdeckungslinie die am besten geeignete L\u00f6sung f\u00fcr Dekorations- und Malerarbeiten. <\/strong><\/p>\n<p>Das aus Papier mit Hei\u00dfschmelzklebstoff hergestellte Band f\u00fcr allgemeine Abdeckungszwecke wird von einer Reihe von farbigen Abdeckungspapieren mit Acrylklebstoff auf Wasserbasis begleitet, die f\u00fcr bestimmte Anwendungen im Innen- und Au\u00dfenbereich geeignet sind.[\/vc_column_text][\/vc_column][\/vc_row][vc_row gap=&#8220;35&#8243; el_class=&#8220;riga-altri-prodotti due-per-row&#8220;][vc_column width=&#8220;1\/2&#8243;][vc_single_image image=&#8220;1108&#8243; img_size=&#8220;full&#8220;][vc_column_text el_class=&#8220;altro-prodotto-codice&#8220;]<\/p>\n<h6>F\u00fcr jeden Bedarf<\/h6>\n<p>[\/vc_column_text][vc_column_text]Zwei verschiedene Formulierungen: f\u00fcr Au\u00dfenanwendungen und zur Verwendung auf empfindlichen Oberfl\u00e4chen. F\u00fcr zwei Wochen abziehbar.[\/vc_column_text][\/vc_column][vc_column width=&#8220;1\/2&#8243;][vc_single_image image=&#8220;544&#8243; img_size=&#8220;full&#8220;][vc_column_text el_class=&#8220;altro-prodotto-codice&#8220;]<\/p>\n<h6>Hochwertige Abdeckung<\/h6>\n<p>[\/vc_column_text][vc_column_text]Das originale Washi, das japanische Reispapier f\u00fcr professionelle Ergebnisse im Innen- und Au\u00dfenbereich. Hohe UV-Best\u00e4ndigkeit. F\u00fcr 8 Wochen abziehbar.[\/vc_column_text][\/vc_column][\/vc_row][vc_row][vc_column el_class=&#8220;text-center riga-btn-scheda&#8220;]<div class=\" ubtn-ctn-left btn btn-sfumato-verde\"><a class=\"ubtn-link ult-adjust-bottom-margin ubtn-left ubtn-normal btn btn-sfumato-verde\" href=\"https:\/\/staging.fabotape.com\/de\/technische-daatenblatter\/?r=mascheratura\"><button type=\"button\" id=\"ubtn-8353\" class=\"ubtn ult-adjust-bottom-margin ult-responsive ubtn-normal ubtn-no-hover-bg  none  ubtn-left   tooltip-69e0362f37f93\"  data-hover=\"\" data-border-color=\"\" data-bg=\"#e0e0e0\" data-hover-bg=\"\" data-border-hover=\"\" data-shadow-hover=\"\" data-shadow-click=\"none\" data-shadow=\"\" data-shd-shadow=\"\"  data-ultimate-target='#ubtn-8353'  data-responsive-json-new='{\"font-size\":\"\",\"line-height\":\"\"}'  style=\"font-weight:normal;border:none;background: #e0e0e0;color: #000000;\"><span class=\"ubtn-hover\" style=\"background-color:\"><\/span><span class=\"ubtn-data ubtn-text \" >ZU DEN TECHNISCHEN DATENBL\u00c4TTERN DER ABDECKB\u00c4NDER<\/span><\/button><\/a><\/div>[\/vc_column][\/vc_row][vc_row][vc_column][vc_empty_space height=&#8220;62px&#8220;][\/vc_column][\/vc_row][vc_row full_width=&#8220;stretch_row&#8220; el_class=&#8220;categoria-seo seo-grigio&#8220;][vc_column][vc_column_text el_class=&#8220;contenuto&#8220;]<\/p>\n<h2>Fabo, Hersteller von Abdeckb\u00e4ndern<\/h2>\n<p>Die neue <strong>Linie von Fabo-Abdeckb\u00e4ndern<\/strong> erleichtert und beschleunigt das Streichen und Dekorieren im Innen- und Au\u00dfenbereich. Von allgemeinen bis hin zu speziellen Anwendungen bietet die Fabo-Reihe von Abdeckprodukten die am besten geeignete L\u00f6sung f\u00fcr Dekorations- und Leichtbauarbeiten.<\/p>\n<p>Das Papierband aus Elfenbein mit Hei\u00dfschmelzklebstoff auf der Basis von thermoplastischem Kautschuk und Kohlenwasserstoffharzen ist ein Produkt, das f\u00fcr allgemeine Abdeckanwendungen in Innenr\u00e4umen und f\u00fcr allgemeine DIY-Anwendungen zuhause und im B\u00fcro geeignet ist.<\/p>\n<p>Das Papierband aus Elfenbein mit Klebstoff auf L\u00f6sungsmittelbasis ist das ideale Produkt f\u00fcr allgemeine Abdeckungsanwendung und eignet sich auch f\u00fcr die Innenabdeckung von zu lackierenden und lackierten Produkten. Es setzt keinen Klebstoff frei und ist leicht zu entfernen, ohne R\u00fcckst\u00e4nde auf den behandelten Oberfl\u00e4chen zu hinterlassen. Aufgrund seiner Zuverl\u00e4ssigkeit eignet es sich f\u00fcr den allgemeinen Gebrauch beim Heimwerken und f\u00fcr einfache Streich- und Lackiervorg\u00e4nge.<\/p>\n<p>Das <strong>FABO-Band aus blauem Papier mit Acrylklebstoff auf Wasserbasis und frei von sch\u00e4dlichen L\u00f6sungsmitteln<\/strong> eignet sich besonders zum Abdecken im Au\u00dfenbereich.<br \/>\nSeine hohe Best\u00e4ndigkeit gegen UV-Strahlen und seine gute Haftung auch auf leicht rauen Oberfl\u00e4chen und Vorrichtungen machen es zum idealen Produkt f\u00fcr Au\u00dfenanwendungen. Das FABO-Band aus blauem Papier ist bis zu 2 Wochen leicht abziehbar, ohne Spuren oder R\u00fcckst\u00e4nde auf den Oberfl\u00e4chen zu hinterlassen, wodurch eine h\u00f6here Verarbeitung in einem einzigen Abdeckungsvorgang erm\u00f6glicht wird.<br \/>\n<strong>Das FABO-Klebeband aus violettem Papier mit wasserbasiertem Acrylkleber und frei von sch\u00e4dlichen L\u00f6sungsmitteln<\/strong> ist ein Produkt, das zum pr\u00e4zisen Abdecken von besonders empfindlichen Oberfl\u00e4chen geeignet ist.<br \/>\nDank seiner \u201eleichten\u201c Klebkraft ist dieses Klebeband die ideale Abdeckl\u00f6sung f\u00fcr alle Oberfl\u00e4chen, bei denen besondere Sorgfalt erforderlich ist: Tapeten, frisch gestrichene Oberfl\u00e4chen, Glas, Gips und Stuck. Die Entfernung ist einfach und vor allem r\u00fcckstandsfrei: Das FABO-Band aus violettem Papier ist in Innenr\u00e4umen bis zu 2 Wochen abziehbar. Aufgrund seiner UV-Best\u00e4ndigkeit kann das FABO-Band aus violettem Papier auch in Au\u00dfenbereichen eingesetzt werden.<br \/>\n<strong>Das FABO-Klebeband aus japanischem Reispapier, frei von sch\u00e4dlichen L\u00f6sungsmitteln<\/strong>, ist die ideale L\u00f6sung zum Abdecken bei Auftr\u00e4gen, die professionelle Ergebnisse mit h\u00f6chster Ausf\u00fchrungspr\u00e4zision erfordern.<br \/>\nDieses Klebeband ist dank seiner hohen UV-Best\u00e4ndigkeit f\u00fcr die Anwendung auf vollkommen glatten Oberfl\u00e4chen im Innen- und Au\u00dfenbereich geeignet. Der Klebebandtr\u00e4ger aus originalem Washi-Papier garantiert eine hochwertige Abdeckung mit pr\u00e4zisen und glatten Kanten. Das Klebeband ist bis zu 8 Wochen einfach und sicher abziehbar und hinterl\u00e4sst keine R\u00fcckst\u00e4nde auf den Anwendungsfl\u00e4chen.<\/p>\n<p>Die Abdeckb\u00e4nder der Marke <strong>FABO<\/strong> sind leistungsstarke und zuverl\u00e4ssige Produkte f\u00fcr den professionellen Leichtbaumarkt, DIY-Enthusiasten sowie den gro\u00dffl\u00e4chigen Einzelhandel. Fabo, ein gro\u00dfer Hersteller von Abdeckb\u00e4ndern, bietet Verteilern, Druckern, Schneidern, Klebebandverarbeitern und Baufirmen Abdeckl\u00f6sungen an, die auf ihre individuellen Bed\u00fcrfnisse zugeschnitten sind: von geschnittenen und verpackten Produkten bis hin zu Halbfertigprodukten in Jumbo-Version.[\/vc_column_text][\/vc_column][\/vc_row]<\/p>\n","protected":false},"excerpt":{"rendered":"<p>Abdeckb\u00e4nder zum Dekorieren und Streichen mit Pr\u00e4zision auf allen Oberfl\u00e4chen.<\/p>\n","protected":false},"author":3,"featured_media":2155,"parent":1452,"menu_order":77,"comment_status":"closed","ping_status":"closed","template":"","meta":{"_acf_changed":false,"footnotes":""},"tags":[],"class_list":["post-1548","page","type-page","status-publish","has-post-thumbnail","hentry"],"acf":[],"_links":{"self":[{"href":"https:\/\/staging.fabotape.com\/de\/wp-json\/wp\/v2\/pages\/1548","targetHints":{"allow":["GET"]}}],"collection":[{"href":"https:\/\/staging.fabotape.com\/de\/wp-json\/wp\/v2\/pages"}],"about":[{"href":"https:\/\/staging.fabotape.com\/de\/wp-json\/wp\/v2\/types\/page"}],"author":[{"embeddable":true,"href":"https:\/\/staging.fabotape.com\/de\/wp-json\/wp\/v2\/users\/3"}],"replies":[{"embeddable":true,"href":"https:\/\/staging.fabotape.com\/de\/wp-json\/wp\/v2\/comments?post=1548"}],"version-history":[{"count":5,"href":"https:\/\/staging.fabotape.com\/de\/wp-json\/wp\/v2\/pages\/1548\/revisions"}],"predecessor-version":[{"id":1853,"href":"https:\/\/staging.fabotape.com\/de\/wp-json\/wp\/v2\/pages\/1548\/revisions\/1853"}],"up":[{"embeddable":true,"href":"https:\/\/staging.fabotape.com\/de\/wp-json\/wp\/v2\/pages\/1452"}],"wp:featuredmedia":[{"embeddable":true,"href":"https:\/\/staging.fabotape.com\/de\/wp-json\/wp\/v2\/media\/2155"}],"wp:attachment":[{"href":"https:\/\/staging.fabotape.com\/de\/wp-json\/wp\/v2\/media?parent=1548"}],"wp:term":[{"taxonomy":"post_tag","embeddable":true,"href":"https:\/\/staging.fabotape.com\/de\/wp-json\/wp\/v2\/tags?post=1548"}],"curies":[{"name":"wp","href":"https:\/\/api.w.org\/{rel}","templated":true}]}}