{"id":1536,"date":"2020-04-28T12:15:47","date_gmt":"2020-04-28T10:15:47","guid":{"rendered":"https:\/\/staging.fabotape.com\/?page_id=1536"},"modified":"2024-04-06T00:18:03","modified_gmt":"2024-04-05T22:18:03","slug":"verpackung","status":"publish","type":"page","link":"https:\/\/staging.fabotape.com\/de\/produkte\/verpackung\/","title":{"rendered":"Verpackung"},"content":{"rendered":"<p>[vc_row][vc_column][vc_raw_html]JTNDYSUyMGhyZWYlM0QlMjIlMkZkZSUyRnByb2R1a3RlJTJGJTIyJTIwY2xhc3MlM0QlMjJiYWNrLXRvLXByb2RvdHRpJTIyJTNFWnVyJUMzJUJDY2slMjB6dSUyMGRlbiUyMFByb2R1a3RlbiUzQyUyRmElM0U=[\/vc_raw_html][\/vc_column][\/vc_row][vc_row el_class=&#8220;riga-testo-due-colonne&#8220;][vc_column width=&#8220;1\/2&#8243; offset=&#8220;vc_col-lg-offset-1 vc_col-lg-5 vc_col-md-offset-1 vc_col-md-5&#8243;][vc_column_text]<\/p>\n<h3>Eine Auswahl an Verpackungsklebeb\u00e4nder, die mit Acryl und Hotmelt-Technologie hergestellt werden.<br \/>\n.<\/h3>\n<p>[\/vc_column_text][\/vc_column][vc_column width=&#8220;1\/2&#8243; offset=&#8220;vc_col-lg-5 vc_col-md-5&#8243;][vc_column_text]<\/p>\n<h4>Acryl<\/h4>\n<p><strong>Acrylprodukte<\/strong> mit unterschiedlichen Eigenschaften, die den spezifischen Anforderungen an <strong>Ger\u00e4uschlosigkeit, Qualit\u00e4t und starkes Haftverm\u00f6gen<\/strong> entsprechen.<\/p>\n<h4>Hei\u00dfschmelz<\/h4>\n<p>Manuelle und automatische L\u00f6sungen f\u00fcr einen <strong>st\u00e4rkeren und schnelleren Halt<\/strong> auf jeder Art von Verpackung.[\/vc_column_text][\/vc_column][\/vc_row][vc_row full_width=&#8220;stretch_row&#8220; el_class=&#8220;bg-blu-sinistra bg-blu-prodotto&#8220;][vc_column offset=&#8220;vc_col-lg-offset-1 vc_col-lg-5 vc_col-md-offset-1 vc_col-md-5&#8243;][vc_column_text el_class=&#8220;label-riga&#8220;]VERPACKUNG[\/vc_column_text][vc_column_text]<\/p>\n<h2><strong>Acryl<\/strong><\/h2>\n<p>[\/vc_column_text][vc_column_text]Die Klebeb\u00e4nder mit Acrylklebstoff auf Wasserbasis zeichnen sich durch ein leises Abwickeln und hervorragende Best\u00e4ndigkeit gegen Alterung und UV-Strahlen aus. FABO-B\u00e4nder werden mit Folien in verschiedenen Tr\u00e4gern und St\u00e4rken mit unterschiedlichen Klebemassen hergestellt, um die beste Leistung zu erzielen.[\/vc_column_text][\/vc_column][\/vc_row][vc_row equal_height=&#8220;yes&#8220; content_placement=&#8220;middle&#8220; el_class=&#8220;spot-prodotto&#8220;][vc_column width=&#8220;1\/2&#8243; offset=&#8220;vc_col-lg-offset-0 vc_col-lg-5 vc_col-md-offset-0 vc_col-md-5&#8243;][vc_single_image image=&#8220;482&#8243; img_size=&#8220;full&#8220; css=&#8220;.vc_custom_1517581662799{margin-top: 0px !important;margin-bottom: 0px !important;padding-top: 0px !important;padding-bottom: 0px !important;}&#8220;][\/vc_column][vc_column width=&#8220;1\/2&#8243; offset=&#8220;vc_col-lg-offset-1 vc_col-lg-5 vc_col-md-offset-1 vc_col-md-5&#8243;][vc_column_text]<\/p>\n<h3>Umweltfreundliche Produkte f\u00fcr Hochleistungsverpackungen.<\/h3>\n<p>[\/vc_column_text][vc_column_text]Eine Reihe von Produkten mit Acrylkleber auf Wasserbasis, zum Schutz der Umwelt ohne L\u00f6sungsmittel. Ger\u00e4uscharm und laut, f\u00fcr die manuelle und automatische Verwendung, haben FABO-B\u00e4nder eine hervorragende Best\u00e4ndigkeit gegen Alterung und UV-Strahlen. Auch in bedruckter Ausf\u00fchrung erh\u00e4ltlich.[\/vc_column_text]<div class=\" ubtn-ctn-left btn btn-sfumato-verde\"><a class=\"ubtn-link ult-adjust-bottom-margin ubtn-left ubtn-normal btn btn-sfumato-verde\" href=\"https:\/\/staging.fabotape.com\/de\/technische-datenblatter\/?r=imballo%20Acrilico\"><button type=\"button\" id=\"ubtn-7637\" class=\"ubtn ult-adjust-bottom-margin ult-responsive ubtn-normal ubtn-no-hover-bg  none  ubtn-left   tooltip-69dff075b7ca3\"  data-hover=\"\" data-border-color=\"\" data-bg=\"#e0e0e0\" data-hover-bg=\"\" data-border-hover=\"\" data-shadow-hover=\"\" data-shadow-click=\"none\" data-shadow=\"\" data-shd-shadow=\"\"  data-ultimate-target='#ubtn-7637'  data-responsive-json-new='{\"font-size\":\"\",\"line-height\":\"\"}'  style=\"font-weight:normal;border:none;background: #e0e0e0;color: #000000;\"><span class=\"ubtn-hover\" style=\"background-color:\"><\/span><span class=\"ubtn-data ubtn-text \" >ZU DEN TECHNISCHEN DATENBL\u00c4TTERN DER ACRYLLINIE<\/span><\/button><\/a><\/div>[\/vc_column][\/vc_row][vc_row css=&#8220;.vc_custom_1516717923399{margin-top: 60px !important;}&#8220;][vc_column el_class=&#8220;text-center&#8220;][vc_column_text]<\/p>\n<h3>Verpackungsacryle der <strong>FABO-Kollektion <\/strong><\/h3>\n<p>[\/vc_column_text][\/vc_column][\/vc_row][vc_row el_class=&#8220;riga-altri-prodotti&#8220;][vc_column width=&#8220;1\/2&#8243;][vc_row_inner equal_height=&#8220;yes&#8220; content_placement=&#8220;middle&#8220;][vc_column_inner el_class=&#8220;img-altro-prodotto&#8220; width=&#8220;5\/12&#8243; offset=&#8220;vc_col-lg-6 vc_col-md-6&#8243;][vc_single_image image=&#8220;280&#8243; img_size=&#8220;full&#8220;][\/vc_column_inner][vc_column_inner el_class=&#8220;testo-altro-prodotto&#8220; width=&#8220;7\/12&#8243; offset=&#8220;vc_col-lg-6 vc_col-md-6&#8243;][vc_column_text el_class=&#8220;altro-prodotto-codice&#8220;]<\/p>\n<h6>248-X<\/h6>\n<p>[\/vc_column_text][vc_column_text el_class=&#8220;label-evidenza&#8220;]Pack-Roll-Technologie[\/vc_column_text][vc_column_text]Beste Qualit\u00e4t: Die Rollen sind ausgesprochen leise, transparenter und einfacher abzuwickeln.[\/vc_column_text][\/vc_column_inner][\/vc_row_inner][\/vc_column][vc_column width=&#8220;1\/2&#8243;][vc_row_inner equal_height=&#8220;yes&#8220; content_placement=&#8220;middle&#8220;][vc_column_inner el_class=&#8220;img-altro-prodotto&#8220; width=&#8220;5\/12&#8243; offset=&#8220;vc_col-lg-6 vc_col-md-6&#8243;][vc_single_image image=&#8220;476&#8243; img_size=&#8220;full&#8220;][\/vc_column_inner][vc_column_inner el_class=&#8220;testo-altro-prodotto&#8220; width=&#8220;7\/12&#8243; offset=&#8220;vc_col-lg-6 vc_col-md-6&#8243;][vc_column_text el_class=&#8220;altro-prodotto-codice&#8220;]<\/p>\n<h6>225<\/h6>\n<p>[\/vc_column_text][vc_column_text el_class=&#8220;label-evidenza&#8220;]Bestseller[\/vc_column_text][vc_column_text]Das heute meistverkaufte Produkt und die ideale L\u00f6sung zum Verschlie\u00dfen mittelschwerer Kartons.[\/vc_column_text][\/vc_column_inner][\/vc_row_inner][\/vc_column][\/vc_row][vc_row el_class=&#8220;riga-altri-prodotti&#8220;][vc_column width=&#8220;1\/2&#8243;][vc_row_inner equal_height=&#8220;yes&#8220; content_placement=&#8220;middle&#8220;][vc_column_inner el_class=&#8220;img-altro-prodotto&#8220; width=&#8220;5\/12&#8243; offset=&#8220;vc_col-lg-6 vc_col-md-6&#8243;][vc_single_image image=&#8220;2751&#8243; img_size=&#8220;full&#8220;][\/vc_column_inner][vc_column_inner el_class=&#8220;testo-altro-prodotto&#8220; width=&#8220;7\/12&#8243; offset=&#8220;vc_col-lg-6 vc_col-md-6&#8243;][vc_column_text el_class=&#8220;altro-prodotto-codice&#8220;]<\/p>\n<h6>248<\/h6>\n<p>[\/vc_column_text][vc_column_text el_class=&#8220;label-evidenza&#8220;]Top-Qualit\u00e4t[\/vc_column_text][vc_column_text]Durch eine verst\u00e4rkte Dicke und eine h\u00f6here Klebstoffmenge ausgezeichnet.[\/vc_column_text][\/vc_column_inner][\/vc_row_inner][\/vc_column][vc_column width=&#8220;1\/2&#8243;][vc_row_inner equal_height=&#8220;yes&#8220; content_placement=&#8220;middle&#8220;][vc_column_inner el_class=&#8220;img-altro-prodotto&#8220; width=&#8220;5\/12&#8243; offset=&#8220;vc_col-lg-6 vc_col-md-6&#8243;][vc_single_image image=&#8220;2813&#8243; img_size=&#8220;full&#8220;][\/vc_column_inner][vc_column_inner el_class=&#8220;testo-altro-prodotto&#8220; width=&#8220;7\/12&#8243; offset=&#8220;vc_col-lg-6 vc_col-md-6&#8243;][vc_column_text el_class=&#8220;altro-prodotto-codice&#8220;]<\/p>\n<h6>222<\/h6>\n<p>[\/vc_column_text][vc_column_text el_class=&#8220;label-evidenza&#8220;]Eisfest[\/vc_column_text][vc_column_text]Hohe Klebekraft bei niedrigen Temperaturen, geeignet f\u00fcr die K\u00fchlkette.[\/vc_column_text][\/vc_column_inner][\/vc_row_inner][\/vc_column][\/vc_row][vc_row full_width=&#8220;stretch_row&#8220; el_class=&#8220;bg-blu-sinistra bg-blu-prodotto&#8220;][vc_column offset=&#8220;vc_col-lg-offset-1 vc_col-lg-5 vc_col-md-offset-1 vc_col-md-5&#8243;][vc_column_text el_class=&#8220;label-riga&#8220;]VERPACKUNG[\/vc_column_text][vc_column_text]<\/p>\n<h2><strong>Hei\u00dfschmelz<\/strong><\/h2>\n<p>[\/vc_column_text][vc_column_text]Die Klebeb\u00e4nder mit Hei\u00dfschmelzkleber eignen sich insbesondere zum Verschlie\u00dfen mittelschwerer Verpackungen aus Standard- und sogar Recyclingkarton. Die hochaggressive Klebemasse erm\u00f6glicht sowohl die manuelle Verwendung als auch den Gebrauch mit automatischen Klebemaschinen im industriellen Verpackungsbereich. FABO-Hei\u00dfschmelzklebeb\u00e4nder sind auch in bedruckten Ausf\u00fchrungen sowie mit bedruckten R\u00fcckseiten erh\u00e4ltlich.[\/vc_column_text][\/vc_column][\/vc_row][vc_row equal_height=&#8220;yes&#8220; content_placement=&#8220;middle&#8220; el_class=&#8220;spot-prodotto&#8220;][vc_column width=&#8220;1\/2&#8243; offset=&#8220;vc_col-lg-offset-0 vc_col-lg-5 vc_col-md-offset-0 vc_col-md-5&#8243;][vc_single_image image=&#8220;475&#8243; img_size=&#8220;full&#8220; css=&#8220;.vc_custom_1517580304475{margin-top: 0px !important;margin-bottom: 0px !important;padding-top: 0px !important;padding-bottom: 0px !important;}&#8220;][\/vc_column][vc_column width=&#8220;1\/2&#8243; offset=&#8220;vc_col-lg-offset-1 vc_col-lg-5 vc_col-md-offset-1 vc_col-md-5&#8243;][vc_column_text]<\/p>\n<h3>Zum Verschlie\u00dfen von Verpackungen aller Art.<\/h3>\n<p>[\/vc_column_text][vc_column_text]Lautstarke Produkte in verschiedenen St\u00e4rken f\u00fcr den manuellen und automatischen Gebrauch, deren spezielle Klebstoffformulierung sich mit gr\u00f6\u00dferer Aggressivit\u00e4t als wirksam f\u00fcr das Verschlie\u00dfen jeder Art von Verpackung erweist.[\/vc_column_text]<div class=\" ubtn-ctn-left btn btn-sfumato-verde\"><a class=\"ubtn-link ult-adjust-bottom-margin ubtn-left ubtn-normal btn btn-sfumato-verde\" href=\"https:\/\/staging.fabotape.com\/de\/technische-daatenblatter\/?r=hot%20melt%20imballo\"><button type=\"button\" id=\"ubtn-1474\" class=\"ubtn ult-adjust-bottom-margin ult-responsive ubtn-normal ubtn-no-hover-bg  none  ubtn-left   tooltip-69dff075b7d8f\"  data-hover=\"\" data-border-color=\"\" data-bg=\"#e0e0e0\" data-hover-bg=\"\" data-border-hover=\"\" data-shadow-hover=\"\" data-shadow-click=\"none\" data-shadow=\"\" data-shd-shadow=\"\"  data-ultimate-target='#ubtn-1474'  data-responsive-json-new='{\"font-size\":\"\",\"line-height\":\"\"}'  style=\"font-weight:normal;border:none;background: #e0e0e0;color: #000000;\"><span class=\"ubtn-hover\" style=\"background-color:\"><\/span><span class=\"ubtn-data ubtn-text \" >ZU DEN TECHNISCHEN BL\u00c4TTERN DER HEISSSCHMELZLINIE<\/span><\/button><\/a><\/div>[\/vc_column][\/vc_row][vc_row css=&#8220;.vc_custom_1516717923399{margin-top: 60px !important;}&#8220;][vc_column el_class=&#8220;text-center&#8220;][vc_column_text]<\/p>\n<h3>Hei\u00dfschmelzverpackungen FABO-Kollektion<\/h3>\n<p>[\/vc_column_text][\/vc_column][\/vc_row][vc_row el_class=&#8220;riga-altri-prodotti&#8220;][vc_column width=&#8220;1\/2&#8243;][vc_row_inner equal_height=&#8220;yes&#8220; content_placement=&#8220;middle&#8220;][vc_column_inner el_class=&#8220;img-altro-prodotto&#8220; width=&#8220;5\/12&#8243; offset=&#8220;vc_col-lg-6 vc_col-md-6&#8243;][vc_single_image image=&#8220;480&#8243; img_size=&#8220;full&#8220;][\/vc_column_inner][vc_column_inner el_class=&#8220;testo-altro-prodotto&#8220; width=&#8220;7\/12&#8243; offset=&#8220;vc_col-lg-6 vc_col-md-6&#8243;][vc_column_text el_class=&#8220;altro-prodotto-codice&#8220;]<\/p>\n<h6>320HM<\/h6>\n<p>[\/vc_column_text][vc_column_text el_class=&#8220;label-evidenza&#8220;]Der lautstarke Klassiker[\/vc_column_text][vc_column_text]Am h\u00e4ufigsten verwendet mit automatischen Klebebandmaschinen zum Verschlie\u00dfen von Kartons und mittelschweren Verpackungen.[\/vc_column_text][\/vc_column_inner][\/vc_row_inner][\/vc_column][vc_column width=&#8220;1\/2&#8243;][vc_row_inner equal_height=&#8220;yes&#8220; content_placement=&#8220;middle&#8220;][vc_column_inner el_class=&#8220;img-altro-prodotto&#8220; width=&#8220;5\/12&#8243; offset=&#8220;vc_col-lg-6 vc_col-md-6&#8243;][vc_single_image image=&#8220;2872&#8243; img_size=&#8220;full&#8220;][\/vc_column_inner][vc_column_inner el_class=&#8220;testo-altro-prodotto&#8220; width=&#8220;7\/12&#8243; offset=&#8220;vc_col-lg-6 vc_col-md-6&#8243;][vc_column_text el_class=&#8220;altro-prodotto-codice&#8220;]<\/p>\n<h6>435\/433HM<\/h6>\n<p>[\/vc_column_text][vc_column_text el_class=&#8220;label-evidenza&#8220;]<span data-sheets-value=\"{&quot;1&quot;:2,&quot;2&quot;:&quot;SELBSTKLEBENDES PAPIERBAND&quot;}\" data-sheets-userformat=\"{&quot;2&quot;:14337,&quot;3&quot;:{&quot;1&quot;:0,&quot;3&quot;:1},&quot;14&quot;:{&quot;1&quot;:3,&quot;3&quot;:1},&quot;15&quot;:&quot;Calibri&quot;,&quot;16&quot;:11}\">Selbstklebendes Papierband<br \/>\n<\/span>[\/vc_column_text][vc_column_text]Klebeband mit Kraftpapierr\u00fccken, ideal umschwieriger Kartons, dank der High Tack-Klebstoffformel zu verschlie\u00dfen. Individuell gestaltbar mit Firmenaufdrucken und -logos.<br \/>\nFSC\u00a9-zertifizierte Version erh\u00e4ltlich.<\/p>\n<p><img decoding=\"async\" class=\"alignnone wp-image-3608 size-full\" src=\"https:\/\/staging.fabotape.com\/wp-content\/uploads\/2022\/11\/FSC_C180897_Promotional_with_text_Landscape_WhiteOnGreen_r_FIgRrk-2-2.png\" alt=\"FSC\" width=\"180\" srcset=\"https:\/\/staging.fabotape.com\/wp-content\/uploads\/2022\/11\/FSC_C180897_Promotional_with_text_Landscape_WhiteOnGreen_r_FIgRrk-2-2.png 967w, https:\/\/staging.fabotape.com\/wp-content\/uploads\/2022\/11\/FSC_C180897_Promotional_with_text_Landscape_WhiteOnGreen_r_FIgRrk-2-2-510x261.png 510w, https:\/\/staging.fabotape.com\/wp-content\/uploads\/2022\/11\/FSC_C180897_Promotional_with_text_Landscape_WhiteOnGreen_r_FIgRrk-2-2-900x461.png 900w, https:\/\/staging.fabotape.com\/wp-content\/uploads\/2022\/11\/FSC_C180897_Promotional_with_text_Landscape_WhiteOnGreen_r_FIgRrk-2-2-768x393.png 768w\" sizes=\"(max-width: 967px) 100vw, 967px\" \/>[\/vc_column_text][\/vc_column_inner][\/vc_row_inner][\/vc_column][\/vc_row][vc_row el_class=&#8220;riga-altri-prodotti&#8220;][vc_column width=&#8220;1\/2&#8243;][vc_row_inner equal_height=&#8220;yes&#8220; content_placement=&#8220;middle&#8220;][vc_column_inner el_class=&#8220;img-altro-prodotto&#8220; width=&#8220;5\/12&#8243; offset=&#8220;vc_col-lg-6 vc_col-md-6&#8243;][vc_single_image image=&#8220;2766&#8243; img_size=&#8220;full&#8220;][\/vc_column_inner][vc_column_inner el_class=&#8220;testo-altro-prodotto&#8220; width=&#8220;7\/12&#8243; offset=&#8220;vc_col-lg-6 vc_col-md-6&#8243;][vc_column_text el_class=&#8220;altro-prodotto-codice&#8220;]<\/p>\n<h6>510\/515HM<\/h6>\n<p>[\/vc_column_text][vc_column_text el_class=&#8220;label-evidenza&#8220;]Kreuzgewebe Filamentklebeband[\/vc_column_text][vc_column_text]Verf\u00fcgbar in den Ausf\u00fchrungen strukturiert (510HM) und unidirektional (515HM). Erlaubt das Verschlie\u00dfen von sehr schweren Paketen und das Zusammenf\u00fcgen<br \/>\nverschiedener Artikel<br \/>\n[\/vc_column_text][\/vc_column_inner][\/vc_row_inner][\/vc_column][\/vc_row][vc_row full_width=&#8220;stretch_row&#8220; disable_element=&#8220;yes&#8220; el_class=&#8220;bg-blu-sinistra bg-blu-prodotto&#8220; el_id=&#8220;alimenti&#8220;][vc_column offset=&#8220;vc_col-lg-offset-1 vc_col-lg-7 vc_col-md-offset-1 vc_col-md-7&#8243;][vc_column_text el_class=&#8220;label-riga&#8220;]VERPACKUNG[\/vc_column_text][vc_column_text]<\/p>\n<h2><strong>Klebeb\u00e4nder f\u00fcr Lebensmittelkontakt<\/strong><\/h2>\n<p>[\/vc_column_text][vc_column_text]Das Thema Lebensmittelsicherheit ist ein hochaktuelles Thema, das wir in der FABO mit einer Reihe von Klebeb\u00e4ndern umgesetzt haben, die in Hei\u00dfschmelz- und wasserbasierter Acryltechnologie hergestellt wurden, um Kunden und Endverbrauchern echte Sicherheit zu bieten.[\/vc_column_text][\/vc_column][\/vc_row][vc_row equal_height=&#8220;yes&#8220; content_placement=&#8220;middle&#8220; disable_element=&#8220;yes&#8220; el_class=&#8220;spot-prodotto&#8220;][vc_column width=&#8220;1\/2&#8243; offset=&#8220;vc_col-lg-offset-0 vc_col-lg-5 vc_col-md-offset-0 vc_col-md-5&#8243;][vc_single_image image=&#8220;1114&#8243; img_size=&#8220;&#8220; alignment=&#8220;center&#8220; css=&#8220;.vc_custom_1530180491892{margin-top: 0px !important;margin-bottom: 0px !important;padding-top: 0px !important;padding-bottom: 0px !important;}&#8220; el_class=&#8220;img-300&#215;300&#8243;][\/vc_column][vc_column width=&#8220;1\/2&#8243; offset=&#8220;vc_col-lg-offset-1 vc_col-lg-5 vc_col-md-offset-1 vc_col-md-5&#8243;][vc_column_text]Die Klebeb\u00e4nder FABO 225FC und 320FC sind gem\u00e4\u00df den europ\u00e4ischen Vorschriften Nr. 1935\/2004 und Nr. 10\/2011 f\u00fcr den Kontakt mit Lebensmitteln geeignet und gew\u00e4hrleisten die Sicherheit Ihrer Verpackung und Ihrer Produkte und vor allem die Sicherheit des Endverbrauchers.[\/vc_column_text][\/vc_column][\/vc_row][vc_row full_width=&#8220;stretch_row&#8220; el_class=&#8220;categoria-seo riga-seo&#8220;][vc_column][vc_column_text el_class=&#8220;contenuto&#8220;]<\/p>\n<h2>Fabo, Hersteller von Verpackungsb\u00e4ndern<\/h2>\n<p>&#8222;Fabo stellt seit 1971 Verpackungsklebeb\u00e4nder her und ist heute, mit \u00fcber 50 Jahren Erfahrung, einer der wichtigsten europ\u00e4ischen Produzenten in diesem Bereich, der als einer der ersten in Europa Klebeb\u00e4nder ohne L\u00f6sungsmitteln hergestellt hat.<\/p>\n<p>Das Fabrikgel\u00e4nde umfasst eine Fl\u00e4che von 15.000 m\u00b2 mit einer Jahresproduktion von \u00fcber 350.000.000 m\u00b2 Klebeband. Es ist vor allem dank der Investitionen in Forschung und Entwicklung, mit dem Ausbau des Labors und des spezialisierten Personals im Laufe der Jahre, dass das Unternehmen sein Angebot an Klebstoffprodukten f\u00fcr viele Verpackungsanwendungen erweitert hat.<\/p>\n<p>Fabos L\u00f6sungen f\u00fcr die Verpackung Ihrer Lieferungen umfassen Produkte mit Acrylatklebstoff auf Wasserbasis &#8211; f\u00fcr ein leise abrollendes Produkt mit hervorragender Best\u00e4ndigkeit gegen Alterung und UV-Strahlen &#8211; bis hin zu Produkten mit Schmelzklebstoff &#8211; f\u00fcr einen aggressiveren und sofortigen Halt auf allen Arten von Verpackungen &#8211; und zeichnen sich stets durch Zuverl\u00e4ssigkeit und Leistung aus.<\/p>\n<p>Die breite Palette von Fabo-Verpackungsartikeln spiegelt die Qualit\u00e4t der Klebel\u00f6sungen wider, die das Unternehmen im Laufe der Jahre entwickelt hat, und ist ein idealer Produktkatalog f\u00fcr die Belieferung von Kunden, die in den Bereichen Vertrieb, Druck und Klebebandschneiden t\u00e4tig sind&#8220;.<\/p>\n<p>Das Fabo-Acrylsortiment weist von Produkt zu Produkt unterschiedliche Eigenschaften auf, um spezifischen Anforderungen an Ger\u00e4uschlosigkeit, Qualit\u00e4t und gr\u00f6\u00dfere oder geringere Haftf\u00e4higkeit nachzukommen. Alle Acrylklebeb\u00e4nder sind auch in einer bedruckten Ausf\u00fchrung f\u00fcr ma\u00dfgeschneiderte Personalisierungen basierend auf Kundenanforderungen erh\u00e4ltlich.<\/p>\n<p><span style=\"font-weight: 400;\">Fabo bietet auch spezielle Verfahren wie die\u00a0Pack-Roll-Technologie\u00a0an, mit der sich B\u00e4nder leiser, transparenter und einfacher abwickeln lassen. Durch dieses spezielle Schneideverfahren, bei dem die Luft in den Rollen vollst\u00e4ndig entfernt wird, unterscheiden sich die B\u00e4nder mit Acrylkleber auf Wasserbasis bei ihrer Anbringung in Aussehen und Leistung deutlich von den anderen Klebeb\u00e4ndern.<\/span><\/p>\n<p>Die mit der Hei\u00dfschmelztechnologie hergestellten Produkte zeichnen sich durch hervorragende Klebeeigenschaften aus und eignen sich insbesondere zum Verschlie\u00dfen mittelschwerer Verpackungen aus Standard- und sogar Recyclingkarton. Die spezielle, hochaggressive Formulierung der Klebemasse erm\u00f6glicht den Einsatz sowohl von Hand als auch mit automatischen Klebemaschinen im industriellen Verpackungsbereich. Fabo bietet unter anderem Produkte mit Hei\u00dfschmelztechnologie aus Polypropylen an, die sich f\u00fcr die K\u00fchlkette eignen, sowie Papierprodukte mit diversifizierten Klebemassen f\u00fcr die beste Klebeleistung. Die Hei\u00dfschmelzb\u00e4nder sind auch in bedruckten Ausf\u00fchrungen sowie mit bedruckten R\u00fcckseiten erh\u00e4ltlich.[\/vc_column_text][\/vc_column][\/vc_row]<\/p>\n","protected":false},"excerpt":{"rendered":"<p>Klebeb\u00e4nder, die mit Acryl- und Hotmelt-Technologie hergestellt werden, um die beste Leistung beim Verschlie\u00dfen jeder Art von Verpackung zu erzielen.<\/p>\n","protected":false},"author":3,"featured_media":476,"parent":1452,"menu_order":99,"comment_status":"closed","ping_status":"closed","template":"","meta":{"_acf_changed":false,"footnotes":""},"tags":[],"class_list":["post-1536","page","type-page","status-publish","has-post-thumbnail","hentry"],"acf":[],"_links":{"self":[{"href":"https:\/\/staging.fabotape.com\/de\/wp-json\/wp\/v2\/pages\/1536","targetHints":{"allow":["GET"]}}],"collection":[{"href":"https:\/\/staging.fabotape.com\/de\/wp-json\/wp\/v2\/pages"}],"about":[{"href":"https:\/\/staging.fabotape.com\/de\/wp-json\/wp\/v2\/types\/page"}],"author":[{"embeddable":true,"href":"https:\/\/staging.fabotape.com\/de\/wp-json\/wp\/v2\/users\/3"}],"replies":[{"embeddable":true,"href":"https:\/\/staging.fabotape.com\/de\/wp-json\/wp\/v2\/comments?post=1536"}],"version-history":[{"count":13,"href":"https:\/\/staging.fabotape.com\/de\/wp-json\/wp\/v2\/pages\/1536\/revisions"}],"predecessor-version":[{"id":9869,"href":"https:\/\/staging.fabotape.com\/de\/wp-json\/wp\/v2\/pages\/1536\/revisions\/9869"}],"up":[{"embeddable":true,"href":"https:\/\/staging.fabotape.com\/de\/wp-json\/wp\/v2\/pages\/1452"}],"wp:featuredmedia":[{"embeddable":true,"href":"https:\/\/staging.fabotape.com\/de\/wp-json\/wp\/v2\/media\/476"}],"wp:attachment":[{"href":"https:\/\/staging.fabotape.com\/de\/wp-json\/wp\/v2\/media?parent=1536"}],"wp:term":[{"taxonomy":"post_tag","embeddable":true,"href":"https:\/\/staging.fabotape.com\/de\/wp-json\/wp\/v2\/tags?post=1536"}],"curies":[{"name":"wp","href":"https:\/\/api.w.org\/{rel}","templated":true}]}}