{"id":1527,"date":"2020-04-28T15:15:24","date_gmt":"2020-04-28T13:15:24","guid":{"rendered":"https:\/\/staging.fabotape.com\/?page_id=1527"},"modified":"2022-11-30T09:21:54","modified_gmt":"2022-11-30T08:21:54","slug":"druckmaterial","status":"publish","type":"page","link":"https:\/\/staging.fabotape.com\/de\/produkte\/druckmaterial\/","title":{"rendered":"Druckmaterial"},"content":{"rendered":"<p>[vc_row][vc_column][vc_raw_html]JTNDYSUyMGhyZWYlM0QlMjIlMkZkZSUyRnByb2R1a3RlJTJGJTIyJTIwY2xhc3MlM0QlMjJiYWNrLXRvLXByb2RvdHRpJTIyJTNFWnVyJUMzJUJDY2slMjB6dSUyMGRlbiUyMFByb2R1a3RlbiUzQyUyRmElM0U=[\/vc_raw_html][\/vc_column][\/vc_row][vc_row el_class=&#8220;riga-testo-due-colonne&#8220;][vc_column width=&#8220;1\/2&#8243; offset=&#8220;vc_col-lg-offset-1 vc_col-lg-5 vc_col-md-offset-1 vc_col-md-5&#8243;][vc_column_text]<\/p>\n<h3>Speziell auf die Bed\u00fcrfnisse von Druckern zugeschnittene Produkte.<\/h3>\n<p>[\/vc_column_text][\/vc_column][vc_column width=&#8220;1\/2&#8243; offset=&#8220;vc_col-lg-5 vc_col-md-5&#8243;][vc_column_text]<strong>Die FABO-Druckserie bietet Hochleistungsklebeb\u00e4nder, die mit Hei\u00dfschmelz- und Acrylklebetechnologien hergestellt werden und f\u00fcr die Erzielung der besten Druckergebnisse geeignet sind. <\/strong><\/p>\n<p>Eine Reihe von bedruckbaren Produkten, die in verschiedenen Gr\u00f6\u00dfen oder in Jumbo-Rollen erh\u00e4ltlich sind.[\/vc_column_text][\/vc_column][\/vc_row][vc_row gap=&#8220;35&#8243; el_class=&#8220;riga-altri-prodotti due-per-row&#8220;][vc_column width=&#8220;1\/2&#8243;][vc_single_image image=&#8220;556&#8243; img_size=&#8220;full&#8220;][vc_column_text el_class=&#8220;altro-prodotto-codice&#8220;]<\/p>\n<h6>Hei\u00dfschmelzlinie<\/h6>\n<p>[\/vc_column_text][vc_column_text]Direkt bedruckbare Produkte ohne Verwendung von Primern und Trennmitteln<br \/>\n[\/vc_column_text][vc_column_text el_class=&#8220;articoli-disponibili&#8220;]<\/p>\n<h4>Artikel aus bedruckbarem BOPP in verschiedenen Dicken:<\/h4>\n<p>[\/vc_column_text][vc_row_inner equal_height=&#8220;yes&#8220; el_class=&#8220;riga-tab-codici&#8220;][vc_column_inner el_class=&#8220;cod-prodotto&#8220; width=&#8220;1\/6&#8243; offset=&#8220;vc_col-xs-2&#8243;][vc_column_text]<\/p>\n<p>328<\/p>\n<p>[\/vc_column_text][\/vc_column_inner][vc_column_inner width=&#8220;5\/6&#8243; offset=&#8220;vc_col-xs-10&#8243;][vc_column_text el_class=&#8220;link-schede&#8220;]<\/p>\n<ul>\n<li><a href=\"\/download\/schede_tecniche\/it\/328.pdf\" target=\"_blank\" rel=\"noopener\">Technisches Datenblatt<\/a><\/li>\n<\/ul>\n<p>[\/vc_column_text][\/vc_column_inner][\/vc_row_inner][vc_row_inner equal_height=&#8220;yes&#8220; el_class=&#8220;riga-tab-codici&#8220;][vc_column_inner el_class=&#8220;cod-prodotto&#8220; width=&#8220;1\/6&#8243; offset=&#8220;vc_col-xs-2&#8243;][vc_column_text]332[\/vc_column_text][\/vc_column_inner][vc_column_inner width=&#8220;5\/6&#8243; offset=&#8220;vc_col-xs-10&#8243;][vc_column_text el_class=&#8220;link-schede&#8220;]<\/p>\n<ul>\n<li><a href=\"\/download\/schede_tecniche\/it\/332.pdf\" target=\"_blank\" rel=\"noopener\">Technisches Datenblatt<\/a><\/li>\n<\/ul>\n<p>[\/vc_column_text][\/vc_column_inner][\/vc_row_inner][vc_row_inner equal_height=&#8220;yes&#8220; el_class=&#8220;riga-tab-codici&#8220;][vc_column_inner el_class=&#8220;cod-prodotto&#8220; width=&#8220;1\/6&#8243; offset=&#8220;vc_col-xs-2&#8243;][vc_column_text]512[\/vc_column_text][\/vc_column_inner][vc_column_inner width=&#8220;5\/6&#8243; offset=&#8220;vc_col-xs-10&#8243;][vc_column_text el_class=&#8220;link-schede&#8220;]<\/p>\n<ul>\n<li><a href=\"\/download\/schede_tecniche\/it\/512.pdf\" target=\"_blank\" rel=\"noopener\">Technisches Datenblatt<\/a><\/li>\n<\/ul>\n<p>[\/vc_column_text][\/vc_column_inner][\/vc_row_inner][\/vc_column][vc_column width=&#8220;1\/2&#8243;][vc_single_image image=&#8220;558&#8243; img_size=&#8220;full&#8220;][vc_column_text el_class=&#8220;altro-prodotto-codice&#8220;]<\/p>\n<h6>Acryllinie<\/h6>\n<p>[\/vc_column_text][vc_column_text]L\u00f6semittelfreie Polypropylenfolie mit Tr\u00e4gern in verschiedenen St\u00e4rken und unterschiedlichen Klebegewichten.[\/vc_column_text][vc_column_text el_class=&#8220;articoli-disponibili&#8220;]<\/p>\n<h4>Artikel aus bedruckbarem BOPP in verschiedenen Dicken:<\/h4>\n<p>[\/vc_column_text][vc_row_inner equal_height=&#8220;yes&#8220; el_class=&#8220;riga-tab-codici&#8220;][vc_column_inner el_class=&#8220;cod-prodotto&#8220; width=&#8220;1\/6&#8243; offset=&#8220;vc_col-xs-2&#8243;][vc_column_text]225[\/vc_column_text][\/vc_column_inner][vc_column_inner width=&#8220;5\/6&#8243; offset=&#8220;vc_col-xs-10&#8243;][vc_column_text el_class=&#8220;link-schede&#8220;]<\/p>\n<ul>\n<li><a href=\"\/download\/schede_tecniche\/it\/225.pdf\" target=\"_blank\" rel=\"noopener\">Technisches Datenblatt<\/a><\/li>\n<\/ul>\n<p>[\/vc_column_text][\/vc_column_inner][\/vc_row_inner][vc_row_inner equal_height=&#8220;yes&#8220; el_class=&#8220;riga-tab-codici&#8220;][vc_column_inner el_class=&#8220;cod-prodotto&#8220; width=&#8220;1\/6&#8243; offset=&#8220;vc_col-xs-2&#8243;][vc_column_text]227[\/vc_column_text][\/vc_column_inner][vc_column_inner width=&#8220;5\/6&#8243; offset=&#8220;vc_col-xs-10&#8243;][vc_column_text el_class=&#8220;link-schede&#8220;]<\/p>\n<ul>\n<li><a href=\"\/download\/schede_tecniche\/it\/227.pdf\" target=\"_blank\" rel=\"noopener\">Technisches Datenblatt<\/a><\/li>\n<\/ul>\n<p>[\/vc_column_text][\/vc_column_inner][\/vc_row_inner][vc_row_inner equal_height=&#8220;yes&#8220; el_class=&#8220;riga-tab-codici&#8220;][vc_column_inner el_class=&#8220;cod-prodotto&#8220; width=&#8220;1\/6&#8243; offset=&#8220;vc_col-xs-2&#8243;][vc_column_text]230[\/vc_column_text][\/vc_column_inner][vc_column_inner width=&#8220;5\/6&#8243; offset=&#8220;vc_col-xs-10&#8243;][vc_column_text el_class=&#8220;link-schede&#8220;]<\/p>\n<ul>\n<li><a href=\"\/download\/schede_tecniche\/it\/230.pdf\" target=\"_blank\" rel=\"noopener\">Technisches Datenblatt<\/a><\/li>\n<\/ul>\n<p>[\/vc_column_text][\/vc_column_inner][\/vc_row_inner][vc_row_inner equal_height=&#8220;yes&#8220; el_class=&#8220;riga-tab-codici&#8220;][vc_column_inner el_class=&#8220;cod-prodotto&#8220; width=&#8220;1\/6&#8243; offset=&#8220;vc_col-xs-2&#8243;][vc_column_text]230C[\/vc_column_text][\/vc_column_inner][vc_column_inner width=&#8220;5\/6&#8243; offset=&#8220;vc_col-xs-10&#8243;][vc_column_text el_class=&#8220;link-schede&#8220;]<\/p>\n<ul>\n<li><a href=\"\/download\/schede_tecniche\/it\/230.pdf\" target=\"_blank\" rel=\"noopener\">Technisches Datenblatt<\/a><\/li>\n<\/ul>\n<p>[\/vc_column_text][\/vc_column_inner][\/vc_row_inner][vc_row_inner equal_height=&#8220;yes&#8220; el_class=&#8220;riga-tab-codici&#8220;][vc_column_inner el_class=&#8220;cod-prodotto&#8220; width=&#8220;1\/6&#8243; offset=&#8220;vc_col-xs-2&#8243;][vc_column_text]232[\/vc_column_text][\/vc_column_inner][vc_column_inner width=&#8220;5\/6&#8243; offset=&#8220;vc_col-xs-10&#8243;][vc_column_text el_class=&#8220;link-schede&#8220;]<\/p>\n<ul>\n<li><a href=\"\/download\/schede_tecniche\/it\/232.pdf\" target=\"_blank\" rel=\"noopener\">Technisches Datenblatt<\/a><\/li>\n<\/ul>\n<p>[\/vc_column_text][\/vc_column_inner][\/vc_row_inner][vc_row_inner equal_height=&#8220;yes&#8220; el_class=&#8220;riga-tab-codici&#8220;][vc_column_inner el_class=&#8220;cod-prodotto&#8220; width=&#8220;1\/6&#8243; offset=&#8220;vc_col-xs-2&#8243;][vc_column_text]232C[\/vc_column_text][\/vc_column_inner][vc_column_inner width=&#8220;5\/6&#8243; offset=&#8220;vc_col-xs-10&#8243;][vc_column_text el_class=&#8220;link-schede&#8220;]<\/p>\n<ul>\n<li><a href=\"\/download\/schede_tecniche\/it\/232.pdf\" target=\"_blank\" rel=\"noopener\">Technisches Datenblatt<\/a><\/li>\n<\/ul>\n<p>[\/vc_column_text][\/vc_column_inner][\/vc_row_inner][vc_row_inner equal_height=&#8220;yes&#8220; el_class=&#8220;riga-tab-codici&#8220;][vc_column_inner el_class=&#8220;cod-prodotto&#8220; width=&#8220;1\/6&#8243; offset=&#8220;vc_col-xs-2&#8243;][vc_column_text]232HT[\/vc_column_text][\/vc_column_inner][vc_column_inner width=&#8220;5\/6&#8243; offset=&#8220;vc_col-xs-10&#8243;][vc_column_text el_class=&#8220;link-schede&#8220;]<\/p>\n<ul>\n<li><a href=\"\/download\/schede_tecniche\/it\/232HT.pdf\" target=\"_blank\" rel=\"noopener\">Technisches Datenblatt<\/a><\/li>\n<\/ul>\n<p>[\/vc_column_text][\/vc_column_inner][\/vc_row_inner][vc_row_inner equal_height=&#8220;yes&#8220; el_class=&#8220;riga-tab-codici&#8220;][vc_column_inner el_class=&#8220;cod-prodotto&#8220; width=&#8220;1\/6&#8243; offset=&#8220;vc_col-xs-2&#8243;][vc_column_text]235[\/vc_column_text][\/vc_column_inner][vc_column_inner width=&#8220;5\/6&#8243; offset=&#8220;vc_col-xs-10&#8243;][vc_column_text el_class=&#8220;link-schede&#8220;]<\/p>\n<ul>\n<li><a href=\"\/download\/schede_tecniche\/it\/235.pdf\" target=\"_blank\" rel=\"noopener\">Technisches Datenblatt<\/a><\/li>\n<\/ul>\n<p>[\/vc_column_text][\/vc_column_inner][\/vc_row_inner][vc_row_inner equal_height=&#8220;yes&#8220; el_class=&#8220;riga-tab-codici&#8220;][vc_column_inner el_class=&#8220;cod-prodotto&#8220; width=&#8220;1\/6&#8243; offset=&#8220;vc_col-xs-2&#8243;][vc_column_text]248[\/vc_column_text][\/vc_column_inner][vc_column_inner width=&#8220;5\/6&#8243; offset=&#8220;vc_col-xs-10&#8243;][vc_column_text el_class=&#8220;link-schede&#8220;]<\/p>\n<ul>\n<li><a href=\"\/download\/schede_tecniche\/it\/248.pdf\" target=\"_blank\" rel=\"noopener\">Technisches Datenblatt<\/a><\/li>\n<\/ul>\n<p>[\/vc_column_text][\/vc_column_inner][\/vc_row_inner][vc_row_inner equal_height=&#8220;yes&#8220; el_class=&#8220;riga-tab-codici&#8220;][vc_column_inner el_class=&#8220;cod-prodotto&#8220; width=&#8220;1\/6&#8243; offset=&#8220;vc_col-xs-2&#8243;][vc_column_text]250[\/vc_column_text][\/vc_column_inner][vc_column_inner width=&#8220;5\/6&#8243; offset=&#8220;vc_col-xs-10&#8243;][vc_column_text el_class=&#8220;link-schede&#8220;]<\/p>\n<ul>\n<li><a href=\"\/download\/schede_tecniche\/it\/250.pdf\" target=\"_blank\" rel=\"noopener\">Technisches Datenblatt<\/a><\/li>\n<\/ul>\n<p>[\/vc_column_text][\/vc_column_inner][\/vc_row_inner][\/vc_column][\/vc_row][vc_row disable_element=&#8220;yes&#8220;][vc_column el_class=&#8220;text-center riga-btn-scheda&#8220;]<div class=\" ubtn-ctn-left btn btn-sfumato-verde\"><a class=\"ubtn-link ult-adjust-bottom-margin ubtn-left ubtn-normal btn btn-sfumato-verde\" href=\"#\"><button type=\"button\" id=\"ubtn-5102\" class=\"ubtn ult-adjust-bottom-margin ult-responsive ubtn-normal ubtn-no-hover-bg  none  ubtn-left   tooltip-69f242e42511d\"  data-hover=\"\" data-border-color=\"\" data-bg=\"#e0e0e0\" data-hover-bg=\"\" data-border-hover=\"\" data-shadow-hover=\"\" data-shadow-click=\"none\" data-shadow=\"\" data-shd-shadow=\"\"  data-ultimate-target='#ubtn-5102'  data-responsive-json-new='{\"font-size\":\"\",\"line-height\":\"\"}'  style=\"font-weight:normal;border:none;background: #e0e0e0;color: #000000;\"><span class=\"ubtn-hover\" style=\"background-color:\"><\/span><span class=\"ubtn-data ubtn-text \" >VAI ALLE SCHEDE TECNICHE MATERIALE DA STAMPA<\/span><\/button><\/a><\/div>[\/vc_column][\/vc_row]<\/p>\n","protected":false},"excerpt":{"rendered":"<p>Die FABO-Druckserie bietet Hochleistungsklebeb\u00e4nder, die mit Hei\u00dfschmelz- und Acrylklebetechnologien hergestellt werden und f\u00fcr die Erzielung der besten Druckergebnisse geeignet sind.<\/p>\n","protected":false},"author":3,"featured_media":558,"parent":1452,"menu_order":22,"comment_status":"closed","ping_status":"closed","template":"","meta":{"_acf_changed":false,"footnotes":""},"tags":[],"class_list":["post-1527","page","type-page","status-publish","has-post-thumbnail","hentry"],"acf":[],"_links":{"self":[{"href":"https:\/\/staging.fabotape.com\/de\/wp-json\/wp\/v2\/pages\/1527","targetHints":{"allow":["GET"]}}],"collection":[{"href":"https:\/\/staging.fabotape.com\/de\/wp-json\/wp\/v2\/pages"}],"about":[{"href":"https:\/\/staging.fabotape.com\/de\/wp-json\/wp\/v2\/types\/page"}],"author":[{"embeddable":true,"href":"https:\/\/staging.fabotape.com\/de\/wp-json\/wp\/v2\/users\/3"}],"replies":[{"embeddable":true,"href":"https:\/\/staging.fabotape.com\/de\/wp-json\/wp\/v2\/comments?post=1527"}],"version-history":[{"count":8,"href":"https:\/\/staging.fabotape.com\/de\/wp-json\/wp\/v2\/pages\/1527\/revisions"}],"predecessor-version":[{"id":3575,"href":"https:\/\/staging.fabotape.com\/de\/wp-json\/wp\/v2\/pages\/1527\/revisions\/3575"}],"up":[{"embeddable":true,"href":"https:\/\/staging.fabotape.com\/de\/wp-json\/wp\/v2\/pages\/1452"}],"wp:featuredmedia":[{"embeddable":true,"href":"https:\/\/staging.fabotape.com\/de\/wp-json\/wp\/v2\/media\/558"}],"wp:attachment":[{"href":"https:\/\/staging.fabotape.com\/de\/wp-json\/wp\/v2\/media?parent=1527"}],"wp:term":[{"taxonomy":"post_tag","embeddable":true,"href":"https:\/\/staging.fabotape.com\/de\/wp-json\/wp\/v2\/tags?post=1527"}],"curies":[{"name":"wp","href":"https:\/\/api.w.org\/{rel}","templated":true}]}}