{"id":1518,"date":"2020-04-28T11:42:47","date_gmt":"2020-04-28T09:42:47","guid":{"rendered":"https:\/\/staging.fabotape.com\/?page_id=1518"},"modified":"2020-05-04T17:48:43","modified_gmt":"2020-05-04T15:48:43","slug":"rechtliche-hinweise","status":"publish","type":"page","link":"https:\/\/staging.fabotape.com\/de\/rechtliche-hinweise\/","title":{"rendered":"Rechtliche Hinweise"},"content":{"rendered":"<p>[vc_row css=&#8220;.vc_custom_1516878316990{margin-bottom: 60px !important;}&#8220;][vc_column offset=&#8220;vc_col-lg-offset-1 vc_col-lg-10 vc_col-md-offset-1 vc_col-md-10&#8243;][vc_column_text]<\/p>\n<h1>Rechtliche Hinweise<\/h1>\n<p>[\/vc_column_text][vc_separator][vc_column_text]<\/p>\n<h4>URHEBERRECHT<\/h4>\n<p><strong><em>Rechtliche Bedingungen bez\u00fcglich der Website<\/em><\/strong><\/p>\n<p>Dieses Dokument enth\u00e4lt die rechtlichen Bedingungen f\u00fcr den Zugriff auf und die Nutzung der FABO S.p.a.-Website. Durch den Zugriff auf die Website, die Nutzung der Website oder die Verwendung der darauf enthaltenen Materialien erkl\u00e4ren Sie sich mit den nachstehenden allgemeinen Bedingungen einverstanden.<\/p>\n<p><strong><em>1. Eigentum der Website<\/em><\/strong><\/p>\n<p>Diese Website ist Eigentum des Unternehmens FABO S.p.a. mit Sitz in Via Cecinese, 84 &#8211; 51036 Larciano (PT), Italien.<\/p>\n<p><strong><em>2. Urheber- und Kennzeichenrecht<\/em><\/strong><\/p>\n<p>Diese Website ist als einzelnes und\/oder zusammengesetztes und\/oder kollektives Werk gem\u00e4\u00df italienischem und EU-Recht, internationaler Konventionen und anderer relevanter Gesetze urheberrechtlich gesch\u00fctzt. Jegliche unbefugte Verwendung der auf der Website enthaltenen Materialien ist strengstens untersagt. Alle Rechte vorbehalten.<br \/>\nDie Website kann Dokumente, Bilder, Software, Informationen und anderes Material enthalten, das Dritten geh\u00f6rt, wie etwa Fotos, Anzeigen, Videoclips und Musik. Jegliche unbefugte Verwendung der auf der Website enthaltenen Materialien ist strengstens untersagt, es sei denn, der Eigent\u00fcmer der betreffenden Materialien hat zuvor seine schriftliche Zustimmung erteilt.<\/p>\n<p><strong><em>3. Nutzung und Zugriff auf die Website<\/em><\/strong><\/p>\n<p>Der Inhalt und die Materialien auf der Webseite dienen dem pers\u00f6nlichen und nicht dem kommerziellen Gebrauch.<\/p>\n<p>Der Benutzer darf die auf dieser Website angezeigten Inhalte und sonstigen herunterladbaren Materialien nur f\u00fcr seinen pers\u00f6nlichen, nicht kommerziellen Gebrauch herunterladen oder kopieren, vorausgesetzt, es wird anerkannt, dass die Materialien, die unter das darin enthaltene Urheberrecht fallen, gesch\u00fctzt sind und der Benutzer sich verpflichtet, alle Urheberrechte und sonstigen Rechte auf dieser Website zu respektieren. Das Kopieren oder Speichern von Inhalten f\u00fcr andere als pers\u00f6nliche und nicht kommerzielle Zwecke ist ohne vorherige schriftliche Zustimmung von FABO S.p.a. strengstens untersagt.<\/p>\n<p>FABO S.p.a. kann alle oder einige der Funktionen der Website jederzeit \u00e4ndern, stornieren oder aussetzen, einschlie\u00dflich der Verf\u00fcgbarkeit aller oder eines Teils der Website, der Funktionen und der Website-Datenbank. FABO S.p.a. kann nach eigenem Ermessen auch Fehler oder Auslassungen<br \/>\nin einem Teil der Website korrigieren oder bestimmte Funktionen und Dienste einschr\u00e4nken oder den Benutzerzugriff auf Teile oder die gesamte Website ohne Benachrichtigung einschr\u00e4nken.<\/p>\n<p>&nbsp;<\/p>\n<h4>HAFTUNGSAUSSCHLUSS<\/h4>\n<p><strong><em>1. Gew\u00e4hrleistungsausschluss und Haftungsbeschr\u00e4nkungen<\/em><\/strong><\/p>\n<p>Der Benutzer erkennt an, dass er die Website auf eigenes Risiko nutzt. Der Service wird in dem jeweils befindlichen Zustand erbracht und FABO S.p.a. lehnt ausdr\u00fccklich jegliche ausdr\u00fcckliche und implizite Garantie ab, einschlie\u00dflich, aber nicht beschr\u00e4nkt auf, Garantien f\u00fcr Richtigkeit, Zuverl\u00e4ssigkeit, Eigentum, Nichtverletzung, Eignung f\u00fcr bestimmte Zwecke oder jede andere Zustandsgarantie, Versicherung oder Erkl\u00e4rung m\u00fcndlicher, schriftlicher oder elektronischer Art, einschlie\u00dflich, aber nicht beschr\u00e4nkt auf jegliche Garantie f\u00fcr die Richtigkeit oder Vollst\u00e4ndigkeit von Informationen, die auf der Website enthalten sind oder von der Website selbst bereitgestellt werden.<\/p>\n<p>Das Unternehmen FABO S.p.a. erkl\u00e4rt und garantiert nicht, dass der Zugriff auf die Website nicht unterbrochen wird oder dass die Website keine Fehlfunktionen, Fehler, Auslassungen oder Datenverluste enth\u00e4lt oder dass keine Viren auf die Website \u00fcbertragen werden.<\/p>\n<p>Das Unternehmen FABO S.p.a haftet gegen\u00fcber den Benutzern der Website oder Dritten nicht f\u00fcr direkte, indirekte, spezielle, Folgesch\u00e4den oder Strafsch\u00e4den, die vermutlich aufgrund des Zugriffs auf die Website oder der Unf\u00e4higkeit, auf die Website zuzugreifen, entstanden, einschlie\u00dflich im Fall von Viren, die vermutlich von der Website empfangen wurden, der Verwendung oder des Vertrauens in die Website oder in Informationen oder Materialien, die auf der Website verf\u00fcgbar sind.<\/p>\n<p><strong><em>2. Anwendbares Recht und Gerichtsstand<\/em><\/strong><\/p>\n<p>Der Benutzer erkennt an und stimmt in jedem Fall zu, dass alle Streitigkeiten, die sich aus dem Zugriff auf und\/oder der Nutzung der Website ergeben, italienischen Gesetzen unterliegen und der ausschlie\u00dflichen Zust\u00e4ndigkeit eines italienischen Gerichts unterliegen m\u00fcssen.<\/p>\n<p><strong><em>3. Datenschutz<\/em><\/strong><\/p>\n<p>Ihr Name wird in \u00dcbereinstimmung mit dem Gesetzesdekret 196\/2003 zum Schutz personenbezogener Daten (Datenschutzgesetz) ausschlie\u00dflich zu buchhalterischen, steuerlichen, administrativen und kommerziellen Zwecken in die Datenbanken des Unternehmens FABO S.p.a. eingetragen. Die Aktualisierung oder L\u00f6schung der Daten kann jederzeit beim Datenverantwortlichen des Unternehmens beantragt werden.<\/p>\n<p><strong><em>4. \u00c4nderungen<\/em><\/strong><\/p>\n<p>Die vorstehenden Regeln k\u00f6nnen von Zeit zu Zeit von dem Unternehmen FABO S.p.a. ge\u00e4ndert werden. Benachrichtigungen \u00fcber \u00c4nderungen dieser Regeln werden auf dieser Seite bekannt gegeben. Die fortgesetzte Nutzung der Website durch den Benutzer kommt einer Annahme solcher \u00c4nderungen oder \u00dcberarbeitungen dieser Regeln durch den Benutzer gleich; aus diesem Grund empfehlen wir dem Benutzer, diese Seite regelm\u00e4\u00dfig zu besuchen.[\/vc_column_text][\/vc_column][\/vc_row]<\/p>\n","protected":false},"excerpt":{"rendered":"<p>[vc_row css=&#8220;.vc_custom_1516878316990{margin-bottom: 60px !important;}&#8220;][vc_column offset=&#8220;vc_col-lg-offset-1 vc_col-lg-10 vc_col-md-offset-1 vc_col-md-10&#8243;][vc_column_text] Rechtliche Hinweise [\/vc_column_text][vc_separator][vc_column_text] URHEBERRECHT Rechtliche Bedingungen bez\u00fcglich der Website Dieses Dokument enth\u00e4lt die rechtlichen Bedingungen f\u00fcr den Zugriff auf und die Nutzung&#8230;<\/p>\n","protected":false},"author":3,"featured_media":0,"parent":0,"menu_order":0,"comment_status":"closed","ping_status":"closed","template":"","meta":{"_acf_changed":false,"footnotes":""},"tags":[],"class_list":["post-1518","page","type-page","status-publish","hentry"],"acf":[],"_links":{"self":[{"href":"https:\/\/staging.fabotape.com\/de\/wp-json\/wp\/v2\/pages\/1518","targetHints":{"allow":["GET"]}}],"collection":[{"href":"https:\/\/staging.fabotape.com\/de\/wp-json\/wp\/v2\/pages"}],"about":[{"href":"https:\/\/staging.fabotape.com\/de\/wp-json\/wp\/v2\/types\/page"}],"author":[{"embeddable":true,"href":"https:\/\/staging.fabotape.com\/de\/wp-json\/wp\/v2\/users\/3"}],"replies":[{"embeddable":true,"href":"https:\/\/staging.fabotape.com\/de\/wp-json\/wp\/v2\/comments?post=1518"}],"version-history":[{"count":2,"href":"https:\/\/staging.fabotape.com\/de\/wp-json\/wp\/v2\/pages\/1518\/revisions"}],"predecessor-version":[{"id":1522,"href":"https:\/\/staging.fabotape.com\/de\/wp-json\/wp\/v2\/pages\/1518\/revisions\/1522"}],"wp:attachment":[{"href":"https:\/\/staging.fabotape.com\/de\/wp-json\/wp\/v2\/media?parent=1518"}],"wp:term":[{"taxonomy":"post_tag","embeddable":true,"href":"https:\/\/staging.fabotape.com\/de\/wp-json\/wp\/v2\/tags?post=1518"}],"curies":[{"name":"wp","href":"https:\/\/api.w.org\/{rel}","templated":true}]}}