{"id":1468,"date":"2020-04-27T18:49:46","date_gmt":"2020-04-27T16:49:46","guid":{"rendered":"https:\/\/staging.fabotape.com\/?page_id=1468"},"modified":"2022-11-30T09:53:10","modified_gmt":"2022-11-30T08:53:10","slug":"herstellung","status":"publish","type":"page","link":"https:\/\/staging.fabotape.com\/de\/herstellung\/","title":{"rendered":"HERSTELLUNG"},"content":{"rendered":"<p>[vc_row full_width=&#8220;stretch_row_content_no_spaces&#8220; el_class=&#8220;bg-grigio-destra bg-grigio&#8220;][vc_column][vc_row_inner content_placement=&#8220;top&#8220; el_class=&#8220;riga-testo-due-colonne in-grid riga-produzione-grigia&#8220;][vc_column_inner width=&#8220;5\/12&#8243; offset=&#8220;vc_col-lg-offset-1 vc_col-lg-5 vc_col-md-offset-1 vc_col-md-5 vc_col-sm-offset-1 vc_col-xs-12&#8243; css=&#8220;.vc_custom_1517569050020{padding-right: 30px !important;}&#8220;][vc_column_text el_class=&#8220;label-riga&#8220;]Technologien und Fachgebiete[\/vc_column_text][vc_column_text]<\/p>\n<h3>Fabo ist auf die Herstellung von Klebeb\u00e4ndern mit den Beschichtungstechnologien ACRYLIC und HOT MELT sowie auf die kundenspezifische Anpassung von Klebeb\u00e4ndern spezialisiert.<br \/>\n.<\/h3>\n<p>[\/vc_column_text][\/vc_column_inner][vc_column_inner width=&#8220;5\/12&#8243; offset=&#8220;vc_col-lg-5 vc_col-md-5 vc_col-xs-12&#8243;][vc_column_text]Bei den mit der <strong>Hei\u00dfschmelztechnologie<\/strong> hergestellten B\u00e4ndern werden Klebstoffe verwendet, die aus einer Mischung von synthetischen Kautschuken, Kohlenwasserstoffharzen und verschiedenen Additiven, die hei\u00df extrudiert werden, erhalten werden. Diese Technologie erm\u00f6glicht ein leichtes Abwickeln von Klebeb\u00e4ndern mit hoher Klebleistung und hervorragenden Klebeeigenschaften.<\/p>\n<p>Bei Klebeb\u00e4ndern <strong>auf Wasserbasis werden<\/strong> l\u00f6sungsmittelfreie Acrylklebstoffe in w\u00e4ssriger Emulsion verwendet, die kalt aufgetragen werden. Das Ergebnis ist ein ger\u00e4uschloses Produkt zum Abwickeln, das \u00fcber einen l\u00e4ngeren Zeitraum haltbar, umweltfreundlich und UV-best\u00e4ndig ist.[\/vc_column_text][\/vc_column_inner][\/vc_row_inner][vc_row_inner el_class=&#8220;galleria-immagini&#8220;][vc_column_inner width=&#8220;1\/3&#8243; offset=&#8220;vc_hidden-xs&#8220;][vc_single_image image=&#8220;292&#8243; img_size=&#8220;full&#8220;][\/vc_column_inner][vc_column_inner width=&#8220;1\/3&#8243; offset=&#8220;vc_hidden-xs&#8220;][vc_single_image image=&#8220;293&#8243; img_size=&#8220;full&#8220;][\/vc_column_inner][vc_column_inner width=&#8220;1\/3&#8243;][vc_single_image image=&#8220;294&#8243; img_size=&#8220;full&#8220;][\/vc_column_inner][\/vc_row_inner][\/vc_column][\/vc_row][vc_row full_width=&#8220;stretch_row&#8220; equal_height=&#8220;yes&#8220; content_placement=&#8220;bottom&#8220; disable_element=&#8220;yes&#8220; el_class=&#8220;riga-testo-due-colonne bg-verde&#8220;][vc_column width=&#8220;1\/2&#8243; offset=&#8220;vc_col-lg-offset-1 vc_col-lg-5 vc_col-md-offset-1 vc_col-md-5&#8243;][vc_column_text el_class=&#8220;label-riga&#8220;]FABO UND DIE UMWELT[\/vc_column_text][vc_column_text]<\/p>\n<h3><strong>Fabo ist gr\u00fcn!<\/strong><\/h3>\n<p>[\/vc_column_text][vc_column_text]Alle Produktionsabteilungen sind mit Systemen mit niedrigem Energieverbrauch und automatischen Sicherheits- und Steuerungsvorrichtungen ausgestattet, um den Anforderungen des Umweltschutzes nachzukommen.[\/vc_column_text][\/vc_column][vc_column width=&#8220;1\/2&#8243; offset=&#8220;vc_col-lg-5 vc_col-md-5&#8243;][vc_column_text]Wir nehmen das Thema Umweltschutz sehr ernst, weshalb wir bei FABO eine sorgf\u00e4ltige Politik des rationellen Umgangs mit Ressourcen verfolgen.<\/p>\n<p>Darunter unter anderem:<\/p>\n<ul>\n<li>Vollst\u00e4ndiges Recycling von Verarbeitungsabf\u00e4llen aus den verschiedenen Produktionsphasen<\/li>\n<li>Abfallkontrolle und Reduzierung der Schadstoffemissionen.<\/li>\n<\/ul>\n<p>40% des Energiebedarfs des Unternehmens werden durch KWK- und Photovoltaikanlagen gedeckt.[\/vc_column_text][\/vc_column][\/vc_row][vc_row full_width=&#8220;stretch_row_content_no_spaces&#8220; el_class=&#8220;bg-grigio-sinistra bg-grigio&#8220;][vc_column][vc_row_inner equal_height=&#8220;yes&#8220; content_placement=&#8220;top&#8220; el_class=&#8220;riga-testo-due-colonne in-grid riga-produzione-grigia&#8220;][vc_column_inner width=&#8220;5\/12&#8243; offset=&#8220;vc_col-lg-offset-1 vc_col-lg-5 vc_col-md-offset-1 vc_col-md-5 vc_col-sm-offset-1 vc_col-xs-12&#8243; css=&#8220;.vc_custom_1517569121617{padding-right: 30px !important;}&#8220;][vc_column_text el_class=&#8220;label-riga&#8220;]Exzellenzbereiche[\/vc_column_text][vc_column_text]<\/p>\n<h3>Fabo ist ein f\u00fchrender Hersteller von ma\u00dfgeschneiderten Klebeb\u00e4ndern<br \/>\n.<\/h3>\n<p>[\/vc_column_text][\/vc_column_inner][vc_column_inner width=&#8220;5\/12&#8243; offset=&#8220;vc_col-lg-5 vc_col-md-5 vc_col-xs-12&#8243;][vc_column_text]Mit <strong>unseren modernen Maschinen und automatisierten Prozessen<\/strong> erzielen wir eine hohe Effizienz.<\/p>\n<p>Unsere technologisch fortschrittlichen Beschichtungslinien garantieren maximale Produktqualit\u00e4t bei gleichzeitiger Verarbeitungsflexibilit\u00e4t.<br \/>\nWir verf\u00fcgen \u00fcber mehrere Schneidelinien, mit denen Klebeb\u00e4nder in jedem Format und jeder Gr\u00f6\u00dfe erstellt und dann gem\u00e4\u00df den Kundenanforderungen verpackt werden k\u00f6nnen.[\/vc_column_text][\/vc_column_inner][\/vc_row_inner][vc_row_inner el_class=&#8220;galleria-immagini&#8220;][vc_column_inner width=&#8220;1\/3&#8243; offset=&#8220;vc_hidden-xs&#8220;][vc_single_image image=&#8220;298&#8243; img_size=&#8220;full&#8220;][\/vc_column_inner][vc_column_inner width=&#8220;1\/3&#8243;][vc_single_image image=&#8220;301&#8243; img_size=&#8220;full&#8220;][\/vc_column_inner][vc_column_inner width=&#8220;1\/3&#8243; offset=&#8220;vc_hidden-xs&#8220;][vc_single_image image=&#8220;299&#8243; img_size=&#8220;full&#8220;][\/vc_column_inner][\/vc_row_inner][\/vc_column][\/vc_row][vc_row full_width=&#8220;stretch_row_content_no_spaces&#8220; el_class=&#8220;bg-grigio-destra bg-grigio&#8220;][vc_column][vc_row_inner equal_height=&#8220;yes&#8220; content_placement=&#8220;top&#8220; el_class=&#8220;riga-testo-due-colonne in-grid riga-produzione-grigia&#8220;][vc_column_inner width=&#8220;5\/12&#8243; offset=&#8220;vc_col-lg-offset-1 vc_col-lg-5 vc_col-md-offset-1 vc_col-md-5 vc_col-sm-offset-1 vc_col-xs-12&#8243; css=&#8220;.vc_custom_1517569423509{padding-right: 20px !important;}&#8220;][vc_column_text el_class=&#8220;label-riga&#8220;]Eine hohe Produktionseffizienz[\/vc_column_text][vc_column_text]<\/p>\n<h3>Vom Rohmaterial<br \/>\n<strong>bis zum fertigen Produkt<\/strong>.<\/h3>\n<p>[\/vc_column_text][vc_column_text]Das kontinuierliche Wachstum des Unternehmens mit dem Erwerb immer gr\u00f6\u00dferer Marktanteile legte den Grundstein f\u00fcr ein automatisiertes Prozessmanagement, das die IT in den Dienst des Produktionszyklus stellt und eine vollst\u00e4ndige Kontrolle gew\u00e4hrleistet.[\/vc_column_text][\/vc_column_inner][vc_column_inner width=&#8220;5\/12&#8243; offset=&#8220;vc_col-lg-5 vc_col-md-5 vc_col-xs-12&#8243;][vc_column_text]Die vollst\u00e4ndige Computerisierung des Produktionszyklus bringt zahlreiche Vorteile mit sich:<\/p>\n<ul>\n<li><strong>R\u00fcckverfolgbarkeit und Verf\u00fcgbarkeit<\/strong> des Produkts in jeder Phase der Verarbeitung<\/li>\n<li><strong>Optimierte Effizienz<\/strong> der Gesch\u00e4ftsprozesse<\/li>\n<li><strong>Minimierung von Fehlern<\/strong> w\u00e4hrend des Produktionszyklus<\/li>\n<li><strong>Vollst\u00e4ndige Integration <\/strong>zwischen Mensch, Maschine und Informationssystem<\/li>\n<\/ul>\n<p>[\/vc_column_text][\/vc_column_inner][\/vc_row_inner][vc_row_inner el_class=&#8220;galleria-immagini&#8220;][vc_column_inner width=&#8220;1\/3&#8243;][vc_single_image image=&#8220;300&#8243; img_size=&#8220;full&#8220;][\/vc_column_inner][vc_column_inner width=&#8220;1\/3&#8243; offset=&#8220;vc_hidden-xs&#8220;][vc_single_image image=&#8220;302&#8243; img_size=&#8220;full&#8220;][\/vc_column_inner][vc_column_inner width=&#8220;1\/3&#8243; offset=&#8220;vc_hidden-xs&#8220;][vc_single_image image=&#8220;303&#8243; img_size=&#8220;full&#8220;][\/vc_column_inner][\/vc_row_inner][\/vc_column][\/vc_row][vc_row disable_element=&#8220;yes&#8220;][vc_column]<div class=\"vc_row wpb_row vc_row-fluid vc_custom_1517330603003\"><div class=\"wpb_column vc_column_container vc_col-sm-12\"><div class=\"vc_column-inner\"><div class=\"wpb_wrapper\"><div class=\"vc_row wpb_row vc_inner vc_row-fluid\"><div class=\"wpb_column vc_column_container vc_col-sm-12 vc_col-lg-offset-3 vc_col-lg-6 vc_col-md-offset-1 vc_col-md-10\"><div class=\"vc_column-inner\"><div class=\"wpb_wrapper\">\n\t<div class=\"wpb_text_column wpb_content_element  label-riga label-a-capo text-center\" >\n\t\t<div class=\"wpb_wrapper\">\n\t\t\t<p>FABO UND DIE UMWELT<\/p>\n\n\t\t<\/div>\n\t<\/div>\n\n\t<div class=\"wpb_text_column wpb_content_element  text-center\" >\n\t\t<div class=\"wpb_wrapper\">\n\t\t\t<h3><strong>Fabo ist gr\u00fcn!<\/strong><\/h3>\n\n\t\t<\/div>\n\t<\/div>\n\n\t<div class=\"wpb_text_column wpb_content_element  vc_custom_1588252547057 text-center\" >\n\t\t<div class=\"wpb_wrapper\">\n\t\t\t<p>Wir nehmen das Thema Umweltschutz sehr ernst, weshalb wir bei FABO eine sorgf\u00e4ltige Politik des rationellen Umgangs mit Ressourcen verfolgen. Alle Produktionsabteilungen sind mit Systemen mit niedrigem Energieverbrauch und automatischen Sicherheits- und Steuerungsvorrichtungen ausgestattet, um den Anforderungen des Umweltschutzes nachzukommen. Darunter unter anderem:<\/p>\n\n\t\t<\/div>\n\t<\/div>\n<\/div><\/div><\/div><\/div><div class=\"vc_row wpb_row vc_inner vc_row-fluid vc_row-o-equal-height vc_row-o-content-top vc_row-flex\"><div class=\"pot-green wpb_column vc_column_container vc_col-sm-4\"><div class=\"vc_column-inner\"><div class=\"wpb_wrapper\">\n\t<div  class=\"wpb_single_image wpb_content_element vc_align_center\">\n\t\t\n\t\t<figure class=\"wpb_wrapper vc_figure\">\n\t\t\t<div class=\"vc_single_image-wrapper   vc_box_border_grey\"><img loading=\"lazy\" decoding=\"async\" width=\"300\" height=\"300\" src=\"https:\/\/staging.fabotape.com\/wp-content\/uploads\/2018\/01\/icon_green_1.png\" class=\"vc_single_image-img attachment-full\" alt=\"\" title=\"icon_green_1\" srcset=\"https:\/\/staging.fabotape.com\/wp-content\/uploads\/2018\/01\/icon_green_1.png 300w, https:\/\/staging.fabotape.com\/wp-content\/uploads\/2018\/01\/icon_green_1-150x150.png 150w\" sizes=\"auto, (max-width: 300px) 100vw, 300px\" \/><\/div>\n\t\t<\/figure>\n\t<\/div>\n\n\t<div class=\"wpb_text_column wpb_content_element \" >\n\t\t<div class=\"wpb_wrapper\">\n\t\t\t<p><strong>Vollst\u00e4ndiges Recycling<\/strong> von Verarbeitungsabf\u00e4llen aus den verschiedenen Produktionsphasen.<\/p>\n\n\t\t<\/div>\n\t<\/div>\n<\/div><\/div><\/div><div class=\"pot-green pot-green-middle wpb_column vc_column_container vc_col-sm-4\"><div class=\"vc_column-inner\"><div class=\"wpb_wrapper\">\n\t<div  class=\"wpb_single_image wpb_content_element vc_align_center\">\n\t\t\n\t\t<figure class=\"wpb_wrapper vc_figure\">\n\t\t\t<div class=\"vc_single_image-wrapper   vc_box_border_grey\"><img loading=\"lazy\" decoding=\"async\" width=\"300\" height=\"300\" src=\"https:\/\/staging.fabotape.com\/wp-content\/uploads\/2018\/01\/icon_green_2.png\" class=\"vc_single_image-img attachment-full\" alt=\"\" title=\"icon_green_2\" srcset=\"https:\/\/staging.fabotape.com\/wp-content\/uploads\/2018\/01\/icon_green_2.png 300w, https:\/\/staging.fabotape.com\/wp-content\/uploads\/2018\/01\/icon_green_2-150x150.png 150w\" sizes=\"auto, (max-width: 300px) 100vw, 300px\" \/><\/div>\n\t\t<\/figure>\n\t<\/div>\n\n\t<div class=\"wpb_text_column wpb_content_element \" >\n\t\t<div class=\"wpb_wrapper\">\n\t\t\t<p><strong>Abfallkontrolle<\/strong> und Reduzierung der Schadstoffemissionen.<\/p>\n\n\t\t<\/div>\n\t<\/div>\n<\/div><\/div><\/div><div class=\"pot-green wpb_column vc_column_container vc_col-sm-4\"><div class=\"vc_column-inner\"><div class=\"wpb_wrapper\">\n\t<div  class=\"wpb_single_image wpb_content_element vc_align_center\">\n\t\t\n\t\t<figure class=\"wpb_wrapper vc_figure\">\n\t\t\t<div class=\"vc_single_image-wrapper   vc_box_border_grey\"><img loading=\"lazy\" decoding=\"async\" width=\"300\" height=\"300\" src=\"https:\/\/staging.fabotape.com\/wp-content\/uploads\/2018\/01\/icon_green_3.png\" class=\"vc_single_image-img attachment-full\" alt=\"\" title=\"icon_green_3\" srcset=\"https:\/\/staging.fabotape.com\/wp-content\/uploads\/2018\/01\/icon_green_3.png 300w, https:\/\/staging.fabotape.com\/wp-content\/uploads\/2018\/01\/icon_green_3-150x150.png 150w\" sizes=\"auto, (max-width: 300px) 100vw, 300px\" \/><\/div>\n\t\t<\/figure>\n\t<\/div>\n\n\t<div class=\"wpb_text_column wpb_content_element \" >\n\t\t<div class=\"wpb_wrapper\">\n\t\t\t<p><strong>40 % des Energiebedarfs<\/strong> des Unternehmens werden durch KWK- und Photovoltaikanlagen gedeckt.<\/p>\n\n\t\t<\/div>\n\t<\/div>\n<\/div><\/div><\/div><\/div><\/div><\/div><\/div><\/div>\n[\/vc_column][\/vc_row]<\/p>\n","protected":false},"excerpt":{"rendered":"FABO UND DIE UMWELT Fabo ist gr\u00fcn! Wir nehmen das Thema Umweltschutz sehr ernst, weshalb wir bei FABO eine sorgf\u00e4ltige Politik des rationellen Umgangs mit Ressourcen verfolgen. Alle Produktionsabteilungen sind...","protected":false},"author":3,"featured_media":0,"parent":0,"menu_order":0,"comment_status":"closed","ping_status":"closed","template":"","meta":{"_acf_changed":false,"footnotes":""},"tags":[],"class_list":["post-1468","page","type-page","status-publish","hentry"],"acf":[],"_links":{"self":[{"href":"https:\/\/staging.fabotape.com\/de\/wp-json\/wp\/v2\/pages\/1468","targetHints":{"allow":["GET"]}}],"collection":[{"href":"https:\/\/staging.fabotape.com\/de\/wp-json\/wp\/v2\/pages"}],"about":[{"href":"https:\/\/staging.fabotape.com\/de\/wp-json\/wp\/v2\/types\/page"}],"author":[{"embeddable":true,"href":"https:\/\/staging.fabotape.com\/de\/wp-json\/wp\/v2\/users\/3"}],"replies":[{"embeddable":true,"href":"https:\/\/staging.fabotape.com\/de\/wp-json\/wp\/v2\/comments?post=1468"}],"version-history":[{"count":6,"href":"https:\/\/staging.fabotape.com\/de\/wp-json\/wp\/v2\/pages\/1468\/revisions"}],"predecessor-version":[{"id":3590,"href":"https:\/\/staging.fabotape.com\/de\/wp-json\/wp\/v2\/pages\/1468\/revisions\/3590"}],"wp:attachment":[{"href":"https:\/\/staging.fabotape.com\/de\/wp-json\/wp\/v2\/media?parent=1468"}],"wp:term":[{"taxonomy":"post_tag","embeddable":true,"href":"https:\/\/staging.fabotape.com\/de\/wp-json\/wp\/v2\/tags?post=1468"}],"curies":[{"name":"wp","href":"https:\/\/api.w.org\/{rel}","templated":true}]}}