{"id":1463,"date":"2020-04-27T18:32:13","date_gmt":"2020-04-27T16:32:13","guid":{"rendered":"https:\/\/staging.fabotape.com\/?page_id=1463"},"modified":"2022-11-30T09:57:50","modified_gmt":"2022-11-30T08:57:50","slug":"logistik","status":"publish","type":"page","link":"https:\/\/staging.fabotape.com\/de\/logistik\/","title":{"rendered":"LOGISTIK"},"content":{"rendered":"<p>[vc_row el_class=&#8220;riga-testo-due-colonne&#8220;][vc_column width=&#8220;1\/2&#8243; offset=&#8220;vc_col-lg-offset-1 vc_col-lg-5 vc_col-md-offset-1 vc_col-md-5&#8243;][vc_column_text]<\/p>\n<h3>Eine internationale Pr\u00e4senz mit einem Logistiknetzwerk in \u00fcber 40 L\u00e4ndern weltweit.<\/h3>\n<p>[\/vc_column_text][\/vc_column][vc_column width=&#8220;1\/2&#8243; offset=&#8220;vc_col-lg-5 vc_col-md-5&#8243;][vc_column_text]<strong>Fabo steht f\u00fcr Qualit\u00e4t, Zuverl\u00e4ssigkeit, fortschrittliche Technologie, Forschung und kontinuierliche Entwicklung. Eine internationale Pr\u00e4senz mit einem Vertrieb gro\u00dfer Produktionsmengen in \u00fcber 40 L\u00e4ndern weltweit. Ein Handelsnetzwerk mit Kunden in Europa, Nordafrika, Australien und Asien. <\/strong><\/p>\n<p>Die Logistikabteilung ist bis ins kleinste Detail organisiert und arbeitet eng mit dem Vertriebsteam zusammen, das den Handelsaustausch mit ausl\u00e4ndischen und italienischen Kunden abwickelt. Das Versandlager wurde k\u00fcrzlich erneut um 2.000 Quadratmeter erweitert, um das Serviceangebot f\u00fcr unsere Kunden zu verbessern und zu erweitern.[\/vc_column_text][\/vc_column][\/vc_row][vc_row full_width=&#8220;stretch_row_content_no_spaces&#8220; css=&#8220;.vc_custom_1517585631807{margin-top: 60px !important;margin-bottom: 60px !important;}&#8220;][vc_column width=&#8220;1\/3&#8243; offset=&#8220;vc_hidden-xs&#8220;][vc_single_image image=&#8220;468&#8243; img_size=&#8220;full&#8220;][\/vc_column][vc_column width=&#8220;1\/3&#8243; offset=&#8220;vc_hidden-xs&#8220;][vc_single_image image=&#8220;469&#8243; img_size=&#8220;full&#8220;][\/vc_column][vc_column width=&#8220;1\/3&#8243;][vc_single_image image=&#8220;470&#8243; img_size=&#8220;full&#8220;][\/vc_column][\/vc_row][vc_row css=&#8220;.vc_custom_1517330603003{margin-bottom: 30px !important;}&#8220;][vc_column][vc_row_inner][vc_column_inner offset=&#8220;vc_col-lg-offset-3 vc_col-lg-6 vc_col-md-offset-1 vc_col-md-10&#8243;][vc_column_text el_class=&#8220;label-riga label-a-capo text-center&#8220;]FABO-DIENSTLEISTUNGEN[\/vc_column_text][vc_column_text el_class=&#8220;text-center&#8220;]<\/p>\n<h3><strong>Kompetentes Personal<br \/>\nund Pflege der Kundenbeziehungen.<\/strong><\/h3>\n<p>[\/vc_column_text][vc_column_text el_class=&#8220;text-center&#8220; css=&#8220;.vc_custom_1588004951025{margin-bottom: 60px !important;}&#8220;]<strong>Die Kundenbetreuung erfolgt mit Effizienz und P\u00fcnktlichkeit<\/strong> und unter st\u00e4ndiger Ber\u00fccksichtigung der in jeder Vor- und Nachverkaufsphase zum Ausdruck gebrachten Bed\u00fcrfnisse: von der Identifizierung des am besten geeigneten Produkts \u00fcber die Personalisierung des Bandes bis hin zur Beratung hinsichtlich der Verwendung und Lagerung der Produkte.[\/vc_column_text][\/vc_column_inner][\/vc_row_inner][vc_row_inner equal_height=&#8220;yes&#8220; content_placement=&#8220;top&#8220;][vc_column_inner el_class=&#8220;pot-green&#8220; width=&#8220;1\/3&#8243;][vc_single_image image=&#8220;486&#8243; img_size=&#8220;full&#8220; alignment=&#8220;center&#8220;][vc_column_text]<strong>Komplett ma\u00dfgeschneidert<\/strong>, vom Produkt bis zur Endverpackung.[\/vc_column_text][\/vc_column_inner][vc_column_inner el_class=&#8220;pot-green pot-green-middle&#8220; width=&#8220;1\/3&#8243;][vc_single_image image=&#8220;487&#8243; img_size=&#8220;full&#8220; alignment=&#8220;center&#8220;][vc_column_text]Lager mit Verf\u00fcgbarkeit neutraler B\u00e4nder f\u00fcr <strong>Just-in-Time-Lieferungen<\/strong>.[\/vc_column_text][\/vc_column_inner][vc_column_inner el_class=&#8220;pot-green&#8220; width=&#8220;1\/3&#8243;][vc_single_image image=&#8220;488&#8243; img_size=&#8220;full&#8220; alignment=&#8220;center&#8220;][vc_column_text]<strong>Die Kundenbetreuung wird von der Abteilung f\u00fcr Kundenbetreuung effizient und zeitnah abgewickelt, was zu einer hohen Kundenloyalit\u00e4t f\u00fchrt.<br \/>\n[\/vc_column_text][\/vc_column_inner][\/vc_row_inner][\/vc_column][\/vc_row]<\/strong><\/p>\n","protected":false},"excerpt":{"rendered":"<p>[vc_row el_class=&#8220;riga-testo-due-colonne&#8220;][vc_column width=&#8220;1\/2&#8243; offset=&#8220;vc_col-lg-offset-1 vc_col-lg-5 vc_col-md-offset-1 vc_col-md-5&#8243;][vc_column_text] Eine internationale Pr\u00e4senz mit einem Logistiknetzwerk in \u00fcber 40 L\u00e4ndern weltweit. [\/vc_column_text][\/vc_column][vc_column width=&#8220;1\/2&#8243; offset=&#8220;vc_col-lg-5 vc_col-md-5&#8243;][vc_column_text]Fabo steht f\u00fcr Qualit\u00e4t, Zuverl\u00e4ssigkeit, fortschrittliche Technologie, Forschung und&#8230;<\/p>\n","protected":false},"author":3,"featured_media":2281,"parent":0,"menu_order":0,"comment_status":"closed","ping_status":"closed","template":"","meta":{"_acf_changed":false,"footnotes":""},"tags":[],"class_list":["post-1463","page","type-page","status-publish","has-post-thumbnail","hentry"],"acf":[],"_links":{"self":[{"href":"https:\/\/staging.fabotape.com\/de\/wp-json\/wp\/v2\/pages\/1463","targetHints":{"allow":["GET"]}}],"collection":[{"href":"https:\/\/staging.fabotape.com\/de\/wp-json\/wp\/v2\/pages"}],"about":[{"href":"https:\/\/staging.fabotape.com\/de\/wp-json\/wp\/v2\/types\/page"}],"author":[{"embeddable":true,"href":"https:\/\/staging.fabotape.com\/de\/wp-json\/wp\/v2\/users\/3"}],"replies":[{"embeddable":true,"href":"https:\/\/staging.fabotape.com\/de\/wp-json\/wp\/v2\/comments?post=1463"}],"version-history":[{"count":3,"href":"https:\/\/staging.fabotape.com\/de\/wp-json\/wp\/v2\/pages\/1463\/revisions"}],"predecessor-version":[{"id":3593,"href":"https:\/\/staging.fabotape.com\/de\/wp-json\/wp\/v2\/pages\/1463\/revisions\/3593"}],"wp:featuredmedia":[{"embeddable":true,"href":"https:\/\/staging.fabotape.com\/de\/wp-json\/wp\/v2\/media\/2281"}],"wp:attachment":[{"href":"https:\/\/staging.fabotape.com\/de\/wp-json\/wp\/v2\/media?parent=1463"}],"wp:term":[{"taxonomy":"post_tag","embeddable":true,"href":"https:\/\/staging.fabotape.com\/de\/wp-json\/wp\/v2\/tags?post=1463"}],"curies":[{"name":"wp","href":"https:\/\/api.w.org\/{rel}","templated":true}]}}