{"id":1458,"date":"2020-04-27T18:25:42","date_gmt":"2020-04-27T16:25:42","guid":{"rendered":"https:\/\/staging.fabotape.com\/?page_id=1458"},"modified":"2023-09-04T12:08:04","modified_gmt":"2023-09-04T10:08:04","slug":"qualitaet","status":"publish","type":"page","link":"https:\/\/staging.fabotape.com\/de\/qualitaet\/","title":{"rendered":"QUALIT\u00c4T"},"content":{"rendered":"<p>[vc_row el_class=&#8220;riga-testo-due-colonne&#8220;][vc_column width=&#8220;1\/2&#8243; offset=&#8220;vc_col-lg-offset-1 vc_col-lg-5 vc_col-md-offset-1 vc_col-md-5&#8243;][vc_column_text]<\/p>\n<h3>Qualit\u00e4t bedeutet f\u00fcr FABO Prozess- und Produktqualit\u00e4t, aber auch Qualit\u00e4t im Service f\u00fcr unsere Kunden.<\/h3>\n<p>[\/vc_column_text][\/vc_column][vc_column width=&#8220;1\/2&#8243; offset=&#8220;vc_col-lg-5 vc_col-md-5&#8243;][vc_column_text]<strong>Bei FABO stellen wir seit 1971 Hochleistungsklebstoffe her, wobei Innovation die Antriebskraft unserer Entwicklung ist. <\/strong><br \/>\nUnsere termingerecht gestalteten und aktualisierten Gesch\u00e4ftsprozesse mit einem gro\u00dfen Augenmerk auf die Informationstechnologie und Kommunikation erlauben es uns, ein hohes Ma\u00df an Effizienz und Service anbieten zu k\u00f6nnen. Die Kundenbetreuung erfolgt unter st\u00e4ndiger Ber\u00fccksichtigung der in jeder Phase der Beziehung zum Ausdruck gebrachten Bed\u00fcrfnisse.[\/vc_column_text][\/vc_column][vc_column][vc_column_text]<\/p>\n<h2 style=\"text-align: center;\">Zertifizierungen<\/h2>\n<p>[\/vc_column_text][\/vc_column][\/vc_row][vc_row full_width=&#8220;stretch_row&#8220; el_class=&#8220;riga-certificazioni&#8220;][vc_column width=&#8220;1\/3&#8243;][vc_single_image image=&#8220;3956&#8243; img_size=&#8220;full&#8220; alignment=&#8220;center&#8220; el_class=&#8220;certificazioni-img&#8220;][vc_column_text]<\/p>\n<h4>ISO 9001-Zertifizierung<\/h4>\n<p>[\/vc_column_text][vc_column_text]Seit 2001 ist FABO nach ISO 9001 zertifiziert, ein notwendiges Instrument, um die Konformit\u00e4t der internen Prozesse zu gew\u00e4hrleisten und den Service f\u00fcr seine Kunden zu optimieren und zu verbessern.[\/vc_column_text]<div class=\" ubtn-ctn-center \"><a class=\"ubtn-link ult-adjust-bottom-margin ubtn-center ubtn-normal \" href=\"https:\/\/staging.fabotape.com\/wp-content\/uploads\/2022\/11\/ISO-9001-CERT-07841-2001_ENG-2.pdf\"target=\"_blank\"rel=\"noopener\"><button type=\"button\" id=\"ubtn-5939\" class=\"ubtn ult-adjust-bottom-margin ult-responsive ubtn-normal ubtn-no-hover-bg  none  ubtn-center   tooltip-69e083e0c7682\"  data-hover=\"\" data-border-color=\"\" data-bg=\"#00a887\" data-hover-bg=\"\" data-border-hover=\"\" data-shadow-hover=\"\" data-shadow-click=\"none\" data-shadow=\"\" data-shd-shadow=\"\"  data-ultimate-target='#ubtn-5939'  data-responsive-json-new='{\"font-size\":\"\",\"line-height\":\"\"}'  style=\"font-weight:normal;border:none;background: #00a887;color: #ffffff;\"><span class=\"ubtn-data ubtn-icon\"><i class=\"none\" style=\"font-size:32px;color:;\"><\/i><\/span><span class=\"ubtn-hover\" style=\"background-color:\"><\/span><span class=\"ubtn-data ubtn-text \" >Download Zertifizierung<\/span><\/button><\/a><\/div>[\/vc_column][vc_column width=&#8220;1\/3&#8243;][vc_single_image image=&#8220;3981&#8243; alignment=&#8220;center&#8220;][vc_column_text]<\/p>\n<h4>FSC\u00ae Zertifizierungen<\/h4>\n<p>[\/vc_column_text][vc_column_text]Im Jahr 2022 erhielt Fabo die FSC\u00ae-Zertifizierung f\u00fcr die Herstellung von Papierklebeb\u00e4ndern. FSC\u00ae (Forest Stewardship Council\u00ae) ist eine internationale, unabh\u00e4ngige, nichtstaatliche und gemeinn\u00fctzige Organisation, die 1993 gegr\u00fcndet wurde, um eine verantwortungsvolle Wald- und Plantagenbewirtschaftung zu f\u00f6rdern. Seine Zertifizierung der Waldbewirtschaftung geh\u00f6rt zu den am weitesten verbreiteten der Welt.<\/p>\n<p><span class=\"ui-provider fx b c d e f g h i j k l m n o p q r s t u v w x y z ab ac ae af ag ah ai aj ak\" dir=\"ltr\">Fragen Sie unsere FSC\u00ae-zertifizierten Produkte an.<\/span>[\/vc_column_text]<div class=\" ubtn-ctn-center \"><a class=\"ubtn-link ult-adjust-bottom-margin ubtn-center ubtn-normal \" href=\"https:\/\/staging.fabotape.com\/wp-content\/uploads\/2022\/11\/Certificazione-FSC\u00ae_FABO.pdf\"target=\"_blank\"rel=\"noopener\"><button type=\"button\" id=\"ubtn-3486\" class=\"ubtn ult-adjust-bottom-margin ult-responsive ubtn-normal ubtn-no-hover-bg  none  ubtn-center   tooltip-69e083e0c7771\"  data-hover=\"\" data-border-color=\"\" data-bg=\"#00a887\" data-hover-bg=\"\" data-border-hover=\"\" data-shadow-hover=\"\" data-shadow-click=\"none\" data-shadow=\"\" data-shd-shadow=\"\"  data-ultimate-target='#ubtn-3486'  data-responsive-json-new='{\"font-size\":\"\",\"line-height\":\"\"}'  style=\"font-weight:normal;border:none;background: #00a887;color: #ffffff;\"><span class=\"ubtn-hover\" style=\"background-color:\"><\/span><span class=\"ubtn-data ubtn-text \" >Download Zertifizierung<\/span><\/button><\/a><\/div>[\/vc_column][vc_column width=&#8220;1\/3&#8243;][vc_single_image image=&#8220;875&#8243; img_size=&#8220;full&#8220; alignment=&#8220;center&#8220; onclick=&#8220;custom_link&#8220; img_link_target=&#8220;_blank&#8220; el_class=&#8220;certificazioni-img&#8220; link=&#8220;https:\/\/www.afera.com\/&#8220;][vc_column_text]<\/p>\n<h4>AFERA-Mitglied<\/h4>\n<p>[\/vc_column_text][vc_column_text]FABO ist Mitglied von AFERA, der European Adhesive Tape Association, einem Handelsverband, der die Interessen der Unternehmen auf dem europ\u00e4ischen Klebebandmarkt vertritt.[\/vc_column_text][\/vc_column][\/vc_row][vc_row full_width=&#8220;stretch_row_content_no_spaces&#8220; el_class=&#8220;bg-grigio-sinistra bg-grigio&#8220;][vc_column][vc_row_inner equal_height=&#8220;yes&#8220; content_placement=&#8220;top&#8220; el_class=&#8220;riga-testo-due-colonne in-grid riga-produzione-grigia&#8220;][vc_column_inner width=&#8220;5\/12&#8243; offset=&#8220;vc_col-lg-offset-1 vc_col-lg-5 vc_col-md-offset-1 vc_col-md-5 vc_col-sm-offset-1 vc_col-xs-12&#8243; css=&#8220;.vc_custom_1517569712170{padding-right: 30px !important;}&#8220;][vc_column_text el_class=&#8220;label-riga&#8220;]FORSCHUNG UND ENTWICKLUNG[\/vc_column_text][vc_column_text css=&#8220;.vc_custom_1588004614296{padding-right: 60px !important;}&#8220;]<\/p>\n<h3><strong>Das interne Forschungs- und Entwicklungslabor ist das Herzst\u00fcck der Produktinnovation.<\/strong><\/h3>\n<p>[\/vc_column_text][\/vc_column_inner][vc_column_inner width=&#8220;5\/12&#8243; offset=&#8220;vc_col-lg-5 vc_col-md-5 vc_col-xs-12&#8243;][vc_column_text]Unsere Forschungs- und Entwicklungsabteilung wird von spezialisierten Mitarbeitern unterhalten und ist mit fortschrittlichen Maschinen ausgestattet, um eine effektive Kontrolle der Materialien zu gew\u00e4hrleisten, die in den Produktionszyklus eingef\u00fchrt werden sollen, die verschiedenen Produktionen zu \u00fcberpr\u00fcfen und sich vor allem mit der Entwicklung neuer Produkte zu befassen, mit denen L\u00f6sungen f\u00fcr die Bed\u00fcrfnisse unserer Kunden gefunden werden k\u00f6nnen.<\/p>\n<p>Flexibilit\u00e4t und Kompetenz sind bis heute die Werte des Unternehmens, das mit seiner \u00fcber 40-j\u00e4hrigen Erfahrung im industriellen Prozess ein besonderes Know-how entwickelt hat, um Marktanforderungen zu interpretieren und in innovative, ma\u00dfgeschneiderte L\u00f6sungen umzusetzen.<\/p>\n<ul>\n<li><strong>Internes Forschungs- und Entwicklungslabor<\/strong><\/li>\n<li><strong>Entwicklung von Prototypen und Erforschung neuer Anwendungen, basierend auf Marktanforderungen und -nachfrage<\/strong><\/li>\n<li><strong>Entwicklung von Projekten in Partnerschaft mit unseren Kunden<\/strong><\/li>\n<\/ul>\n<p>[\/vc_column_text][\/vc_column_inner][\/vc_row_inner][vc_row_inner el_class=&#8220;galleria-immagini&#8220;][vc_column_inner width=&#8220;1\/3&#8243;][vc_single_image image=&#8220;324&#8243; img_size=&#8220;full&#8220;][\/vc_column_inner][vc_column_inner width=&#8220;1\/3&#8243; offset=&#8220;vc_hidden-xs&#8220;][vc_single_image image=&#8220;325&#8243; img_size=&#8220;full&#8220;][\/vc_column_inner][vc_column_inner width=&#8220;1\/3&#8243; offset=&#8220;vc_hidden-xs&#8220;][vc_single_image image=&#8220;326&#8243; img_size=&#8220;full&#8220;][\/vc_column_inner][\/vc_row_inner][\/vc_column][vc_column][\/vc_column][vc_column][\/vc_column][vc_column][\/vc_column][vc_column][\/vc_column][\/vc_row][vc_row disable_element=&#8220;yes&#8220;][vc_column]<div class=\"vc_row wpb_row vc_row-fluid vc_custom_1517330603003\"><div class=\"wpb_column vc_column_container vc_col-sm-12\"><div class=\"vc_column-inner\"><div class=\"wpb_wrapper\"><div class=\"vc_row wpb_row vc_inner vc_row-fluid\"><div class=\"wpb_column vc_column_container vc_col-sm-12 vc_col-lg-offset-3 vc_col-lg-6 vc_col-md-offset-1 vc_col-md-10\"><div class=\"vc_column-inner\"><div class=\"wpb_wrapper\">\n\t<div class=\"wpb_text_column wpb_content_element  label-riga label-a-capo text-center\" >\n\t\t<div class=\"wpb_wrapper\">\n\t\t\t<p>FABO UND DIE UMWELT<\/p>\n\n\t\t<\/div>\n\t<\/div>\n\n\t<div class=\"wpb_text_column wpb_content_element  text-center\" >\n\t\t<div class=\"wpb_wrapper\">\n\t\t\t<h3><strong>Fabo ist gr\u00fcn!<\/strong><\/h3>\n\n\t\t<\/div>\n\t<\/div>\n\n\t<div class=\"wpb_text_column wpb_content_element  vc_custom_1588252547057 text-center\" >\n\t\t<div class=\"wpb_wrapper\">\n\t\t\t<p>Wir nehmen das Thema Umweltschutz sehr ernst, weshalb wir bei FABO eine sorgf\u00e4ltige Politik des rationellen Umgangs mit Ressourcen verfolgen. Alle Produktionsabteilungen sind mit Systemen mit niedrigem Energieverbrauch und automatischen Sicherheits- und Steuerungsvorrichtungen ausgestattet, um den Anforderungen des Umweltschutzes nachzukommen. Darunter unter anderem:<\/p>\n\n\t\t<\/div>\n\t<\/div>\n<\/div><\/div><\/div><\/div><div class=\"vc_row wpb_row vc_inner vc_row-fluid vc_row-o-equal-height vc_row-o-content-top vc_row-flex\"><div class=\"pot-green wpb_column vc_column_container vc_col-sm-4\"><div class=\"vc_column-inner\"><div class=\"wpb_wrapper\">\n\t<div  class=\"wpb_single_image wpb_content_element vc_align_center\">\n\t\t\n\t\t<figure class=\"wpb_wrapper vc_figure\">\n\t\t\t<div class=\"vc_single_image-wrapper   vc_box_border_grey\"><img loading=\"lazy\" decoding=\"async\" width=\"300\" height=\"300\" src=\"https:\/\/staging.fabotape.com\/wp-content\/uploads\/2018\/01\/icon_green_1.png\" class=\"vc_single_image-img attachment-full\" alt=\"\" title=\"icon_green_1\" srcset=\"https:\/\/staging.fabotape.com\/wp-content\/uploads\/2018\/01\/icon_green_1.png 300w, https:\/\/staging.fabotape.com\/wp-content\/uploads\/2018\/01\/icon_green_1-150x150.png 150w\" sizes=\"auto, (max-width: 300px) 100vw, 300px\" \/><\/div>\n\t\t<\/figure>\n\t<\/div>\n\n\t<div class=\"wpb_text_column wpb_content_element \" >\n\t\t<div class=\"wpb_wrapper\">\n\t\t\t<p><strong>Vollst\u00e4ndiges Recycling<\/strong> von Verarbeitungsabf\u00e4llen aus den verschiedenen Produktionsphasen.<\/p>\n\n\t\t<\/div>\n\t<\/div>\n<\/div><\/div><\/div><div class=\"pot-green pot-green-middle wpb_column vc_column_container vc_col-sm-4\"><div class=\"vc_column-inner\"><div class=\"wpb_wrapper\">\n\t<div  class=\"wpb_single_image wpb_content_element vc_align_center\">\n\t\t\n\t\t<figure class=\"wpb_wrapper vc_figure\">\n\t\t\t<div class=\"vc_single_image-wrapper   vc_box_border_grey\"><img loading=\"lazy\" decoding=\"async\" width=\"300\" height=\"300\" src=\"https:\/\/staging.fabotape.com\/wp-content\/uploads\/2018\/01\/icon_green_2.png\" class=\"vc_single_image-img attachment-full\" alt=\"\" title=\"icon_green_2\" srcset=\"https:\/\/staging.fabotape.com\/wp-content\/uploads\/2018\/01\/icon_green_2.png 300w, https:\/\/staging.fabotape.com\/wp-content\/uploads\/2018\/01\/icon_green_2-150x150.png 150w\" sizes=\"auto, (max-width: 300px) 100vw, 300px\" \/><\/div>\n\t\t<\/figure>\n\t<\/div>\n\n\t<div class=\"wpb_text_column wpb_content_element \" >\n\t\t<div class=\"wpb_wrapper\">\n\t\t\t<p><strong>Abfallkontrolle<\/strong> und Reduzierung der Schadstoffemissionen.<\/p>\n\n\t\t<\/div>\n\t<\/div>\n<\/div><\/div><\/div><div class=\"pot-green wpb_column vc_column_container vc_col-sm-4\"><div class=\"vc_column-inner\"><div class=\"wpb_wrapper\">\n\t<div  class=\"wpb_single_image wpb_content_element vc_align_center\">\n\t\t\n\t\t<figure class=\"wpb_wrapper vc_figure\">\n\t\t\t<div class=\"vc_single_image-wrapper   vc_box_border_grey\"><img loading=\"lazy\" decoding=\"async\" width=\"300\" height=\"300\" src=\"https:\/\/staging.fabotape.com\/wp-content\/uploads\/2018\/01\/icon_green_3.png\" class=\"vc_single_image-img attachment-full\" alt=\"\" title=\"icon_green_3\" srcset=\"https:\/\/staging.fabotape.com\/wp-content\/uploads\/2018\/01\/icon_green_3.png 300w, https:\/\/staging.fabotape.com\/wp-content\/uploads\/2018\/01\/icon_green_3-150x150.png 150w\" sizes=\"auto, (max-width: 300px) 100vw, 300px\" \/><\/div>\n\t\t<\/figure>\n\t<\/div>\n\n\t<div class=\"wpb_text_column wpb_content_element \" >\n\t\t<div class=\"wpb_wrapper\">\n\t\t\t<p><strong>40 % des Energiebedarfs<\/strong> des Unternehmens werden durch KWK- und Photovoltaikanlagen gedeckt.<\/p>\n\n\t\t<\/div>\n\t<\/div>\n<\/div><\/div><\/div><\/div><\/div><\/div><\/div><\/div>\n[\/vc_column][\/vc_row]<\/p>\n","protected":false},"excerpt":{"rendered":"FABO UND DIE UMWELT Fabo ist gr\u00fcn! Wir nehmen das Thema Umweltschutz sehr ernst, weshalb wir bei FABO eine sorgf\u00e4ltige Politik des rationellen Umgangs mit Ressourcen verfolgen. Alle Produktionsabteilungen sind...","protected":false},"author":3,"featured_media":0,"parent":0,"menu_order":0,"comment_status":"closed","ping_status":"closed","template":"","meta":{"_acf_changed":false,"footnotes":""},"tags":[],"class_list":["post-1458","page","type-page","status-publish","hentry"],"acf":[],"_links":{"self":[{"href":"https:\/\/staging.fabotape.com\/de\/wp-json\/wp\/v2\/pages\/1458","targetHints":{"allow":["GET"]}}],"collection":[{"href":"https:\/\/staging.fabotape.com\/de\/wp-json\/wp\/v2\/pages"}],"about":[{"href":"https:\/\/staging.fabotape.com\/de\/wp-json\/wp\/v2\/types\/page"}],"author":[{"embeddable":true,"href":"https:\/\/staging.fabotape.com\/de\/wp-json\/wp\/v2\/users\/3"}],"replies":[{"embeddable":true,"href":"https:\/\/staging.fabotape.com\/de\/wp-json\/wp\/v2\/comments?post=1458"}],"version-history":[{"count":15,"href":"https:\/\/staging.fabotape.com\/de\/wp-json\/wp\/v2\/pages\/1458\/revisions"}],"predecessor-version":[{"id":8587,"href":"https:\/\/staging.fabotape.com\/de\/wp-json\/wp\/v2\/pages\/1458\/revisions\/8587"}],"wp:attachment":[{"href":"https:\/\/staging.fabotape.com\/de\/wp-json\/wp\/v2\/media?parent=1458"}],"wp:term":[{"taxonomy":"post_tag","embeddable":true,"href":"https:\/\/staging.fabotape.com\/de\/wp-json\/wp\/v2\/tags?post=1458"}],"curies":[{"name":"wp","href":"https:\/\/api.w.org\/{rel}","templated":true}]}}