{"id":1452,"date":"2020-04-27T17:59:01","date_gmt":"2020-04-27T15:59:01","guid":{"rendered":"https:\/\/staging.fabotape.com\/?page_id=1452"},"modified":"2022-11-30T06:49:16","modified_gmt":"2022-11-30T05:49:16","slug":"produkte","status":"publish","type":"page","link":"https:\/\/staging.fabotape.com\/de\/produkte\/","title":{"rendered":"Produkte"},"content":{"rendered":"<p>[vc_row el_class=&#8220;riga-testo-due-colonne&#8220;][vc_column width=&#8220;1\/2&#8243; offset=&#8220;vc_col-lg-offset-1 vc_col-lg-5 vc_col-md-offset-1 vc_col-md-5&#8243;][vc_column_text]<\/p>\n<h3>Eine breite Palette zuverl\u00e4ssiger, effektiver und leistungsstarker Klebeprodukte.<\/h3>\n<p>[\/vc_column_text][\/vc_column][vc_column width=&#8220;1\/2&#8243; offset=&#8220;vc_col-lg-5 vc_col-md-5&#8243;][vc_column_text]<strong>Fabo bietet leistungsstarke Klebstoffl\u00f6sungen die f\u00fcr eine Vielzahl von manuellen und automatischen Anwendungen entwickelt wurden, mit zwei Technologien: Acrylat undHot Melt. <\/strong><\/p>\n<p>Produkte zum Verpacken und Palettisieren f\u00fcr die Industrie und den Gro\u00dfhandel, Abdeckb\u00e4nder f\u00fcr den Bau- und um zu basteln, Spezialklebstoffe zum Schutz von Industrieprozessen, Reparatur- und Befestigungsprodukte f\u00fcr den Heimwerker- und Grafikbereich.[\/vc_column_text][\/vc_column][\/vc_row][vc_row el_class=&#8220;griglia-prodotti&#8220;][vc_column][vc_basic_grid post_type=&#8220;page&#8220; max_items=&#8220;-1&#8243; element_width=&#8220;6&#8243; orderby=&#8220;menu_order&#8220; item=&#8220;65&#8243; grid_id=&#8220;vc_gid:1669787322331-24bf130a-4fe4-7&#8243; taxonomies=&#8220;4&#8243; exclude=&#8220;1441, 1447, 1458, 1463, 1468, 1485, 1489, 1518, 1650, 1664, 1600, 1802, 1794, 1790, 1787, 1728, 3308, 3418, 3407&#8243;][\/vc_column][\/vc_row][vc_row disable_element=&#8220;yes&#8220;][vc_column]<div class=\"vc_row wpb_row vc_row-fluid\"><div class=\"wpb_column vc_column_container vc_col-sm-12\"><div class=\"vc_column-inner\"><div class=\"wpb_wrapper\">\n\t<div class=\"wpb_text_column wpb_content_element \" >\n\t\t<div class=\"wpb_wrapper\">\n\t\t\t\n\t\t<\/div>\n\t<\/div>\n<\/div><\/div><\/div><\/div><div class=\"vc_row wpb_row vc_row-fluid riga-testi-verdi riga-testo-e-immagine riga-stampati margini-xs vc_custom_1517483882322 vc_row-o-equal-height vc_row-o-content-middle vc_row-flex\"><div class=\"wpb_column vc_column_container vc_col-sm-6 vc_col-lg-offset-1 vc_col-lg-5 vc_col-md-offset-1 vc_col-md-5\"><div class=\"vc_column-inner vc_custom_1517312416418\"><div class=\"wpb_wrapper\">\n\t<div  class=\"wpb_single_image wpb_content_element vc_align_left\">\n\t\t\n\t\t<figure class=\"wpb_wrapper vc_figure\">\n\t\t\t<div class=\"vc_single_image-wrapper   vc_box_border_grey\"><img loading=\"lazy\" decoding=\"async\" width=\"1366\" height=\"1146\" src=\"https:\/\/staging.fabotape.com\/wp-content\/uploads\/2018\/01\/hp_stampati_ok.jpg\" class=\"vc_single_image-img attachment-full\" alt=\"\" title=\"hp_stampati_ok\" srcset=\"https:\/\/staging.fabotape.com\/wp-content\/uploads\/2018\/01\/hp_stampati_ok.jpg 1366w, https:\/\/staging.fabotape.com\/wp-content\/uploads\/2018\/01\/hp_stampati_ok-510x428.jpg 510w, https:\/\/staging.fabotape.com\/wp-content\/uploads\/2018\/01\/hp_stampati_ok-768x644.jpg 768w, https:\/\/staging.fabotape.com\/wp-content\/uploads\/2018\/01\/hp_stampati_ok-900x755.jpg 900w\" sizes=\"auto, (max-width: 1366px) 100vw, 1366px\" \/><\/div>\n\t\t<\/figure>\n\t<\/div>\n<\/div><\/div><\/div><div class=\"wpb_column vc_column_container vc_col-sm-6 vc_col-lg-offset-1 vc_col-lg-4 vc_col-md-offset-0 vc_col-md-5\"><div class=\"vc_column-inner vc_custom_1517484909777\"><div class=\"wpb_wrapper\">\n\t<div class=\"wpb_text_column wpb_content_element  label-riga\" >\n\t\t<div class=\"wpb_wrapper\">\n\t\t\t<p>BEDRUCKT<\/p>\n\n\t\t<\/div>\n\t<\/div>\n\n\t<div class=\"wpb_text_column wpb_content_element \" >\n\t\t<div class=\"wpb_wrapper\">\n\t\t\t<h3>FABO-Drucke in <strong>Fotoqualit\u00e4t<\/strong>.<\/h3>\n\n\t\t<\/div>\n\t<\/div>\n\n\t<div class=\"wpb_text_column wpb_content_element \" >\n\t\t<div class=\"wpb_wrapper\">\n\t\t\t<p>Das Portr\u00e4t-Band bietet einen Druck in Fotoqualit\u00e4t f\u00fcr <strong>personalisierte hochaufl\u00f6sende Klebeb\u00e4nder<\/strong> mit maximaler Detailgenauigkeit.<br \/>\nVerf\u00fcgbar f\u00fcr Produkte mit Acryl- und Hei\u00dfschmelzklebstoff.<\/p>\n\n\t\t<\/div>\n\t<\/div>\n<div class=\" ubtn-ctn-left btn btn-verde\"><a class=\"ubtn-link ult-adjust-bottom-margin ubtn-left ubtn-normal btn btn-verde\" href=\"https:\/\/staging.fabotape.com\/de\/produkte\/bedruckt\/\"><button type=\"button\" id=\"ubtn-8921\" class=\"ubtn ult-adjust-bottom-margin ult-responsive ubtn-normal ubtn-no-hover-bg  none  ubtn-left   tooltip-69dfc00130e08\"  data-hover=\"\" data-border-color=\"\" data-bg=\"#e0e0e0\" data-hover-bg=\"\" data-border-hover=\"\" data-shadow-hover=\"\" data-shadow-click=\"none\" data-shadow=\"\" data-shd-shadow=\"\"  data-ultimate-target='#ubtn-8921'  data-responsive-json-new='{\"font-size\":\"\",\"line-height\":\"\"}'  style=\"font-weight:normal;border:none;background: #e0e0e0;color: #000000;\"><span class=\"ubtn-hover\" style=\"background-color:\"><\/span><span class=\"ubtn-data ubtn-text \" >Um mehr zu erfahren<\/span><\/button><\/a><\/div><\/div><\/div><\/div><\/div><div class=\"vc_row wpb_row vc_row-fluid\"><div class=\"wpb_column vc_column_container vc_col-sm-12\"><div class=\"vc_column-inner\"><div class=\"wpb_wrapper\">\n\t<div class=\"wpb_text_column wpb_content_element \" >\n\t\t<div class=\"wpb_wrapper\">\n\t\t\t\n\t\t<\/div>\n\t<\/div>\n<\/div><\/div><\/div><\/div>\n[\/vc_column][\/vc_row]<\/p>\n","protected":false},"excerpt":{"rendered":"BEDRUCKT FABO-Drucke in Fotoqualit\u00e4t. Das Portr\u00e4t-Band bietet einen Druck in Fotoqualit\u00e4t f\u00fcr personalisierte hochaufl\u00f6sende Klebeb\u00e4nder mit maximaler Detailgenauigkeit. Verf\u00fcgbar f\u00fcr Produkte mit Acryl- und Hei\u00dfschmelzklebstoff. Um mehr zu erfahren","protected":false},"author":3,"featured_media":0,"parent":0,"menu_order":0,"comment_status":"closed","ping_status":"closed","template":"","meta":{"_acf_changed":false,"footnotes":""},"tags":[],"class_list":["post-1452","page","type-page","status-publish","hentry"],"acf":[],"_links":{"self":[{"href":"https:\/\/staging.fabotape.com\/de\/wp-json\/wp\/v2\/pages\/1452","targetHints":{"allow":["GET"]}}],"collection":[{"href":"https:\/\/staging.fabotape.com\/de\/wp-json\/wp\/v2\/pages"}],"about":[{"href":"https:\/\/staging.fabotape.com\/de\/wp-json\/wp\/v2\/types\/page"}],"author":[{"embeddable":true,"href":"https:\/\/staging.fabotape.com\/de\/wp-json\/wp\/v2\/users\/3"}],"replies":[{"embeddable":true,"href":"https:\/\/staging.fabotape.com\/de\/wp-json\/wp\/v2\/comments?post=1452"}],"version-history":[{"count":13,"href":"https:\/\/staging.fabotape.com\/de\/wp-json\/wp\/v2\/pages\/1452\/revisions"}],"predecessor-version":[{"id":3528,"href":"https:\/\/staging.fabotape.com\/de\/wp-json\/wp\/v2\/pages\/1452\/revisions\/3528"}],"wp:attachment":[{"href":"https:\/\/staging.fabotape.com\/de\/wp-json\/wp\/v2\/media?parent=1452"}],"wp:term":[{"taxonomy":"post_tag","embeddable":true,"href":"https:\/\/staging.fabotape.com\/de\/wp-json\/wp\/v2\/tags?post=1452"}],"curies":[{"name":"wp","href":"https:\/\/api.w.org\/{rel}","templated":true}]}}