{"id":1447,"date":"2020-04-27T17:50:50","date_gmt":"2020-04-27T15:50:50","guid":{"rendered":"https:\/\/staging.fabotape.com\/?page_id=1447"},"modified":"2023-10-30T22:02:40","modified_gmt":"2023-10-30T21:02:40","slug":"unternehmen","status":"publish","type":"page","link":"https:\/\/staging.fabotape.com\/de\/unternehmen\/","title":{"rendered":"UNTERNEHMEN"},"content":{"rendered":"<p>[vc_row el_class=&#8220;riga-testo-due-colonne&#8220;][vc_column width=&#8220;1\/2&#8243; offset=&#8220;vc_col-lg-offset-1 vc_col-lg-5 vc_col-md-offset-1 vc_col-md-5&#8243;][vc_column_text]<\/p>\n<h3><strong>Kreativit\u00e4t und Leidenschaft<\/strong> pr\u00e4gen seit jeher die DNA und die unternehmerische Erfahrung von FABO.<\/h3>\n<p>[\/vc_column_text][\/vc_column][vc_column width=&#8220;1\/2&#8243; offset=&#8220;vc_col-lg-5 vc_col-md-5&#8243;][vc_column_text]<strong>Das 1971 in der Toskana, einem Land der Exzellenz und Innovation, gegr\u00fcndete Unternehmen ist heute mit seinem Angebot in \u00fcber 40 L\u00e4ndern international f\u00fchrend auf dem Markt f\u00fcr Selbstklebeb\u00e4nder.<\/strong><\/p>\n<p>Technologie- und Prozessinnovationen waren eine Konstante in der Geschichte von FABO und ein wichtiger Hebel f\u00fcr die strategische Entwicklung. Dank dieser Werte konnte das Unternehmen sich als eine herausragende Pr\u00e4senz etablieren und selbst bei bedeutsamen Produktionsvolumen einen hohen Qualit\u00e4tsstandard garantieren.[\/vc_column_text][\/vc_column][\/vc_row][vc_row full_width=&#8220;stretch_row&#8220; el_class=&#8220;bg-blu bg-blu-prodotto&#8220;][vc_column offset=&#8220;vc_col-lg-offset-1 vc_col-lg-10 vc_col-md-offset-1 vc_col-md-10&#8243;][vc_column_text el_class=&#8220;label-riga&#8220;]UNTERNEHMENS-HIGHLIGHTS[\/vc_column_text][vc_column_text]<\/p>\n<h3><strong>FABO<\/strong> in Zahlen<\/h3>\n<p>[\/vc_column_text][vc_row_inner][vc_column_inner width=&#8220;1\/4&#8243; css=&#8220;.vc_custom_1517571376241{padding-top: 0px !important;padding-right: 0px !important;padding-bottom: 0px !important;padding-left: 0px !important;}&#8220; offset=&#8220;vc_col-lg-3 vc_col-md-3 vc_col-xs-6&#8243;]<div class=\"stats-block stats-top  \"><div class=\"aio-icon-top\"><div class=\"ult-just-icon-wrapper  \"><div class=\"align-icon\" style=\"text-align:center;\"><\/div><\/div><\/div><div class=\"stats-desc\" id=\"counter-responsv-wrap-1774\"><div id=\"counter_140035438169f29e0567c28\" data-id=\"counter_140035438169f29e0567c28\"  data-ultimate-target='#counter-responsv-wrap-1774 .stats-number'  data-responsive-json-new='{\"font-size\":\"\",\"line-height\":\"\"}'  class=\"stats-number ult-responsive\" style=\"font-size:28px;  \" data-speed=\"3\" data-counter-value=\"54\" data-separator=\",\" data-decimal=\".\">0<\/div><div class=\"counter_suffix mycust ult-responsive\"  data-ultimate-target='#counter-responsv-wrap-1774 .mycust'  data-responsive-json-new='{\"font-size\":\"\",\"line-height\":\"\"}'  style=\"font-size:28px; color:\">Mio<\/div><div counter-responsv-wrap-1774  data-ultimate-target='#counter-responsv-wrap-1774 .stats-text'  data-responsive-json-new='{\"font-size\":\"\",\"line-height\":\"\"}'  class=\"stats-text ult-responsive\" style=\"font-size:18px;  \">Umsatz<\/div><\/div><\/div>[\/vc_column_inner][vc_column_inner width=&#8220;1\/4&#8243; css=&#8220;.vc_custom_1517571382012{padding-top: 0px !important;padding-right: 0px !important;padding-bottom: 0px !important;padding-left: 0px !important;}&#8220; offset=&#8220;vc_col-xs-6&#8243;]<div class=\"stats-block stats-top  \"><div class=\"aio-icon-top\"><div class=\"ult-just-icon-wrapper  \"><div class=\"align-icon\" style=\"text-align:center;\"><\/div><\/div><\/div><div class=\"stats-desc\" id=\"counter-responsv-wrap-1827\"><div id=\"counter_187864560669f29e0567d35\" data-id=\"counter_187864560669f29e0567d35\"  data-ultimate-target='#counter-responsv-wrap-1827 .stats-number'  data-responsive-json-new='{\"font-size\":\"\",\"line-height\":\"\"}'  class=\"stats-number ult-responsive\" style=\"font-size:28px;  \" data-speed=\"3\" data-counter-value=\"350\" data-separator=\",\" data-decimal=\".\">0<\/div><div class=\"counter_suffix mycust ult-responsive\"  data-ultimate-target='#counter-responsv-wrap-1827 .mycust'  data-responsive-json-new='{\"font-size\":\"\",\"line-height\":\"\"}'  style=\"font-size:28px; color:\">Mio. qm<\/div><div counter-responsv-wrap-1827  data-ultimate-target='#counter-responsv-wrap-1827 .stats-text'  data-responsive-json-new='{\"font-size\":\"\",\"line-height\":\"\"}'  class=\"stats-text ult-responsive\" style=\"font-size:18px;  \">Klebebandproduktion j\u00e4hrlich<\/div><\/div><\/div>[\/vc_column_inner][vc_column_inner width=&#8220;1\/4&#8243; css=&#8220;.vc_custom_1517571388111{padding-top: 0px !important;padding-right: 0px !important;padding-bottom: 0px !important;padding-left: 0px !important;}&#8220; offset=&#8220;vc_col-xs-6&#8243;]<div class=\"stats-block stats-top  \"><div class=\"aio-icon-top\"><div class=\"ult-just-icon-wrapper  \"><div class=\"align-icon\" style=\"text-align:center;\"><\/div><\/div><\/div><div class=\"stats-desc\" id=\"counter-responsv-wrap-2951\"><div id=\"counter_59087220369f29e0567e0a\" data-id=\"counter_59087220369f29e0567e0a\"  data-ultimate-target='#counter-responsv-wrap-2951 .stats-number'  data-responsive-json-new='{\"font-size\":\"\",\"line-height\":\"\"}'  class=\"stats-number ult-responsive\" style=\"font-size:28px;  \" data-speed=\"3\" data-counter-value=\"15.000\" data-separator=\",\" data-decimal=\".\">0<\/div><div class=\"counter_suffix mycust ult-responsive\"  data-ultimate-target='#counter-responsv-wrap-2951 .mycust'  data-responsive-json-new='{\"font-size\":\"\",\"line-height\":\"\"}'  style=\"font-size:28px; color:\">qm<\/div><div counter-responsv-wrap-2951  data-ultimate-target='#counter-responsv-wrap-2951 .stats-text'  data-responsive-json-new='{\"font-size\":\"\",\"line-height\":\"\"}'  class=\"stats-text ult-responsive\" style=\"font-size:18px;  \">Werk<\/div><\/div><\/div>[\/vc_column_inner][vc_column_inner el_class=&#8220;last&#8220; width=&#8220;1\/4&#8243; css=&#8220;.vc_custom_1517571394782{padding-top: 0px !important;padding-right: 0px !important;padding-bottom: 0px !important;padding-left: 0px !important;}&#8220; offset=&#8220;vc_col-xs-6&#8243;]<div class=\"stats-block stats-top  \"><div class=\"aio-icon-top\"><div class=\"ult-just-icon-wrapper  \"><div class=\"align-icon\" style=\"text-align:center;\"><\/div><\/div><\/div><div class=\"stats-desc\" id=\"counter-responsv-wrap-9252\"><div id=\"counter_51876293369f29e0567ede\" data-id=\"counter_51876293369f29e0567ede\"  data-ultimate-target='#counter-responsv-wrap-9252 .stats-number'  data-responsive-json-new='{\"font-size\":\"\",\"line-height\":\"\"}'  class=\"stats-number ult-responsive\" style=\"font-size:28px;  \" data-speed=\"3\" data-counter-value=\"2.000\" data-separator=\",\" data-decimal=\".\">0<\/div><div class=\"counter_suffix mycust ult-responsive\"  data-ultimate-target='#counter-responsv-wrap-9252 .mycust'  data-responsive-json-new='{\"font-size\":\"\",\"line-height\":\"\"}'  style=\"font-size:28px; color:\">qm<\/div><div counter-responsv-wrap-9252  data-ultimate-target='#counter-responsv-wrap-9252 .stats-text'  data-responsive-json-new='{\"font-size\":\"\",\"line-height\":\"\"}'  class=\"stats-text ult-responsive\" style=\"font-size:18px;  \">Logistikzentrum<\/div><\/div><\/div>[\/vc_column_inner][\/vc_row_inner][\/vc_column][\/vc_row][vc_row el_class=&#8220;riga-video-azienda&#8220;][vc_column offset=&#8220;vc_col-lg-offset-1 vc_col-lg-10 vc_col-md-offset-1 vc_col-md-10&#8243;][vc_raw_html]JTNDc3R5bGUlM0UuY29kZWdlbmElN0Jwb3NpdGlvbiUzQXJlbGF0aXZlJTNCd2lkdGglM0ExMDAlMjUlM0JoZWlnaHQlM0EwJTNCcGFkZGluZy1ib3R0b20lM0E1Ni4yNzE5OCUyNSUzQiU3RC5jb2RlZ2VuYSUyMGlmcmFtZSU3QnBvc2l0aW9uJTNBYWJzb2x1dGUlM0J0b3AlM0EwJTNCbGVmdCUzQTAlM0J3aWR0aCUzQTEwMCUyNSUzQmhlaWdodCUzQTEwMCUyNSUzQiU3RCUyRiUyQVlvdXR1YmUlMjBFbWJlZCUyMENvZGUlMjAlM0ElMjBDcmVhdGVkJTIwd2l0aCUyMENvZGVnZW5hLmNvbSUyMCUyQSUyRiUzQyUyRnN0eWxlJTNFJTNDZGl2JTIwY2xhc3MlM0QlMjJjb2RlZ2VuYSUyMiUzRSUzQ2lmcmFtZSUyMHdpZHRoJTNEJTIyNTYwJTIyJTIwaGVpZ2h0JTNEJTIyMzE1JTIyJTIwc3JjJTNEJTIyaHR0cHMlM0ElMkYlMkZ3d3cueW91dHViZS5jb20lMkZlbWJlZCUyRm5CSWJKRkFLeEI4JTNGJTIyJTIwdGl0bGUlM0QlMjJZb3VUdWJlJTIwdmlkZW8lMjBwbGF5ZXIlMjIlMjBmcmFtZWJvcmRlciUzRCUyMjAlMjIlMjBhbGxvdyUzRCUyMmFjY2VsZXJvbWV0ZXIlM0IlMjBhdXRvcGxheSUzQiUyMGNsaXBib2FyZC13cml0ZSUzQiUyMGVuY3J5cHRlZC1tZWRpYSUzQiUyMGd5cm9zY29wZSUzQiUyMHBpY3R1cmUtaW4tcGljdHVyZSUyMiUyMGFsbG93ZnVsbHNjcmVlbiUzRSUzQyUyRmlmcmFtZSUzRSUzQyUyRmRpdiUzRQ==[\/vc_raw_html][\/vc_column][\/vc_row][vc_row el_class=&#8220;riga-storia&#8220;][vc_column offset=&#8220;vc_col-lg-offset-1 vc_col-lg-10 vc_col-md-offset-1 vc_col-md-10&#8243;][vc_column_text el_class=&#8220;label-riga text-center&#8220;]UNSERE GESCHICHTE[\/vc_column_text][vc_column_text el_class=&#8220;text-center&#8220;]<\/p>\n<h3><strong>FABO begann im Jahr 1971 als kleiner Handwerksbetrieb f\u00fcr die Herstellung von gummiertem Papier.<\/strong><\/h3>\n<p>[\/vc_column_text]<div class=\"smile-icon-timeline-wrap csstime timeline-fabo timeline-custom-width \" data-timeline-cutom-width=\"400\"    style=\"\"><div class=\"timeline-line \" style=\"border-right-color:;\"><span><\/span><\/div><div class=\"timeline-wrapper\"><div class=\"timeline-block \"><div class=\"timeline-dot\"><\/div><div class=\"ult-timeline-arrow\"><s><\/s><l><\/l><\/div><div class=\"timeline-icon-block\"><div class=\"ult-timeline-icon tl-icon-no-bg\" style=\"   \"><\/div> <!-- icon --><\/div><div class=\"timeline-header-block\" >\r\n\t\t\t\t\t\t\t<div id=\"timeline-item-7992\" class=\"timeline-header\" style=\"\"><h3 class=\"ult-timeline-title ult-responsive\"  data-ultimate-target='#timeline-item-7992 .ult-timeline-title'  data-responsive-json-new='{\"font-size\":\"\",\"line-height\":\"\"}'  style=\"\">1986<\/h3><div class=\"ult-responsive timeline-item-spt\"  data-ultimate-target='#timeline-item-7992 .timeline-item-spt'  data-responsive-json-new='{\"font-size\":\"\",\"line-height\":\"\"}'  style=\"\">FABO f\u00fchrt als eines der ersten Unternehmen in Europa die Acrylbeschichtung zur Herstellung von <strong>Klebeb\u00e4ndern ohne Verwendung von L\u00f6sungsmitteln ein<\/strong><\/div><\/div> <!-- header --><\/div><\/div><div class=\"timeline-block \"><div class=\"timeline-dot\"><\/div><div class=\"ult-timeline-arrow\"><s><\/s><l><\/l><\/div><div class=\"timeline-icon-block\"><div class=\"ult-timeline-icon tl-icon-no-bg\" style=\"   \"><\/div> <!-- icon --><\/div><div class=\"timeline-header-block\" >\r\n\t\t\t\t\t\t\t<div id=\"timeline-item-4081\" class=\"timeline-header\" style=\"\"><h3 class=\"ult-timeline-title ult-responsive\"  data-ultimate-target='#timeline-item-4081 .ult-timeline-title'  data-responsive-json-new='{\"font-size\":\"\",\"line-height\":\"\"}'  style=\"\">2001<\/h3><div class=\"ult-responsive timeline-item-spt\"  data-ultimate-target='#timeline-item-4081 .timeline-item-spt'  data-responsive-json-new='{\"font-size\":\"\",\"line-height\":\"\"}'  style=\"\"><img decoding=\"async\" class=\"img-certificazione\" src=\"https:\/\/staging.fabotape.com\/wp-content\/uploads\/2018\/01\/azienda_certificazione_1.gif\" alt=\"Certificazione Iso 9001\" \/><br \/>\nFABO erh\u00e4lt die <strong>ISO 9001-Zertifizierung<\/strong>, ie erforderlich ist, um die Konformit\u00e4t der internen Prozesse zu gew\u00e4hrleisten und den Service f\u00fcr seine Kunden zu optimieren und zu verbessern.<\/div><\/div> <!-- header --><\/div><\/div><div class=\"timeline-block \"><div class=\"timeline-dot\"><\/div><div class=\"ult-timeline-arrow\"><s><\/s><l><\/l><\/div><div class=\"timeline-icon-block\"><div class=\"ult-timeline-icon tl-icon-no-bg\" style=\"   \"><\/div> <!-- icon --><\/div><div class=\"timeline-header-block\" >\r\n\t\t\t\t\t\t\t<div id=\"timeline-item-7745\" class=\"timeline-header\" style=\"\"><h3 class=\"ult-timeline-title ult-responsive\"  data-ultimate-target='#timeline-item-7745 .ult-timeline-title'  data-responsive-json-new='{\"font-size\":\"\",\"line-height\":\"\"}'  style=\"\">2005<\/h3><div class=\"ult-responsive timeline-item-spt\"  data-ultimate-target='#timeline-item-7745 .timeline-item-spt'  data-responsive-json-new='{\"font-size\":\"\",\"line-height\":\"\"}'  style=\"\"><a href=\"https:\/\/www.afera.com\/\" target=\"_blank\" rel=\"noopener\"><img decoding=\"async\" class=\"img-certificazione\" src=\"https:\/\/staging.fabotape.com\/wp-content\/uploads\/2018\/02\/certificazione-afera.gif\" alt=\"Membro Afera\" \/><\/a><br \/>\nFABO entwickelt sich zunehmend zu einem internationalen Anbieter und wird <strong>Mitglied von Afera<\/strong>, dem europ\u00e4ischen Verband der Klebebandhersteller.<\/div><\/div> <!-- header --><\/div><\/div><div class=\"timeline-block \"><div class=\"timeline-dot\"><\/div><div class=\"ult-timeline-arrow\"><s><\/s><l><\/l><\/div><div class=\"timeline-icon-block\"><div class=\"ult-timeline-icon tl-icon-no-bg\" style=\"   \"><\/div> <!-- icon --><\/div><div class=\"timeline-header-block\" >\r\n\t\t\t\t\t\t\t<div id=\"timeline-item-9294\" class=\"timeline-header\" style=\"\"><h3 class=\"ult-timeline-title ult-responsive\"  data-ultimate-target='#timeline-item-9294 .ult-timeline-title'  data-responsive-json-new='{\"font-size\":\"\",\"line-height\":\"\"}'  style=\"\">2006<\/h3><div class=\"ult-responsive timeline-item-spt\"  data-ultimate-target='#timeline-item-9294 .timeline-item-spt'  data-responsive-json-new='{\"font-size\":\"\",\"line-height\":\"\"}'  style=\"\"><img decoding=\"async\" src=\"https:\/\/staging.fabotape.com\/wp-content\/uploads\/2018\/01\/azienda_timeline_2006.png\" alt=\"Nastri Hot Melt\" \/><br \/>\nFABO erweitert sein Werk auf 15.000 Quadratmeter und realisiert die Herstellung von <strong>Klebeb\u00e4ndern mit Hei\u00dfschmelztechnologie.<\/strong><\/div><\/div> <!-- header --><\/div><\/div><div class=\"timeline-block \"><div class=\"timeline-dot\"><\/div><div class=\"ult-timeline-arrow\"><s><\/s><l><\/l><\/div><div class=\"timeline-icon-block\"><div class=\"ult-timeline-icon tl-icon-no-bg\" style=\"   \"><\/div> <!-- icon --><\/div><div class=\"timeline-header-block\" >\r\n\t\t\t\t\t\t\t<div id=\"timeline-item-3474\" class=\"timeline-header\" style=\"\"><h3 class=\"ult-timeline-title ult-responsive\"  data-ultimate-target='#timeline-item-3474 .ult-timeline-title'  data-responsive-json-new='{\"font-size\":\"\",\"line-height\":\"\"}'  style=\"\">2013<\/h3><div class=\"ult-responsive timeline-item-spt\"  data-ultimate-target='#timeline-item-3474 .timeline-item-spt'  data-responsive-json-new='{\"font-size\":\"\",\"line-height\":\"\"}'  style=\"\"><strong>FABO installiert eine 250-kW-Photovoltaikanlage<\/strong>, um die f\u00fcr die Produktion erforderliche Energie selbstst\u00e4ndig zu erzeugen.<\/div><\/div> <!-- header --><\/div><\/div><div class=\"timeline-block \"><div class=\"timeline-dot\"><\/div><div class=\"ult-timeline-arrow\"><s><\/s><l><\/l><\/div><div class=\"timeline-icon-block\"><div class=\"ult-timeline-icon tl-icon-no-bg\" style=\"   \"><\/div> <!-- icon --><\/div><div class=\"timeline-header-block\" >\r\n\t\t\t\t\t\t\t<div id=\"timeline-item-3738\" class=\"timeline-header\" style=\"\"><h3 class=\"ult-timeline-title ult-responsive\"  data-ultimate-target='#timeline-item-3738 .ult-timeline-title'  data-responsive-json-new='{\"font-size\":\"\",\"line-height\":\"\"}'  style=\"\">2014<\/h3><div class=\"ult-responsive timeline-item-spt\"  data-ultimate-target='#timeline-item-3738 .timeline-item-spt'  data-responsive-json-new='{\"font-size\":\"\",\"line-height\":\"\"}'  style=\"\"><img decoding=\"async\" src=\"https:\/\/staging.fabotape.com\/wp-content\/uploads\/2018\/01\/azienda_timeline_2014.png\" alt=\"Fabo centro logistico\" \/><br \/>\n<strong>Er\u00f6ffnung des neuen Logistikzentrums.<\/strong> Ein neues Lager von 2.000 Quadratmetern zur Verbesserung des Kundenservice.<\/div><\/div> <!-- header --><\/div><\/div><div class=\"timeline-block \"><div class=\"timeline-dot\"><\/div><div class=\"ult-timeline-arrow\"><s><\/s><l><\/l><\/div><div class=\"timeline-icon-block\"><div class=\"ult-timeline-icon tl-icon-no-bg\" style=\"   \"><\/div> <!-- icon --><\/div><div class=\"timeline-header-block\" >\r\n\t\t\t\t\t\t\t<div id=\"timeline-item-4351\" class=\"timeline-header\" style=\"\"><h3 class=\"ult-timeline-title ult-responsive\"  data-ultimate-target='#timeline-item-4351 .ult-timeline-title'  data-responsive-json-new='{\"font-size\":\"\",\"line-height\":\"\"}'  style=\"\">2015<\/h3><div class=\"ult-responsive timeline-item-spt\"  data-ultimate-target='#timeline-item-4351 .timeline-item-spt'  data-responsive-json-new='{\"font-size\":\"\",\"line-height\":\"\"}'  style=\"\"><strong>FABO reduziert seine Umweltbelastung<\/strong> durch die Einf\u00fchrung eines KWK-Systems und eines L\u00f6semittelr\u00fcckgewinnungsprogramms in der Produktion.<\/div><\/div> <!-- header --><\/div><\/div><div class=\"timeline-block \"><div class=\"timeline-dot\"><\/div><div class=\"ult-timeline-arrow\"><s><\/s><l><\/l><\/div><div class=\"timeline-icon-block\"><div class=\"ult-timeline-icon tl-icon-no-bg\" style=\"   \"><\/div> <!-- icon --><\/div><div class=\"timeline-header-block\" >\r\n\t\t\t\t\t\t\t<div id=\"timeline-item-6632\" class=\"timeline-header\" style=\"\"><h3 class=\"ult-timeline-title ult-responsive\"  data-ultimate-target='#timeline-item-6632 .ult-timeline-title'  data-responsive-json-new='{\"font-size\":\"\",\"line-height\":\"\"}'  style=\"\">2016<\/h3><div class=\"ult-responsive timeline-item-spt\"  data-ultimate-target='#timeline-item-6632 .timeline-item-spt'  data-responsive-json-new='{\"font-size\":\"\",\"line-height\":\"\"}'  style=\"\"><strong>FABO installiert eine Abt\u00f6nmaschine der neuesten Generation<\/strong>, um seinen Kunden einen \u00fcberlegenen Standard in Bezug auf die Farbqualit\u00e4t zu garantieren.<\/div><\/div> <!-- header --><\/div><\/div><div class=\"timeline-block \"><div class=\"timeline-dot\"><\/div><div class=\"ult-timeline-arrow\"><s><\/s><l><\/l><\/div><div class=\"timeline-icon-block\"><div class=\"ult-timeline-icon tl-icon-no-bg\" style=\"   \"><\/div> <!-- icon --><\/div><div class=\"timeline-header-block\" >\r\n\t\t\t\t\t\t\t<div id=\"timeline-item-1054\" class=\"timeline-header\" style=\"\"><h3 class=\"ult-timeline-title ult-responsive\"  data-ultimate-target='#timeline-item-1054 .ult-timeline-title'  data-responsive-json-new='{\"font-size\":\"\",\"line-height\":\"\"}'  style=\"\">2017<\/h3><div class=\"ult-responsive timeline-item-spt\"  data-ultimate-target='#timeline-item-1054 .timeline-item-spt'  data-responsive-json-new='{\"font-size\":\"\",\"line-height\":\"\"}'  style=\"\"><img decoding=\"async\" src=\"https:\/\/staging.fabotape.com\/wp-content\/uploads\/2018\/01\/azienda_timeline_2017.png\" alt=\"Sleeve customizzabili\" \/><br \/>\nEinf\u00fchrung einer neuen Verpackungslinie f\u00fcr <strong>ma\u00dfgeschneiderte bedruckte H\u00fcllen mit Einzel- oder Mehrfachverpackung<\/strong>.<\/div><\/div> <!-- header --><\/div><\/div><div class=\"timeline-block \"><div class=\"timeline-dot\"><\/div><div class=\"ult-timeline-arrow\"><s><\/s><l><\/l><\/div><div class=\"timeline-icon-block\"><div class=\"ult-timeline-icon tl-icon-no-bg\" style=\"   \"><\/div> <!-- icon --><\/div><div class=\"timeline-header-block\" >\r\n\t\t\t\t\t\t\t<div id=\"timeline-item-9950\" class=\"timeline-header\" style=\"\"><h3 class=\"ult-timeline-title ult-responsive\"  data-ultimate-target='#timeline-item-9950 .ult-timeline-title'  data-responsive-json-new='{\"font-size\":\"\",\"line-height\":\"\"}'  style=\"\">2020<\/h3><div class=\"ult-responsive timeline-item-spt\"  data-ultimate-target='#timeline-item-9950 .timeline-item-spt'  data-responsive-json-new='{\"font-size\":\"\",\"line-height\":\"\"}'  style=\"\">Einf\u00fchrung der dritten Acryl-Linie<\/div><\/div> <!-- header --><\/div><\/div><div class=\"timeline-block \"><div class=\"timeline-dot\"><\/div><div class=\"ult-timeline-arrow\"><s><\/s><l><\/l><\/div><div class=\"timeline-icon-block\"><div class=\"ult-timeline-icon tl-icon-no-bg\" style=\"   \"><\/div> <!-- icon --><\/div><div class=\"timeline-header-block\" >\r\n\t\t\t\t\t\t\t<div id=\"timeline-item-6377\" class=\"timeline-header\" style=\"\"><h3 class=\"ult-timeline-title ult-responsive\"  data-ultimate-target='#timeline-item-6377 .ult-timeline-title'  data-responsive-json-new='{\"font-size\":\"\",\"line-height\":\"\"}'  style=\"\">2021<\/h3><div class=\"ult-responsive timeline-item-spt\"  data-ultimate-target='#timeline-item-6377 .timeline-item-spt'  data-responsive-json-new='{\"font-size\":\"\",\"line-height\":\"\"}'  style=\"\"><strong>2021 hat Fabo eine Trigenerationsanlage installiert<\/strong>: Sie erm\u00f6glicht die kombinierte Eigenproduktion von Strom und K\u00fchlenergie. Ein wichtiger Schritt zur Effizienzsteigerung in der Industrie.<\/div><\/div> <!-- header --><\/div><\/div><\/div><\/div>[\/vc_column][\/vc_row][vc_row full_width=&#8220;stretch_row&#8220; el_class=&#8220;bg-blu riga-vision&#8220;][vc_column][vc_column_text el_class=&#8220;label-riga text-center&#8220;]UNSERE VISION[\/vc_column_text][vc_row_inner][vc_column_inner width=&#8220;1\/3&#8243;][vc_single_image image=&#8220;221&#8243; img_size=&#8220;full&#8220; alignment=&#8220;center&#8220; el_class=&#8220;img-pot&#8220;][vc_column_text el_class=&#8220;voce-vision&#8220;]<strong>ST\u00c4RKUNG<\/strong><br \/>\nDER EIGENEN MARKTPOSITION.[\/vc_column_text][\/vc_column_inner][vc_column_inner el_class=&#8220;bordo-sx-dx&#8220; width=&#8220;1\/3&#8243;][vc_single_image image=&#8220;221&#8243; img_size=&#8220;full&#8220; alignment=&#8220;center&#8220; el_class=&#8220;img-pot&#8220;][vc_column_text el_class=&#8220;voce-vision&#8220;]<strong>IDENTIFIZIERUNG<\/strong><br \/>\nNEUER PROZESSE, TECHNOLOGIEN UND INNOVATIVER M\u00c4RKTE.<br \/>\n[\/vc_column_text][\/vc_column_inner][vc_column_inner width=&#8220;1\/3&#8243;][vc_single_image image=&#8220;221&#8243; img_size=&#8220;full&#8220; alignment=&#8220;center&#8220; el_class=&#8220;img-pot&#8220;][vc_column_text el_class=&#8220;voce-vision&#8220;]<strong>ENTWICKLUNG<\/strong><br \/>\nVON POLITIKEN INTERNATIONALER STRATEGISCHER ALLIANZEN.[\/vc_column_text][\/vc_column_inner][\/vc_row_inner][\/vc_column][\/vc_row][vc_row full_width=&#8220;stretch_row&#8220; el_class=&#8220;categoria-seo seo-grigio&#8220;][vc_column][vc_column_text el_class=&#8220;contenuto&#8220;]<\/p>\n<h2>Fabo, ein Hersteller von Klebeb\u00e4ndern<\/h2>\n<p>Dank seiner Tradition, Geschichte, Know-how und Erfahrung konnte das Unternehmen sich als Pr\u00e4senz mit einem Rufitalienischer Exzellenz etablieren. Fabo ist seit fast 50 Jahren kompetent und zuverl\u00e4ssig auf dem internationalen Markt der gro\u00dfen Klebebandhersteller t\u00e4tig. Fabo ist seit 1971 in der Herstellung von Klebeb\u00e4ndern f\u00fcr die Verpackung t\u00e4tig und gilt heute als einer der wichtigsten Produktionsunternehmen der Branche auf europ\u00e4ischer Ebene, wobei das Unternehmen sein Know-how und seine Flexibilit\u00e4t ganz in den Dienst seiner Kunden, Lieferanten und Vertreibern von Klebeb\u00e4ndern stellt.<\/p>\n<p>Als historischer Hersteller ist das Unternehmen der ideale Branchenpartner f\u00fcr die L\u00f6sung jeglicher Klebebandbed\u00fcrfnisse. Aufgrund des internationalen Erfolgs sind \u00fcber 70 % der Herstellung f\u00fcr den Export bestimmt. Besondere Sorgfalt gilt dabei den Kundenbeziehungen und der F\u00e4higkeit, einen heterogenen Kundenkreis zu verwalten, der sich aus H\u00e4ndlern, Druckern, Schneidern, Klebebandtransformatoren und Gro\u00dfindustrien zusammensetzt. All dies ist durch die direkte Kundenverwaltung, durch ein trainiertes und verf\u00fcgbares Verkaufspersonal mit einer breiten Pr\u00e4senz in den jeweiligen Gebieten m\u00f6glich, das \u00fcber alle Kaufphasen hinweg Hilfe und Unterst\u00fctzung bietet, um genau das Klebeband zu identifizieren, das den Anforderungen und Bed\u00fcrfnissen des Kunden am besten entspricht.<\/p>\n<p>Fabo ist spezialisiert auf die Herstellung von Klebeb\u00e4ndern mit Hei\u00dfschmelz- und wasserbasierter Acryltechnologie sowie auf die Personalisierung von Klebeb\u00e4ndern mit Flexo- und Digitaldrucktechnologien mithilfe moderner Maschinen und automatisierter Prozesse. Die automatisierte Verwaltung des Produktionszyklus und die vollst\u00e4ndige R\u00fcckverfolgbarkeit aller verwendeten Materialien gew\u00e4hrleisten eine vollst\u00e4ndige Kontrolle \u00fcber alle Prozesse. Auf einer Fl\u00e4che von 15.000 Quadratmetern stehen verschiedene Beschichtungslinien und mehrere Schneidelinien zur Herstellung effektiver und leistungsf\u00e4higer Klebeb\u00e4nder in h\u00f6chster Qualit\u00e4t zur Verf\u00fcgung. Fabo ist ein zuverl\u00e4ssiger Partner f\u00fcr die Lieferung hochwertiger und einzigartiger Klebstoffl\u00f6sungen basierend auf den W\u00fcnschen seiner Kunden. Mit unserem Ad-hoc-Service f\u00fcr die Personalisierung, Verpackung und Versandplanung stellen wir sicher, dass unsere Kunden genau das von ihnen gew\u00fcnschte Produkt erhalten. Dank des breiten Sortiments der Fabo-Verpackungsl\u00f6sungen k\u00f6nnen Kunden leicht die Verpackung finden, die Ihren Anforderungen am besten entspricht. Um die besten \u00e4sthetischen und funktionellen Ergebnisse zu gew\u00e4hrleisten, bieten wir unseren Kunden ein hohes Ma\u00df an Personalisierung f\u00fcr ihre Verpackungen: : Einzel- und Mehrfachverpackungen, kundenspezifische Verpackungsgrafiken und transparente oder kundenspezifische H\u00fcllen. Flexibilit\u00e4t und Kompetenz sind bis heute die Werte des Unternehmens, das mit seinen Erfahrungen im industriellen Prozess ein besonderes Know-how entwickelt hat, um Marktanforderungen zu interpretieren und in innovative, ma\u00dfgeschneiderte L\u00f6sungen umzusetzen. Dank der in fast 50 Jahren gesammelten Erfahrung ist es Fabo gelungen, solide und dauerhafte Vertrauensbeziehungen zu seinen Kunden aufzubauen.[\/vc_column_text][\/vc_column][\/vc_row]<\/p>\n","protected":false},"excerpt":{"rendered":"<p>[vc_row el_class=&#8220;riga-testo-due-colonne&#8220;][vc_column width=&#8220;1\/2&#8243; offset=&#8220;vc_col-lg-offset-1 vc_col-lg-5 vc_col-md-offset-1 vc_col-md-5&#8243;][vc_column_text] Kreativit\u00e4t und Leidenschaft pr\u00e4gen seit jeher die DNA und die unternehmerische Erfahrung von FABO. [\/vc_column_text][\/vc_column][vc_column width=&#8220;1\/2&#8243; offset=&#8220;vc_col-lg-5 vc_col-md-5&#8243;][vc_column_text]Das 1971 in der Toskana, einem&#8230;<\/p>\n","protected":false},"author":3,"featured_media":0,"parent":0,"menu_order":0,"comment_status":"closed","ping_status":"closed","template":"","meta":{"_acf_changed":false,"footnotes":""},"tags":[],"class_list":["post-1447","page","type-page","status-publish","hentry"],"acf":[],"_links":{"self":[{"href":"https:\/\/staging.fabotape.com\/de\/wp-json\/wp\/v2\/pages\/1447","targetHints":{"allow":["GET"]}}],"collection":[{"href":"https:\/\/staging.fabotape.com\/de\/wp-json\/wp\/v2\/pages"}],"about":[{"href":"https:\/\/staging.fabotape.com\/de\/wp-json\/wp\/v2\/types\/page"}],"author":[{"embeddable":true,"href":"https:\/\/staging.fabotape.com\/de\/wp-json\/wp\/v2\/users\/3"}],"replies":[{"embeddable":true,"href":"https:\/\/staging.fabotape.com\/de\/wp-json\/wp\/v2\/comments?post=1447"}],"version-history":[{"count":7,"href":"https:\/\/staging.fabotape.com\/de\/wp-json\/wp\/v2\/pages\/1447\/revisions"}],"predecessor-version":[{"id":8704,"href":"https:\/\/staging.fabotape.com\/de\/wp-json\/wp\/v2\/pages\/1447\/revisions\/8704"}],"wp:attachment":[{"href":"https:\/\/staging.fabotape.com\/de\/wp-json\/wp\/v2\/media?parent=1447"}],"wp:term":[{"taxonomy":"post_tag","embeddable":true,"href":"https:\/\/staging.fabotape.com\/de\/wp-json\/wp\/v2\/tags?post=1447"}],"curies":[{"name":"wp","href":"https:\/\/api.w.org\/{rel}","templated":true}]}}