{"id":14322,"date":"2025-09-09T18:36:20","date_gmt":"2025-09-09T16:36:20","guid":{"rendered":"https:\/\/staging.fabotape.com\/private-label-und-verpackung\/"},"modified":"2025-11-21T16:14:10","modified_gmt":"2025-11-21T15:14:10","slug":"private-label-und-verpackung","status":"publish","type":"page","link":"https:\/\/staging.fabotape.com\/de\/private-label-und-verpackung\/","title":{"rendered":"Private Label und Verpackung"},"content":{"rendered":"<p>[vc_row el_class=&#8220;riga-testo-due-colonne&#8220;][vc_column width=&#8220;1\/2&#8243; offset=&#8220;vc_col-lg-offset-1 vc_col-lg-5 vc_col-md-offset-1 vc_col-md-5&#8243;][vc_column_text]<\/p>\n<h3>Private Label, Personalisierung und Verpackung<\/h3>\n<p>[\/vc_column_text][\/vc_column][vc_column width=&#8220;1\/2&#8243; offset=&#8220;vc_col-lg-5 vc_col-md-5&#8243;][vc_column_text el_class=&#8220;justified&#8220;]Fabo stellt seine Erfahrung, seine Marktkenntnis im Bereich Klebeb\u00e4nder und seine vertrauensw\u00fcrdigen Lieferanten zur Verf\u00fcgung, um Private-Label-Marken herzustellen. Wir sind in der Lage, das <strong>Klebeband mit Privatmarke<\/strong> je nach Kundenwunsch zu produzieren und zu personalisieren. Die Produktion dieser Art von B\u00e4ndern h\u00e4ngt stets von der geforderten Menge und den Eigenschaften aus Effizienz- und Kostensicht ab.[\/vc_column_text][\/vc_column][\/vc_row][vc_row el_class=&#8220;riga-testo-due-colonne&#8220;][vc_column width=&#8220;1\/2&#8243; offset=&#8220;vc_col-lg-offset-1 vc_col-lg-5 vc_col-md-offset-1 vc_col-md-5&#8243;][vc_column_text el_class=&#8220;justified&#8220;]<\/p>\n<h4>Personalisieren Sie das Produkt<strong><br \/>\n<\/strong><\/h4>\n<p>Vertrauen Sie auf das Wissen und die Kompetenz eines der gr\u00f6\u00dften Klebebandhersteller. Fabo unterst\u00fctzt den Kunden bei der Auswahl des Klebebands und entwickelt einzigartige und ma\u00dfgeschneiderte L\u00f6sungen, die die kommerziellen Marktziele, die Anwendung und die Positionierung des Kunden erf\u00fcllen.<br \/>\nNach der Auswahl des Produkts, der Farbe, des Formats und gegebenenfalls des Drucks von Logos oder anderen Botschaften auf der Bandl\u00e4nge (<a href=\"https:\/\/staging.fabotape.com\/?page_id=11811&amp;preview=true\">siehe unseren Druckservice<\/a>) erfolgt die Personalisierung der Innenkern.[\/vc_column_text][\/vc_column][vc_column width=&#8220;1\/2&#8243; offset=&#8220;vc_col-lg-5 vc_col-md-5&#8243;][vc_column_text el_class=&#8220;justified&#8220;]<\/p>\n<h4>Personalisieren Sie die Innenh\u00fclse<\/h4>\n<p>Die Innenh\u00fclse oder der Kern des Klebebands ist der Teil, der f\u00fcr den Endanwender immer sichtbar bleibt und die Marke identifiziert, bei der es gekauft wurde. Die Innenh\u00fclse kann <strong>neutral <\/strong>sein, <strong>mit einfachem zweifarbigem Logo<\/strong> <strong>personalisiert oder mit mehrfarbigem Logo versehen werden<\/strong>. Fabo unterst\u00fctzt den Kunden in dieser Personalisierungsphase, in der Entwicklung und Produktion von Drittanbietern durchgef\u00fchrt werden.[\/vc_column_text][\/vc_column][\/vc_row][vc_row full_width=&#8220;stretch_row_content_no_spaces&#8220;][vc_column width=&#8220;1\/3&#8243; offset=&#8220;vc_hidden-xs&#8220;][vc_single_image image=&#8220;12326&#8243; img_size=&#8220;full&#8220;][\/vc_column][vc_column width=&#8220;1\/3&#8243; offset=&#8220;vc_hidden-xs&#8220;][vc_single_image image=&#8220;12015&#8243; img_size=&#8220;full&#8220; alignment=&#8220;center&#8220;][\/vc_column][vc_column width=&#8220;1\/3&#8243; offset=&#8220;vc_hidden-xs&#8220;][vc_single_image image=&#8220;12330&#8243; img_size=&#8220;full&#8220; alignment=&#8220;center&#8220;][\/vc_column][\/vc_row][vc_row][vc_column][vc_row_inner][vc_column_inner][\/vc_column_inner][\/vc_row_inner][vc_column_text]<\/p>\n<h3 style=\"text-align: center;\">Personalisieren Sie die Verpackung: Schrumpffolienverpackungen, Etiketten und Kartons<\/h3>\n<p>[\/vc_column_text][vc_row_inner][vc_column_inner][\/vc_column_inner][\/vc_row_inner][\/vc_column][\/vc_row][vc_row el_class=&#8220;riga-testo-due-colonne&#8220;][vc_column width=&#8220;1\/2&#8243; offset=&#8220;vc_col-lg-offset-1 vc_col-lg-5 vc_col-md-offset-1 vc_col-md-5&#8243;][vc_column_text el_class=&#8220;justified&#8220;]<\/p>\n<h4>Personalisieren Sie die Verpackung<\/h4>\n<p>Eine hochwertige Verpackung garantiert zus\u00e4tzlichen Produktschutz, macht das Produkt attraktiv und sichert den Transport. Fabo bietet eine Auswahl aus einer Palette von L\u00f6sungen an:<\/p>\n<ul>\n<li><strong>Einzelnverpackungen <\/strong><\/li>\n<li><strong>Mehrfachverpackungen: <\/strong>\n<ul>\n<li><strong>Turm<\/strong><\/li>\n<li><strong>Koncertina<\/strong><\/li>\n<li><strong>Plateau<\/strong><\/li>\n<\/ul>\n<\/li>\n<\/ul>\n<p>[\/vc_column_text][\/vc_column][vc_column width=&#8220;1\/2&#8243; offset=&#8220;vc_col-lg-5 vc_col-md-5&#8243;][vc_single_image image=&#8220;15050&#8243; img_size=&#8220;full&#8220; el_class=&#8220;middle-right-logo-icon&#8220;][vc_gallery interval=&#8220;3&#8243; images=&#8220;15231,15221,15226&#8243; img_size=&#8220;medium&#8220;][\/vc_column][\/vc_row][vc_row el_class=&#8220;riga-testo-due-colonne&#8220;][vc_column width=&#8220;1\/2&#8243; offset=&#8220;vc_col-lg-offset-1 vc_col-lg-5 vc_col-md-offset-1 vc_col-md-5&#8243;][vc_single_image image=&#8220;15050&#8243; img_size=&#8220;full&#8220; el_class=&#8220;top-left-logo-icon&#8220;][vc_gallery interval=&#8220;3&#8243; images=&#8220;15237,15247,15242&#8243; img_size=&#8220;medium&#8220;][\/vc_column][vc_column width=&#8220;1\/2&#8243; offset=&#8220;vc_col-lg-5 vc_col-md-5&#8243;][vc_column_text el_class=&#8220;justified&#8220;]<\/p>\n<h4>W\u00e4hlen Sie Ihr Etikett<\/h4>\n<p>Das Etikett wird in der Regel vom Kunden entsprechend dem Verpackungsformat entworfen und entwickelt, wobei aus verschiedenen Etikettierungsoptionen gew\u00e4hlt werden kann, die Fabo anbietet: <strong>Etiketten mit Barcode<\/strong> in Schwarzwei\u00df oder Farbe in verschiedenen Formaten, <strong>Halbmondetikett<\/strong>, rundes oder rechteckiges Seitenetikett.<br \/>\nEs ist auch m\u00f6glich, eine Einzelverpackung mit <strong>komplett bedrucktem Sleeve<\/strong> herzustellen, das Maximum an Attraktivit\u00e4t und Marketing-Identifikation.[\/vc_column_text][\/vc_column][\/vc_row][vc_row el_class=&#8220;riga-testo-due-colonne&#8220;][vc_column width=&#8220;1\/2&#8243; offset=&#8220;vc_col-lg-offset-1 vc_col-lg-5 vc_col-md-offset-1 vc_col-md-5&#8243;][vc_column_text el_class=&#8220;justified&#8220;]<\/p>\n<h4>Definieren Sie die Versandkartons<\/h4>\n<p>Die Kartons, mit denen die Produkte versendet werden, sind mehr als nur ein Mittel, um Sicherheit w\u00e4hrend des Transports zu gew\u00e4hrleisten. Sie k\u00f6nnen Botschaften vermitteln und Werte kommunizieren.<br \/>\nDaher ist es m\u00f6glich, die Versandkartons zu personalisieren, wobei Sie w\u00e4hlen k\u00f6nnen, zwischen:<\/p>\n<ul>\n<li><strong>brauner Karton<\/strong><\/li>\n<li><strong>wei\u00dfer Karton<\/strong><\/li>\n<li><strong>Karton mit eigenem Logo.<\/strong><\/li>\n<\/ul>\n<p>[\/vc_column_text][\/vc_column][vc_column width=&#8220;1\/2&#8243; offset=&#8220;vc_col-lg-5 vc_col-md-5&#8243;][vc_single_image image=&#8220;15050&#8243; img_size=&#8220;full&#8220; el_class=&#8220;bottom-right-logo-icon&#8220;][vc_gallery interval=&#8220;3&#8243; images=&#8220;15252,15257,15262&#8243; img_size=&#8220;medium&#8220;][\/vc_column][\/vc_row]<\/p>\n","protected":false},"excerpt":{"rendered":"<p>[vc_row el_class=&#8220;riga-testo-due-colonne&#8220;][vc_column width=&#8220;1\/2&#8243; offset=&#8220;vc_col-lg-offset-1 vc_col-lg-5 vc_col-md-offset-1 vc_col-md-5&#8243;][vc_column_text] Private Label, Personalisierung und Verpackung [\/vc_column_text][\/vc_column][vc_column width=&#8220;1\/2&#8243; offset=&#8220;vc_col-lg-5 vc_col-md-5&#8243;][vc_column_text el_class=&#8220;justified&#8220;]Fabo stellt seine Erfahrung, seine Marktkenntnis im Bereich Klebeb\u00e4nder und seine vertrauensw\u00fcrdigen Lieferanten zur&#8230;<\/p>\n","protected":false},"author":3,"featured_media":11830,"parent":0,"menu_order":0,"comment_status":"closed","ping_status":"closed","template":"","meta":{"_acf_changed":false,"footnotes":""},"tags":[130],"class_list":["post-14322","page","type-page","status-publish","has-post-thumbnail","hentry","tag-restyling-de"],"acf":[],"_links":{"self":[{"href":"https:\/\/staging.fabotape.com\/de\/wp-json\/wp\/v2\/pages\/14322","targetHints":{"allow":["GET"]}}],"collection":[{"href":"https:\/\/staging.fabotape.com\/de\/wp-json\/wp\/v2\/pages"}],"about":[{"href":"https:\/\/staging.fabotape.com\/de\/wp-json\/wp\/v2\/types\/page"}],"author":[{"embeddable":true,"href":"https:\/\/staging.fabotape.com\/de\/wp-json\/wp\/v2\/users\/3"}],"replies":[{"embeddable":true,"href":"https:\/\/staging.fabotape.com\/de\/wp-json\/wp\/v2\/comments?post=14322"}],"version-history":[{"count":5,"href":"https:\/\/staging.fabotape.com\/de\/wp-json\/wp\/v2\/pages\/14322\/revisions"}],"predecessor-version":[{"id":15453,"href":"https:\/\/staging.fabotape.com\/de\/wp-json\/wp\/v2\/pages\/14322\/revisions\/15453"}],"wp:featuredmedia":[{"embeddable":true,"href":"https:\/\/staging.fabotape.com\/de\/wp-json\/wp\/v2\/media\/11830"}],"wp:attachment":[{"href":"https:\/\/staging.fabotape.com\/de\/wp-json\/wp\/v2\/media?parent=14322"}],"wp:term":[{"taxonomy":"post_tag","embeddable":true,"href":"https:\/\/staging.fabotape.com\/de\/wp-json\/wp\/v2\/tags?post=14322"}],"curies":[{"name":"wp","href":"https:\/\/api.w.org\/{rel}","templated":true}]}}