{"id":12756,"date":"2025-03-26T13:23:30","date_gmt":"2025-03-26T12:23:30","guid":{"rendered":"https:\/\/staging.fabotape.com\/reservierter-kundenbereich\/"},"modified":"2025-09-12T17:09:41","modified_gmt":"2025-09-12T15:09:41","slug":"mitgliederbereich","status":"publish","type":"page","link":"https:\/\/staging.fabotape.com\/de\/mitgliederbereich\/","title":{"rendered":"Mitgliederbereich"},"content":{"rendered":"<p>[vc_row el_class=&#8220;riga-storia&#8220; el_id=&#8220;Zusage&#8220;][vc_column offset=&#8220;vc_col-lg-offset-1 vc_col-lg-10 vc_col-md-offset-1 vc_col-md-10&#8243;][vc_column_text css_animation=&#8220;fadeIn&#8220;]<\/p>\n<h2 style=\"text-align: left;\">Melden Sie sich in unserem gesch\u00fctzten Mitgliederbereich an<\/h2>\n<p>&nbsp;<\/p>\n<p>\u00dcber den <em><strong>gesch\u00fctzten<\/strong> <strong>Kundenbereich<\/strong><\/em> haben Sie Zugriff auf Ihre Dokumente.[\/vc_column_text][\/vc_column][\/vc_row][vc_row css_animation=&#8220;fadeInDown&#8220; el_class=&#8220;riga-testo-due-colonne&#8220;][vc_column width=&#8220;1\/2&#8243; offset=&#8220;vc_col-lg-offset-1 vc_col-lg-5 vc_col-md-offset-1 vc_col-md-5&#8243;][vc_column_text css_animation=&#8220;fadeInDown&#8220;]<\/p>\n<h3>Bereits f\u00fcr den Kundenbereich registriert?<\/h3>\n<p>Melden Sie sich mit Ihren Zugangsdaten an[\/vc_column_text]<div class=\" ubtn-ctn-left btn btn-verde\"><a class=\"ubtn-link ult-adjust-bottom-margin ubtn-left ubtn-large btn btn-verde\" href=\"https:\/\/powerb.fabotape.com:4443\/index_R10.html#\/login\/dashboard\"title=\"Fabo powerBi\"target=\"_blank\"rel=\"noopener\"><button type=\"button\" id=\"ubtn-6789\" class=\"ubtn ult-adjust-bottom-margin ult-responsive ubtn-large ubtn-no-hover-bg  none  ubtn-sep-icon ubtn-sep-icon-at-left  ubtn-left   tooltip-69e7b86f5ade4\"  data-hover=\"\" data-border-color=\"\" data-bg=\"#e0e0e0\" data-hover-bg=\"\" data-border-hover=\"\" data-shadow-hover=\"\" data-shadow-click=\"none\" data-shadow=\"\" data-shd-shadow=\"\"  data-ultimate-target='#ubtn-6789'  data-responsive-json-new='{\"font-size\":\"\",\"line-height\":\"\"}'  style=\"font-weight:normal;border:none;background: #e0e0e0;color: #000000;\"><span class=\"ubtn-data ubtn-icon\"><i class=\"Defaults-area-chart\" style=\"font-size:32px;color:;\"><\/i><\/span><span class=\"ubtn-hover\" style=\"background-color:\"><\/span><span class=\"ubtn-data ubtn-text \" >Greifen Sie auf Ihren reservierten Bereich zu<\/span><\/button><\/a><\/div>[\/vc_column][vc_column width=&#8220;1\/2&#8243; offset=&#8220;vc_col-lg-5 vc_col-md-5&#8243;][vc_column_text css_animation=&#8220;fadeInDown&#8220;]<\/p>\n<h3>Sind Sie bereits Kunde und m\u00f6chten Zugang beantragen?<\/h3>\n<p>Schreiben Sie uns, um Ihre Zugangsdaten zu erhalten[\/vc_column_text]<div class=\" ubtn-ctn-left btn btn-verde\"><a class=\"ubtn-link ult-adjust-bottom-margin ubtn-left ubtn-large btn btn-verde\" href=\"mailto:fabo@fabotape.com?subject=Richiesta credenziali accesso PowerB&body=Salve, volevo richiedere le credenziali per accesso a PowerB\"title=\"Fabo powerB\"target=\"_blank\"rel=\"noopener\"><button type=\"button\" id=\"ubtn-1400\" class=\"ubtn ult-adjust-bottom-margin ult-responsive ubtn-large ubtn-no-hover-bg  none  ubtn-sep-icon ubtn-sep-icon-at-left  ubtn-left   tooltip-69e7b86f5aefd\"  data-hover=\"\" data-border-color=\"\" data-bg=\"#e0e0e0\" data-hover-bg=\"\" data-border-hover=\"\" data-shadow-hover=\"\" data-shadow-click=\"none\" data-shadow=\"\" data-shd-shadow=\"\"  data-ultimate-target='#ubtn-1400'  data-responsive-json-new='{\"font-size\":\"\",\"line-height\":\"\"}'  style=\"font-weight:normal;border:none;background: #e0e0e0;color: #000000;\"><span class=\"ubtn-data ubtn-icon\"><i class=\"Defaults-envelope-o\" style=\"font-size:32px;color:;\"><\/i><\/span><span class=\"ubtn-hover\" style=\"background-color:\"><\/span><span class=\"ubtn-data ubtn-text \" >Senden Sie eine Zugriffsanfrage<\/span><\/button><\/a><\/div>[\/vc_column][\/vc_row]<\/p>\n","protected":false},"excerpt":{"rendered":"<p>[vc_row el_class=&#8220;riga-storia&#8220; el_id=&#8220;Zusage&#8220;][vc_column offset=&#8220;vc_col-lg-offset-1 vc_col-lg-10 vc_col-md-offset-1 vc_col-md-10&#8243;][vc_column_text css_animation=&#8220;fadeIn&#8220;] Melden Sie sich in unserem gesch\u00fctzten Mitgliederbereich an &nbsp; \u00dcber den gesch\u00fctzten Kundenbereich haben Sie Zugriff auf Ihre Dokumente.[\/vc_column_text][\/vc_column][\/vc_row][vc_row css_animation=&#8220;fadeInDown&#8220; el_class=&#8220;riga-testo-due-colonne&#8220;][vc_column width=&#8220;1\/2&#8243;&#8230;<\/p>\n","protected":false},"author":7,"featured_media":12548,"parent":0,"menu_order":0,"comment_status":"closed","ping_status":"closed","template":"","meta":{"_acf_changed":false,"footnotes":""},"tags":[130],"class_list":["post-12756","page","type-page","status-publish","has-post-thumbnail","hentry","tag-restyling-de"],"acf":[],"_links":{"self":[{"href":"https:\/\/staging.fabotape.com\/de\/wp-json\/wp\/v2\/pages\/12756","targetHints":{"allow":["GET"]}}],"collection":[{"href":"https:\/\/staging.fabotape.com\/de\/wp-json\/wp\/v2\/pages"}],"about":[{"href":"https:\/\/staging.fabotape.com\/de\/wp-json\/wp\/v2\/types\/page"}],"author":[{"embeddable":true,"href":"https:\/\/staging.fabotape.com\/de\/wp-json\/wp\/v2\/users\/7"}],"replies":[{"embeddable":true,"href":"https:\/\/staging.fabotape.com\/de\/wp-json\/wp\/v2\/comments?post=12756"}],"version-history":[{"count":5,"href":"https:\/\/staging.fabotape.com\/de\/wp-json\/wp\/v2\/pages\/12756\/revisions"}],"predecessor-version":[{"id":14407,"href":"https:\/\/staging.fabotape.com\/de\/wp-json\/wp\/v2\/pages\/12756\/revisions\/14407"}],"wp:featuredmedia":[{"embeddable":true,"href":"https:\/\/staging.fabotape.com\/de\/wp-json\/wp\/v2\/media\/12548"}],"wp:attachment":[{"href":"https:\/\/staging.fabotape.com\/de\/wp-json\/wp\/v2\/media?parent=12756"}],"wp:term":[{"taxonomy":"post_tag","embeddable":true,"href":"https:\/\/staging.fabotape.com\/de\/wp-json\/wp\/v2\/tags?post=12756"}],"curies":[{"name":"wp","href":"https:\/\/api.w.org\/{rel}","templated":true}]}}